{"id":13,"date":"2023-01-19T16:32:29","date_gmt":"2023-01-19T16:32:29","guid":{"rendered":"https:\/\/blogsaverroes.juntadeandalucia.es\/programamujeres\/?page_id=13"},"modified":"2023-11-24T11:08:20","modified_gmt":"2023-11-24T11:08:20","slug":"programa-mujeres","status":"publish","type":"page","link":"https:\/\/blogsaverroes.juntadeandalucia.es\/programamujeres\/programa-mujeres\/","title":{"rendered":"Programa Mujeres"},"content":{"rendered":"<p>El proyecto Programa Mujeres pretende analizar la inclusi\u00f3n de repertorio compuesto por mujeres en las programaciones did\u00e1cticas de los conservatorios de m\u00fasica elementales y profesionales en Andaluc\u00eda.<\/p>\n<p>Su objetivo es crear un repositorio de obras escritas por mujeres para los niveles y especialidades de las ense\u00f1anzas musicales p\u00fablicas. De esta manera el profesorado de los conservatorios tendr\u00e1 una herramienta organizada para poder incorporar a su aula de manera c\u00f3moda, eficiente y r\u00e1pida, obras compuestas por mujeres que habr\u00e1n sido catalogadas en funci\u00f3n de su dificultad t\u00e9cnica, su estilo, su duraci\u00f3n o su instrumentaci\u00f3n.<\/p>\n<p style=\"text-align: center\"><strong>Proyecto de Investigaci\u00f3n Educativa \u201cPrograma Mujeres\u201d (PIV-065\/21)<\/strong><\/p>\n<p><img loading=\"lazy\" decoding=\"async\" class=\"aligncenter wp-image-152\" src=\"https:\/\/blogsaverroes.juntadeandalucia.es\/programamujeres\/files\/2023\/04\/by-nc-sa-300x105.png\" alt=\"\" width=\"100\" height=\"35\" srcset=\"https:\/\/blogsaverroes.juntadeandalucia.es\/programamujeres\/files\/2023\/04\/by-nc-sa-300x105.png 300w, https:\/\/blogsaverroes.juntadeandalucia.es\/programamujeres\/files\/2023\/04\/by-nc-sa.png 403w\" sizes=\"(max-width: 100px) 100vw, 100px\" \/>&nbsp;<\/p>\n<p><img loading=\"lazy\" decoding=\"async\" class=\"aligncenter wp-image-155\" src=\"https:\/\/blogsaverroes.juntadeandalucia.es\/programamujeres\/files\/2023\/04\/Logo_de_la_Consejer\u00eda_de_Desarrollo_Educativo_y_Formaci\u00f3n_Profesional_de_la_Junta_de_Andaluc\u00eda-300x218.png\" alt=\"\" width=\"150\" height=\"109\" srcset=\"https:\/\/blogsaverroes.juntadeandalucia.es\/programamujeres\/files\/2023\/04\/Logo_de_la_Consejer\u00eda_de_Desarrollo_Educativo_y_Formaci\u00f3n_Profesional_de_la_Junta_de_Andaluc\u00eda-300x218.png 300w, https:\/\/blogsaverroes.juntadeandalucia.es\/programamujeres\/files\/2023\/04\/Logo_de_la_Consejer\u00eda_de_Desarrollo_Educativo_y_Formaci\u00f3n_Profesional_de_la_Junta_de_Andaluc\u00eda-768x557.png 768w, https:\/\/blogsaverroes.juntadeandalucia.es\/programamujeres\/files\/2023\/04\/Logo_de_la_Consejer\u00eda_de_Desarrollo_Educativo_y_Formaci\u00f3n_Profesional_de_la_Junta_de_Andaluc\u00eda.png 834w\" sizes=\"(max-width: 150px) 100vw, 150px\" \/><\/p>\n<p>&nbsp;<\/p>\n<p style=\"text-align: center\">&nbsp;<\/p>\n<p>&nbsp;<\/p>\n","protected":false},"excerpt":{"rendered":"<p>El proyecto Programa Mujeres pretende analizar la inclusi\u00f3n de repertorio compuesto por mujeres en las programaciones did\u00e1cticas de los conservatorios de m\u00fasica elementales y profesionales en Andaluc\u00eda. Su objetivo es crear un repositorio de&#46;&#46;&#46;<\/p>\n","protected":false},"author":13636,"featured_media":0,"parent":0,"menu_order":0,"comment_status":"closed","ping_status":"closed","template":"","meta":{"ngg_post_thumbnail":0,"footnotes":""},"aioseo_notices":[],"_links":{"self":[{"href":"https:\/\/blogsaverroes.juntadeandalucia.es\/programamujeres\/wp-json\/wp\/v2\/pages\/13"}],"collection":[{"href":"https:\/\/blogsaverroes.juntadeandalucia.es\/programamujeres\/wp-json\/wp\/v2\/pages"}],"about":[{"href":"https:\/\/blogsaverroes.juntadeandalucia.es\/programamujeres\/wp-json\/wp\/v2\/types\/page"}],"author":[{"embeddable":true,"href":"https:\/\/blogsaverroes.juntadeandalucia.es\/programamujeres\/wp-json\/wp\/v2\/users\/13636"}],"replies":[{"embeddable":true,"href":"https:\/\/blogsaverroes.juntadeandalucia.es\/programamujeres\/wp-json\/wp\/v2\/comments?post=13"}],"version-history":[{"count":13,"href":"https:\/\/blogsaverroes.juntadeandalucia.es\/programamujeres\/wp-json\/wp\/v2\/pages\/13\/revisions"}],"predecessor-version":[{"id":227,"href":"https:\/\/blogsaverroes.juntadeandalucia.es\/programamujeres\/wp-json\/wp\/v2\/pages\/13\/revisions\/227"}],"wp:attachment":[{"href":"https:\/\/blogsaverroes.juntadeandalucia.es\/programamujeres\/wp-json\/wp\/v2\/media?parent=13"}],"curies":[{"name":"wp","href":"https:\/\/api.w.org\/{rel}","templated":true}]}}