{"id":16,"date":"2023-01-19T16:34:07","date_gmt":"2023-01-19T16:34:07","guid":{"rendered":"https:\/\/blogsaverroes.juntadeandalucia.es\/programamujeres\/?page_id=16"},"modified":"2025-10-02T09:04:07","modified_gmt":"2025-10-02T09:04:07","slug":"quienes-somos","status":"publish","type":"page","link":"https:\/\/blogsaverroes.juntadeandalucia.es\/programamujeres\/quienes-somos\/","title":{"rendered":"Qui\u00e9nes somos"},"content":{"rendered":"<p><strong>Mar\u00eda Barrio Insauti<\/strong><br \/>\nCPM Javier Perianes, Huelva<br \/>\n<a href=\"mailto:mbarins585@g.educaand.es\">mbarins585@g.educaand.es<\/a><\/p>\n<p><strong>Mar\u00eda Quintanilla Campano<\/strong><br \/>\nCEM La Palmera, Sevilla<br \/>\n<a href=\"mailto:mquicam437@g.educaand.es\">mquicam437@g.educaand.es<\/a><\/p>\n<p><strong>Consuelo Navas Jim\u00e9nez<\/strong><br \/>\nCEM La Palmera, Sevilla<br \/>\n<a href=\"mailto:cnavjim660@g.educaand.es\">cnavjim660@g.educaand.es<\/a><\/p>\n<p><strong>Silvia Vega D\u00edaz<\/strong><br \/>\nCEM Pedro G\u00e1mez Laserna, Coria del R\u00edo<br \/>\n<a href=\"mailto:svegdia181@g.educaand.es\">svegdia181@g.educaand.es<\/a><\/p>\n<p><strong>Macarena Iniesta Mu\u00f1oz<\/strong><br \/>\nCEM Antonio Garrido Gamonoso, Valverde del Camino<br \/>\n<a href=\"mailto:minimun626@g.educaand.es\">minimun626@g.educaand.es<\/a><\/p>\n<p><strong>Helena Fern\u00e1ndez Carri\u00f3n<\/strong><br \/>\nCEM Triana, Sevilla<br \/>\n<a href=\"mailto:hfercar218@g.educaand.es\">hfercar218@g.educaand.es<\/a><\/p>\n<p><strong>Encarnaci\u00f3n Hern\u00e1ndez Lora<\/strong><br \/>\nCEM La Palmera, Sevilla<br \/>\n<a href=\"mailto:eherlor370@g.educaand.es\">eherlor370@g.educaand.es<\/a><\/p>\n<p><strong>Eva Ivars Morales<\/strong><br \/>\nCPM Francisco Guerrero, Sevilla<br \/>\n<a href=\"mailto:eivamor473@g.educaand.es\">eivamor473@g.educaand.es<\/a><\/p>\n<p><strong>Rosa Borrego Ollero<\/strong><br \/>\nCEM Macarena, Sevilla<br \/>\n<a href=\"mailto:roboroll772@g.educaand.es\">roboroll772@g.educaand.es<\/a><\/p>\n<p><strong>Carmen Mar\u00eda Fern\u00e1ndez Ruiz<\/strong><br \/>\nCEM Maestro Andr\u00e9s Segovia, Dos Hermanas<br \/>\n<a href=\"mailto:cferrui808@g.educaand.es\">cferrui808@g.educaand.es<\/a><\/p>\n<p>&nbsp;<\/p>\n<p>&nbsp;<\/p>\n<p style=\"text-align: center\"><strong>Proyecto de Investigaci\u00f3n Educativa \u201cPrograma Mujeres\u201d (PIV-065\/21)<\/strong><\/p>\n<p><img loading=\"lazy\" decoding=\"async\" class=\"aligncenter wp-image-152\" src=\"https:\/\/blogsaverroes.juntadeandalucia.es\/programamujeres\/files\/2023\/04\/by-nc-sa-300x105.png\" alt=\"\" width=\"100\" height=\"35\" srcset=\"https:\/\/blogsaverroes.juntadeandalucia.es\/programamujeres\/files\/2023\/04\/by-nc-sa-300x105.png 300w, https:\/\/blogsaverroes.juntadeandalucia.es\/programamujeres\/files\/2023\/04\/by-nc-sa.png 403w\" sizes=\"(max-width: 100px) 100vw, 100px\" \/>&nbsp;<\/p>\n","protected":false},"excerpt":{"rendered":"<p>Mar\u00eda Barrio Insauti CPM Javier Perianes, Huelva mbarins585@g.educaand.es Mar\u00eda Quintanilla Campano CEM La Palmera, Sevilla mquicam437@g.educaand.es Consuelo Navas Jim\u00e9nez CEM La Palmera, Sevilla cnavjim660@g.educaand.es Silvia Vega D\u00edaz CEM Pedro G\u00e1mez Laserna, Coria del R\u00edo&#46;&#46;&#46;<\/p>\n","protected":false},"author":13636,"featured_media":0,"parent":0,"menu_order":0,"comment_status":"closed","ping_status":"closed","template":"","meta":{"ngg_post_thumbnail":0,"footnotes":""},"aioseo_notices":[],"_links":{"self":[{"href":"https:\/\/blogsaverroes.juntadeandalucia.es\/programamujeres\/wp-json\/wp\/v2\/pages\/16"}],"collection":[{"href":"https:\/\/blogsaverroes.juntadeandalucia.es\/programamujeres\/wp-json\/wp\/v2\/pages"}],"about":[{"href":"https:\/\/blogsaverroes.juntadeandalucia.es\/programamujeres\/wp-json\/wp\/v2\/types\/page"}],"author":[{"embeddable":true,"href":"https:\/\/blogsaverroes.juntadeandalucia.es\/programamujeres\/wp-json\/wp\/v2\/users\/13636"}],"replies":[{"embeddable":true,"href":"https:\/\/blogsaverroes.juntadeandalucia.es\/programamujeres\/wp-json\/wp\/v2\/comments?post=16"}],"version-history":[{"count":19,"href":"https:\/\/blogsaverroes.juntadeandalucia.es\/programamujeres\/wp-json\/wp\/v2\/pages\/16\/revisions"}],"predecessor-version":[{"id":240,"href":"https:\/\/blogsaverroes.juntadeandalucia.es\/programamujeres\/wp-json\/wp\/v2\/pages\/16\/revisions\/240"}],"wp:attachment":[{"href":"https:\/\/blogsaverroes.juntadeandalucia.es\/programamujeres\/wp-json\/wp\/v2\/media?parent=16"}],"curies":[{"name":"wp","href":"https:\/\/api.w.org\/{rel}","templated":true}]}}