{"id":21,"date":"2023-01-19T16:41:14","date_gmt":"2023-01-19T16:41:14","guid":{"rendered":"https:\/\/blogsaverroes.juntadeandalucia.es\/programamujeres\/?page_id=21"},"modified":"2023-11-24T11:39:13","modified_gmt":"2023-11-24T11:39:13","slug":"inicio","status":"publish","type":"page","link":"https:\/\/blogsaverroes.juntadeandalucia.es\/programamujeres\/","title":{"rendered":"Inicio"},"content":{"rendered":"<p>Te damos la bienvenida a la web de <strong>Programa Mujeres<\/strong>.<\/p>\n<p>En esta p\u00e1gina puedes encontrar el resultado de nuestra investigaci\u00f3n sobre la creaci\u00f3n musical de las mujeres y su aplicaci\u00f3n en las aulas de conservatorio.<\/p>\n<p>En la pesta\u00f1a <a href=\"https:\/\/blogsaverroes.juntadeandalucia.es\/programamujeres\/resultados\/\"><strong>Resultados<\/strong><\/a>, podr\u00e1s ver las conclusiones del an\u00e1lisis de las programaciones did\u00e1cticas de los conservatorios elementales y profesionales de m\u00fasica de Andaluc\u00eda (curso 2021-22) y el cuestionario que sobre este tema se realiz\u00f3 entre el profesorado de los conservatorios.&nbsp;<\/p>\n<p>En la pesta\u00f1a <a href=\"https:\/\/blogsaverroes.juntadeandalucia.es\/programamujeres\/catalogo\/\"><strong>Cat\u00e1logo<\/strong><\/a>, podr\u00e1s consultar por especialidades y niveles las obras escritas por mujeres que podr\u00e1s utilizar en tu aula.<\/p>\n<p>Esta es una investigaci\u00f3n en constante desarrollo. Si tienes dudas, sugerencias, quieres aportar material o participar en la investigaci\u00f3n, puedes escribirnos a <a href=\"mailto:programamujeres@g.educaand.es\"><strong>programamujeres@g.educaand.es<\/strong><\/a>. En la pesta\u00f1a <a href=\"https:\/\/blogsaverroes.juntadeandalucia.es\/programamujeres\/quienes-somos\/\"><strong>Qui\u00e9nes somos<\/strong><\/a> podr\u00e1s encontrar los correos de las participantes en la investigaci\u00f3n.<\/p>\n<p>Deseamos que el trabajo que estamos realizando con ilusi\u00f3n y dedicaci\u00f3n sea \u00fatil y llegue a las aulas. Nos encantar\u00e1 tambi\u00e9n que contactes con nosotras y nos cuentes cu\u00e1ndo, c\u00f3mo, etc., utilizaste este material en tu aula.<\/p>\n<p>&nbsp;<\/p>\n<p style=\"text-align: left\">\u00a1Gracias por visitarnos!<\/p>\n<p>&nbsp;<\/p>\n<p style=\"text-align: center\"><strong>Proyecto de Investigaci\u00f3n Educativa \u201cPrograma Mujeres\u201d (PIV-065\/21)<\/strong><\/p>\n<p><img loading=\"lazy\" decoding=\"async\" class=\"aligncenter wp-image-152\" src=\"https:\/\/blogsaverroes.juntadeandalucia.es\/programamujeres\/files\/2023\/04\/by-nc-sa-300x105.png\" alt=\"\" width=\"100\" height=\"35\" srcset=\"https:\/\/blogsaverroes.juntadeandalucia.es\/programamujeres\/files\/2023\/04\/by-nc-sa-300x105.png 300w, https:\/\/blogsaverroes.juntadeandalucia.es\/programamujeres\/files\/2023\/04\/by-nc-sa.png 403w\" sizes=\"(max-width: 100px) 100vw, 100px\" \/>&nbsp;<\/p>\n<p><img loading=\"lazy\" decoding=\"async\" class=\"aligncenter wp-image-155\" src=\"https:\/\/blogsaverroes.juntadeandalucia.es\/programamujeres\/files\/2023\/04\/Logo_de_la_Consejer\u00eda_de_Desarrollo_Educativo_y_Formaci\u00f3n_Profesional_de_la_Junta_de_Andaluc\u00eda-300x218.png\" alt=\"\" width=\"150\" height=\"109\" srcset=\"https:\/\/blogsaverroes.juntadeandalucia.es\/programamujeres\/files\/2023\/04\/Logo_de_la_Consejer\u00eda_de_Desarrollo_Educativo_y_Formaci\u00f3n_Profesional_de_la_Junta_de_Andaluc\u00eda-300x218.png 300w, https:\/\/blogsaverroes.juntadeandalucia.es\/programamujeres\/files\/2023\/04\/Logo_de_la_Consejer\u00eda_de_Desarrollo_Educativo_y_Formaci\u00f3n_Profesional_de_la_Junta_de_Andaluc\u00eda-768x557.png 768w, https:\/\/blogsaverroes.juntadeandalucia.es\/programamujeres\/files\/2023\/04\/Logo_de_la_Consejer\u00eda_de_Desarrollo_Educativo_y_Formaci\u00f3n_Profesional_de_la_Junta_de_Andaluc\u00eda.png 834w\" sizes=\"(max-width: 150px) 100vw, 150px\" \/><\/p>\n<p>&nbsp; &nbsp; &nbsp; &nbsp; &nbsp; &nbsp;<\/p>\n","protected":false},"excerpt":{"rendered":"<p>Te damos la bienvenida a la web de Programa Mujeres. En esta p\u00e1gina puedes encontrar el resultado de nuestra investigaci\u00f3n sobre la creaci\u00f3n musical de las mujeres y su aplicaci\u00f3n en las aulas de&#46;&#46;&#46;<\/p>\n","protected":false},"author":13636,"featured_media":0,"parent":0,"menu_order":0,"comment_status":"closed","ping_status":"closed","template":"","meta":{"ngg_post_thumbnail":0,"footnotes":""},"aioseo_notices":[],"_links":{"self":[{"href":"https:\/\/blogsaverroes.juntadeandalucia.es\/programamujeres\/wp-json\/wp\/v2\/pages\/21"}],"collection":[{"href":"https:\/\/blogsaverroes.juntadeandalucia.es\/programamujeres\/wp-json\/wp\/v2\/pages"}],"about":[{"href":"https:\/\/blogsaverroes.juntadeandalucia.es\/programamujeres\/wp-json\/wp\/v2\/types\/page"}],"author":[{"embeddable":true,"href":"https:\/\/blogsaverroes.juntadeandalucia.es\/programamujeres\/wp-json\/wp\/v2\/users\/13636"}],"replies":[{"embeddable":true,"href":"https:\/\/blogsaverroes.juntadeandalucia.es\/programamujeres\/wp-json\/wp\/v2\/comments?post=21"}],"version-history":[{"count":24,"href":"https:\/\/blogsaverroes.juntadeandalucia.es\/programamujeres\/wp-json\/wp\/v2\/pages\/21\/revisions"}],"predecessor-version":[{"id":234,"href":"https:\/\/blogsaverroes.juntadeandalucia.es\/programamujeres\/wp-json\/wp\/v2\/pages\/21\/revisions\/234"}],"wp:attachment":[{"href":"https:\/\/blogsaverroes.juntadeandalucia.es\/programamujeres\/wp-json\/wp\/v2\/media?parent=21"}],"curies":[{"name":"wp","href":"https:\/\/api.w.org\/{rel}","templated":true}]}}