{"id":27,"date":"2023-01-19T16:46:55","date_gmt":"2023-01-19T16:46:55","guid":{"rendered":"https:\/\/blogsaverroes.juntadeandalucia.es\/programamujeres\/?page_id=27"},"modified":"2023-11-24T11:35:48","modified_gmt":"2023-11-24T11:35:48","slug":"resultados","status":"publish","type":"page","link":"https:\/\/blogsaverroes.juntadeandalucia.es\/programamujeres\/resultados\/","title":{"rendered":"Resultados"},"content":{"rendered":"<p><strong>1. Conclusiones del cuestionario al profesorado de los conservatorios elementales y profesionales de Andaluc\u00eda.<\/strong><\/p>\n<p><a href=\"https:\/\/docs.google.com\/file\/d\/1OQYApwqH5sagdK1_fvExgHVGhqD_tM6g8pXeU3wkEJE\/view\">An\u00e1lisis de los resultados del cuestionario<\/a><\/p>\n<p><a href=\"https:\/\/docs.google.com\/file\/d\/1BBHE9TZZ11VLhou950g1XUx_rkYoQSPaSSglkPmKt60\/view\">ANEXO I. Relaci\u00f3n de compositoras usadas en el aula por el profesorado<\/a><\/p>\n<p><a href=\"https:\/\/docs.google.com\/file\/d\/1dqc5gzlDv_WVQWYNpzqsHNRPxoXndTY6yh0Hapnz8NU\/view\">ANEXO II. Obras usadas en el aula por el profesorado<\/a><\/p>\n<p><a href=\"https:\/\/docs.google.com\/file\/d\/1CtPqnAZDxjEuha3c6qfCPfoo2G1Lj51HTy2jNusrvjg\/view\">ANEXO III. Repositorios y tiendas online usados preferentemente para renovar y consultar nuevo repertorio<\/a><\/p>\n<p><a href=\"https:\/\/docs.google.com\/file\/d\/1EuNyELLL1idjIxrf_zWO7IO2N5IxhOd0zimXo7NZX9g\/view\">ANEXO IV. V\u00edas y plataformas digitales usadas para compartir material<\/a><\/p>\n<p><a href=\"https:\/\/docs.google.com\/file\/d\/129p7vM_gs3HnC4HP6om2AQpXsdIE61gDcDBkDuFz5fc\/view\">ANEXO V. Obras de mujeres compositoras utilizadas por el profesorado en su etapa de estudiante<\/a><\/p>\n<p><a href=\"https:\/\/docs.google.com\/file\/d\/14Oe2qNQbhDYrUQuBg-bItpedOYuMUgq3yvXmFikV0zA\/view\">ANEXO VI. M\u00e9todos, estudios, libros de ejercicios y\/o bibliograf\u00eda especializada creada por mujeres utilizados por el profesorado en su etapa de estudiante<\/a><\/p>\n<p><a href=\"https:\/\/docs.google.com\/file\/d\/1viIh88v_XXBL9W8q3ZUPrvxMohwHxfbFuxxhhVNTBbc\/view\">ANEXO VII. Razones para incluir obras de mujeres compositoras en las programaciones de los conservatorios elementales y profesionales andaluces<\/a>&nbsp;<\/p>\n<p><a href=\"https:\/\/docs.google.com\/file\/d\/1QldxglpYcFfsKmoBabkBaiPjJOhpVQe-_WPXr5TENcc\/view\">ANEXO VIII. Aspectos positivos de incluir obras de mujeres en las programaciones<\/a><\/p>\n<p>&nbsp;<\/p>\n<p><strong>2. Conclusiones del an\u00e1lisis de las programaciones de los conservatorios elementales y profesionales de Andaluc\u00eda.<\/strong><\/p>\n<p><a href=\"https:\/\/docs.google.com\/file\/d\/1udqWP3Zug9op7TYrNPBCUvd2jbv3BWiOYuRINzizaLQ\/view\">An\u00e1lisis de las programaciones de los conservatorios<\/a><\/p>\n<p style=\"text-align: center\"><strong>Proyecto de Investigaci\u00f3n Educativa \u201cPrograma Mujeres\u201d (PIV-065\/21)<\/strong><\/p>\n<p><img loading=\"lazy\" decoding=\"async\" class=\"aligncenter wp-image-152\" src=\"https:\/\/blogsaverroes.juntadeandalucia.es\/programamujeres\/files\/2023\/04\/by-nc-sa-300x105.png\" alt=\"\" width=\"100\" height=\"35\" srcset=\"https:\/\/blogsaverroes.juntadeandalucia.es\/programamujeres\/files\/2023\/04\/by-nc-sa-300x105.png 300w, https:\/\/blogsaverroes.juntadeandalucia.es\/programamujeres\/files\/2023\/04\/by-nc-sa.png 403w\" sizes=\"(max-width: 100px) 100vw, 100px\" \/>&nbsp;<\/p>\n","protected":false},"excerpt":{"rendered":"<p>1. Conclusiones del cuestionario al profesorado de los conservatorios elementales y profesionales de Andaluc\u00eda. An\u00e1lisis de los resultados del cuestionario ANEXO I. Relaci\u00f3n de compositoras usadas en el aula por el profesorado ANEXO II.&#46;&#46;&#46;<\/p>\n","protected":false},"author":13636,"featured_media":0,"parent":0,"menu_order":0,"comment_status":"closed","ping_status":"closed","template":"","meta":{"ngg_post_thumbnail":0,"footnotes":""},"aioseo_notices":[],"_links":{"self":[{"href":"https:\/\/blogsaverroes.juntadeandalucia.es\/programamujeres\/wp-json\/wp\/v2\/pages\/27"}],"collection":[{"href":"https:\/\/blogsaverroes.juntadeandalucia.es\/programamujeres\/wp-json\/wp\/v2\/pages"}],"about":[{"href":"https:\/\/blogsaverroes.juntadeandalucia.es\/programamujeres\/wp-json\/wp\/v2\/types\/page"}],"author":[{"embeddable":true,"href":"https:\/\/blogsaverroes.juntadeandalucia.es\/programamujeres\/wp-json\/wp\/v2\/users\/13636"}],"replies":[{"embeddable":true,"href":"https:\/\/blogsaverroes.juntadeandalucia.es\/programamujeres\/wp-json\/wp\/v2\/comments?post=27"}],"version-history":[{"count":26,"href":"https:\/\/blogsaverroes.juntadeandalucia.es\/programamujeres\/wp-json\/wp\/v2\/pages\/27\/revisions"}],"predecessor-version":[{"id":230,"href":"https:\/\/blogsaverroes.juntadeandalucia.es\/programamujeres\/wp-json\/wp\/v2\/pages\/27\/revisions\/230"}],"wp:attachment":[{"href":"https:\/\/blogsaverroes.juntadeandalucia.es\/programamujeres\/wp-json\/wp\/v2\/media?parent=27"}],"curies":[{"name":"wp","href":"https:\/\/api.w.org\/{rel}","templated":true}]}}