{"id":30,"date":"2023-01-19T16:47:22","date_gmt":"2023-01-19T16:47:22","guid":{"rendered":"https:\/\/blogsaverroes.juntadeandalucia.es\/programamujeres\/?page_id=30"},"modified":"2023-11-24T11:12:47","modified_gmt":"2023-11-24T11:12:47","slug":"catalogo","status":"publish","type":"page","link":"https:\/\/blogsaverroes.juntadeandalucia.es\/programamujeres\/catalogo\/","title":{"rendered":"Cat\u00e1logo"},"content":{"rendered":"<p style=\"text-align: left\">Nuestro cat\u00e1logo est\u00e1 en constante crecimiento gracias a tus aportaciones.&nbsp;<\/p>\n<p style=\"text-align: left\">Si quieres compartirnos otros materiales para ampliar el cat\u00e1logo, te animamos a cumplimentar <strong><a href=\"https:\/\/forms.gle\/2Cji7ZaqeHJPLrxJ6\">este formulario<\/a><\/strong>.<\/p>\n<p style=\"text-align: left\">Si tienes problemas para encontrar alguna de las partituras o materiales listados, escribe a <strong><a href=\"mailto:programamujeres@g.educaand.es\">programamujeres@g.educaand.es<\/a>.<\/strong><\/p>\n<ul>\n<li><a href=\"https:\/\/docs.google.com\/file\/d\/1SVO5-4yCx8DRUYXPAc30Xyy2vuyI1N98OQE2kar2x2M\/view\">Datos sobre el cat\u00e1logo<\/a><\/li>\n<li><a href=\"https:\/\/docs.google.com\/file\/d\/1fUgTRDWQZ65ISNliZeLpa_JqwLeVjGbpiVDzQySs5X0\/view\">Listado de abreviaturas usadas en el cat\u00e1logo<\/a><\/li>\n<li><a href=\"https:\/\/youtu.be\/Ti4KwE6R2Lo\">C\u00f3mo usar los filtros del cat\u00e1logo [tutorial]<\/a><\/li>\n<li><a href=\"https:\/\/docs.google.com\/spreadsheets\/d\/1rbMKcqU_PsZH1wDtd3RD06yWyQ3TwRVTZ1FYTcQlIaY\/edit?usp=sharing\">Acceso al cat\u00e1logo de PROGRAMA MUJERES<\/a><\/li>\n<\/ul>\n<p>&nbsp;<\/p>\n<p style=\"text-align: center\"><strong>Proyecto de Investigaci\u00f3n Educativa \u201cPrograma Mujeres\u201d (PIV-065\/21)<\/strong><\/p>\n<p><img loading=\"lazy\" decoding=\"async\" class=\"aligncenter wp-image-152\" src=\"https:\/\/blogsaverroes.juntadeandalucia.es\/programamujeres\/files\/2023\/04\/by-nc-sa-300x105.png\" alt=\"\" width=\"100\" height=\"35\" srcset=\"https:\/\/blogsaverroes.juntadeandalucia.es\/programamujeres\/files\/2023\/04\/by-nc-sa-300x105.png 300w, https:\/\/blogsaverroes.juntadeandalucia.es\/programamujeres\/files\/2023\/04\/by-nc-sa.png 403w\" sizes=\"(max-width: 100px) 100vw, 100px\" \/>&nbsp;<\/p>\n<p>&nbsp;<\/p>\n","protected":false},"excerpt":{"rendered":"<p>Nuestro cat\u00e1logo est\u00e1 en constante crecimiento gracias a tus aportaciones.&nbsp; Si quieres compartirnos otros materiales para ampliar el cat\u00e1logo, te animamos a cumplimentar este formulario. Si tienes problemas para encontrar alguna de las partituras&#46;&#46;&#46;<\/p>\n","protected":false},"author":13636,"featured_media":0,"parent":0,"menu_order":0,"comment_status":"closed","ping_status":"closed","template":"","meta":{"ngg_post_thumbnail":0,"footnotes":""},"aioseo_notices":[],"_links":{"self":[{"href":"https:\/\/blogsaverroes.juntadeandalucia.es\/programamujeres\/wp-json\/wp\/v2\/pages\/30"}],"collection":[{"href":"https:\/\/blogsaverroes.juntadeandalucia.es\/programamujeres\/wp-json\/wp\/v2\/pages"}],"about":[{"href":"https:\/\/blogsaverroes.juntadeandalucia.es\/programamujeres\/wp-json\/wp\/v2\/types\/page"}],"author":[{"embeddable":true,"href":"https:\/\/blogsaverroes.juntadeandalucia.es\/programamujeres\/wp-json\/wp\/v2\/users\/13636"}],"replies":[{"embeddable":true,"href":"https:\/\/blogsaverroes.juntadeandalucia.es\/programamujeres\/wp-json\/wp\/v2\/comments?post=30"}],"version-history":[{"count":19,"href":"https:\/\/blogsaverroes.juntadeandalucia.es\/programamujeres\/wp-json\/wp\/v2\/pages\/30\/revisions"}],"predecessor-version":[{"id":231,"href":"https:\/\/blogsaverroes.juntadeandalucia.es\/programamujeres\/wp-json\/wp\/v2\/pages\/30\/revisions\/231"}],"wp:attachment":[{"href":"https:\/\/blogsaverroes.juntadeandalucia.es\/programamujeres\/wp-json\/wp\/v2\/media?parent=30"}],"curies":[{"name":"wp","href":"https:\/\/api.w.org\/{rel}","templated":true}]}}