{"id":67,"date":"2022-05-19T06:26:32","date_gmt":"2022-05-19T06:26:32","guid":{"rendered":"https:\/\/blogsaverroes.juntadeandalucia.es\/programasccl\/?page_id=67"},"modified":"2023-06-22T07:44:22","modified_gmt":"2023-06-22T05:44:22","slug":"almeria","status":"publish","type":"page","link":"https:\/\/blogsaverroes.juntadeandalucia.es\/programasccl\/almeria\/","title":{"rendered":"Almer\u00eda"},"content":{"rendered":"<p style=\"text-align: center\"><img loading=\"lazy\" decoding=\"async\" class=\"alignnone wp-image-68 size-large\" src=\"https:\/\/blogsaverroes.juntadeandalucia.es\/programasccl\/files\/2022\/05\/1-1024x576.jpg\" alt=\"\" width=\"1024\" height=\"576\" srcset=\"https:\/\/blogsaverroes.juntadeandalucia.es\/programasccl\/files\/2022\/05\/1-1024x576.jpg 1024w, https:\/\/blogsaverroes.juntadeandalucia.es\/programasccl\/files\/2022\/05\/1-300x169.jpg 300w, https:\/\/blogsaverroes.juntadeandalucia.es\/programasccl\/files\/2022\/05\/1-768x432.jpg 768w, https:\/\/blogsaverroes.juntadeandalucia.es\/programasccl\/files\/2022\/05\/1-1536x864.jpg 1536w, https:\/\/blogsaverroes.juntadeandalucia.es\/programasccl\/files\/2022\/05\/1.jpg 1920w\" sizes=\"(max-width: 1024px) 100vw, 1024px\" \/><\/p>\n<p>Curso 2022-2023<\/p>\n<ul>\n<li><a href=\"https:\/\/iescarlosiii.es\/wordpressnew\/talleres-desenreda-yolanda-cruz\/\" target=\"_blank\" rel=\"noopener noreferrer\">IES Carlos III (Aguadulce, Roquetas de Mar)<\/a><\/li>\n<li>IES Alhadra (Almer\u00eda)<\/li>\n<li><a href=\"https:\/\/sites.google.com\/view\/ies-la-mojonera\/inicio\" target=\"_blank\" rel=\"noopener noreferrer\">IES La Mojonera (La Mojonera)<\/a><\/li>\n<li><a href=\"https:\/\/argarcomunica.wordpress.com\/2023\/06\/21\/taller-de-prensa\/\" target=\"_blank\" rel=\"noopener noreferrer\">IES El Argar (Almer\u00eda)<\/a><\/li>\n<li><a href=\"https:\/\/www.facebook.com\/people\/Plan-Comunica-Programa-Radio\/100064153567070\/\" target=\"_blank\" rel=\"noopener noreferrer\">IES Santa Maria del \u00c1guila (El Ejido)<\/a><\/li>\n<li>IES Campos de N\u00edjar (Campohermoso, N\u00edjar)<\/li>\n<li><a href=\"https:\/\/comunicaiesparador.wordpress.com\/2023\/06\/12\/alfabetizacion-mediatica-en-el-ies-el-parador\/\" target=\"_blank\" rel=\"noopener noreferrer\">IES El Parador (El Parador, Roquetas De Mar)<\/a><\/li>\n<\/ul>\n<p>Curso 2021-2022<\/p>\n<ul>\n<li><a href=\"https:\/\/alfabetizacionmediaticaiesabdera.blogspot.com\/\" target=\"_blank\" rel=\"noopener noreferrer\">IES Abdera de Adra<\/a>.<\/li>\n<li><a href=\"https:\/\/blogsaverroes.juntadeandalucia.es\/laliteraturadelamaga\/\" target=\"_blank\" rel=\"noopener noreferrer\">IES Mar Serena de Pulp\u00ed<\/a>.<\/li>\n<li><a href=\"https:\/\/blogsaverroes.juntadeandalucia.es\/periodicodigitaliesfranciscomontoya\/2022\/05\/30\/periodico-digital-no7\/\" target=\"_blank\" rel=\"noopener noreferrer\">IES Francisco Montoya de Las Norias de Daza (El Ejido)<\/a>.<\/li>\n<\/ul>\n","protected":false},"excerpt":{"rendered":"<p>Curso 2022-2023 IES Carlos III (Aguadulce, Roquetas de Mar) IES Alhadra (Almer\u00eda) IES La Mojonera (La Mojonera) IES El Argar (Almer\u00eda) IES Santa Maria del \u00c1guila (El Ejido) IES Campos de N\u00edjar (Campohermoso, N\u00edjar)&#46;&#46;&#46;<\/p>\n","protected":false},"author":1051,"featured_media":0,"parent":0,"menu_order":0,"comment_status":"closed","ping_status":"closed","template":"","meta":{"ngg_post_thumbnail":0,"footnotes":""},"aioseo_notices":[],"_links":{"self":[{"href":"https:\/\/blogsaverroes.juntadeandalucia.es\/programasccl\/wp-json\/wp\/v2\/pages\/67"}],"collection":[{"href":"https:\/\/blogsaverroes.juntadeandalucia.es\/programasccl\/wp-json\/wp\/v2\/pages"}],"about":[{"href":"https:\/\/blogsaverroes.juntadeandalucia.es\/programasccl\/wp-json\/wp\/v2\/types\/page"}],"author":[{"embeddable":true,"href":"https:\/\/blogsaverroes.juntadeandalucia.es\/programasccl\/wp-json\/wp\/v2\/users\/1051"}],"replies":[{"embeddable":true,"href":"https:\/\/blogsaverroes.juntadeandalucia.es\/programasccl\/wp-json\/wp\/v2\/comments?post=67"}],"version-history":[{"count":12,"href":"https:\/\/blogsaverroes.juntadeandalucia.es\/programasccl\/wp-json\/wp\/v2\/pages\/67\/revisions"}],"predecessor-version":[{"id":340,"href":"https:\/\/blogsaverroes.juntadeandalucia.es\/programasccl\/wp-json\/wp\/v2\/pages\/67\/revisions\/340"}],"wp:attachment":[{"href":"https:\/\/blogsaverroes.juntadeandalucia.es\/programasccl\/wp-json\/wp\/v2\/media?parent=67"}],"curies":[{"name":"wp","href":"https:\/\/api.w.org\/{rel}","templated":true}]}}