{"id":75,"date":"2022-05-19T06:39:24","date_gmt":"2022-05-19T06:39:24","guid":{"rendered":"https:\/\/blogsaverroes.juntadeandalucia.es\/programasccl\/?page_id=75"},"modified":"2023-06-13T09:38:04","modified_gmt":"2023-06-13T07:38:04","slug":"cordoba","status":"publish","type":"page","link":"https:\/\/blogsaverroes.juntadeandalucia.es\/programasccl\/cordoba\/","title":{"rendered":"C\u00f3rdoba"},"content":{"rendered":"<p style=\"text-align: center\"><img loading=\"lazy\" decoding=\"async\" class=\"alignnone size-large wp-image-76\" src=\"https:\/\/blogsaverroes.juntadeandalucia.es\/programasccl\/files\/2022\/05\/3-1024x576.jpg\" alt=\"\" width=\"1024\" height=\"576\" srcset=\"https:\/\/blogsaverroes.juntadeandalucia.es\/programasccl\/files\/2022\/05\/3-1024x576.jpg 1024w, https:\/\/blogsaverroes.juntadeandalucia.es\/programasccl\/files\/2022\/05\/3-300x169.jpg 300w, https:\/\/blogsaverroes.juntadeandalucia.es\/programasccl\/files\/2022\/05\/3-768x432.jpg 768w, https:\/\/blogsaverroes.juntadeandalucia.es\/programasccl\/files\/2022\/05\/3-1536x864.jpg 1536w, https:\/\/blogsaverroes.juntadeandalucia.es\/programasccl\/files\/2022\/05\/3.jpg 1920w\" sizes=\"(max-width: 1024px) 100vw, 1024px\" \/><\/p>\n<p>Curso 2022-2023<\/p>\n<ul>\n<li>IES Nuevas Poblaciones (La Carlota)<\/li>\n<li><a href=\"https:\/\/sites.google.com\/g.educaand.es\/fiestas-aracelitanas\/inicio?authuser=2\" target=\"_blank\" rel=\"noopener noreferrer\">IES Miguel de Cervantes (Lucena)<\/a><\/li>\n<li><a href=\"https:\/\/blogsaverroes.juntadeandalucia.es\/iesategua\/taller-de-alfabetizacion-mediatica-2\/\" target=\"_blank\" rel=\"noopener noreferrer\">IES Ategua (Castro del R\u00edo)<\/a><\/li>\n<li><a href=\"https:\/\/blogsaverroes.juntadeandalucia.es\/tallerdesenredaieszoco\/taller-de-alfabetizacion-mediatica-desenreda-curso-2022-23\/\" target=\"_blank\" rel=\"noopener noreferrer\">IES Zoco (C\u00f3rdoba)<\/a><\/li>\n<\/ul>\n<p>Curso 2021-2022<\/p>\n<ul>\n<li>IES Profesor Andr\u00e9s Bojollo de Puente Genil.<\/li>\n<li><a href=\"https:\/\/blogsaverroes.juntadeandalucia.es\/tallerdesenredaieszoco\/\" target=\"_blank\" rel=\"noopener noreferrer\">IES Zoco de C\u00f3rdoba<\/a>.<\/li>\n<li><a href=\"https:\/\/blogsaverroes.juntadeandalucia.es\/desenredalafuensanta\/\" target=\"_blank\" rel=\"noopener noreferrer\">IES La Fuensanta de C\u00f3rdoba<\/a>.<\/li>\n<li><a href=\"https:\/\/blogsaverroes.juntadeandalucia.es\/tallerperiodismocarbula\/\" target=\"_blank\" rel=\"noopener noreferrer\">IES C\u00e1rbula de Almod\u00f3var del R\u00edo<\/a>.<\/li>\n<li><a href=\"https:\/\/comunicafidiana.blogspot.com\/\" target=\"_blank\" rel=\"noopener noreferrer\">IES Fidiana de C\u00f3rdoba<\/a>.<\/li>\n<li><a href=\"http:\/\/lavozdelvizcaino.blogspot.com\/search?q=desenreda\" target=\"_blank\" rel=\"noopener noreferrer\">IES Ricardo Delgado Vizca\u00edno de Pozoblanco<\/a>.<\/li>\n<\/ul>\n","protected":false},"excerpt":{"rendered":"<p>Curso 2022-2023 IES Nuevas Poblaciones (La Carlota) IES Miguel de Cervantes (Lucena) IES Ategua (Castro del R\u00edo) IES Zoco (C\u00f3rdoba) Curso 2021-2022 IES Profesor Andr\u00e9s Bojollo de Puente Genil. IES Zoco de C\u00f3rdoba. IES&#46;&#46;&#46;<\/p>\n","protected":false},"author":1051,"featured_media":0,"parent":0,"menu_order":0,"comment_status":"closed","ping_status":"closed","template":"","meta":{"ngg_post_thumbnail":0,"footnotes":""},"aioseo_notices":[],"_links":{"self":[{"href":"https:\/\/blogsaverroes.juntadeandalucia.es\/programasccl\/wp-json\/wp\/v2\/pages\/75"}],"collection":[{"href":"https:\/\/blogsaverroes.juntadeandalucia.es\/programasccl\/wp-json\/wp\/v2\/pages"}],"about":[{"href":"https:\/\/blogsaverroes.juntadeandalucia.es\/programasccl\/wp-json\/wp\/v2\/types\/page"}],"author":[{"embeddable":true,"href":"https:\/\/blogsaverroes.juntadeandalucia.es\/programasccl\/wp-json\/wp\/v2\/users\/1051"}],"replies":[{"embeddable":true,"href":"https:\/\/blogsaverroes.juntadeandalucia.es\/programasccl\/wp-json\/wp\/v2\/comments?post=75"}],"version-history":[{"count":13,"href":"https:\/\/blogsaverroes.juntadeandalucia.es\/programasccl\/wp-json\/wp\/v2\/pages\/75\/revisions"}],"predecessor-version":[{"id":307,"href":"https:\/\/blogsaverroes.juntadeandalucia.es\/programasccl\/wp-json\/wp\/v2\/pages\/75\/revisions\/307"}],"wp:attachment":[{"href":"https:\/\/blogsaverroes.juntadeandalucia.es\/programasccl\/wp-json\/wp\/v2\/media?parent=75"}],"curies":[{"name":"wp","href":"https:\/\/api.w.org\/{rel}","templated":true}]}}