{"id":92,"date":"2022-05-19T06:53:48","date_gmt":"2022-05-19T06:53:48","guid":{"rendered":"https:\/\/blogsaverroes.juntadeandalucia.es\/programasccl\/?page_id=92"},"modified":"2023-06-27T10:42:51","modified_gmt":"2023-06-27T08:42:51","slug":"malaga","status":"publish","type":"page","link":"https:\/\/blogsaverroes.juntadeandalucia.es\/programasccl\/malaga\/","title":{"rendered":"M\u00e1laga"},"content":{"rendered":"<p style=\"text-align: center\"><img loading=\"lazy\" decoding=\"async\" class=\"alignnone size-large wp-image-93\" src=\"https:\/\/blogsaverroes.juntadeandalucia.es\/programasccl\/files\/2022\/05\/7-1024x576.jpg\" alt=\"\" width=\"1024\" height=\"576\" srcset=\"https:\/\/blogsaverroes.juntadeandalucia.es\/programasccl\/files\/2022\/05\/7-1024x576.jpg 1024w, https:\/\/blogsaverroes.juntadeandalucia.es\/programasccl\/files\/2022\/05\/7-300x169.jpg 300w, https:\/\/blogsaverroes.juntadeandalucia.es\/programasccl\/files\/2022\/05\/7-768x432.jpg 768w, https:\/\/blogsaverroes.juntadeandalucia.es\/programasccl\/files\/2022\/05\/7-1536x864.jpg 1536w, https:\/\/blogsaverroes.juntadeandalucia.es\/programasccl\/files\/2022\/05\/7.jpg 1920w\" sizes=\"(max-width: 1024px) 100vw, 1024px\" \/><\/p>\n<p>Curso 2022-2023<\/p>\n<ul>\n<li><a href=\"https:\/\/comunicapicasso.blogspot.com\/2023\/06\/desenredando-los-medios-para-detectar.html\" target=\"_blank\" rel=\"noopener noreferrer\">IES Pablo Picasso (M\u00e1laga)<\/a><\/li>\n<li><a href=\"http:\/\/capellaniacreativa.blogspot.com\/2023\/04\/taller-de-periodismo-desenreda.html\" target=\"_blank\" rel=\"noopener noreferrer\">IES Capellan\u00eda (M\u00e1laga)<\/a><\/li>\n<li><a href=\"https:\/\/comunicaportadaalta.wordpress.com\/2023\/06\/13\/taller-proyecto-desenreda\/\" target=\"_blank\" rel=\"noopener noreferrer\">IES Portada Alta (M\u00e1laga)<\/a><\/li>\n<li>IES Las Lagunas (Mijas)<\/li>\n<li><a href=\"https:\/\/fundacionloyola.com\/sanjose\/programa-desenreda-en-san-jose\/\" target=\"_blank\" rel=\"noopener noreferrer\">CDP San Jos\u00e9 (M\u00e1laga)<\/a><\/li>\n<li><a href=\"https:\/\/iesbezmiliana.es\/comunica\/\" target=\"_blank\" rel=\"noopener noreferrer\">IES Bezmiliana (Rinc\u00f3n de la Vicroria)<\/a><\/li>\n<li><a href=\"http:\/\/comunica.iesbenaljatib.org\/?p=358\" target=\"_blank\" rel=\"noopener noreferrer\">IES Ben Al Jatib (La Cala del Moral)<\/a><\/li>\n<li><a href=\"https:\/\/hablandoseeentiendenloscentros.blogspot.com\/2023\/06\/desenreda-taller-de-alfabetizacion.html\" target=\"_blank\" rel=\"noopener noreferrer\">IES Manuel Alc\u00e1ntara (M\u00e1laga)<\/a><\/li>\n<li><a href=\"http:\/\/iesserrania.com\/comunica-2\/\" target=\"_blank\" rel=\"noopener noreferrer\">IES Serran\u00eda (Alozaina)<\/a><\/li>\n<li><a href=\"http:\/\/bibliotecaloscolegiales.blogspot.com\/2023\/05\/taller-desenreda-trabajos-del-alumnado.html\" target=\"_blank\" rel=\"noopener noreferrer\">IES Los Colegiales (Antequera)<\/a><\/li>\n<li><a href=\"https:\/\/sites.google.com\/g.educaand.es\/comunicaiessierraalmijara\/taller-de-alfabetizaci%C3%B3n-medi%C3%A1tica-desenreda\/productos-finales\" target=\"_blank\" rel=\"noopener noreferrer\">IES Sierra Almijara (Nerja)<\/a><\/li>\n<\/ul>\n<p>Curso 2021-2022<\/p>\n<ul>\n<li><a href=\"https:\/\/blogsaverroes.juntadeandalucia.es\/comunicaiespedroespinosa\/2022\/05\/06\/taller-desenreda\/\" target=\"_blank\" rel=\"noopener noreferrer\">IES Pedro Espinosa de Antequera<\/a>.<\/li>\n<li><a href=\"https:\/\/blogsaverroes.juntadeandalucia.es\/comunicaieslosmanantiales\/\" target=\"_blank\" rel=\"noopener noreferrer\">IES Los Manantiales de Torremolinos<\/a>.<\/li>\n<li><a href=\"https:\/\/www.ivoox.com\/podcast-radio-lobata_sq_f11469276_1.html\" target=\"_blank\" rel=\"noopener noreferrer\">IES Joaqu\u00edn Lobato de Torre del Mar<\/a>.<\/li>\n<\/ul>\n","protected":false},"excerpt":{"rendered":"<p>Curso 2022-2023 IES Pablo Picasso (M\u00e1laga) IES Capellan\u00eda (M\u00e1laga) IES Portada Alta (M\u00e1laga) IES Las Lagunas (Mijas) CDP San Jos\u00e9 (M\u00e1laga) IES Bezmiliana (Rinc\u00f3n de la Vicroria) IES Ben Al Jatib (La Cala del&#46;&#46;&#46;<\/p>\n","protected":false},"author":1051,"featured_media":0,"parent":0,"menu_order":0,"comment_status":"closed","ping_status":"closed","template":"","meta":{"ngg_post_thumbnail":0,"footnotes":""},"aioseo_notices":[],"_links":{"self":[{"href":"https:\/\/blogsaverroes.juntadeandalucia.es\/programasccl\/wp-json\/wp\/v2\/pages\/92"}],"collection":[{"href":"https:\/\/blogsaverroes.juntadeandalucia.es\/programasccl\/wp-json\/wp\/v2\/pages"}],"about":[{"href":"https:\/\/blogsaverroes.juntadeandalucia.es\/programasccl\/wp-json\/wp\/v2\/types\/page"}],"author":[{"embeddable":true,"href":"https:\/\/blogsaverroes.juntadeandalucia.es\/programasccl\/wp-json\/wp\/v2\/users\/1051"}],"replies":[{"embeddable":true,"href":"https:\/\/blogsaverroes.juntadeandalucia.es\/programasccl\/wp-json\/wp\/v2\/comments?post=92"}],"version-history":[{"count":15,"href":"https:\/\/blogsaverroes.juntadeandalucia.es\/programasccl\/wp-json\/wp\/v2\/pages\/92\/revisions"}],"predecessor-version":[{"id":349,"href":"https:\/\/blogsaverroes.juntadeandalucia.es\/programasccl\/wp-json\/wp\/v2\/pages\/92\/revisions\/349"}],"wp:attachment":[{"href":"https:\/\/blogsaverroes.juntadeandalucia.es\/programasccl\/wp-json\/wp\/v2\/media?parent=92"}],"curies":[{"name":"wp","href":"https:\/\/api.w.org\/{rel}","templated":true}]}}