{"id":96,"date":"2022-05-19T06:58:47","date_gmt":"2022-05-19T06:58:47","guid":{"rendered":"https:\/\/blogsaverroes.juntadeandalucia.es\/programasccl\/?page_id=96"},"modified":"2023-06-26T10:37:18","modified_gmt":"2023-06-26T08:37:18","slug":"sevilla","status":"publish","type":"page","link":"https:\/\/blogsaverroes.juntadeandalucia.es\/programasccl\/sevilla\/","title":{"rendered":"Sevilla"},"content":{"rendered":"<p style=\"text-align: center\"><img loading=\"lazy\" decoding=\"async\" class=\"alignnone size-large wp-image-97\" src=\"https:\/\/blogsaverroes.juntadeandalucia.es\/programasccl\/files\/2022\/05\/8-1024x576.jpg\" alt=\"\" width=\"1024\" height=\"576\" srcset=\"https:\/\/blogsaverroes.juntadeandalucia.es\/programasccl\/files\/2022\/05\/8-1024x576.jpg 1024w, https:\/\/blogsaverroes.juntadeandalucia.es\/programasccl\/files\/2022\/05\/8-300x169.jpg 300w, https:\/\/blogsaverroes.juntadeandalucia.es\/programasccl\/files\/2022\/05\/8-768x432.jpg 768w, https:\/\/blogsaverroes.juntadeandalucia.es\/programasccl\/files\/2022\/05\/8-1536x864.jpg 1536w, https:\/\/blogsaverroes.juntadeandalucia.es\/programasccl\/files\/2022\/05\/8.jpg 1920w\" sizes=\"(max-width: 1024px) 100vw, 1024px\" \/><\/p>\n<p>Curso 2022-2023<\/p>\n<ul>\n<li><a href=\"https:\/\/sites.google.com\/view\/comunicacervantes\/inicio#h.rzt8ktewuqtp\" target=\"_blank\" rel=\"noopener noreferrer\">IES Miguel de Cervantes (Sevilla)<\/a><\/li>\n<li><a href=\"https:\/\/blogsaverroes.juntadeandalucia.es\/iesgalileogalilei\/2023\/06\/01\/7911\/\" target=\"_blank\" rel=\"noopener noreferrer\">IES Galileo Galilei (Dos Hermanas)<\/a><\/li>\n<li><a href=\"https:\/\/sites.google.com\/view\/comunica-ies-antonio-machado\/eso\/taller-desenreda\" target=\"_blank\" rel=\"noopener noreferrer\">IES Antonio Machado (Sevilla)<\/a><\/li>\n<li><a href=\"https:\/\/blogsaverroes.juntadeandalucia.es\/iesaznalcollar\/2023\/06\/23\/taller-desenreda-alfabetizacion-mediatica\/\" target=\"_blank\" rel=\"noopener noreferrer\">IES Aznalc\u00f3llar (Aznalc\u00f3llar)<\/a><\/li>\n<li>IES Ostippo (Estepa)<\/li>\n<li><a href=\"https:\/\/sites.google.com\/g.educaand.es\/lavozdelalumno\/desenreda\" target=\"_blank\" rel=\"noopener noreferrer\">IES Pepe Ruiz Vela (Villaverde del R\u00edo)<\/a><\/li>\n<li><a href=\"https:\/\/www.iesbeatrizdesuabia.es\/?page_id=763\" target=\"_blank\" rel=\"noopener noreferrer\">IES Beatriz de Suabia (Sevilla)<\/a><\/li>\n<li><a href=\"https:\/\/iespoligonosur.org\/desenreda-talleres-de-alfabetizacion-mediatica\/\" target=\"_blank\" rel=\"noopener noreferrer\">IES Pol\u00edgono Sur (Sevilla)<\/a><\/li>\n<li>IES Jos\u00e9 Saramago (Marinaleda)<\/li>\n<li>IES Alvareda (Dos Hermanas)<\/li>\n<li>I.E.S. Al-Guadaira (Alcal\u00e1 de Guada\u00edra)<\/li>\n<li><a href=\"https:\/\/sites.google.com\/iestierradelagunas.com\/planes-y-programas\/2022-2023?authuser=0\" target=\"_blank\" rel=\"noopener noreferrer\">IES Tierra de Lagunas (La Lantejuela)<\/a><\/li>\n<li><a href=\"https:\/\/sites.google.com\/iespablodeolavide.com\/comunica\/inicio\" target=\"_blank\" rel=\"noopener noreferrer\">IES Pablo de Olavide (La Luisiana)<\/a><\/li>\n<li><a href=\"https:\/\/radiogonzi.carrd.co\/\" target=\"_blank\" rel=\"noopener noreferrer\">IES Gonzalo Nazareno (Dos Hermanas)<\/a><\/li>\n<li><a href=\"https:\/\/sites.google.com\/g.educaand.es\/newsletter-murillo\/inicio\" target=\"_blank\" rel=\"noopener noreferrer\">IES Murillo (Sevilla)<\/a><\/li>\n<li><a href=\"https:\/\/sites.google.com\/iesramoncarande.com\/proa2022-23\/alfabetizaci%C3%B3n-medi%C3%A1tica\" target=\"_blank\" rel=\"noopener noreferrer\">IES Ram\u00f3n Carande (Sevilla)<\/a><\/li>\n<li><a href=\"https:\/\/sites.google.com\/g.educaand.es\/helichecomunica\/desenredea?pli=1\" target=\"_blank\" rel=\"noopener noreferrer\">IES Heliche (Olivares)<\/a><\/li>\n<li><a href=\"https:\/\/blogsaverroes.juntadeandalucia.es\/diamantinocomunica\/2023\/06\/12\/desenreda-taller-de-periodismo-en-3-o-y-4-o-eso\/\" target=\"_blank\" rel=\"noopener noreferrer\">IES Diamantino Garc\u00eda Acosta (Sevilla)<\/a><\/li>\n<li><a href=\"http:\/\/iesfelixsevilla.es\/taller-desenreda\/\" target=\"_blank\" rel=\"noopener noreferrer\">IES F\u00e9lix Rodr\u00edguez de la Fuente (Sevilla)<\/a><\/li>\n<li><a href=\"https:\/\/www.iesalminar.es\/taller-de-alfabetizacion-mediatica-desenreda-en-nuestro-centro\/\" target=\"_blank\" rel=\"noopener noreferrer\">IES Alminar (Bollullos de la Mitaci\u00f3n)<\/a><\/li>\n<li><a href=\"https:\/\/sites.google.com\/iesilipamagna.es\/comunica\/inicio\/curso-2022-2023\/desenreda-taller-alfabetizaci%C3%B3n-medi%C3%A1tica?authuser=1\" target=\"_blank\" rel=\"noopener noreferrer\">IES Ilipa Magna (Alcal\u00e1 del R\u00edo)<\/a><\/li>\n<\/ul>\n<p>Curso 2021-2022<\/p>\n<ul>\n<li><a href=\"https:\/\/www.iesluisvelez.org\/portal\/wp-content\/uploads\/2022\/05\/Desenreda.pdf\" target=\"_blank\" rel=\"noopener noreferrer\">IES Luis V\u00e9lez de Guevara de \u00c9cija<\/a>.<\/li>\n<li><a href=\"https:\/\/sites.google.com\/vedruna.es\/vedrunaforyoutv\/portada\" target=\"_blank\" rel=\"noopener noreferrer\">C.D.P. Sagrada Familia Fundaci\u00f3n Vedruna de Sevilla<\/a>.<\/li>\n<li><a href=\"https:\/\/blogsaverroes.juntadeandalucia.es\/desenredaeneliesla\/\" target=\"_blank\" rel=\"noopener noreferrer\">IES L\u00f3pez de Arenas de Marchena<\/a>.<\/li>\n<li><a href=\"https:\/\/blogsaverroes.juntadeandalucia.es\/comunicarrabal\/taller-desenreda-2\/\" target=\"_blank\" rel=\"noopener noreferrer\">IES Arrabal de Carmona<\/a>.<\/li>\n<li><a href=\"https:\/\/sites.google.com\/iesalixar.org\/comunicaalixar\/actividades\/podcast-taller-desenreda\" target=\"_blank\" rel=\"noopener noreferrer\">IES Alixar de Castilleja de la Cuesta<\/a>.<\/li>\n<li><a href=\"https:\/\/comunicaiestavora.blogspot.com\/\" target=\"_blank\" rel=\"noopener noreferrer\">IES Salvador T\u00e1vora de Sevilla<\/a>.<\/li>\n<li><a href=\"https:\/\/blogsaverroes.juntadeandalucia.es\/iesalberodesenreda\/2022\/04\/18\/solidaridad-con-ucrania\/\" target=\"_blank\" rel=\"noopener noreferrer\">IES Albero de Alcal\u00e1 de Guada\u00edra<\/a>.<\/li>\n<li><a href=\"https:\/\/blogsaverroes.juntadeandalucia.es\/desenredamurube\/\" target=\"_blank\" rel=\"noopener noreferrer\">IES Joaqu\u00edn Romero Murube de Sevilla<\/a>.<\/li>\n<li><a href=\"https:\/\/soundcloud.com\/user-284559171\/sets\/alfabetizacion-mediatica?utm_source=clipboard&amp;utm_medium=text&amp;utm_campaign=social_sharing\" target=\"_blank\" rel=\"noopener noreferrer\">IES Profesor Juan Antonio Carrillo Salcedo de Mor\u00f3n de la Frontera<\/a>.<\/li>\n<\/ul>\n","protected":false},"excerpt":{"rendered":"<p>Curso 2022-2023 IES Miguel de Cervantes (Sevilla) IES Galileo Galilei (Dos Hermanas) IES Antonio Machado (Sevilla) IES Aznalc\u00f3llar (Aznalc\u00f3llar) IES Ostippo (Estepa) IES Pepe Ruiz Vela (Villaverde del R\u00edo) IES Beatriz de Suabia (Sevilla)&#46;&#46;&#46;<\/p>\n","protected":false},"author":1051,"featured_media":0,"parent":0,"menu_order":0,"comment_status":"closed","ping_status":"closed","template":"","meta":{"ngg_post_thumbnail":0,"footnotes":""},"aioseo_notices":[],"_links":{"self":[{"href":"https:\/\/blogsaverroes.juntadeandalucia.es\/programasccl\/wp-json\/wp\/v2\/pages\/96"}],"collection":[{"href":"https:\/\/blogsaverroes.juntadeandalucia.es\/programasccl\/wp-json\/wp\/v2\/pages"}],"about":[{"href":"https:\/\/blogsaverroes.juntadeandalucia.es\/programasccl\/wp-json\/wp\/v2\/types\/page"}],"author":[{"embeddable":true,"href":"https:\/\/blogsaverroes.juntadeandalucia.es\/programasccl\/wp-json\/wp\/v2\/users\/1051"}],"replies":[{"embeddable":true,"href":"https:\/\/blogsaverroes.juntadeandalucia.es\/programasccl\/wp-json\/wp\/v2\/comments?post=96"}],"version-history":[{"count":26,"href":"https:\/\/blogsaverroes.juntadeandalucia.es\/programasccl\/wp-json\/wp\/v2\/pages\/96\/revisions"}],"predecessor-version":[{"id":347,"href":"https:\/\/blogsaverroes.juntadeandalucia.es\/programasccl\/wp-json\/wp\/v2\/pages\/96\/revisions\/347"}],"wp:attachment":[{"href":"https:\/\/blogsaverroes.juntadeandalucia.es\/programasccl\/wp-json\/wp\/v2\/media?parent=96"}],"curies":[{"name":"wp","href":"https:\/\/api.w.org\/{rel}","templated":true}]}}