{"id":105,"date":"2016-06-13T21:24:33","date_gmt":"2016-06-13T21:24:33","guid":{"rendered":"http:\/\/blogsaverroes.juntadeandalucia.es\/programasinternacionales\/?page_id=105"},"modified":"2023-03-24T10:51:19","modified_gmt":"2023-03-24T10:51:19","slug":"accion-educativa-en-el-exterior","status":"publish","type":"page","link":"https:\/\/blogsaverroes.juntadeandalucia.es\/programasinternacionales\/accion-educativa-en-el-exterior\/","title":{"rendered":"ACCI\u00d3N EDUCATIVA EN EL EXTERIOR"},"content":{"rendered":"<p><a href=\"https:\/\/blogsaverroes.juntadeandalucia.es\/programasinternacionales\/files\/2023\/03\/frame-videoaee.jpg.jpg\"><img loading=\"lazy\" decoding=\"async\" class=\"aligncenter wp-image-956 size-large\" src=\"https:\/\/blogsaverroes.juntadeandalucia.es\/programasinternacionales\/files\/2023\/03\/frame-videoaee.jpg-1024x476.jpg\" alt=\"\" width=\"1024\" height=\"476\" srcset=\"https:\/\/blogsaverroes.juntadeandalucia.es\/programasinternacionales\/files\/2023\/03\/frame-videoaee.jpg-1024x476.jpg 1024w, https:\/\/blogsaverroes.juntadeandalucia.es\/programasinternacionales\/files\/2023\/03\/frame-videoaee.jpg-300x140.jpg 300w, https:\/\/blogsaverroes.juntadeandalucia.es\/programasinternacionales\/files\/2023\/03\/frame-videoaee.jpg-768x357.jpg 768w, https:\/\/blogsaverroes.juntadeandalucia.es\/programasinternacionales\/files\/2023\/03\/frame-videoaee.jpg.jpg 1200w\" sizes=\"(max-width: 1024px) 100vw, 1024px\" \/><\/a><\/p>\n<p>Cada curso el Ministerio de Educaci\u00f3n, Cultura y Deporte, convoca, en el marco de la Acci\u00f3n Educativa en el Exterior, los siguientes concursos de m\u00e9ritos:<\/p>\n<p>&nbsp;<\/p>\n<table>\n<tbody>\n<tr>\n<td style=\"text-align: center\">\n<h5><a href=\"https:\/\/blogsaverroes.juntadeandalucia.es\/programasinternacionales\/personal-docente-en-el-exterior\/\"><strong>PERSONAL DOCENTE EN EL EXTERIOR<\/strong><\/a><\/h5>\n<\/td>\n<\/tr>\n<tr>\n<td style=\"text-align: center\">\n<h5><a href=\"https:\/\/blogsaverroes.juntadeandalucia.es\/programasinternacionales\/asesores-tecnicos-en-el-exterior\/\"><strong>ASESORES T\u00c9CNICOS EN EL EXTERIOR<\/strong><\/a><\/h5>\n<\/td>\n<\/tr>\n<\/tbody>\n<\/table>\n<p>&nbsp;<\/p>\n<p>&nbsp;<\/p>\n<p>&nbsp;<\/p>\n<p>&nbsp;<\/p>\n<p>&nbsp;<\/p>\n<p>&nbsp;<\/p>\n<p>&nbsp;<\/p>\n<p>&nbsp;<\/p>\n<p>&nbsp;<\/p>\n<p>&nbsp;<\/p>\n","protected":false},"excerpt":{"rendered":"<p>Cada curso el Ministerio de Educaci\u00f3n, Cultura y Deporte, convoca, en el marco de la Acci\u00f3n Educativa en el Exterior, los siguientes concursos de m\u00e9ritos: &nbsp; PERSONAL DOCENTE EN EL EXTERIOR ASESORES T\u00c9CNICOS EN&#46;&#46;&#46;<\/p>\n","protected":false},"author":3720,"featured_media":956,"parent":0,"menu_order":0,"comment_status":"open","ping_status":"open","template":"","meta":{"ngg_post_thumbnail":0,"footnotes":""},"aioseo_notices":[],"_links":{"self":[{"href":"https:\/\/blogsaverroes.juntadeandalucia.es\/programasinternacionales\/wp-json\/wp\/v2\/pages\/105"}],"collection":[{"href":"https:\/\/blogsaverroes.juntadeandalucia.es\/programasinternacionales\/wp-json\/wp\/v2\/pages"}],"about":[{"href":"https:\/\/blogsaverroes.juntadeandalucia.es\/programasinternacionales\/wp-json\/wp\/v2\/types\/page"}],"author":[{"embeddable":true,"href":"https:\/\/blogsaverroes.juntadeandalucia.es\/programasinternacionales\/wp-json\/wp\/v2\/users\/3720"}],"replies":[{"embeddable":true,"href":"https:\/\/blogsaverroes.juntadeandalucia.es\/programasinternacionales\/wp-json\/wp\/v2\/comments?post=105"}],"version-history":[{"count":7,"href":"https:\/\/blogsaverroes.juntadeandalucia.es\/programasinternacionales\/wp-json\/wp\/v2\/pages\/105\/revisions"}],"predecessor-version":[{"id":962,"href":"https:\/\/blogsaverroes.juntadeandalucia.es\/programasinternacionales\/wp-json\/wp\/v2\/pages\/105\/revisions\/962"}],"wp:featuredmedia":[{"embeddable":true,"href":"https:\/\/blogsaverroes.juntadeandalucia.es\/programasinternacionales\/wp-json\/wp\/v2\/media\/956"}],"wp:attachment":[{"href":"https:\/\/blogsaverroes.juntadeandalucia.es\/programasinternacionales\/wp-json\/wp\/v2\/media?parent=105"}],"curies":[{"name":"wp","href":"https:\/\/api.w.org\/{rel}","templated":true}]}}