{"id":1052,"date":"2023-03-31T07:31:52","date_gmt":"2023-03-31T07:31:52","guid":{"rendered":"https:\/\/blogsaverroes.juntadeandalucia.es\/programasinternacionales\/?page_id=1052"},"modified":"2023-04-13T08:15:25","modified_gmt":"2023-04-13T08:15:25","slug":"educacion-superior","status":"publish","type":"page","link":"https:\/\/blogsaverroes.juntadeandalucia.es\/programasinternacionales\/educacion-superior\/","title":{"rendered":"EDUCACI\u00d3N SUPERIOR"},"content":{"rendered":"<h1 style=\"text-align: center\"><span style=\"text-decoration: underline\"><strong>EDUCACI\u00d3N SUPERIOR<\/strong><\/span><\/h1>\n<h2 style=\"text-align: justify\">\u00bfA qui\u00e9n va dirigido Erasmus+ en el sector de Educaci\u00f3n Superior? \u00bfQu\u00e9 tipos de proyectos podemos llevar a cabo?<\/h2>\n<p style=\"text-align: justify\">El sector de Educaci\u00f3n Superior est\u00e1 integrado por todas las organizaciones que imparten las siguientes ense\u00f1anzas: ense\u00f1anza universitaria, las ense\u00f1anzas art\u00edsticas superiores, la formaci\u00f3n profesional de grado superior, las ense\u00f1anzas profesionales de artes pl\u00e1sticas y dise\u00f1o de grado superior y las ense\u00f1anzas deportivas de grado superior, as\u00ed como otras organizaciones vinculadas a \u00e9stas.<\/p>\n<p style=\"text-align: justify\">Estas instituciones y otros organismos vinculados al sector pueden participar tanto en proyectos de movilidad (KA1) como de cooperaci\u00f3n (KA2).<\/p>\n<h3><a href=\"https:\/\/blogsaverroes.juntadeandalucia.es\/programasinternacionales\/files\/2023\/03\/ka1.png\"><img loading=\"lazy\" decoding=\"async\" class=\"size-medium wp-image-1043 alignleft\" src=\"https:\/\/blogsaverroes.juntadeandalucia.es\/programasinternacionales\/files\/2023\/03\/ka1-300x136.png\" alt=\"\" width=\"300\" height=\"136\" srcset=\"https:\/\/blogsaverroes.juntadeandalucia.es\/programasinternacionales\/files\/2023\/03\/ka1-300x136.png 300w, https:\/\/blogsaverroes.juntadeandalucia.es\/programasinternacionales\/files\/2023\/03\/ka1.png 333w\" sizes=\"(max-width: 300px) 100vw, 300px\" \/><\/a><\/h3>\n<h3>&nbsp;<\/h3>\n<h3>&nbsp;<\/h3>\n<h3>&nbsp;<\/h3>\n<h3>&nbsp;<\/h3>\n<h3>\u00bfQu\u00e9 es la Acci\u00f3n Clave 1 (KA1)?<\/h3>\n<p style=\"text-align: justify\">A trav\u00e9s de los proyectos de KA1, las organizaciones podr\u00e1n mejorar la calidad de sus procesos de ense\u00f1anza y aprendizaje a trav\u00e9s de distintas actividades de movilidad tanto de los estudiantes como del profesorado y personal no docente. De este modo, mejorar\u00e1n aquellos aspectos de su organizaci\u00f3n que consideren necesarios para proveer una educaci\u00f3n de calidad.<\/p>\n<p style=\"text-align: justify\">Estos objetivos se pueden plantear con pa\u00edses del programa y con pa\u00edses asociados del resto del mundo. En funci\u00f3n de esto, existen diferentes v\u00edas, que explicamos a continuaci\u00f3n.<\/p>\n<h3>\u00bfQu\u00e9 tipos de proyectos se pueden solicitar en KA1?<\/h3>\n<p>Hay diferentes modos de acceder a proyectos de KA1:<\/p>\n<ul>\n<li style=\"text-align: justify\"><strong>KA130-HED: Acreditaci\u00f3n Erasmus para consorcios de movilidad de Educaci\u00f3n Superior<\/strong>: si su propuesta de acreditaci\u00f3n es aceptada, el consorcio puede solicitar financiaci\u00f3n Erasmus+ para proyectos de movilidad (KA131-HED o KA171-HED).<\/li>\n<li style=\"text-align: justify\"><strong>KA131-HED: Proyectos de movilidad de estudiantes y personal de Educaci\u00f3n Superior financiada con fondos de pol\u00edtica interior<\/strong>: una instituci\u00f3n de educaci\u00f3n superior con ECHE o un consorcio de movilidad puede solicitar un proyecto KA131-HED, de 26 meses de duraci\u00f3n.<\/li>\n<li style=\"text-align: justify\"><strong>KA171-HED: Proyectos de movilidad de estudiantes y personal de Educaci\u00f3n Superior financiada con fondos de pol\u00edtica exterior<\/strong>: una instituci\u00f3n de educaci\u00f3n superior con ECHE o un consorcio de movilidad puede solicitar un proyecto KA171-HED, de 24 o 36 meses de duraci\u00f3n.<\/li>\n<\/ul>\n<p style=\"text-align: justify\">Las instituciones de educaci\u00f3n superior deben haber obtenido la Carta Erasmus de Educaci\u00f3n Superior (ECHE) con car\u00e1cter previo a la solicitud de un proyecto de movilidad KA131-HED o KA171-HED o de un consorcio de movilidad KA130-HED. La Carta se concede por la Agencia Ejecutiva de la Comisi\u00f3n Europea por toda la duraci\u00f3n del Programa Erasmus+.<\/p>\n<h3 style=\"text-align: justify\">\u00bfCu\u00e1les son los plazos de solicitud?<\/h3>\n<p>La solicitud de la Carta Erasmus de Educaci\u00f3n Superior (ECHE) se suele presentar en primavera de cada a\u00f1o.<\/p>\n<p>De manera general, el plazo de solicitudes de KA130-HED, KA131-HED y KA171-HED se abre en oto\u00f1o del a\u00f1o anterior a la convocatoria y finaliza a principios de febrero del a\u00f1o de la&nbsp;convocatoria.<\/p>\n<h3>\u00bfC\u00f3mo se solicita?<\/h3>\n<p style=\"text-align: justify\">ECHE: En el&nbsp;portal Funding and Tenders de la Comisi\u00f3n Europea.<\/p>\n<p style=\"text-align: justify\">KA130-HED, KA131-HED, KA171-HED: En el apartado \u201cconvocatoria\u201d, encontrar\u00e1s todas las instrucciones necesarias para el proceso de solicitud, desde cuestiones t\u00e9cnicas hasta elementos de calidad o c\u00f3mo cumplimentar el formulario.<\/p>\n<h3>\u00bfQui\u00e9n me puede ayudar para resolver problemas o dudas?<\/h3>\n<p>Desde el SEPIE, estar\u00e1n a vuestra disposici\u00f3n a trav\u00e9s de estos correos:<\/p>\n<ul class=\"nocircle\">\n<li><i class=\"fa fa-envelope-o blue fa-lg\"><\/i>&nbsp;<a href=\"mailto:movilidad.es@sepie.es\">movilidad.es@sepie.es<\/a><\/li>\n<li><i class=\"fa fa-envelope-o blue fa-lg\"><\/i>&nbsp;<a href=\"mailto:dimension.internacional@sepie.es\">dimension.internacional@sepie.es<\/a><\/li>\n<\/ul>\n<h3><a href=\"http:\/\/sepie.es\/educacion-superior\/convocatoria.html#KA220HED\">KA130 -HED (Enlace)<\/a><\/h3>\n<h3><a href=\"http:\/\/sepie.es\/educacion-superior\/convocatoria.html#KA220HED\">KA131 -HED (Enlace)<\/a><\/h3>\n<h3><a href=\"http:\/\/sepie.es\/educacion-superior\/convocatoria.html#KA220HED\">KA171 -HED (Enlace)<\/a><\/h3>\n<p><a href=\"https:\/\/blogsaverroes.juntadeandalucia.es\/programasinternacionales\/files\/2023\/03\/ka2.png\"><img loading=\"lazy\" decoding=\"async\" class=\"size-medium wp-image-1044 alignleft\" src=\"https:\/\/blogsaverroes.juntadeandalucia.es\/programasinternacionales\/files\/2023\/03\/ka2-300x136.png\" alt=\"\" width=\"300\" height=\"136\" srcset=\"https:\/\/blogsaverroes.juntadeandalucia.es\/programasinternacionales\/files\/2023\/03\/ka2-300x136.png 300w, https:\/\/blogsaverroes.juntadeandalucia.es\/programasinternacionales\/files\/2023\/03\/ka2.png 333w\" sizes=\"(max-width: 300px) 100vw, 300px\" \/><\/a><\/p>\n<p>&nbsp;<\/p>\n<p>&nbsp;<\/p>\n<p>&nbsp;<\/p>\n<p>&nbsp;<\/p>\n<h2 style=\"text-align: justify\">\u00bfQu\u00e9 es la Acci\u00f3n Clave 2 (KA2)?<\/h2>\n<p style=\"text-align: justify\">Las&nbsp;<strong>Asociaciones para la Cooperaci\u00f3n<\/strong>, dentro de la acci\u00f3n Clave 2, permiten a las organizaciones participantes adquirir experiencia en cooperaci\u00f3n internacional y consolidar sus capacidades, pero tambi\u00e9n producir resultados tangibles innovadores de gran calidad.<\/p>\n<h2 style=\"text-align: justify\">\u00bfQu\u00e9 tipos de proyectos se pueden solicitar en KA2?<\/h2>\n<p style=\"text-align: justify\">En Educaci\u00f3n Superior, puedes solicitar estos proyectos:<\/p>\n<ul style=\"text-align: justify\">\n<li><strong>KA220-HED: Asociaciones de cooperaci\u00f3n en Educaci\u00f3n Superior<\/strong>: tienen por objeto apoyar el desarrollo, la transferencia o la implementaci\u00f3n de pr\u00e1cticas innovadoras, as\u00ed como la ejecuci\u00f3n de iniciativas conjuntas que fomenten la cooperaci\u00f3n, el aprendizaje entre iguales y el intercambio de experiencias a escala europea.<\/li>\n<\/ul>\n<h2 style=\"text-align: justify\">\u00bfCu\u00e1les son los plazos de solicitud?<\/h2>\n<p style=\"text-align: justify\">De manera general, el plazo de solicitudes de KA220-HED se abre en oto\u00f1o del a\u00f1o anterior a la convocatoria y finaliza durante el mes de marzo del a\u00f1o de la convocatoria.<\/p>\n<p style=\"text-align: justify\">Para conocer los plazos exactos, cada a\u00f1o se debe consultar la&nbsp;Convocatoria y la Gu\u00eda del Programa.<\/p>\n<h2 style=\"text-align: justify\">\u00bfC\u00f3mo se solicita?<\/h2>\n<p style=\"text-align: justify\">En el apartado \u201cconvocatoria\u201d, encontrar\u00e1s todas las instrucciones necesarias para el proceso de solicitud, desde cuestiones t\u00e9cnicas hasta elementos de calidad o c\u00f3mo cumplimentar el formulario.<\/p>\n<h2 style=\"text-align: justify\">\u00bfQui\u00e9n me puede ayudar para resolver problemas o dudas?<\/h2>\n<p style=\"text-align: justify\">Desde el SEPIE, estar\u00e1n a vuestra disposici\u00f3n a trav\u00e9s de este correo:<\/p>\n<ul class=\"nocircle\">\n<li style=\"text-align: justify\"><i class=\"fa fa-envelope-o blue fa-lg\"><\/i>&nbsp;<a href=\"mailto:asociaciones.es@sepie.es\">asociaciones.es@sepie.es<\/a><\/li>\n<\/ul>\n<h3><a href=\"http:\/\/sepie.es\/educacion-superior\/convocatoria.html#KA220HED\">KA220 &#8211; HED (Enlace)<\/a><\/h3>\n","protected":false},"excerpt":{"rendered":"<p>EDUCACI\u00d3N SUPERIOR \u00bfA qui\u00e9n va dirigido Erasmus+ en el sector de Educaci\u00f3n Superior? \u00bfQu\u00e9 tipos de proyectos podemos llevar a cabo? El sector de Educaci\u00f3n Superior est\u00e1 integrado por todas las organizaciones que imparten&#46;&#46;&#46;<\/p>\n","protected":false},"author":3720,"featured_media":0,"parent":0,"menu_order":0,"comment_status":"closed","ping_status":"closed","template":"","meta":{"ngg_post_thumbnail":0,"footnotes":""},"aioseo_notices":[],"_links":{"self":[{"href":"https:\/\/blogsaverroes.juntadeandalucia.es\/programasinternacionales\/wp-json\/wp\/v2\/pages\/1052"}],"collection":[{"href":"https:\/\/blogsaverroes.juntadeandalucia.es\/programasinternacionales\/wp-json\/wp\/v2\/pages"}],"about":[{"href":"https:\/\/blogsaverroes.juntadeandalucia.es\/programasinternacionales\/wp-json\/wp\/v2\/types\/page"}],"author":[{"embeddable":true,"href":"https:\/\/blogsaverroes.juntadeandalucia.es\/programasinternacionales\/wp-json\/wp\/v2\/users\/3720"}],"replies":[{"embeddable":true,"href":"https:\/\/blogsaverroes.juntadeandalucia.es\/programasinternacionales\/wp-json\/wp\/v2\/comments?post=1052"}],"version-history":[{"count":4,"href":"https:\/\/blogsaverroes.juntadeandalucia.es\/programasinternacionales\/wp-json\/wp\/v2\/pages\/1052\/revisions"}],"predecessor-version":[{"id":1099,"href":"https:\/\/blogsaverroes.juntadeandalucia.es\/programasinternacionales\/wp-json\/wp\/v2\/pages\/1052\/revisions\/1099"}],"wp:attachment":[{"href":"https:\/\/blogsaverroes.juntadeandalucia.es\/programasinternacionales\/wp-json\/wp\/v2\/media?parent=1052"}],"curies":[{"name":"wp","href":"https:\/\/api.w.org\/{rel}","templated":true}]}}