{"id":1103,"date":"2023-04-26T08:11:58","date_gmt":"2023-04-26T08:11:58","guid":{"rendered":"https:\/\/blogsaverroes.juntadeandalucia.es\/programasinternacionales\/?page_id=1103"},"modified":"2023-05-05T06:35:45","modified_gmt":"2023-05-05T06:35:45","slug":"dia-de-europa","status":"publish","type":"page","link":"https:\/\/blogsaverroes.juntadeandalucia.es\/programasinternacionales\/dia-de-europa\/","title":{"rendered":"D\u00cdA DE EUROPA &#8211; 9 MAYO"},"content":{"rendered":"<p><a href=\"https:\/\/blogsaverroes.juntadeandalucia.es\/programasinternacionales\/files\/2023\/04\/descarga.jpg\"><img loading=\"lazy\" decoding=\"async\" class=\"aligncenter size-medium wp-image-1108\" src=\"https:\/\/blogsaverroes.juntadeandalucia.es\/programasinternacionales\/files\/2023\/04\/descarga-300x150.jpg\" alt=\"\" width=\"300\" height=\"150\" srcset=\"https:\/\/blogsaverroes.juntadeandalucia.es\/programasinternacionales\/files\/2023\/04\/descarga-300x150.jpg 300w, https:\/\/blogsaverroes.juntadeandalucia.es\/programasinternacionales\/files\/2023\/04\/descarga.jpg 318w\" sizes=\"(max-width: 300px) 100vw, 300px\" \/><\/a><\/p>\n<p style=\"text-align: justify\">La semana pasada la Consejer\u00eda de Desarrollo Educativo y Formaci\u00f3n Profesional public\u00f3 la <a title=\"Instrucci\u00f3n de 19 de abril de 2023, de la Viceconsejer\u00eda de Desarrollo Educativo y Formaci\u00f3n Profesional, para la celebraci\u00f3n del D\u00eda de Europa en los centros docentes de la Comunidad Aut\u00f3noma Andaluza.\" href=\"https:\/\/www.juntadeandalucia.es\/educacion\/portals\/web\/ced\/novedades\/-\/contenidos\/detalle\/instruccion-de-19-de-abril-de-2023-de-la-viceconsejeria-de-desarrollo-educativo-y-formacion-profesional-para-la\" target=\"_blank\" rel=\"noopener noreferrer\">Instrucci\u00f3n de 19 de abril de 2023, de la Viceconsejer\u00eda de Desarrollo Educativo y Formaci\u00f3n Profesional, para la celebraci\u00f3n del D\u00eda de Europa en los centros docentes de la Comunidad Aut\u00f3noma Andaluza<\/a>, disponiendo la programaci\u00f3n de actividades para celebrar el&nbsp;<strong>D\u00eda de Europa<\/strong>&nbsp;el pr\u00f3ximo&nbsp;<strong>9 de mayo<\/strong><strong>.<\/strong><\/p>\n<p style=\"text-align: justify\">Como se dice en la&nbsp;<a href=\"https:\/\/european-union.europa.eu\/principles-countries-history\/symbols\/europe-day_es\" target=\"_blank\" rel=\"noopener noreferrer\">web oficial de la Uni\u00f3n Europea<\/a>,&nbsp;<em>el D\u00eda de Europa, cada 9 de mayo, celebra la paz y la unidad en Europa. Esta fecha marca el aniversario de la hist\u00f3rica \u00ab<a href=\"https:\/\/european-union.europa.eu\/principles-countries-history\/history-eu\/1945-59\/schuman-declaration-may-1950_es\" target=\"_blank\" rel=\"noopener noreferrer\">Declaraci\u00f3n Schuman<\/a>\u00bb, en la que este expuso su idea de una nueva forma de cooperaci\u00f3n pol\u00edtica en Europa, que har\u00eda inconcebible la guerra entre naciones europeas.&nbsp;<\/em>Hace m\u00e1s de un a\u00f1o que comenz\u00f3 la guerra de Ucrania y es dif\u00edcil celebrar el D\u00eda de Europa cuando contin\u00faa el conflicto b\u00e9lico en suelo europeo, pero es necesario recordar la&nbsp;<strong>Declaraci\u00f3n de Robert Schuman<\/strong>&nbsp;y el contexto en que se produjo, los&nbsp;logros de la Uni\u00f3n, su&nbsp;<a href=\"https:\/\/european-union.europa.eu\/principles-countries-history\/history-eu_es\" target=\"_blank\" rel=\"noopener noreferrer\">historia<\/a>, sus&nbsp;<a href=\"https:\/\/european-union.europa.eu\/principles-countries-history\/symbols_es\" target=\"_blank\" rel=\"noopener noreferrer\">s\u00edmbolos<\/a>, sus&nbsp;<a href=\"https:\/\/european-union.europa.eu\/principles-countries-history\/languages_es\" target=\"_blank\" rel=\"noopener noreferrer\">lenguas<\/a>, y los&nbsp;<a href=\"https:\/\/european-union.europa.eu\/principles-countries-history\/principles-and-values_es\" target=\"_blank\" rel=\"noopener noreferrer\">principios y valores<\/a>&nbsp;que compartimos como ciudadanos europeos.<\/p>\n<p style=\"text-align: justify\">[Gracias a Francisco J. Ponce,&nbsp;<a href=\"https:\/\/blogsaverroes.juntadeandalucia.es\/centrosbilinguessevilla\/\" target=\"_blank\" rel=\"noopener noreferrer\">Responsable de Pluriling\u00fcismo de Sevilla<\/a>, por prestarme sus palabras]&nbsp;<\/p>\n<hr>\n<p style=\"text-align: justify\">La&nbsp;<a href=\"https:\/\/learning-corner.learning.europa.eu\/learning-corner_es\" target=\"_blank\" rel=\"noopener noreferrer\">Zona de aprendizaje<\/a>&nbsp;de la web de la Uni\u00f3n Europea contiene&nbsp;<a href=\"https:\/\/learning-corner.learning.europa.eu\/learning-corner\/learning-materials_es\" target=\"_blank\" rel=\"noopener noreferrer\">material did\u00e1ctico<\/a>&nbsp;y<a href=\"https:\/\/learning-corner.learning.europa.eu\/learning-corner\/play-games_es\" target=\"_blank\" rel=\"noopener noreferrer\">&nbsp;juegos<\/a>&nbsp;para organizar la celebraci\u00f3n del D\u00eda de Europa en el aula.<\/p>\n<p style=\"text-align: justify\">Otros enlaces \u00fatiles:&nbsp;<\/p>\n<ul>\n<li style=\"text-align: justify\"><a href=\"https:\/\/www.juntadeandalucia.es\/educacion\/portals\/delegate\/content\/98afe984-72d0-4c7a-8165-049f81bfef38\/Instrucci%C3%B3n%20D%C3%ADa%20de%20Europa\" target=\"_blank\" rel=\"noopener noreferrer\">Instrucci\u00f3n de 19 de abril de 2023<\/a>&nbsp;(el Anexo contiene recursos para aproximarse al origen hist\u00f3rico, propuestas did\u00e1cticas y recursos del programa de Escuelas Embajadoras del Parlamento Europeo en los centros docentes p\u00fablicos de Andaluc\u00eda)<\/li>\n<li style=\"text-align: justify\"><a href=\"https:\/\/europeday.europa.eu\/index_es\" target=\"_blank\" rel=\"noopener noreferrer\">Actos y actividades de la UE para el D\u00eda de Europa<\/a><\/li>\n<li style=\"text-align: justify\"><a href=\"http:\/\/www.europa.almeria.es\/\" target=\"_blank\" rel=\"noopener noreferrer\">Europe Direct Almer\u00eda<\/a><\/li>\n<li style=\"text-align: justify\"><a href=\"https:\/\/audiovisual.ec.europa.eu\/en\/video\/I-164730?&amp;lg=EN\" target=\"_blank\" rel=\"noopener noreferrer\">Learning Corner<\/a>&nbsp;(sitio web de la UE para docentes y estudiantes de todas las edades; contiene herramientas educativas din\u00e1micas, gratis y disponibles en los 24 idiomas de la UE)<\/li>\n<\/ul>\n<hr>\n<p><iframe loading=\"lazy\" src=\"https:\/\/www.youtube.com\/embed\/wx_P8_-9b8U\" width=\"560\" height=\"314\"><\/iframe><\/p>\n<hr>\n<p style=\"text-align: justify\">El pr\u00f3ximo 9 de mayo de 17:00 a 19:00 h. se celebrar\u00e1 un seminario web con motivo de la&nbsp;<strong>celebraci\u00f3n del D\u00eda de Europa.<\/strong>&nbsp;Con el objetivo de fomentar la internacionalizaci\u00f3n y dar a conocer la dimensi\u00f3n europea, seis&nbsp;<strong>centros EPAS<\/strong>&nbsp;(Escuelas Embajadoras del Parlamento Europeo) expondr\u00e1n sus experiencias en el trabajo sobre Europa. Este&nbsp;<em>webinar<\/em>&nbsp;es de \u00e1mbito regional y va dirigido al profesorado de Infantil, Primaria, Secundaria, FP y coordinadores de programas; tiene car\u00e1cter informativo y no se certifica, por lo que no requiere inscripci\u00f3n.<\/p>\n<p>Enlaces:<\/p>\n<ul>\n<li><a href=\"https:\/\/www.juntadeandalucia.es\/educacion\/secretariavirtual\/consultaCEP\/actividad\/239908PI016\/\" target=\"_blank\" rel=\"noopener noreferrer\">Detalle de la actividad formativa<\/a><\/li>\n<li><a href=\"https:\/\/educacionadistancia-jda.webex.com\/educacionadistancia-jda\/j.php?MTID=m7aac0fe5d208f08abc47886f045fc714\" target=\"_blank\" rel=\"noopener noreferrer\">Acceso al webinar (Webex)<\/a><\/li>\n<\/ul>\n","protected":false},"excerpt":{"rendered":"<p>La semana pasada la Consejer\u00eda de Desarrollo Educativo y Formaci\u00f3n Profesional public\u00f3 la Instrucci\u00f3n de 19 de abril de 2023, de la Viceconsejer\u00eda de Desarrollo Educativo y Formaci\u00f3n Profesional, para la celebraci\u00f3n del D\u00eda&#46;&#46;&#46;<\/p>\n","protected":false},"author":3720,"featured_media":1108,"parent":0,"menu_order":0,"comment_status":"closed","ping_status":"closed","template":"","meta":{"ngg_post_thumbnail":0,"footnotes":""},"aioseo_notices":[],"_links":{"self":[{"href":"https:\/\/blogsaverroes.juntadeandalucia.es\/programasinternacionales\/wp-json\/wp\/v2\/pages\/1103"}],"collection":[{"href":"https:\/\/blogsaverroes.juntadeandalucia.es\/programasinternacionales\/wp-json\/wp\/v2\/pages"}],"about":[{"href":"https:\/\/blogsaverroes.juntadeandalucia.es\/programasinternacionales\/wp-json\/wp\/v2\/types\/page"}],"author":[{"embeddable":true,"href":"https:\/\/blogsaverroes.juntadeandalucia.es\/programasinternacionales\/wp-json\/wp\/v2\/users\/3720"}],"replies":[{"embeddable":true,"href":"https:\/\/blogsaverroes.juntadeandalucia.es\/programasinternacionales\/wp-json\/wp\/v2\/comments?post=1103"}],"version-history":[{"count":7,"href":"https:\/\/blogsaverroes.juntadeandalucia.es\/programasinternacionales\/wp-json\/wp\/v2\/pages\/1103\/revisions"}],"predecessor-version":[{"id":1133,"href":"https:\/\/blogsaverroes.juntadeandalucia.es\/programasinternacionales\/wp-json\/wp\/v2\/pages\/1103\/revisions\/1133"}],"wp:featuredmedia":[{"embeddable":true,"href":"https:\/\/blogsaverroes.juntadeandalucia.es\/programasinternacionales\/wp-json\/wp\/v2\/media\/1108"}],"wp:attachment":[{"href":"https:\/\/blogsaverroes.juntadeandalucia.es\/programasinternacionales\/wp-json\/wp\/v2\/media?parent=1103"}],"curies":[{"name":"wp","href":"https:\/\/api.w.org\/{rel}","templated":true}]}}