{"id":117,"date":"2016-06-13T21:27:49","date_gmt":"2016-06-13T21:27:49","guid":{"rendered":"http:\/\/blogsaverroes.juntadeandalucia.es\/programasinternacionales\/?page_id=117"},"modified":"2023-03-24T10:49:48","modified_gmt":"2023-03-24T10:49:48","slug":"profesorado-visitante-en-eeuu-y-canada","status":"publish","type":"page","link":"https:\/\/blogsaverroes.juntadeandalucia.es\/programasinternacionales\/profesorado-visitante-en-eeuu-y-canada\/","title":{"rendered":"PROFESORADO VISITANTE EN EEUU, CANAD\u00c1"},"content":{"rendered":"<div class=\"gmail_default\">\n<h4 style=\"text-align: center\"><a href=\"https:\/\/blogsaverroes.juntadeandalucia.es\/programasinternacionales\/files\/2023\/03\/accion.png\"><img loading=\"lazy\" decoding=\"async\" class=\"aligncenter wp-image-957\" src=\"https:\/\/blogsaverroes.juntadeandalucia.es\/programasinternacionales\/files\/2023\/03\/accion-300x155.png\" alt=\"\" width=\"428\" height=\"221\" srcset=\"https:\/\/blogsaverroes.juntadeandalucia.es\/programasinternacionales\/files\/2023\/03\/accion-300x155.png 300w, https:\/\/blogsaverroes.juntadeandalucia.es\/programasinternacionales\/files\/2023\/03\/accion-768x396.png 768w, https:\/\/blogsaverroes.juntadeandalucia.es\/programasinternacionales\/files\/2023\/03\/accion.png 843w\" sizes=\"(max-width: 428px) 100vw, 428px\" \/><\/a><\/h4>\n<h4 style=\"text-align: center\">&nbsp;<strong>CONVOCATORIA PROFESORADO VISITANTE PARA EL CURSO 2023-2024<\/strong><\/h4>\n<p style=\"text-align: justify\">&nbsp; &nbsp; &nbsp; &nbsp; &nbsp;&nbsp; &nbsp; &nbsp; Durante el primer trimestre de cada curso escolar el Ministerio de Educaci\u00f3n y Formaci\u00f3n Profesional abre la convocatoria de plazas para profesores visitantes en Estados y Canad\u00e1.<\/p>\n<p style=\"text-align: justify\">&nbsp;&nbsp;&nbsp;&nbsp;&nbsp;&nbsp;&nbsp;&nbsp;&nbsp;&nbsp;&nbsp; La \u00faltima convocatoria fue regulada por la <a href=\"https:\/\/www.educacionyfp.gob.es\/eeuu\/dam\/jcr:56bfa65f-603b-429c-bc81-c14607af3f6f\/convocatoria-ppvv-2023-24-firmada.pdf\">Resoluci\u00f3n de la Secretar\u00eda de Estado de Educaci\u00f3n por la que se convocan plazas para profesorado visitante espa\u00f1ol en Estados Unidos, Canad\u00e1, Irlanda y Alemania para el curso acad\u00e9mico 2023-2024<\/a>, por lo que en caso de estar interesado\/a en participar en sucesivas convocatorias es conveniente conocer esta Resoluci\u00f3n, as\u00ed como todos los detalles ofrecidos en<strong> <a href=\"https:\/\/www.educacionyfp.gob.es\/eeuu\/convocatorias-programas\/convocatorias-eeuu\/ppvv.html\">esta p\u00e1gina <\/a><\/strong>de la web del Ministerio de Educaci\u00f3n, en la que se puede acceder asimismo a <a href=\"https:\/\/www.educacionyfp.gob.es\/eeuu\/dam\/jcr:ef0b2bd4-542d-4f8c-a899-344195ae781a\/ppvv23-24-faqs-20221205.pdf\">preguntas frecuentes<\/a>, as\u00ed como a las distintas gu\u00edas seg\u00fan pa\u00edses y\/o estados.<\/p>\n<p><span style=\"text-align: justify\">&nbsp; &nbsp; &nbsp; &nbsp; &nbsp; &nbsp; &nbsp; Por tratarse de una convocatoria del Ministerio, las consultas son atendidas por \u00e9ste, y en la \u00faltima convocatoria estos fueron los tel\u00e9fonos y e-mails de contacto:<\/span><\/p>\n<\/div>\n<div class=\"cte\">\n<h4 class=\"subrayado\">Tel\u00e9fono<\/h4>\n<ul>\n<li>Espa\u00f1a: 91 506 5716 \/ 91 506 5598 (atenci\u00f3n telef\u00f3nica: de lunes a viernes, de 10:00 a 14:00 h.).<\/li>\n<li>Estados Unidos y Canad\u00e1: +1 202 728 2335.<\/li>\n<\/ul>\n<h4 class=\"subrayado\">Correo electr\u00f3nico<\/h4>\n<ul>\n<li>Asuntos relativos a la gesti\u00f3n de la convocatoria, a atender por el personal del <strong>Ministerio<\/strong>: <a href=\"mailto:visitantes2@educacion.gob.es\">visitantes2@educacion.gob.es<\/a> <img decoding=\"async\" src=\"http:\/\/www.educacionyfp.gob.es\/docroot\/img\/iconos\/13\/ico-mail.gif\" alt=\"e-mail\">.<\/li>\n<li>Consultas o incidencias relacionadas con la aplicaci\u00f3n <strong>Profex<\/strong>: <a href=\"mailto:profex.soporte@educacion.gob.es\">profex.soporte@educacion.gob.es<\/a> <img decoding=\"async\" src=\"http:\/\/www.educacionyfp.gob.es\/docroot\/img\/iconos\/13\/ico-mail.gif\" alt=\"e-mail\">.<\/li>\n<li>Asuntos relativos a <strong>EE.UU.<\/strong>, a atender por los gestores del programa en la Consejer\u00eda de Educaci\u00f3n en ese pa\u00eds: <a href=\"mailto:visitantes.usa@educacion.gob.es\">visitantes.usa@educacion.gob.es<\/a> <img decoding=\"async\" src=\"http:\/\/www.educacionyfp.gob.es\/docroot\/img\/iconos\/13\/ico-mail.gif\" alt=\"e-mail\">.<\/li>\n<li>Asuntos relativos a <strong>Canad\u00e1<\/strong>, a atender por los gestores del programa en la Agregadur\u00eda de Educaci\u00f3n en ese pa\u00eds:<a href=\"mailto:visitantes.canada@educacion.gob.es\"> visitantes.canada@educacion.gob.es <\/a><img decoding=\"async\" src=\"http:\/\/www.educacionyfp.gob.es\/docroot\/img\/iconos\/13\/ico-mail.gif\" alt=\"e-mail\">.<\/li>\n<\/ul>\n<h4 class=\"subrayado\">Sitios web<\/h4>\n<ul>\n<li><a title=\"Enlace externo, se abre en ventana nueva.\" href=\"https:\/\/www.mecd.gob.es\/eeuu\/portada.html\" target=\"_blank\" rel=\"external noopener noreferrer\">Consejer\u00eda de Educaci\u00f3n en EE.UU. y Canad\u00e1<span class=\"ns\">Enlace externo, se abre en ventana nueva<\/span><\/a> <img decoding=\"async\" src=\"http:\/\/www.educacionyfp.gob.es\/docroot\/img\/iconos\/13\/ico-nv.gif\" alt=\"Link externo\"><\/li>\n<li><a title=\"Enlace externo, se abre en ventana nueva.\" href=\"http:\/\/www.mecd.gob.es\/reinounido\/portada.html\" target=\"_blank\" rel=\"external noopener noreferrer\">Consejer\u00eda de Educaci\u00f3n en el Reino Unido<span class=\"ns\">Enlace externo, se abre en ventana nueva<\/span><\/a> <img decoding=\"async\" src=\"http:\/\/www.educacionyfp.gob.es\/docroot\/img\/iconos\/13\/ico-nv.gif\" alt=\"Link externo\"><\/li>\n<\/ul>\n<h4 class=\"subrayado\">Redes sociales de las Consejer\u00edas de los pa\u00edses de destino<\/h4>\n<ul>\n<li><a title=\"Enlace externo, se abre en ventana nueva.\" href=\"https:\/\/www.facebook.com\/spainedoffice\" target=\"_blank\" rel=\"external noopener noreferrer\">Facebook Consejer\u00eda EE.UU<span class=\"ns\">Enlace externo, se abre en ventana nueva<\/span><\/a>. <img decoding=\"async\" src=\"http:\/\/www.educacionyfp.gob.es\/docroot\/img\/iconos\/13\/ico-facebook.gif\" alt=\"Facebook\"><\/li>\n<li><a title=\"Enlace externo, se abre en ventana nueva.\" href=\"https:\/\/www.facebook.com\/oficinadeeducaciondeottawa\" target=\"_blank\" rel=\"external noopener noreferrer\">Facebook Agregadur\u00eda Canad\u00e1<span class=\"ns\">Enlace externo, se abre en ventana nueva<\/span><\/a> <img decoding=\"async\" src=\"http:\/\/www.educacionyfp.gob.es\/docroot\/img\/iconos\/13\/ico-facebook.gif\" alt=\"Facebook\"><\/li>\n<li><a title=\"Enlace externo, se abre en ventana nueva.\" href=\"https:\/\/twitter.com\/spainedoffice\" target=\"_blank\" rel=\"external noopener noreferrer\">Twitter Consejer\u00eda EE.UU<span class=\"ns\">Enlace externo, se abre en ventana nueva<\/span><\/a>. <img decoding=\"async\" src=\"http:\/\/www.educacionyfp.gob.es\/docroot\/img\/iconos\/13\/ico-twitter.gif\" alt=\"Twitter\"><\/li>\n<li><a title=\"Enlace externo, se abre en ventana nueva.\" href=\"https:\/\/twitter.com\/SpainEdOfficeCa\" target=\"_blank\" rel=\"external noopener noreferrer\">Twitter Agregadur\u00eda Canad\u00e1<span class=\"ns\">Enlace externo, se abre en ventana nueva<\/span><\/a> <img decoding=\"async\" src=\"http:\/\/www.educacionyfp.gob.es\/docroot\/img\/iconos\/13\/ico-twitter.gif\" alt=\"Twitter\"><\/li>\n<\/ul>\n<\/div>\n<div class=\"gmail_default\">\n<div>\n<p style=\"text-align: justify\">* Cuestiones t\u00e9cnicas relacionadas con el uso de Profex:&nbsp;<a href=\"mailto:profex.soporte@mecd.es\">profex.soporte@mecd.es<\/a><\/p>\n<p>&nbsp;<\/p>\n<p class=\"ta-justify\"><strong><a title=\"Enlace externo, se abre en ventana nueva.\" href=\"https:\/\/youtube.com\/playlist?list=PLfQSEBF1J-7X5_RNsDBxUbrjV4oLV5ae3\" target=\"_blank\" rel=\"external noopener noreferrer\">TESTIMONIOS Y EXPERIENCIAS DE NUESTROS PROFESORES <\/a><img loading=\"lazy\" decoding=\"async\" title=\"Youtube\" src=\"https:\/\/www.educacionyfp.gob.es\/docroot\/img\/iconos\/13\/ico-youtube.gif\" alt=\"Youtube\" width=\"13\" height=\"13\"><\/strong><\/p>\n<\/div>\n<p><iframe loading=\"lazy\" src=\"\/\/www.youtube.com\/embed\/MBWL3dWRA0E\" width=\"325\" height=\"224\" frameborder=\"0\"><\/iframe><iframe loading=\"lazy\" src=\"\/\/www.youtube.com\/embed\/CYWVioNoPRo\" width=\"325\" height=\"224\" frameborder=\"0\"><\/iframe><\/p>\n<\/div>\n<p>&nbsp;<\/p>\n","protected":false},"excerpt":{"rendered":"<p>&nbsp;CONVOCATORIA PROFESORADO VISITANTE PARA EL CURSO 2023-2024 &nbsp; &nbsp; &nbsp; &nbsp; &nbsp;&nbsp; &nbsp; &nbsp; Durante el primer trimestre de cada curso escolar el Ministerio de Educaci\u00f3n y Formaci\u00f3n Profesional abre la convocatoria de plazas&#46;&#46;&#46;<\/p>\n","protected":false},"author":3720,"featured_media":957,"parent":0,"menu_order":0,"comment_status":"open","ping_status":"open","template":"","meta":{"ngg_post_thumbnail":0,"footnotes":""},"aioseo_notices":[],"_links":{"self":[{"href":"https:\/\/blogsaverroes.juntadeandalucia.es\/programasinternacionales\/wp-json\/wp\/v2\/pages\/117"}],"collection":[{"href":"https:\/\/blogsaverroes.juntadeandalucia.es\/programasinternacionales\/wp-json\/wp\/v2\/pages"}],"about":[{"href":"https:\/\/blogsaverroes.juntadeandalucia.es\/programasinternacionales\/wp-json\/wp\/v2\/types\/page"}],"author":[{"embeddable":true,"href":"https:\/\/blogsaverroes.juntadeandalucia.es\/programasinternacionales\/wp-json\/wp\/v2\/users\/3720"}],"replies":[{"embeddable":true,"href":"https:\/\/blogsaverroes.juntadeandalucia.es\/programasinternacionales\/wp-json\/wp\/v2\/comments?post=117"}],"version-history":[{"count":17,"href":"https:\/\/blogsaverroes.juntadeandalucia.es\/programasinternacionales\/wp-json\/wp\/v2\/pages\/117\/revisions"}],"predecessor-version":[{"id":961,"href":"https:\/\/blogsaverroes.juntadeandalucia.es\/programasinternacionales\/wp-json\/wp\/v2\/pages\/117\/revisions\/961"}],"wp:featuredmedia":[{"embeddable":true,"href":"https:\/\/blogsaverroes.juntadeandalucia.es\/programasinternacionales\/wp-json\/wp\/v2\/media\/957"}],"wp:attachment":[{"href":"https:\/\/blogsaverroes.juntadeandalucia.es\/programasinternacionales\/wp-json\/wp\/v2\/media?parent=117"}],"curies":[{"name":"wp","href":"https:\/\/api.w.org\/{rel}","templated":true}]}}