{"id":136,"date":"2016-06-13T21:40:48","date_gmt":"2016-06-13T21:40:48","guid":{"rendered":"http:\/\/blogsaverroes.juntadeandalucia.es\/programasinternacionales\/?page_id=136"},"modified":"2023-04-27T10:23:37","modified_gmt":"2023-04-27T10:23:37","slug":"contacto","status":"publish","type":"page","link":"https:\/\/blogsaverroes.juntadeandalucia.es\/programasinternacionales\/contacto\/","title":{"rendered":"CONTACTO"},"content":{"rendered":"<table style=\"height: 542px;width: 90.6566%\" width=\"659\">\n<tbody>\n<tr style=\"height: 25px\">\n<td style=\"height: 136px;width: 33.9394%\" rowspan=\"2\">\n<h4><strong>E-MAIL<\/strong><\/h4>\n<\/td>\n<td style=\"height: 68px;width: 47.7678%\">\n<h5>programas.internacionales.dpgr.ced@juntadeandalucia.es<\/h5>\n<\/td>\n<\/tr>\n<tr style=\"height: 68px\">\n<td style=\"height: 68px;width: 47.7678%\">\n<h5>plurilinguismo.dpgr.ced@juntadeandalucia.es<\/h5>\n<\/td>\n<\/tr>\n<tr style=\"height: 111px\">\n<td style=\"height: 111px;width: 33.9394%\">\n<h4><strong>TEL\u00c9FONO<\/strong><\/h4>\n<\/td>\n<td style=\"height: 111px;width: 47.7678%\">\n<h5>958024530&nbsp;<\/h5>\n<h5>124530 (Corporativo)<\/h5>\n<\/td>\n<\/tr>\n<tr style=\"height: 203px\">\n<td style=\"height: 203px;width: 33.9394%\">\n<h4>&nbsp;<\/h4>\n<h4><strong>DIRECCI\u00d3N POSTAL<\/strong><\/h4>\n<\/td>\n<td style=\"height: 203px;width: 47.7678%\">\n<h5>&nbsp;<\/h5>\n<h5>Delegaci\u00f3n Territorial de Desarrollo Educativo y Formaci\u00f3n Profesional de Granada<\/h5>\n<h5>Servicio de Ordenaci\u00f3n Educativa<\/h5>\n<h5>\u00c1rea de Pluriling\u00fcismo y Programas Internacionales<\/h5>\n<h5>C\/ Gran V\u00eda, 56<\/h5>\n<h5>18071 &#8211; Granada<\/h5>\n<p>&nbsp;<\/td>\n<\/tr>\n<tr style=\"height: 92px\">\n<td style=\"height: 92px;width: 33.9394%\">\n<h4><strong>REDES SOCIALES<\/strong><\/h4>\n<\/td>\n<td style=\"height: 92px;width: 47.7678%\">\n<h5>&nbsp;&nbsp;<a href=\"https:\/\/www.facebook.com\/profile.php?id=100010371310240\"><img loading=\"lazy\" decoding=\"async\" class=\"alignnone size-full wp-image-2905\" src=\"http:\/\/blogsaverroes.juntadeandalucia.es\/plurilinguismodelegaciongranada\/files\/2016\/06\/botones-circulares-addthis.png\" alt=\"botones-circulares-addthis\" width=\"41\" height=\"36\"><\/a>&nbsp; &nbsp; &nbsp; &nbsp; &nbsp; &nbsp; &nbsp; &nbsp; &nbsp;&nbsp;<a href=\"https:\/\/twitter.com\/GranadaPluri\"><img loading=\"lazy\" decoding=\"async\" class=\"alignnone size-full wp-image-2906\" src=\"http:\/\/blogsaverroes.juntadeandalucia.es\/plurilinguismodelegaciongranada\/files\/2016\/06\/botones-circulares-addthis2.png\" alt=\"botones-circulares-addthis2\" width=\"40\" height=\"35\"><\/a><\/h5>\n<\/td>\n<\/tr>\n<\/tbody>\n<\/table>\n<h5>&nbsp;<\/h5>\n","protected":false},"excerpt":{"rendered":"<p>E-MAIL programas.internacionales.dpgr.ced@juntadeandalucia.es plurilinguismo.dpgr.ced@juntadeandalucia.es TEL\u00c9FONO 958024530&nbsp; 124530 (Corporativo) &nbsp; DIRECCI\u00d3N POSTAL &nbsp; Delegaci\u00f3n Territorial de Desarrollo Educativo y Formaci\u00f3n Profesional de Granada Servicio de Ordenaci\u00f3n Educativa \u00c1rea de Pluriling\u00fcismo y Programas Internacionales C\/ Gran V\u00eda,&#46;&#46;&#46;<\/p>\n","protected":false},"author":3720,"featured_media":0,"parent":0,"menu_order":0,"comment_status":"open","ping_status":"open","template":"","meta":{"ngg_post_thumbnail":0,"footnotes":""},"aioseo_notices":[],"_links":{"self":[{"href":"https:\/\/blogsaverroes.juntadeandalucia.es\/programasinternacionales\/wp-json\/wp\/v2\/pages\/136"}],"collection":[{"href":"https:\/\/blogsaverroes.juntadeandalucia.es\/programasinternacionales\/wp-json\/wp\/v2\/pages"}],"about":[{"href":"https:\/\/blogsaverroes.juntadeandalucia.es\/programasinternacionales\/wp-json\/wp\/v2\/types\/page"}],"author":[{"embeddable":true,"href":"https:\/\/blogsaverroes.juntadeandalucia.es\/programasinternacionales\/wp-json\/wp\/v2\/users\/3720"}],"replies":[{"embeddable":true,"href":"https:\/\/blogsaverroes.juntadeandalucia.es\/programasinternacionales\/wp-json\/wp\/v2\/comments?post=136"}],"version-history":[{"count":14,"href":"https:\/\/blogsaverroes.juntadeandalucia.es\/programasinternacionales\/wp-json\/wp\/v2\/pages\/136\/revisions"}],"predecessor-version":[{"id":1130,"href":"https:\/\/blogsaverroes.juntadeandalucia.es\/programasinternacionales\/wp-json\/wp\/v2\/pages\/136\/revisions\/1130"}],"wp:attachment":[{"href":"https:\/\/blogsaverroes.juntadeandalucia.es\/programasinternacionales\/wp-json\/wp\/v2\/media?parent=136"}],"curies":[{"name":"wp","href":"https:\/\/api.w.org\/{rel}","templated":true}]}}