{"id":139,"date":"2016-06-13T21:41:58","date_gmt":"2016-06-13T21:41:58","guid":{"rendered":"http:\/\/blogsaverroes.juntadeandalucia.es\/programasinternacionales\/?page_id=139"},"modified":"2023-03-27T11:09:55","modified_gmt":"2023-03-27T11:09:55","slug":"erasmus-en-granada","status":"publish","type":"page","link":"https:\/\/blogsaverroes.juntadeandalucia.es\/programasinternacionales\/erasmus-en-granada\/","title":{"rendered":"ERASMUS+ EN GRANADA"},"content":{"rendered":"<p style=\"text-align: justify\">El Servicio Espa\u00f1ol para la Internacionalizaci\u00f3n de la Educaci\u00f3n (SEPIE) ha elaborado mapas de los proyectos Erasmus+ en todo el pa\u00eds en todos los Sectores educativos, aqu\u00ed puedes ver los centros de la provincia beneficiarios de las distintas acciones:<\/p>\n<p>&nbsp;<\/p>\n<p style=\"text-align: center\">&nbsp;<a href=\"https:\/\/www.google.com\/maps\/d\/u\/1\/viewer?mid=1rDwmICU9w3YGxZWl1i5pvm_bCW5_3It2&amp;ll=36.11797788075043%2C-6.8525022499999935&amp;z=5\">Educaci\u00f3n Escolar<\/a><\/p>\n<p style=\"text-align: center\">&nbsp;Formaci\u00f3n Profesional: <a href=\"https:\/\/www.google.com\/maps\/d\/u\/0\/viewer?amp%3Busp=sharing&amp;mid=1uEnVKQeIDVs6zGDxc8X5WrRyQRds81IM&amp;ll=36.119525722891325%2C-6.821886799999994&amp;z=5\">KA102<\/a> \/ <a href=\"https:\/\/www.google.com\/maps\/d\/u\/0\/viewer?mid=135uY1dxC5lmjWpAduPc3FQzuw6w&amp;%3Bll=36.08258283397316%2C-6.71496030000003&amp;%3Bz=6&amp;ll=36.08240075712531%2C-6.714403750000011&amp;z=5\">KA202<\/a><\/p>\n<p style=\"text-align: center\">&nbsp;Educaci\u00f3n Superior: <a href=\"https:\/\/www.google.com\/maps\/d\/viewer?mid=1g2GAzZr-UqSFUMz_0pDWicL8qL-uXKU\">KA220<\/a> \/&nbsp; <a href=\"https:\/\/www.google.com\/maps\/d\/viewer?mid=1j7HTd4HTqaUh2q0O3LkEXNNPMEePRjs&amp;ll=16.603616890124215%2C35.85913050000002&amp;z=2\">KA171<\/a> \/ <a href=\"https:\/\/www.google.com\/maps\/d\/viewer?mid=1FBshfRXa3enBCgbI4o5bca-UnAhF5Lk&amp;ll=36.11938368121555%2C-6.822215400000005&amp;z=5\">KA131\/<\/a><\/p>\n<p style=\"text-align: center\">&nbsp;<a href=\"https:\/\/www.google.com\/maps\/d\/viewer?mid=1UbjEZimgM_TFcOVq9Mn9Yq06Kvuv7VvK&amp;ll=36.06086651335347%2C-6.424577900000012&amp;z=5\">Educaci\u00f3n de Personas Adultas<\/a><\/p>\n","protected":false},"excerpt":{"rendered":"<p>El Servicio Espa\u00f1ol para la Internacionalizaci\u00f3n de la Educaci\u00f3n (SEPIE) ha elaborado mapas de los proyectos Erasmus+ en todo el pa\u00eds en todos los Sectores educativos, aqu\u00ed puedes ver los centros de la provincia&#46;&#46;&#46;<\/p>\n","protected":false},"author":3720,"featured_media":0,"parent":0,"menu_order":0,"comment_status":"open","ping_status":"open","template":"","meta":{"ngg_post_thumbnail":0,"footnotes":""},"aioseo_notices":[],"_links":{"self":[{"href":"https:\/\/blogsaverroes.juntadeandalucia.es\/programasinternacionales\/wp-json\/wp\/v2\/pages\/139"}],"collection":[{"href":"https:\/\/blogsaverroes.juntadeandalucia.es\/programasinternacionales\/wp-json\/wp\/v2\/pages"}],"about":[{"href":"https:\/\/blogsaverroes.juntadeandalucia.es\/programasinternacionales\/wp-json\/wp\/v2\/types\/page"}],"author":[{"embeddable":true,"href":"https:\/\/blogsaverroes.juntadeandalucia.es\/programasinternacionales\/wp-json\/wp\/v2\/users\/3720"}],"replies":[{"embeddable":true,"href":"https:\/\/blogsaverroes.juntadeandalucia.es\/programasinternacionales\/wp-json\/wp\/v2\/comments?post=139"}],"version-history":[{"count":4,"href":"https:\/\/blogsaverroes.juntadeandalucia.es\/programasinternacionales\/wp-json\/wp\/v2\/pages\/139\/revisions"}],"predecessor-version":[{"id":490,"href":"https:\/\/blogsaverroes.juntadeandalucia.es\/programasinternacionales\/wp-json\/wp\/v2\/pages\/139\/revisions\/490"}],"wp:attachment":[{"href":"https:\/\/blogsaverroes.juntadeandalucia.es\/programasinternacionales\/wp-json\/wp\/v2\/media?parent=139"}],"curies":[{"name":"wp","href":"https:\/\/api.w.org\/{rel}","templated":true}]}}