{"id":23,"date":"2016-06-13T21:03:20","date_gmt":"2016-06-13T21:03:20","guid":{"rendered":"http:\/\/blogsaverroes.juntadeandalucia.es\/programasinternacionales\/?page_id=23"},"modified":"2016-06-16T21:06:42","modified_gmt":"2016-06-16T21:06:42","slug":"marco-general","status":"publish","type":"page","link":"https:\/\/blogsaverroes.juntadeandalucia.es\/programasinternacionales\/marco-general\/","title":{"rendered":"MARCO GENERAL"},"content":{"rendered":"<p>&nbsp;<\/p>\n<h5><a href=\"http:\/\/blogsaverroes.juntadeandalucia.es\/programasinternacionales\/files\/2016\/06\/EU-flag-Erasmus-.jpg\"><img loading=\"lazy\" decoding=\"async\" class=\" size-medium wp-image-181 aligncenter\" src=\"http:\/\/blogsaverroes.juntadeandalucia.es\/programasinternacionales\/files\/2016\/06\/EU-flag-Erasmus--300x86.jpg\" alt=\"EU flag-Erasmus+\" width=\"300\" height=\"86\" srcset=\"https:\/\/blogsaverroes.juntadeandalucia.es\/programasinternacionales\/files\/2016\/06\/EU-flag-Erasmus--300x86.jpg 300w, https:\/\/blogsaverroes.juntadeandalucia.es\/programasinternacionales\/files\/2016\/06\/EU-flag-Erasmus--1024x292.jpg 1024w, https:\/\/blogsaverroes.juntadeandalucia.es\/programasinternacionales\/files\/2016\/06\/EU-flag-Erasmus--700x200.jpg 700w, https:\/\/blogsaverroes.juntadeandalucia.es\/programasinternacionales\/files\/2016\/06\/EU-flag-Erasmus--332x95.jpg 332w, https:\/\/blogsaverroes.juntadeandalucia.es\/programasinternacionales\/files\/2016\/06\/EU-flag-Erasmus-.jpg 1600w\" sizes=\"(max-width: 300px) 100vw, 300px\" \/><\/a><\/h5>\n<h5>\u00a0 \u00a0 \u00a0 \u00a0 \u00a0 \u00a0 \u00a0 El desarrollo de los Programas Europeos ha pasado por diversas etapas que nos llevan al actual marco de Erasmus +.<\/h5>\n<h5>\u00a0 \u00a0 \u00a0 \u00a0 \u00a0 \u00a0 \u00a0 \u00a0La Comisi\u00f3n Europea dio inicio a los programas europeos en 1993 con el Programa S\u00f3crates, que se desarrollar\u00eda hasta 1999, y al que seguir\u00edan S\u00f3crates II desde 2000 hasta 2006, y el Programa de Aprendizaje Permanente (PAP), que estuvo en vigor desde 2007 hasta 2013, y que ha sido sustituido por el actual Erasmus +.<\/h5>\n<p><a class=\"cboxElement\" href=\"http:\/\/blogsaverroes.juntadeandalucia.es\/programasinternacionales\/files\/2016\/06\/Captura-de-pantalla-2016-06-15-a-las-18.31.55.png\"><img loading=\"lazy\" decoding=\"async\" class=\"aligncenter wp-image-183 size-full\" src=\"http:\/\/blogsaverroes.juntadeandalucia.es\/programasinternacionales\/files\/2016\/06\/Captura-de-pantalla-2016-06-15-a-las-18.31.55.png\" alt=\"Captura de pantalla 2016-06-15 a las 18.31.55\" width=\"932\" height=\"136\" srcset=\"https:\/\/blogsaverroes.juntadeandalucia.es\/programasinternacionales\/files\/2016\/06\/Captura-de-pantalla-2016-06-15-a-las-18.31.55.png 932w, https:\/\/blogsaverroes.juntadeandalucia.es\/programasinternacionales\/files\/2016\/06\/Captura-de-pantalla-2016-06-15-a-las-18.31.55-300x44.png 300w, https:\/\/blogsaverroes.juntadeandalucia.es\/programasinternacionales\/files\/2016\/06\/Captura-de-pantalla-2016-06-15-a-las-18.31.55-700x102.png 700w, https:\/\/blogsaverroes.juntadeandalucia.es\/programasinternacionales\/files\/2016\/06\/Captura-de-pantalla-2016-06-15-a-las-18.31.55-332x48.png 332w\" sizes=\"(max-width: 932px) 100vw, 932px\" \/><\/a><\/p>\n<h5 style=\"text-align: justify\">\u00a0 \u00a0 \u00a0 \u00a0 \u00a0 \u00a0 \u00a0 \u00a0 \u00a0 \u00a0 \u00a0 De entre todos los antecesores de Erasmus + nuestro contacto m\u00e1s cercano fue el establecido en el marco del PAP, en cuyo \u00e1mbito se desarrollaron acciones tan exitosas como Comenius en educaci\u00f3n escolar, Gruntdvig en educaci\u00f3n de adultos, Erasmus en ense\u00f1anzas\u00a0universitarias o Leonardo da Vinci en el \u00e1mbito de la Formaci\u00f3n Profesional.<\/h5>\n<h5 style=\"text-align: justify\">\u00a0 \u00a0 \u00a0 \u00a0 \u00a0 \u00a0 \u00a0 \u00a0 \u00a0 \u00a0 \u00a0 No obstante, Erasmus +, cuya denominaci\u00f3n toma una de las Acciones del anterior PAP, Erasmus, y a\u00f1ade el + para significar \u201cm\u00e1s Erasmus\u201d para otras ense\u00f1anzas, ha supuesto una reformulaci\u00f3n y un cambio en relaci\u00f3n a sus antecesores, ofreciendo una nueva estructura que integra\u00a0nuevas acciones en los \u00e1mbitos de la Educaci\u00f3n, la Juventud y el Deporte, potenciando una visi\u00f3n institucional en todos estos \u00e1mbitos.<\/h5>\n<h5 style=\"text-align: justify\">\u00a0 \u00a0 \u00a0 \u00a0 \u00a0 \u00a0 \u00a0 \u00a0En este proceso de cambio tambi\u00e9n se ha producido un cambio en la Agencia Nacional Espa\u00f1ola, que dej\u00f3 de\u00a0ser el Organismo Aut\u00f3nomo de Programas Educativos Europeos para convertirse en el Servicio Espa\u00f1ol para la Internacionalizaci\u00f3n de la Educaci\u00f3n en diciembre de 2014, al amparo de la\u00a0<a href=\"https:\/\/www.boe.es\/buscar\/act.php?id=BOE-A-2014-9467\">Ley 15\/2014, de 16 de septiembre, de racionalizaci\u00f3n del Sector P\u00fablico y otras medidas de reforma administrativa (BOE 227 de 17 de septiembre de 2014).<\/a><\/h5>\n<h5 style=\"text-align: justify\">\u00a0 \u00a0 \u00a0 \u00a0 \u00a0 \u00a0 Precisamente para poder entender mejor el marco de Erasmus + se hace imprescindible conocer la web del SEPIE y aproximarse a los numerosos documentos en el que este organismo describe el nuevo Erasmus +.<\/h5>\n<h5 style=\"text-align: justify\">\u00a0 \u00a0 \u00a0 Para una primera aproximaci\u00f3n se hace imprescindible conocer la Gu\u00eda del Programa, un documento que se publica con car\u00e1cter anual y que describe pormenorizadamente las distintas acciones y todos los detalles relativos al proceso de solicitud.<\/h5>\n<h4 style=\"text-align: center\"><strong><a href=\"http:\/\/www.sepie.es\/doc\/convocatoria\/2016\/guia.pdf\">Gu\u00eda en ingl\u00e9s\u00a0Convocatoria 2016<\/a><\/strong><\/h4>\n<h4 style=\"text-align: center\"><strong><a href=\"http:\/\/www.sepie.es\/doc\/convocatoria\/2016\/guiaES.pdf\">Gu\u00eda en espa\u00f1ol Convocatoria 2016<\/a><\/strong><\/h4>\n<h5 style=\"text-align: justify\">\u00a0 \u00a0 \u00a0 \u00a0 \u00a0Asimismo, el SEPIE ha publicado otros documentos de gran utilidad. Para empezar se recomienda asimismo consultar esta\u00a0<a href=\"http:\/\/www.schooleducationgateway.eu\/guideforschoolleaders\/downloads\/es\/Practical-Guide-for-School-Leaders-ES-FINAL-PDF\"><strong>Gu\u00eda para centros educativos<\/strong><\/a>\u00a0que resume aspectos clave.<\/h5>\n<h5 style=\"text-align: justify\">\u00a0 \u00a0 \u00a0 \u00a0 La Gu\u00eda Erasmus+ describe todas las Acciones que comprende el Programa. A continuaci\u00f3n hacemos un resumen de las Acciones que afectan a los centros educativos que imparten ense\u00f1anzas en niveles no universitarios:<\/h5>\n<h3 style=\"text-align: center\"><a href=\"http:\/\/blogsaverroes.juntadeandalucia.es\/programasinternacionales\/ka1\/\">KA1<\/a><\/h3>\n<h3 style=\"text-align: center\"><a href=\"http:\/\/blogsaverroes.juntadeandalucia.es\/programasinternacionales\/ka2\/\">KA2<\/a><\/h3>\n<h3 style=\"text-align: center\"><a href=\"http:\/\/blogsaverroes.juntadeandalucia.es\/programasinternacionales\/programa-pestalozzi\/\">PROGRAMA PESTALOZZI<\/a><\/h3>\n<h3 style=\"text-align: center\"><a href=\"http:\/\/blogsaverroes.juntadeandalucia.es\/programasinternacionales\/actividades-de-cooperacion-transnacional-tcas\/\">ACTIVIDADES DE COOPERACI\u00d3N TRANSNACIONAL (TCAs)<\/a><\/h3>\n<h5>\u00a0 \u00a0 \u00a0 \u00a0 \u00a0 \u00a0 \u00a0 \u00a0 \u00a0 \u00a0 Para una descripci\u00f3n general del programa son\u00a0de gran utilidad las\u00a0presentaciones que siguen:<\/h5>\n<table>\n<tbody>\n<tr>\n<td>\n<p><div id=\"attachment_250\" style=\"width: 160px\" class=\"wp-caption aligncenter\"><a href=\"http:\/\/blogsaverroes.juntadeandalucia.es\/programasinternacionales\/files\/2016\/06\/Caracter\u00edsticas-del-programa-DARG.pdf\"><img loading=\"lazy\" decoding=\"async\" aria-describedby=\"caption-attachment-250\" class=\"wp-image-250 size-thumbnail\" src=\"http:\/\/blogsaverroes.juntadeandalucia.es\/programasinternacionales\/files\/2016\/06\/Captura-de-pantalla-2016-06-16-a-las-20.30.33-150x150.png\" alt=\"Captura de pantalla 2016-06-16 a las 20.30.33\" width=\"150\" height=\"150\" srcset=\"https:\/\/blogsaverroes.juntadeandalucia.es\/programasinternacionales\/files\/2016\/06\/Captura-de-pantalla-2016-06-16-a-las-20.30.33-150x150.png 150w, https:\/\/blogsaverroes.juntadeandalucia.es\/programasinternacionales\/files\/2016\/06\/Captura-de-pantalla-2016-06-16-a-las-20.30.33-100x100.png 100w, https:\/\/blogsaverroes.juntadeandalucia.es\/programasinternacionales\/files\/2016\/06\/Captura-de-pantalla-2016-06-16-a-las-20.30.33-432x432.png 432w, https:\/\/blogsaverroes.juntadeandalucia.es\/programasinternacionales\/files\/2016\/06\/Captura-de-pantalla-2016-06-16-a-las-20.30.33-268x268.png 268w\" sizes=\"(max-width: 150px) 100vw, 150px\" \/><\/a><p id=\"caption-attachment-250\" class=\"wp-caption-text\">CARACTER\u00cdSTICAS DEL PROGRAMA, por Domingo \u00c1ngel Ruiz G\u00f3mez<\/p><\/div><\/td>\n<td>\n<p><div id=\"attachment_280\" style=\"width: 160px\" class=\"wp-caption aligncenter\"><a href=\"http:\/\/blogsaverroes.juntadeandalucia.es\/programasinternacionales\/files\/2016\/06\/Bases-Erasmus-2016.pdf\"><img loading=\"lazy\" decoding=\"async\" aria-describedby=\"caption-attachment-280\" class=\"wp-image-280 size-thumbnail\" src=\"http:\/\/blogsaverroes.juntadeandalucia.es\/programasinternacionales\/files\/2016\/06\/Captura-de-pantalla-2016-06-16-a-las-22.10.53-150x150.png\" alt=\"Captura de pantalla 2016-06-16 a las 22.10.53\" width=\"150\" height=\"150\" srcset=\"https:\/\/blogsaverroes.juntadeandalucia.es\/programasinternacionales\/files\/2016\/06\/Captura-de-pantalla-2016-06-16-a-las-22.10.53-150x150.png 150w, https:\/\/blogsaverroes.juntadeandalucia.es\/programasinternacionales\/files\/2016\/06\/Captura-de-pantalla-2016-06-16-a-las-22.10.53-100x100.png 100w, https:\/\/blogsaverroes.juntadeandalucia.es\/programasinternacionales\/files\/2016\/06\/Captura-de-pantalla-2016-06-16-a-las-22.10.53-432x432.png 432w, https:\/\/blogsaverroes.juntadeandalucia.es\/programasinternacionales\/files\/2016\/06\/Captura-de-pantalla-2016-06-16-a-las-22.10.53-268x268.png 268w\" sizes=\"(max-width: 150px) 100vw, 150px\" \/><\/a><p id=\"caption-attachment-280\" class=\"wp-caption-text\">BASES ERASMUS+ 2016, por Antonio Fern\u00e1ndez Bermudo<\/p><\/div><\/td>\n<td><\/td>\n<\/tr>\n<tr>\n<td><\/td>\n<td><\/td>\n<td><\/td>\n<\/tr>\n<\/tbody>\n<\/table>\n<h5><\/h5>\n","protected":false},"excerpt":{"rendered":"<p>&nbsp; \u00a0 \u00a0 \u00a0 \u00a0 \u00a0 \u00a0 \u00a0 El desarrollo de los Programas Europeos ha pasado por diversas etapas que nos llevan al actual marco de Erasmus +. \u00a0 \u00a0 \u00a0 \u00a0 \u00a0 \u00a0&#46;&#46;&#46;<\/p>\n","protected":false},"author":3720,"featured_media":0,"parent":0,"menu_order":0,"comment_status":"open","ping_status":"open","template":"","meta":{"ngg_post_thumbnail":0,"footnotes":""},"aioseo_notices":[],"_links":{"self":[{"href":"https:\/\/blogsaverroes.juntadeandalucia.es\/programasinternacionales\/wp-json\/wp\/v2\/pages\/23"}],"collection":[{"href":"https:\/\/blogsaverroes.juntadeandalucia.es\/programasinternacionales\/wp-json\/wp\/v2\/pages"}],"about":[{"href":"https:\/\/blogsaverroes.juntadeandalucia.es\/programasinternacionales\/wp-json\/wp\/v2\/types\/page"}],"author":[{"embeddable":true,"href":"https:\/\/blogsaverroes.juntadeandalucia.es\/programasinternacionales\/wp-json\/wp\/v2\/users\/3720"}],"replies":[{"embeddable":true,"href":"https:\/\/blogsaverroes.juntadeandalucia.es\/programasinternacionales\/wp-json\/wp\/v2\/comments?post=23"}],"version-history":[{"count":6,"href":"https:\/\/blogsaverroes.juntadeandalucia.es\/programasinternacionales\/wp-json\/wp\/v2\/pages\/23\/revisions"}],"predecessor-version":[{"id":302,"href":"https:\/\/blogsaverroes.juntadeandalucia.es\/programasinternacionales\/wp-json\/wp\/v2\/pages\/23\/revisions\/302"}],"wp:attachment":[{"href":"https:\/\/blogsaverroes.juntadeandalucia.es\/programasinternacionales\/wp-json\/wp\/v2\/media?parent=23"}],"curies":[{"name":"wp","href":"https:\/\/api.w.org\/{rel}","templated":true}]}}