{"id":25,"date":"2016-06-13T21:03:30","date_gmt":"2016-06-13T21:03:30","guid":{"rendered":"http:\/\/blogsaverroes.juntadeandalucia.es\/programasinternacionales\/?page_id=25"},"modified":"2023-03-31T07:30:15","modified_gmt":"2023-03-31T07:30:15","slug":"ka1","status":"publish","type":"page","link":"https:\/\/blogsaverroes.juntadeandalucia.es\/programasinternacionales\/ka1\/","title":{"rendered":"EDUCACI\u00d3N ESCOLAR"},"content":{"rendered":"<h1 style=\"text-align: center\"><span style=\"text-decoration: underline\"><strong>EDUCACI\u00d3N ESCOLAR<\/strong><\/span><\/h1>\n<h2 style=\"text-align: justify\">\u00bfA qui\u00e9n va dirigido Erasmus+ en el sector de educaci\u00f3n escolar? \u00bfQu\u00e9 tipos de proyectos podemos llevar a cabo?<\/h2>\n<p style=\"text-align: justify\">El sector de educaci\u00f3n escolar est\u00e1 integrado por todas las instituciones vinculadas a los niveles educativos de educaci\u00f3n infantil, primaria y secundaria (ESO y Bachillerato).<\/p>\n<p style=\"text-align: justify\">Los centros educativos y otros organismos vinculados al sector pueden participar tanto en proyectos de movilidad (KA1) como de cooperaci\u00f3n (KA2).<\/p>\n<h2><a href=\"https:\/\/blogsaverroes.juntadeandalucia.es\/programasinternacionales\/files\/2023\/03\/ka1.png\"><img loading=\"lazy\" decoding=\"async\" class=\"size-medium wp-image-1043 alignleft\" src=\"https:\/\/blogsaverroes.juntadeandalucia.es\/programasinternacionales\/files\/2023\/03\/ka1-300x136.png\" alt=\"\" width=\"300\" height=\"136\" srcset=\"https:\/\/blogsaverroes.juntadeandalucia.es\/programasinternacionales\/files\/2023\/03\/ka1-300x136.png 300w, https:\/\/blogsaverroes.juntadeandalucia.es\/programasinternacionales\/files\/2023\/03\/ka1.png 333w\" sizes=\"(max-width: 300px) 100vw, 300px\" \/><\/a><\/h2>\n<h3>&nbsp;<\/h3>\n<h3>&nbsp;<\/h3>\n<h3>&nbsp;<\/h3>\n<h3>&nbsp;<\/h3>\n<h3 style=\"text-align: justify\">\u00bfQu\u00e9 es la Acci\u00f3n Clave 1-KA1?<\/h3>\n<p style=\"text-align: justify\">A trav\u00e9s de los proyectos de KA1, los centros educativos podr\u00e1n mejorar la calidad de sus procesos de ense\u00f1anza y aprendizaje a trav\u00e9s de distintas actividades de movilidad tanto de su alumnado como de su profesorado. De este modo, mejorar\u00e1n aquellos aspectos de su instituci\u00f3n que consideren necesarios para proveer una educaci\u00f3n de calidad.<\/p>\n<p style=\"text-align: justify\">Las etapas fundamentales son estas:<\/p>\n<ol style=\"text-align: justify\">\n<li>El centro hace un an\u00e1lisis de necesidades y retos<\/li>\n<li>Se plantea unos objetivos vinculados a esas necesidades<\/li>\n<li>Planifica actividades para conseguir esos objetivos y, de este modo, superar los retos iniciales<\/li>\n<\/ol>\n<p style=\"text-align: justify\">Estos objetivos se pueden plantear a largo o a corto plazo. En funci\u00f3n de esto, existen dos v\u00edas, que explicamos a continuaci\u00f3n.<\/p>\n<h3 style=\"text-align: justify\">\u00bfQu\u00e9 tipos de proyectos se pueden solicitar en KA1?<\/h3>\n<p style=\"text-align: justify\">Hay dos modos de acceder a proyectos de KA1:<\/p>\n<ul style=\"text-align: justify\">\n<li>Sistema de acreditaciones (KA120): un centro se plantea objetivos a largo plazo. Si su propuesta de acreditaci\u00f3n es aceptada, el centro tiene garantizada la financiaci\u00f3n Erasmus+ para proyectos de movilidad (KA121) hasta 2027.<\/li>\n<li>Proyectos de corta duraci\u00f3n (KA122): un centro se plantea objetivos a corto plazo, por lo que no le interesa el sistema de acreditaciones. Solicita un proyecto de corta duraci\u00f3n, que podr\u00e1 durar entre 6 y 18 meses.<\/li>\n<\/ul>\n<h3 style=\"text-align: justify\">\u00bfCu\u00e1les son los plazos de solicitud?<\/h3>\n<p style=\"text-align: justify\">La solicitud de&nbsp;<strong>acreditaciones<\/strong>&nbsp;(KA120) se podr\u00e1 hacer cada a\u00f1o en oto\u00f1o. Por ejemplo, en 2022 el plazo finaliza en 19 de octubre.<br \/>\nUna vez evaluadas las propuestas, se publican los resultados en torno a febrero del a\u00f1o siguiente. Desde ese momento, los acreditados pueden hacer su solicitud de fondos para actividades de movilidad (KA121).<\/p>\n<p style=\"text-align: justify\">Aquellos que no hayan optado por las acreditaciones o cuyas propuestas no hayan sido aprobadas pueden solicitar un proyecto de corta duraci\u00f3n (KA122), cuyo plazo finaliza normalmente en marzo.<\/p>\n<h3 style=\"text-align: justify\">\u00bfC\u00f3mo se solicita?<\/h3>\n<p style=\"text-align: justify\">En la web del SEPIE, en el apartado convocatoria, encontrar\u00e1s todas las instrucciones necesarias para el proceso de solicitud, desde cuestiones t\u00e9cnicas hasta elementos de calidad o c\u00f3mo cumplimentar el formulario.<\/p>\n<h3 style=\"text-align: justify\">\u00bfQui\u00e9n me puede ayudar para resolver problemas o dudas?<\/h3>\n<p style=\"text-align: justify\">Desde el SEPIE estar\u00e1n a vuestra disposici\u00f3n a trav\u00e9s de estos correos:<\/p>\n<ul class=\"nocircle\">\n<li style=\"text-align: justify\"><i class=\"fa fa-envelope-o blue fa-lg\"><\/i>&nbsp;<a href=\"mailto:movilidad.escolar@sepie.es\">movilidad.escolar@sepie.es<\/a><\/li>\n<li style=\"text-align: justify\"><i class=\"fa fa-envelope-o blue fa-lg\"><\/i>&nbsp;<a href=\"mailto:acreditaciones.escolar@sepie.es\">acreditaciones.escolar@sepie.es<\/a><\/li>\n<\/ul>\n<h3><a href=\"http:\/\/sepie.es\/educacion-escolar\/convocatoria.html#KA120SCH\">KA120 &#8211; SCH (Enlace)<\/a><\/h3>\n<h3><a href=\"http:\/\/sepie.es\/educacion-escolar\/convocatoria.html#KA120SCH\">KA121 &#8211; SCH (Enlace)<\/a><\/h3>\n<h3><a href=\"http:\/\/sepie.es\/educacion-escolar\/convocatoria.html#KA120SCH\">KA122 &#8211; SCH (Enlace)<\/a><\/h3>\n<p>&nbsp;<\/p>\n<h2 style=\"text-align: left\"><a href=\"https:\/\/blogsaverroes.juntadeandalucia.es\/programasinternacionales\/files\/2023\/03\/ka2.png\"><img loading=\"lazy\" decoding=\"async\" class=\"size-medium wp-image-1044 alignleft\" src=\"https:\/\/blogsaverroes.juntadeandalucia.es\/programasinternacionales\/files\/2023\/03\/ka2-300x136.png\" alt=\"\" width=\"300\" height=\"136\" srcset=\"https:\/\/blogsaverroes.juntadeandalucia.es\/programasinternacionales\/files\/2023\/03\/ka2-300x136.png 300w, https:\/\/blogsaverroes.juntadeandalucia.es\/programasinternacionales\/files\/2023\/03\/ka2.png 333w\" sizes=\"(max-width: 300px) 100vw, 300px\" \/><\/a><\/h2>\n<h3>&nbsp;<\/h3>\n<h3>&nbsp;<\/h3>\n<h3>&nbsp;<\/h3>\n<h3>&nbsp;<\/h3>\n<h3 style=\"text-align: justify\">\u00bfQu\u00e9 es la Acci\u00f3n Clave 2-KA2?<\/h3>\n<p style=\"text-align: justify\">Las asociaciones para la cooperaci\u00f3n, dentro de la acci\u00f3n Clave 2, permiten a las organizaciones participantes adquirir experiencia en cooperaci\u00f3n internacional y consolidar sus capacidades, pero tambi\u00e9n producir resultados tangibles innovadores de gran calidad.<\/p>\n<h3 style=\"text-align: justify\">\u00bfQu\u00e9 tipos de proyectos se pueden solicitar en KA2?<\/h3>\n<p style=\"text-align: justify\">Hay dos tipos de asociaciones para la cooperaci\u00f3n:<\/p>\n<ul style=\"text-align: justify\">\n<li>Asociaciones de cooperaci\u00f3n (KA220): tienen por objeto apoyar el desarrollo, la transferencia o la implementaci\u00f3n de pr\u00e1cticas innovadoras, as\u00ed como la ejecuci\u00f3n de iniciativas conjuntas que fomenten la cooperaci\u00f3n, el aprendizaje entre iguales y el intercambio de experiencias a escala europea.<\/li>\n<li>Asociaciones a peque\u00f1a escala (KA210): concebidas para ampliar el acceso al programa a los individuos y agentes de peque\u00f1o tama\u00f1o a los que resulta dif\u00edcil llegar en los sectores educativos de educaci\u00f3n escolar, educaci\u00f3n de personas adultas y formaci\u00f3n profesional. Al reducir los importes de las subvenciones concedidas a las organizaciones, la duraci\u00f3n y la complejidad de los requisitos administrativos en comparaci\u00f3n con las asociaciones de cooperaci\u00f3n, esta acci\u00f3n pretende llegar a las organizaciones de base, a las organizaciones menos experimentadas y a las organizaciones de nueva incorporaci\u00f3n al programa, reduciendo los obst\u00e1culos de acceso al programa para las organizaciones con menor capacidad organizativa.<\/li>\n<\/ul>\n<h3 style=\"text-align: justify\">\u00bfCu\u00e1les son los plazos de solicitud?<\/h3>\n<p style=\"text-align: justify\">De manera general, el plazo de solicitudes de KA220 y KA210 est\u00e1 abierto en primavera. Adem\u00e1s, para KA210 hay una segunda ronda en oto\u00f1o.<br \/>\nPara conocer los plazos exactos, cada a\u00f1o se debe consultar la&nbsp;Convocatoria y la Gu\u00eda del programa.<\/p>\n<h3 style=\"text-align: justify\">\u00bfC\u00f3mo se solicita?<\/h3>\n<p style=\"text-align: justify\">En la web del SEPIE, en el apartado convocatoria, encontrar\u00e1s todas las instrucciones necesarias para el proceso de solicitud, desde cuestiones t\u00e9cnicas hasta elementos de calidad o c\u00f3mo cumplimentar el formulario.<\/p>\n<h3 style=\"text-align: justify\">\u00bfQui\u00e9n me puede ayudar para resolver problemas o dudas?<\/h3>\n<p style=\"text-align: justify\">Desde el SEPIE estaremos a vuestra disposici\u00f3n a trav\u00e9s de este correo:<\/p>\n<ul class=\"nocircle\">\n<li style=\"text-align: justify\"><i class=\"fa fa-envelope-o blue fa-lg\"><\/i>&nbsp;<a href=\"mailto:asociaciones.escolar@sepie.es\">asociaciones.escolar@sepie.es<\/a><\/li>\n<\/ul>\n<h3><a href=\"http:\/\/sepie.es\/educacion-escolar\/convocatoria.html#KA120SCH\">KA210 &#8211; SCH (Enlace)<\/a><\/h3>\n<h3><a href=\"http:\/\/sepie.es\/educacion-escolar\/convocatoria.html#KA120SCH\">KA220 &#8211; SCH (Enlace)<\/a><\/h3>\n","protected":false},"excerpt":{"rendered":"<p>EDUCACI\u00d3N ESCOLAR \u00bfA qui\u00e9n va dirigido Erasmus+ en el sector de educaci\u00f3n escolar? \u00bfQu\u00e9 tipos de proyectos podemos llevar a cabo? El sector de educaci\u00f3n escolar est\u00e1 integrado por todas las instituciones vinculadas a&#46;&#46;&#46;<\/p>\n","protected":false},"author":3720,"featured_media":0,"parent":0,"menu_order":0,"comment_status":"open","ping_status":"open","template":"","meta":{"ngg_post_thumbnail":0,"footnotes":""},"aioseo_notices":[],"_links":{"self":[{"href":"https:\/\/blogsaverroes.juntadeandalucia.es\/programasinternacionales\/wp-json\/wp\/v2\/pages\/25"}],"collection":[{"href":"https:\/\/blogsaverroes.juntadeandalucia.es\/programasinternacionales\/wp-json\/wp\/v2\/pages"}],"about":[{"href":"https:\/\/blogsaverroes.juntadeandalucia.es\/programasinternacionales\/wp-json\/wp\/v2\/types\/page"}],"author":[{"embeddable":true,"href":"https:\/\/blogsaverroes.juntadeandalucia.es\/programasinternacionales\/wp-json\/wp\/v2\/users\/3720"}],"replies":[{"embeddable":true,"href":"https:\/\/blogsaverroes.juntadeandalucia.es\/programasinternacionales\/wp-json\/wp\/v2\/comments?post=25"}],"version-history":[{"count":12,"href":"https:\/\/blogsaverroes.juntadeandalucia.es\/programasinternacionales\/wp-json\/wp\/v2\/pages\/25\/revisions"}],"predecessor-version":[{"id":1050,"href":"https:\/\/blogsaverroes.juntadeandalucia.es\/programasinternacionales\/wp-json\/wp\/v2\/pages\/25\/revisions\/1050"}],"wp:attachment":[{"href":"https:\/\/blogsaverroes.juntadeandalucia.es\/programasinternacionales\/wp-json\/wp\/v2\/media?parent=25"}],"curies":[{"name":"wp","href":"https:\/\/api.w.org\/{rel}","templated":true}]}}