{"id":31,"date":"2016-06-13T21:04:23","date_gmt":"2016-06-13T21:04:23","guid":{"rendered":"http:\/\/blogsaverroes.juntadeandalucia.es\/programasinternacionales\/?page_id=31"},"modified":"2023-03-27T11:00:12","modified_gmt":"2023-03-27T11:00:12","slug":"actividades-de-cooperacion-transnacional-tcas","status":"publish","type":"page","link":"https:\/\/blogsaverroes.juntadeandalucia.es\/programasinternacionales\/actividades-de-cooperacion-transnacional-tcas\/","title":{"rendered":"ACTIVIDADES DE COOPERACI\u00d3N TRANSNACIONAL (TCAs)"},"content":{"rendered":"<p style=\"text-align: left\"><a href=\"https:\/\/blogsaverroes.juntadeandalucia.es\/programasinternacionales\/files\/2023\/03\/tca.jpg\"><img loading=\"lazy\" decoding=\"async\" class=\"wp-image-1028 alignleft\" src=\"https:\/\/blogsaverroes.juntadeandalucia.es\/programasinternacionales\/files\/2023\/03\/tca-300x169.jpg\" alt=\"\" width=\"403\" height=\"227\" srcset=\"https:\/\/blogsaverroes.juntadeandalucia.es\/programasinternacionales\/files\/2023\/03\/tca-300x169.jpg 300w, https:\/\/blogsaverroes.juntadeandalucia.es\/programasinternacionales\/files\/2023\/03\/tca.jpg 680w\" sizes=\"(max-width: 403px) 100vw, 403px\" \/><\/a><\/p>\n<p style=\"text-align: justify\">Las Actividades de Formaci\u00f3n y Cooperaci\u00f3n (TCA) ayudan a las instituciones o centros educativos de los pa\u00edses que participan en el Programa Erasmus+ a entrar en contacto y desarrollar un plan de trabajo con otros centros e instituciones que deseen intercambiar experiencias, colaborar en proyectos de movilidad o establecer una Asociaci\u00f3n Estrat\u00e9gica. Entre las diferentes actividades que se ofertan, destacan las visitas de estudio, los seminarios de contacto y los seminarios tem\u00e1ticos.<\/p>\n<p style=\"text-align: justify\">Aquellas instituciones que deseen solicitar la participaci\u00f3n de un miembro de su personal en una de estas actividades deber\u00e1n completar en l\u00ednea el formulario de solicitud y enviarlo, a continuaci\u00f3n, a trav\u00e9s del registro electr\u00f3nico del SEPIE, siguiendo las instrucciones que figuran m\u00e1s abajo.<\/p>\n<p style=\"text-align: justify\">En caso de que la solicitud sea aprobada, las Agencias Nacionales de env\u00edo y de acogida proporcionar\u00e1n una ayuda para la participaci\u00f3n de las personas seleccionadas. Solo se permite la asistencia de una persona por centro o instituci\u00f3n.<\/p>\n<h2>Documentaci\u00f3n<\/h2>\n<ul class=\"nocircle\">\n<li style=\"list-style-type: none\">\n<ul class=\"nocircle\">\n<li><i class=\"fa fa-file-pdf-o pdf fa-lg\"><\/i><a href=\"http:\/\/sepie.es\/doc\/newsletter\/2022\/40\/infografia.pdf\">Infograf\u00eda<\/a><\/li>\n<li><i class=\"fa fa-file-pdf-o pdf fa-lg\"><\/i><a href=\"http:\/\/sepie.es\/doc\/convocatoria\/2022\/cuantias_ayudas_tca_actualizadas_anexo_IV.pdf\">Anexo IV Cuant\u00edas y Normas Financiaci\u00f3n TCA<\/a><\/li>\n<li><i class=\"fa fa-file-pdf-o pdf fa-lg\"><\/i><a href=\"http:\/\/sepie.es\/doc\/convocatoria\/2022\/instrucciones_para_solicitar_TCA.pdf\">Instrucciones para solicitar TCA<\/a><\/li>\n<li><a href=\"https:\/\/sepie.erasmusplus.gob.es\/comunica\/tca\/\">Formulario de solicitud<\/a><\/li>\n<li><a href=\"https:\/\/www.educacion.gob.es\/socrates\/accesoaregistrarplus\/jsp\/formulario-para-instancia-orve.jsp\">Enlace al Registro electr\u00f3nico de PDF<\/a><i class=\"fa fa-file-pdf-o pdf fa-lg\"><\/i><\/li>\n<li><a href=\"http:\/\/sepie.es\/doc\/educacion-escolar\/seminarios\/2022\/criterios_seleccion.pdf\">Criterios de selecci\u00f3n<\/a><\/li>\n<li><i class=\"fa fa-file-pdf-o pdf fa-lg\"><\/i><a href=\"http:\/\/sepie.es\/doc\/educacion-escolar\/seminarios\/2022\/como_enviar_solicitudes_a_traves_del_registro_electronico.pdf\">C\u00f3mo enviar solicitudes a trav\u00e9s del registro electr\u00f3nico<\/a><\/li>\n<li><a href=\"http:\/\/sepie.es\/doc\/educacion-escolar\/seminarios\/2022\/modeloinformefinal.docx\">Modelo de informe final<\/a><\/li>\n<\/ul>\n<\/li>\n<\/ul>\n","protected":false},"excerpt":{"rendered":"<p>Las Actividades de Formaci\u00f3n y Cooperaci\u00f3n (TCA) ayudan a las instituciones o centros educativos de los pa\u00edses que participan en el Programa Erasmus+ a entrar en contacto y desarrollar un plan de trabajo con&#46;&#46;&#46;<\/p>\n","protected":false},"author":3720,"featured_media":0,"parent":0,"menu_order":0,"comment_status":"open","ping_status":"open","template":"","meta":{"ngg_post_thumbnail":0,"footnotes":""},"aioseo_notices":[],"_links":{"self":[{"href":"https:\/\/blogsaverroes.juntadeandalucia.es\/programasinternacionales\/wp-json\/wp\/v2\/pages\/31"}],"collection":[{"href":"https:\/\/blogsaverroes.juntadeandalucia.es\/programasinternacionales\/wp-json\/wp\/v2\/pages"}],"about":[{"href":"https:\/\/blogsaverroes.juntadeandalucia.es\/programasinternacionales\/wp-json\/wp\/v2\/types\/page"}],"author":[{"embeddable":true,"href":"https:\/\/blogsaverroes.juntadeandalucia.es\/programasinternacionales\/wp-json\/wp\/v2\/users\/3720"}],"replies":[{"embeddable":true,"href":"https:\/\/blogsaverroes.juntadeandalucia.es\/programasinternacionales\/wp-json\/wp\/v2\/comments?post=31"}],"version-history":[{"count":11,"href":"https:\/\/blogsaverroes.juntadeandalucia.es\/programasinternacionales\/wp-json\/wp\/v2\/pages\/31\/revisions"}],"predecessor-version":[{"id":298,"href":"https:\/\/blogsaverroes.juntadeandalucia.es\/programasinternacionales\/wp-json\/wp\/v2\/pages\/31\/revisions\/298"}],"wp:attachment":[{"href":"https:\/\/blogsaverroes.juntadeandalucia.es\/programasinternacionales\/wp-json\/wp\/v2\/media?parent=31"}],"curies":[{"name":"wp","href":"https:\/\/api.w.org\/{rel}","templated":true}]}}