{"id":35,"date":"2016-06-13T21:05:20","date_gmt":"2016-06-13T21:05:20","guid":{"rendered":"http:\/\/blogsaverroes.juntadeandalucia.es\/programasinternacionales\/?page_id=35"},"modified":"2023-03-31T08:38:40","modified_gmt":"2023-03-31T08:38:40","slug":"para-empezar","status":"publish","type":"page","link":"https:\/\/blogsaverroes.juntadeandalucia.es\/programasinternacionales\/para-empezar\/","title":{"rendered":"Para empezar"},"content":{"rendered":"<h3 style=\"text-align: center\"><strong>1. ALTA EN ECAS &#8211; OBTENCI\u00d3N DEL PIC &nbsp;<\/strong><\/h3>\n<p style=\"text-align: justify\">&nbsp; &nbsp; &nbsp; &nbsp; &nbsp;Antes de iniciar la cumplimentaci\u00f3n del formulario de solicitud es necesario dar de alta al centro educativo en el <strong>European Comission Authentication Service (ECAS)<\/strong> para disponer del <strong>Participant Identification Number (PIC)<\/strong>, un n\u00famero de identificaci\u00f3n que tendr\u00e1 validez durante todo el per\u00edodo de desarrollo de Erasmus+, hasta 2020.<\/p>\n<p style=\"text-align: justify\">&nbsp; &nbsp; &nbsp; &nbsp; &nbsp; La siguiente presentaci\u00f3n de Domingo \u00c1ngel Ruiz G\u00f3mez, Director del Centro de Profesorado de Ja\u00e9n y especialista en Programas Europeos, describe estos pasos preliminares imprescindibles para la presentaci\u00f3n de un proyecto en el \u00e1mbito de Erasmus+:<\/p>\n<p>&nbsp;<\/p>\n<table style=\"width: 98.6106%;height: 246px\">\n<tbody>\n<tr>\n<td style=\"width: 28.826%\">\n<p><div id=\"attachment_235\" style=\"width: 160px\" class=\"wp-caption aligncenter\"><a href=\"http:\/\/blogsaverroes.juntadeandalucia.es\/programasinternacionales\/files\/2016\/06\/PASOS-PREVIOS.DomingoARG.pdf\"><img loading=\"lazy\" decoding=\"async\" aria-describedby=\"caption-attachment-235\" class=\"wp-image-235 size-thumbnail\" src=\"http:\/\/blogsaverroes.juntadeandalucia.es\/programasinternacionales\/files\/2016\/06\/Captura-de-pantalla-2016-06-16-a-las-19.14.52-150x150.png\" alt=\"Captura de pantalla 2016-06-16 a las 19.14.52\" width=\"150\" height=\"150\" srcset=\"https:\/\/blogsaverroes.juntadeandalucia.es\/programasinternacionales\/files\/2016\/06\/Captura-de-pantalla-2016-06-16-a-las-19.14.52-150x150.png 150w, https:\/\/blogsaverroes.juntadeandalucia.es\/programasinternacionales\/files\/2016\/06\/Captura-de-pantalla-2016-06-16-a-las-19.14.52-100x100.png 100w, https:\/\/blogsaverroes.juntadeandalucia.es\/programasinternacionales\/files\/2016\/06\/Captura-de-pantalla-2016-06-16-a-las-19.14.52-432x432.png 432w, https:\/\/blogsaverroes.juntadeandalucia.es\/programasinternacionales\/files\/2016\/06\/Captura-de-pantalla-2016-06-16-a-las-19.14.52-268x268.png 268w\" sizes=\"(max-width: 150px) 100vw, 150px\" \/><\/a><p id=\"caption-attachment-235\" class=\"wp-caption-text\">INFORMACI\u00d3N PR\u00c1CTICA, por Domingo \u00c1ngel Ruiz G\u00f3mez<\/p><\/div><\/td>\n<td style=\"width: 41.9361%\">\n<p><div id=\"attachment_291\" style=\"width: 160px\" class=\"wp-caption aligncenter\"><a href=\"http:\/\/blogsaverroes.juntadeandalucia.es\/programasinternacionales\/files\/2016\/06\/PASOS-PREVIOS.pdf\"><img loading=\"lazy\" decoding=\"async\" aria-describedby=\"caption-attachment-291\" class=\"wp-image-291 size-thumbnail\" src=\"http:\/\/blogsaverroes.juntadeandalucia.es\/programasinternacionales\/files\/2016\/06\/Captura-de-pantalla-2016-06-16-a-las-22.36.20-150x150.png\" alt=\"Captura de pantalla 2016-06-16 a las 22.36.20\" width=\"150\" height=\"150\" srcset=\"https:\/\/blogsaverroes.juntadeandalucia.es\/programasinternacionales\/files\/2016\/06\/Captura-de-pantalla-2016-06-16-a-las-22.36.20-150x150.png 150w, https:\/\/blogsaverroes.juntadeandalucia.es\/programasinternacionales\/files\/2016\/06\/Captura-de-pantalla-2016-06-16-a-las-22.36.20-100x100.png 100w, https:\/\/blogsaverroes.juntadeandalucia.es\/programasinternacionales\/files\/2016\/06\/Captura-de-pantalla-2016-06-16-a-las-22.36.20-432x432.png 432w, https:\/\/blogsaverroes.juntadeandalucia.es\/programasinternacionales\/files\/2016\/06\/Captura-de-pantalla-2016-06-16-a-las-22.36.20-268x268.png 268w\" sizes=\"(max-width: 150px) 100vw, 150px\" \/><\/a><p id=\"caption-attachment-291\" class=\"wp-caption-text\">SEPIE &#8211; ALTA EN URF Y OBTENCI\u00d3N DEL PIC<\/p><\/div><\/td>\n<td style=\"width: 37.9472%\">&nbsp;<\/p>\n<p><a href=\"https:\/\/blogsaverroes.juntadeandalucia.es\/programasinternacionales\/files\/2023\/03\/manual-usuario-ecas.pdf\"><img loading=\"lazy\" decoding=\"async\" class=\"aligncenter wp-image-1078\" src=\"https:\/\/blogsaverroes.juntadeandalucia.es\/programasinternacionales\/files\/2023\/03\/ecas.jpg\" alt=\"\" width=\"217\" height=\"169\"><\/a><\/p>\n<p style=\"text-align: center\">MANUAL ECAS<\/p>\n<\/td>\n<\/tr>\n<\/tbody>\n<\/table>\n<p>&nbsp;<\/p>\n<h3 style=\"text-align: center\"><strong>2. FORMULARIOS DE SOLICITUD<\/strong><\/h3>\n<p style=\"text-align: justify\">&nbsp; &nbsp; &nbsp; &nbsp; &nbsp; &nbsp; Una vez que ya se disponga del PIC, es conveniente familiarizarse con los formularios de solicitud, identificando claramente el&nbsp;que se ajuste al perfil de la solicitud que va a cursar el centro.<\/p>\n<p style=\"text-align: justify\">&nbsp; &nbsp; &nbsp; &nbsp; Para esta aproximaci\u00f3n son de especial utilidad los <strong>formularios comentados<\/strong> disponibles&nbsp;en la web del SEPIE, en los que se explican detalles importantes sobre cada uno de los apartados de la solicitud:<span style=\"font-size: 16px\">&nbsp; &nbsp; &nbsp; &nbsp; &nbsp;<\/span><\/p>\n<table>\n<tbody>\n<tr>\n<td><a href=\"http:\/\/sepie.es\/educacion-escolar\/seguimiento-KA1.html\">FORMULARIOS Y SOLICITUDES EN EL \u00c1MBITO DE <strong>EDUCACI\u00d3N ESCOLAR<\/strong><\/a><\/td>\n<\/tr>\n<tr>\n<td><a href=\"http:\/\/sepie.es\/formacion-profesional\/seguimiento-KA1.html\">FORMULARIOS Y SOLICITUDES EN EL \u00c1MBITO DE LA <strong>FORMACI\u00d3N PROFESIONAL<\/strong><\/a><\/td>\n<\/tr>\n<tr>\n<td><a href=\"http:\/\/sepie.es\/educacion-superior\/seguimiento-KA1.html#contenido\">FORMULARIOS Y SOLICITUDES EN EL \u00c1MBITO DE LA <strong>EDUCACI\u00d3N SUPERIOR<\/strong><\/a><\/td>\n<\/tr>\n<tr>\n<td><a href=\"http:\/\/sepie.es\/educacion-adultos\/seguimiento-KA1.html#contenido\">FORMULARIOS Y SOLICITUDES EN EL \u00c1MBITO DE LA EDUCACI\u00d3N DE <strong>PERSONAS ADULTAS<\/strong><\/a><\/td>\n<\/tr>\n<\/tbody>\n<\/table>\n<p>&nbsp;<\/p>\n","protected":false},"excerpt":{"rendered":"<p>1. ALTA EN ECAS &#8211; OBTENCI\u00d3N DEL PIC &nbsp; &nbsp; &nbsp; &nbsp; &nbsp; &nbsp;Antes de iniciar la cumplimentaci\u00f3n del formulario de solicitud es necesario dar de alta al centro educativo en el European Comission&#46;&#46;&#46;<\/p>\n","protected":false},"author":3720,"featured_media":0,"parent":0,"menu_order":0,"comment_status":"open","ping_status":"open","template":"","meta":{"ngg_post_thumbnail":0,"footnotes":""},"aioseo_notices":[],"_links":{"self":[{"href":"https:\/\/blogsaverroes.juntadeandalucia.es\/programasinternacionales\/wp-json\/wp\/v2\/pages\/35"}],"collection":[{"href":"https:\/\/blogsaverroes.juntadeandalucia.es\/programasinternacionales\/wp-json\/wp\/v2\/pages"}],"about":[{"href":"https:\/\/blogsaverroes.juntadeandalucia.es\/programasinternacionales\/wp-json\/wp\/v2\/types\/page"}],"author":[{"embeddable":true,"href":"https:\/\/blogsaverroes.juntadeandalucia.es\/programasinternacionales\/wp-json\/wp\/v2\/users\/3720"}],"replies":[{"embeddable":true,"href":"https:\/\/blogsaverroes.juntadeandalucia.es\/programasinternacionales\/wp-json\/wp\/v2\/comments?post=35"}],"version-history":[{"count":26,"href":"https:\/\/blogsaverroes.juntadeandalucia.es\/programasinternacionales\/wp-json\/wp\/v2\/pages\/35\/revisions"}],"predecessor-version":[{"id":1080,"href":"https:\/\/blogsaverroes.juntadeandalucia.es\/programasinternacionales\/wp-json\/wp\/v2\/pages\/35\/revisions\/1080"}],"wp:attachment":[{"href":"https:\/\/blogsaverroes.juntadeandalucia.es\/programasinternacionales\/wp-json\/wp\/v2\/media?parent=35"}],"curies":[{"name":"wp","href":"https:\/\/api.w.org\/{rel}","templated":true}]}}