{"id":37,"date":"2016-06-13T21:05:37","date_gmt":"2016-06-13T21:05:37","guid":{"rendered":"http:\/\/blogsaverroes.juntadeandalucia.es\/programasinternacionales\/?page_id=37"},"modified":"2016-06-16T20:27:41","modified_gmt":"2016-06-16T20:27:41","slug":"claves-de-calidad-ka1","status":"publish","type":"page","link":"https:\/\/blogsaverroes.juntadeandalucia.es\/programasinternacionales\/claves-de-calidad-ka1\/","title":{"rendered":"Claves de calidad KA1"},"content":{"rendered":"<p>En la elaboraci\u00f3n del proyecto es importante conocer claves de calidad que permitan una exitosa evaluaci\u00f3n del mismo.<\/p>\n<p>A continuaci\u00f3n nos centramos en documentos que proporcionan Claves de calidad en la elaboraci\u00f3n de proyectos en la Acci\u00f3n Clave 1 (Key Action 1 &#8211; KA1)<\/p>\n<table style=\"height: 891px\" width=\"740\">\n<tbody>\n<tr>\n<td>\n<dl id=\"attachment_253\" class=\"wp-caption aligncenter\">\n<dt class=\"wp-caption-dt\">\n<div id=\"attachment_287\" style=\"width: 160px\" class=\"wp-caption aligncenter\"><a href=\"http:\/\/blogsaverroes.juntadeandalucia.es\/programasinternacionales\/files\/2016\/06\/CLAVES-PARA-UNA-SOLICITUD-DE-CALIDAD-3.pdf\"><img loading=\"lazy\" decoding=\"async\" aria-describedby=\"caption-attachment-287\" class=\"wp-image-287 size-thumbnail\" src=\"http:\/\/blogsaverroes.juntadeandalucia.es\/programasinternacionales\/files\/2016\/06\/Captura-de-pantalla-2016-06-16-a-las-22.25.07-150x150.png\" alt=\"\" width=\"150\" height=\"150\" srcset=\"https:\/\/blogsaverroes.juntadeandalucia.es\/programasinternacionales\/files\/2016\/06\/Captura-de-pantalla-2016-06-16-a-las-22.25.07-150x150.png 150w, https:\/\/blogsaverroes.juntadeandalucia.es\/programasinternacionales\/files\/2016\/06\/Captura-de-pantalla-2016-06-16-a-las-22.25.07-100x100.png 100w, https:\/\/blogsaverroes.juntadeandalucia.es\/programasinternacionales\/files\/2016\/06\/Captura-de-pantalla-2016-06-16-a-las-22.25.07-432x432.png 432w, https:\/\/blogsaverroes.juntadeandalucia.es\/programasinternacionales\/files\/2016\/06\/Captura-de-pantalla-2016-06-16-a-las-22.25.07-268x268.png 268w\" sizes=\"(max-width: 150px) 100vw, 150px\" \/><\/a><p id=\"caption-attachment-287\" class=\"wp-caption-text\">CLAVES SOLICITUD DE CALIDAD EN KA1, por Domingo \u00c1ngel Ruiz G\u00f3mez<\/p><\/div>\n<\/dt>\n<\/dl>\n<\/td>\n<td>\n<dl id=\"attachment_254\" class=\"wp-caption alignnone\">\n<dt class=\"wp-caption-dt\">\n<div id=\"attachment_254\" style=\"width: 160px\" class=\"wp-caption aligncenter\"><a href=\"http:\/\/blogsaverroes.juntadeandalucia.es\/programasinternacionales\/files\/2016\/06\/PROYECTOS-de-CALIDAD-2016-AFB.pdf\"><img loading=\"lazy\" decoding=\"async\" aria-describedby=\"caption-attachment-254\" class=\"wp-image-254 size-thumbnail\" src=\"http:\/\/blogsaverroes.juntadeandalucia.es\/programasinternacionales\/files\/2016\/06\/Captura-de-pantalla-2016-06-16-a-las-20.40.06-150x150.png\" alt=\"Captura de pantalla 2016-06-16 a las 20.40.06\" width=\"150\" height=\"150\" srcset=\"https:\/\/blogsaverroes.juntadeandalucia.es\/programasinternacionales\/files\/2016\/06\/Captura-de-pantalla-2016-06-16-a-las-20.40.06-150x150.png 150w, https:\/\/blogsaverroes.juntadeandalucia.es\/programasinternacionales\/files\/2016\/06\/Captura-de-pantalla-2016-06-16-a-las-20.40.06-100x100.png 100w, https:\/\/blogsaverroes.juntadeandalucia.es\/programasinternacionales\/files\/2016\/06\/Captura-de-pantalla-2016-06-16-a-las-20.40.06-432x432.png 432w, https:\/\/blogsaverroes.juntadeandalucia.es\/programasinternacionales\/files\/2016\/06\/Captura-de-pantalla-2016-06-16-a-las-20.40.06-268x268.png 268w\" sizes=\"(max-width: 150px) 100vw, 150px\" \/><\/a><p id=\"caption-attachment-254\" class=\"wp-caption-text\">ESTRATEGIAS PARA UN PROYECTO DE CALIDAD, por Antonio Fern\u00e1ndez Bermudo<\/p><\/div>\n<\/dt>\n<\/dl>\n<\/td>\n<td>\n<p><div id=\"attachment_259\" style=\"width: 160px\" class=\"wp-caption aligncenter\"><a href=\"http:\/\/blogsaverroes.juntadeandalucia.es\/programasinternacionales\/files\/2016\/06\/Captura-de-pantalla-2016-06-16-a-las-21.22.11.png\"><img loading=\"lazy\" decoding=\"async\" aria-describedby=\"caption-attachment-259\" class=\"wp-image-259 size-thumbnail\" src=\"http:\/\/blogsaverroes.juntadeandalucia.es\/programasinternacionales\/files\/2016\/06\/Captura-de-pantalla-2016-06-16-a-las-21.22.11-150x150.png\" alt=\"Captura de pantalla 2016-06-16 a las 21.22.11\" width=\"150\" height=\"150\" srcset=\"https:\/\/blogsaverroes.juntadeandalucia.es\/programasinternacionales\/files\/2016\/06\/Captura-de-pantalla-2016-06-16-a-las-21.22.11-150x150.png 150w, https:\/\/blogsaverroes.juntadeandalucia.es\/programasinternacionales\/files\/2016\/06\/Captura-de-pantalla-2016-06-16-a-las-21.22.11-100x100.png 100w, https:\/\/blogsaverroes.juntadeandalucia.es\/programasinternacionales\/files\/2016\/06\/Captura-de-pantalla-2016-06-16-a-las-21.22.11-432x432.png 432w, https:\/\/blogsaverroes.juntadeandalucia.es\/programasinternacionales\/files\/2016\/06\/Captura-de-pantalla-2016-06-16-a-las-21.22.11-268x268.png 268w\" sizes=\"(max-width: 150px) 100vw, 150px\" \/><\/a><p id=\"caption-attachment-259\" class=\"wp-caption-text\">SEPIE &#8211; GU\u00cdA DE SOLICITUD KA104 &#8211; EDUCACI\u00d3N DE PERSONAS ADULTAS<\/p><\/div><\/td>\n<td><\/td>\n<\/tr>\n<tr>\n<td>\n<p><div id=\"attachment_256\" style=\"width: 160px\" class=\"wp-caption aligncenter\"><a href=\"http:\/\/blogsaverroes.juntadeandalucia.es\/programasinternacionales\/files\/2016\/06\/Captura-de-pantalla-2016-06-16-a-las-20.47.43.png\"><img loading=\"lazy\" decoding=\"async\" aria-describedby=\"caption-attachment-256\" class=\"wp-image-256 size-thumbnail\" src=\"http:\/\/blogsaverroes.juntadeandalucia.es\/programasinternacionales\/files\/2016\/06\/Captura-de-pantalla-2016-06-16-a-las-20.47.43-150x150.png\" alt=\"Captura de pantalla 2016-06-16 a las 20.47.43\" width=\"150\" height=\"150\" srcset=\"https:\/\/blogsaverroes.juntadeandalucia.es\/programasinternacionales\/files\/2016\/06\/Captura-de-pantalla-2016-06-16-a-las-20.47.43-150x150.png 150w, https:\/\/blogsaverroes.juntadeandalucia.es\/programasinternacionales\/files\/2016\/06\/Captura-de-pantalla-2016-06-16-a-las-20.47.43-100x100.png 100w, https:\/\/blogsaverroes.juntadeandalucia.es\/programasinternacionales\/files\/2016\/06\/Captura-de-pantalla-2016-06-16-a-las-20.47.43-432x432.png 432w, https:\/\/blogsaverroes.juntadeandalucia.es\/programasinternacionales\/files\/2016\/06\/Captura-de-pantalla-2016-06-16-a-las-20.47.43-268x268.png 268w\" sizes=\"(max-width: 150px) 100vw, 150px\" \/><\/a><p id=\"caption-attachment-256\" class=\"wp-caption-text\">SEPIE. GU\u00cdA DE SOLICITUD KA101 &#8211; FORMACI\u00d3N DE PERSONAL DOCENTE EN EDUCACI\u00d3N ESCOLAR<\/p><\/div><\/td>\n<td>\n<p><div id=\"attachment_258\" style=\"width: 160px\" class=\"wp-caption aligncenter\"><a href=\"http:\/\/www.sepie.es\/doc\/comunicacion\/jornadas\/2015\/9-10_diciembre\/FP\/32FormulariosKA1_2016-10Dic.pdf\"><img loading=\"lazy\" decoding=\"async\" aria-describedby=\"caption-attachment-258\" class=\"wp-image-258 size-thumbnail\" src=\"http:\/\/blogsaverroes.juntadeandalucia.es\/programasinternacionales\/files\/2016\/06\/Captura-de-pantalla-2016-06-16-a-las-21.18.44-150x150.png\" alt=\"Captura de pantalla 2016-06-16 a las 21.18.44\" width=\"150\" height=\"150\" srcset=\"https:\/\/blogsaverroes.juntadeandalucia.es\/programasinternacionales\/files\/2016\/06\/Captura-de-pantalla-2016-06-16-a-las-21.18.44-150x150.png 150w, https:\/\/blogsaverroes.juntadeandalucia.es\/programasinternacionales\/files\/2016\/06\/Captura-de-pantalla-2016-06-16-a-las-21.18.44-100x100.png 100w, https:\/\/blogsaverroes.juntadeandalucia.es\/programasinternacionales\/files\/2016\/06\/Captura-de-pantalla-2016-06-16-a-las-21.18.44-432x432.png 432w, https:\/\/blogsaverroes.juntadeandalucia.es\/programasinternacionales\/files\/2016\/06\/Captura-de-pantalla-2016-06-16-a-las-21.18.44-268x268.png 268w\" sizes=\"(max-width: 150px) 100vw, 150px\" \/><\/a><p id=\"caption-attachment-258\" class=\"wp-caption-text\">SEPIE &#8211; GU\u00cdA ELABORACI\u00d3N FP GRADO MEDIO &#8211; KA102 Y KA116<\/p><\/div><\/td>\n<td><\/td>\n<td><\/td>\n<\/tr>\n<tr>\n<td><\/td>\n<td><\/td>\n<td><\/td>\n<td><\/td>\n<\/tr>\n<\/tbody>\n<\/table>\n<p>&nbsp;<\/p>\n","protected":false},"excerpt":{"rendered":"<p>En la elaboraci\u00f3n del proyecto es importante conocer claves de calidad que permitan una exitosa evaluaci\u00f3n del mismo. A continuaci\u00f3n nos centramos en documentos que proporcionan Claves de calidad en la elaboraci\u00f3n de proyectos&#46;&#46;&#46;<\/p>\n","protected":false},"author":3720,"featured_media":0,"parent":0,"menu_order":0,"comment_status":"open","ping_status":"open","template":"","meta":{"ngg_post_thumbnail":0,"footnotes":""},"aioseo_notices":[],"_links":{"self":[{"href":"https:\/\/blogsaverroes.juntadeandalucia.es\/programasinternacionales\/wp-json\/wp\/v2\/pages\/37"}],"collection":[{"href":"https:\/\/blogsaverroes.juntadeandalucia.es\/programasinternacionales\/wp-json\/wp\/v2\/pages"}],"about":[{"href":"https:\/\/blogsaverroes.juntadeandalucia.es\/programasinternacionales\/wp-json\/wp\/v2\/types\/page"}],"author":[{"embeddable":true,"href":"https:\/\/blogsaverroes.juntadeandalucia.es\/programasinternacionales\/wp-json\/wp\/v2\/users\/3720"}],"replies":[{"embeddable":true,"href":"https:\/\/blogsaverroes.juntadeandalucia.es\/programasinternacionales\/wp-json\/wp\/v2\/comments?post=37"}],"version-history":[{"count":8,"href":"https:\/\/blogsaverroes.juntadeandalucia.es\/programasinternacionales\/wp-json\/wp\/v2\/pages\/37\/revisions"}],"predecessor-version":[{"id":288,"href":"https:\/\/blogsaverroes.juntadeandalucia.es\/programasinternacionales\/wp-json\/wp\/v2\/pages\/37\/revisions\/288"}],"wp:attachment":[{"href":"https:\/\/blogsaverroes.juntadeandalucia.es\/programasinternacionales\/wp-json\/wp\/v2\/media?parent=37"}],"curies":[{"name":"wp","href":"https:\/\/api.w.org\/{rel}","templated":true}]}}