{"id":388,"date":"2018-01-24T08:20:57","date_gmt":"2018-01-24T08:20:57","guid":{"rendered":"http:\/\/blogsaverroes.juntadeandalucia.es\/programasinternacionales\/?page_id=388"},"modified":"2023-03-24T10:41:54","modified_gmt":"2023-03-24T10:41:54","slug":"internacionalizacion-para-profesorado","status":"publish","type":"page","link":"https:\/\/blogsaverroes.juntadeandalucia.es\/programasinternacionales\/internacionalizacion-para-profesorado\/","title":{"rendered":"INTERNACIONALIZACI\u00d3N PARA PROFESORADO"},"content":{"rendered":"<table class=\" aligncenter\" style=\"width: 74.5707%;height: 653px\">\n<tbody>\n<tr>\n<td style=\"text-align: center;width: 61.7251%\"><a href=\"https:\/\/blogsaverroes.juntadeandalucia.es\/programasinternacionales\/profesorado-visitante-en-eeuu-y-canada\/\"><strong>PROFESORADO VISITANTE EN EEUU Y CANAD\u00c1&nbsp;<\/strong><\/a><\/p>\n<p>&nbsp;<\/td>\n<td style=\"text-align: center;width: 57.9523%\"><img loading=\"lazy\" decoding=\"async\" class=\"aligncenter wp-image-957 size-medium\" src=\"https:\/\/blogsaverroes.juntadeandalucia.es\/programasinternacionales\/files\/2023\/03\/accion-300x155.png\" alt=\"\" width=\"300\" height=\"155\" srcset=\"https:\/\/blogsaverroes.juntadeandalucia.es\/programasinternacionales\/files\/2023\/03\/accion-300x155.png 300w, https:\/\/blogsaverroes.juntadeandalucia.es\/programasinternacionales\/files\/2023\/03\/accion-768x396.png 768w, https:\/\/blogsaverroes.juntadeandalucia.es\/programasinternacionales\/files\/2023\/03\/accion.png 843w\" sizes=\"(max-width: 300px) 100vw, 300px\" \/><\/td>\n<\/tr>\n<tr>\n<td style=\"text-align: center;width: 61.7251%\">&nbsp;<\/p>\n<p><strong><a href=\"https:\/\/blogsaverroes.juntadeandalucia.es\/programasinternacionales\/secciones-bilingues\/\">SECCIONES BILING\u00dcES DE ESPA\u00d1OL<\/a><\/strong><\/p>\n<p>&nbsp;<\/td>\n<td style=\"text-align: center;width: 57.9523%\"><strong><img loading=\"lazy\" decoding=\"async\" class=\"aligncenter wp-image-943 size-medium\" src=\"https:\/\/blogsaverroes.juntadeandalucia.es\/programasinternacionales\/files\/2023\/03\/secciones-biling\u00fces-300x169.jpg\" alt=\"\" width=\"300\" height=\"169\" srcset=\"https:\/\/blogsaverroes.juntadeandalucia.es\/programasinternacionales\/files\/2023\/03\/secciones-biling\u00fces-300x169.jpg 300w, https:\/\/blogsaverroes.juntadeandalucia.es\/programasinternacionales\/files\/2023\/03\/secciones-biling\u00fces.jpg 680w\" sizes=\"(max-width: 300px) 100vw, 300px\" \/><\/strong><\/td>\n<\/tr>\n<tr>\n<td style=\"text-align: center;width: 61.7251%\">&nbsp;<\/p>\n<p><a href=\"https:\/\/blogsaverroes.juntadeandalucia.es\/programasinternacionales\/estancias-profesionales\/\"><strong>ESTANCIAS PROFESIONALES<\/strong><\/a><\/p>\n<p>&nbsp;<\/td>\n<td style=\"text-align: center;width: 57.9523%\"><strong><img loading=\"lazy\" decoding=\"async\" class=\"aligncenter wp-image-932 size-medium\" src=\"https:\/\/blogsaverroes.juntadeandalucia.es\/programasinternacionales\/files\/2023\/03\/FrLa_akXwAElirU-300x180.jpg\" alt=\"\" width=\"300\" height=\"180\" srcset=\"https:\/\/blogsaverroes.juntadeandalucia.es\/programasinternacionales\/files\/2023\/03\/FrLa_akXwAElirU-300x180.jpg 300w, https:\/\/blogsaverroes.juntadeandalucia.es\/programasinternacionales\/files\/2023\/03\/FrLa_akXwAElirU.jpg 500w\" sizes=\"(max-width: 300px) 100vw, 300px\" \/><\/strong><\/td>\n<\/tr>\n<tr>\n<td style=\"text-align: center;width: 61.7251%\">&nbsp;<\/p>\n<p><a href=\"https:\/\/blogsaverroes.juntadeandalucia.es\/programasinternacionales\/accion-educativa-en-el-exterior\/\"><strong>ACCI\u00d3N EDUCATIVA EN EL EXTERIOR<\/strong><\/a><\/p>\n<p>&nbsp;<\/td>\n<td style=\"text-align: center;width: 57.9523%\"><strong><a href=\"https:\/\/blogsaverroes.juntadeandalucia.es\/programasinternacionales\/files\/2023\/03\/frame-videoaee.jpg.jpg\"><img loading=\"lazy\" decoding=\"async\" class=\"aligncenter size-medium wp-image-956\" src=\"https:\/\/blogsaverroes.juntadeandalucia.es\/programasinternacionales\/files\/2023\/03\/frame-videoaee.jpg-300x140.jpg\" alt=\"\" width=\"300\" height=\"140\" srcset=\"https:\/\/blogsaverroes.juntadeandalucia.es\/programasinternacionales\/files\/2023\/03\/frame-videoaee.jpg-300x140.jpg 300w, https:\/\/blogsaverroes.juntadeandalucia.es\/programasinternacionales\/files\/2023\/03\/frame-videoaee.jpg-1024x476.jpg 1024w, https:\/\/blogsaverroes.juntadeandalucia.es\/programasinternacionales\/files\/2023\/03\/frame-videoaee.jpg-768x357.jpg 768w, https:\/\/blogsaverroes.juntadeandalucia.es\/programasinternacionales\/files\/2023\/03\/frame-videoaee.jpg-520x245.jpg 520w, https:\/\/blogsaverroes.juntadeandalucia.es\/programasinternacionales\/files\/2023\/03\/frame-videoaee.jpg.jpg 1200w\" sizes=\"(max-width: 300px) 100vw, 300px\" \/><\/a><\/strong><\/td>\n<\/tr>\n<\/tbody>\n<\/table>\n","protected":false},"excerpt":{"rendered":"<p>PROFESORADO VISITANTE EN EEUU Y CANAD\u00c1&nbsp; &nbsp; &nbsp; SECCIONES BILING\u00dcES DE ESPA\u00d1OL &nbsp; &nbsp; ESTANCIAS PROFESIONALES &nbsp; &nbsp; ACCI\u00d3N EDUCATIVA EN EL EXTERIOR &nbsp;<\/p>\n","protected":false},"author":3720,"featured_media":0,"parent":0,"menu_order":0,"comment_status":"closed","ping_status":"closed","template":"","meta":{"ngg_post_thumbnail":0,"footnotes":""},"aioseo_notices":[],"_links":{"self":[{"href":"https:\/\/blogsaverroes.juntadeandalucia.es\/programasinternacionales\/wp-json\/wp\/v2\/pages\/388"}],"collection":[{"href":"https:\/\/blogsaverroes.juntadeandalucia.es\/programasinternacionales\/wp-json\/wp\/v2\/pages"}],"about":[{"href":"https:\/\/blogsaverroes.juntadeandalucia.es\/programasinternacionales\/wp-json\/wp\/v2\/types\/page"}],"author":[{"embeddable":true,"href":"https:\/\/blogsaverroes.juntadeandalucia.es\/programasinternacionales\/wp-json\/wp\/v2\/users\/3720"}],"replies":[{"embeddable":true,"href":"https:\/\/blogsaverroes.juntadeandalucia.es\/programasinternacionales\/wp-json\/wp\/v2\/comments?post=388"}],"version-history":[{"count":7,"href":"https:\/\/blogsaverroes.juntadeandalucia.es\/programasinternacionales\/wp-json\/wp\/v2\/pages\/388\/revisions"}],"predecessor-version":[{"id":960,"href":"https:\/\/blogsaverroes.juntadeandalucia.es\/programasinternacionales\/wp-json\/wp\/v2\/pages\/388\/revisions\/960"}],"wp:attachment":[{"href":"https:\/\/blogsaverroes.juntadeandalucia.es\/programasinternacionales\/wp-json\/wp\/v2\/media?parent=388"}],"curies":[{"name":"wp","href":"https:\/\/api.w.org\/{rel}","templated":true}]}}