{"id":39,"date":"2016-06-13T21:05:50","date_gmt":"2016-06-13T21:05:50","guid":{"rendered":"http:\/\/blogsaverroes.juntadeandalucia.es\/programasinternacionales\/?page_id=39"},"modified":"2018-02-01T08:12:17","modified_gmt":"2018-02-01T08:12:17","slug":"claves-de-calidad-ka2","status":"publish","type":"page","link":"https:\/\/blogsaverroes.juntadeandalucia.es\/programasinternacionales\/claves-de-calidad-ka2\/","title":{"rendered":"Claves de calidad KA2"},"content":{"rendered":"<p>En la elaboraci\u00f3n del proyecto es importante conocer claves de calidad que permitan una exitosa evaluaci\u00f3n del mismo.<\/p>\n<p>A continuaci\u00f3n nos centramos en documentos que proporcionan Claves de calidad en la elaboraci\u00f3n de proyectos en la Acci\u00f3n Clave 2&nbsp;(Key Action 2&nbsp;\u2013 KA2)<\/p>\n<table>\n<tbody>\n<tr>\n<td>\n<p><div id=\"attachment_264\" style=\"width: 160px\" class=\"wp-caption aligncenter\"><a href=\"https:\/\/blogsaverroes.juntadeandalucia.es\/programasinternacionales\/files\/2016\/06\/KA2-completo.pdf\"><img loading=\"lazy\" decoding=\"async\" aria-describedby=\"caption-attachment-264\" class=\"wp-image-264 size-thumbnail\" src=\"http:\/\/blogsaverroes.juntadeandalucia.es\/programasinternacionales\/files\/2016\/06\/Captura-de-pantalla-2016-06-16-a-las-21.36.34-150x150.png\" alt=\"Captura de pantalla 2016-06-16 a las 21.36.34\" width=\"150\" height=\"150\" srcset=\"https:\/\/blogsaverroes.juntadeandalucia.es\/programasinternacionales\/files\/2016\/06\/Captura-de-pantalla-2016-06-16-a-las-21.36.34-150x150.png 150w, https:\/\/blogsaverroes.juntadeandalucia.es\/programasinternacionales\/files\/2016\/06\/Captura-de-pantalla-2016-06-16-a-las-21.36.34-100x100.png 100w, https:\/\/blogsaverroes.juntadeandalucia.es\/programasinternacionales\/files\/2016\/06\/Captura-de-pantalla-2016-06-16-a-las-21.36.34-432x432.png 432w, https:\/\/blogsaverroes.juntadeandalucia.es\/programasinternacionales\/files\/2016\/06\/Captura-de-pantalla-2016-06-16-a-las-21.36.34-268x268.png 268w\" sizes=\"(max-width: 150px) 100vw, 150px\" \/><\/a><p id=\"caption-attachment-264\" class=\"wp-caption-text\">CLAVES DE CALIDAD KA2, por Domingo \u00c1ngel Ruiz G\u00f3mez<\/p><\/div><\/td>\n<td>\n<p><div id=\"attachment_266\" style=\"width: 160px\" class=\"wp-caption aligncenter\"><a href=\"http:\/\/blogsaverroes.juntadeandalucia.es\/programasinternaciohttp:\/\/blogsaverroes.juntadeandalucia.es\/programasinternacionales\/files\/2016\/06\/PROYECTOS-KA2-de-CALIDAD-2016.pdfnales\/files\/2016\/06\/Captura-de-pantalla-2016-06-16-a-las-21.41.30.png\"><img loading=\"lazy\" decoding=\"async\" aria-describedby=\"caption-attachment-266\" class=\"wp-image-266 size-thumbnail\" src=\"http:\/\/blogsaverroes.juntadeandalucia.es\/programasinternacionales\/files\/2016\/06\/Captura-de-pantalla-2016-06-16-a-las-21.41.30-150x150.png\" alt=\"Captura de pantalla 2016-06-16 a las 21.41.30\" width=\"150\" height=\"150\" srcset=\"https:\/\/blogsaverroes.juntadeandalucia.es\/programasinternacionales\/files\/2016\/06\/Captura-de-pantalla-2016-06-16-a-las-21.41.30-150x150.png 150w, https:\/\/blogsaverroes.juntadeandalucia.es\/programasinternacionales\/files\/2016\/06\/Captura-de-pantalla-2016-06-16-a-las-21.41.30-100x100.png 100w, https:\/\/blogsaverroes.juntadeandalucia.es\/programasinternacionales\/files\/2016\/06\/Captura-de-pantalla-2016-06-16-a-las-21.41.30-432x432.png 432w, https:\/\/blogsaverroes.juntadeandalucia.es\/programasinternacionales\/files\/2016\/06\/Captura-de-pantalla-2016-06-16-a-las-21.41.30-268x268.png 268w\" sizes=\"(max-width: 150px) 100vw, 150px\" \/><\/a><p id=\"caption-attachment-266\" class=\"wp-caption-text\">ESTRATEGIAS DE CALIDAD EN KA2, por Antonio Fern\u00e1ndez Bermudo<\/p><\/div><\/td>\n<td>\n<p><div id=\"attachment_268\" style=\"width: 160px\" class=\"wp-caption aligncenter\"><a href=\"http:\/\/www.sepie.es\/doc\/convocatoria\/2016\/EE\/Guia_solicitud_KA201.pdf\"><img loading=\"lazy\" decoding=\"async\" aria-describedby=\"caption-attachment-268\" class=\"wp-image-268 size-thumbnail\" src=\"http:\/\/blogsaverroes.juntadeandalucia.es\/programasinternacionales\/files\/2016\/06\/Captura-de-pantalla-2016-06-16-a-las-21.43.43-150x150.png\" alt=\"Captura de pantalla 2016-06-16 a las 21.43.43\" width=\"150\" height=\"150\" srcset=\"https:\/\/blogsaverroes.juntadeandalucia.es\/programasinternacionales\/files\/2016\/06\/Captura-de-pantalla-2016-06-16-a-las-21.43.43-150x150.png 150w, https:\/\/blogsaverroes.juntadeandalucia.es\/programasinternacionales\/files\/2016\/06\/Captura-de-pantalla-2016-06-16-a-las-21.43.43-100x100.png 100w, https:\/\/blogsaverroes.juntadeandalucia.es\/programasinternacionales\/files\/2016\/06\/Captura-de-pantalla-2016-06-16-a-las-21.43.43-432x432.png 432w, https:\/\/blogsaverroes.juntadeandalucia.es\/programasinternacionales\/files\/2016\/06\/Captura-de-pantalla-2016-06-16-a-las-21.43.43-268x268.png 268w\" sizes=\"(max-width: 150px) 100vw, 150px\" \/><\/a><p id=\"caption-attachment-268\" class=\"wp-caption-text\">SEPIE &#8211; Gu\u00eda de solicitud KA201 &#8211; Asociaciones Estrat\u00e9gicas Educaci\u00f3n Escolar<\/p><\/div><\/td>\n<\/tr>\n<tr>\n<td>\n<p><div id=\"attachment_269\" style=\"width: 160px\" class=\"wp-caption aligncenter\"><a href=\"http:\/\/www.sepie.es\/doc\/convocatoria\/2016\/FP\/GuiabeneficiariosKA2FP.pdf\"><img loading=\"lazy\" decoding=\"async\" aria-describedby=\"caption-attachment-269\" class=\"wp-image-269 size-thumbnail\" src=\"http:\/\/blogsaverroes.juntadeandalucia.es\/programasinternacionales\/files\/2016\/06\/Captura-de-pantalla-2016-06-16-a-las-21.49.32-150x150.png\" alt=\"Captura de pantalla 2016-06-16 a las 21.49.32\" width=\"150\" height=\"150\" srcset=\"https:\/\/blogsaverroes.juntadeandalucia.es\/programasinternacionales\/files\/2016\/06\/Captura-de-pantalla-2016-06-16-a-las-21.49.32-150x150.png 150w, https:\/\/blogsaverroes.juntadeandalucia.es\/programasinternacionales\/files\/2016\/06\/Captura-de-pantalla-2016-06-16-a-las-21.49.32-100x100.png 100w, https:\/\/blogsaverroes.juntadeandalucia.es\/programasinternacionales\/files\/2016\/06\/Captura-de-pantalla-2016-06-16-a-las-21.49.32-432x432.png 432w, https:\/\/blogsaverroes.juntadeandalucia.es\/programasinternacionales\/files\/2016\/06\/Captura-de-pantalla-2016-06-16-a-las-21.49.32-268x268.png 268w\" sizes=\"(max-width: 150px) 100vw, 150px\" \/><\/a><p id=\"caption-attachment-269\" class=\"wp-caption-text\">SEPIE &#8211; Gu\u00eda KA201, KA202, KA203 y KA204<\/p><\/div><\/td>\n<td>\n<p><div id=\"attachment_270\" style=\"width: 160px\" class=\"wp-caption aligncenter\"><a href=\"http:\/\/www.sepie.es\/doc\/convocatoria\/2016\/EE\/Guia_solicitud_KA2219.pdf\"><img loading=\"lazy\" decoding=\"async\" aria-describedby=\"caption-attachment-270\" class=\"wp-image-270 size-thumbnail\" src=\"http:\/\/blogsaverroes.juntadeandalucia.es\/programasinternacionales\/files\/2016\/06\/Captura-de-pantalla-2016-06-16-a-las-21.52.30-150x150.png\" alt=\"Captura de pantalla 2016-06-16 a las 21.52.30\" width=\"150\" height=\"150\" srcset=\"https:\/\/blogsaverroes.juntadeandalucia.es\/programasinternacionales\/files\/2016\/06\/Captura-de-pantalla-2016-06-16-a-las-21.52.30-150x150.png 150w, https:\/\/blogsaverroes.juntadeandalucia.es\/programasinternacionales\/files\/2016\/06\/Captura-de-pantalla-2016-06-16-a-las-21.52.30-100x100.png 100w, https:\/\/blogsaverroes.juntadeandalucia.es\/programasinternacionales\/files\/2016\/06\/Captura-de-pantalla-2016-06-16-a-las-21.52.30-432x432.png 432w, https:\/\/blogsaverroes.juntadeandalucia.es\/programasinternacionales\/files\/2016\/06\/Captura-de-pantalla-2016-06-16-a-las-21.52.30-268x268.png 268w\" sizes=\"(max-width: 150px) 100vw, 150px\" \/><\/a><p id=\"caption-attachment-270\" class=\"wp-caption-text\">SEPIE &#8211; GU\u00cdA SOLICITUD &#8211; KA219 &#8211; Educaci\u00f3n Escolar S\u00d3LO CENTROS<\/p><\/div><\/td>\n<td>\n<p><div id=\"attachment_273\" style=\"width: 160px\" class=\"wp-caption aligncenter\"><a href=\"http:\/\/sepie.es\/doc\/convocatoria\/2016\/EA\/Guia_solicitud_KA204.pdf\"><img loading=\"lazy\" decoding=\"async\" aria-describedby=\"caption-attachment-273\" class=\"wp-image-273 size-thumbnail\" src=\"http:\/\/blogsaverroes.juntadeandalucia.es\/programasinternacionales\/files\/2016\/06\/Captura-de-pantalla-2016-06-16-a-las-21.56.221-150x150.png\" alt=\"Captura de pantalla 2016-06-16 a las 21.56.22\" width=\"150\" height=\"150\" srcset=\"https:\/\/blogsaverroes.juntadeandalucia.es\/programasinternacionales\/files\/2016\/06\/Captura-de-pantalla-2016-06-16-a-las-21.56.221-150x150.png 150w, https:\/\/blogsaverroes.juntadeandalucia.es\/programasinternacionales\/files\/2016\/06\/Captura-de-pantalla-2016-06-16-a-las-21.56.221-100x100.png 100w, https:\/\/blogsaverroes.juntadeandalucia.es\/programasinternacionales\/files\/2016\/06\/Captura-de-pantalla-2016-06-16-a-las-21.56.221-432x432.png 432w, https:\/\/blogsaverroes.juntadeandalucia.es\/programasinternacionales\/files\/2016\/06\/Captura-de-pantalla-2016-06-16-a-las-21.56.221-268x268.png 268w\" sizes=\"(max-width: 150px) 100vw, 150px\" \/><\/a><p id=\"caption-attachment-273\" class=\"wp-caption-text\">SEPIE &#8211; Gu\u00eda solicitud KA204 &#8211; PERSONAS ADULTAS<\/p><\/div><\/td>\n<\/tr>\n<tr>\n<td>&nbsp;<\/td>\n<td>&nbsp;<\/td>\n<td>&nbsp;<\/td>\n<\/tr>\n<\/tbody>\n<\/table>\n","protected":false},"excerpt":{"rendered":"<p>En la elaboraci\u00f3n del proyecto es importante conocer claves de calidad que permitan una exitosa evaluaci\u00f3n del mismo. A continuaci\u00f3n nos centramos en documentos que proporcionan Claves de calidad en la elaboraci\u00f3n de proyectos&#46;&#46;&#46;<\/p>\n","protected":false},"author":3720,"featured_media":0,"parent":0,"menu_order":0,"comment_status":"open","ping_status":"open","template":"","meta":{"ngg_post_thumbnail":0,"footnotes":""},"aioseo_notices":[],"_links":{"self":[{"href":"https:\/\/blogsaverroes.juntadeandalucia.es\/programasinternacionales\/wp-json\/wp\/v2\/pages\/39"}],"collection":[{"href":"https:\/\/blogsaverroes.juntadeandalucia.es\/programasinternacionales\/wp-json\/wp\/v2\/pages"}],"about":[{"href":"https:\/\/blogsaverroes.juntadeandalucia.es\/programasinternacionales\/wp-json\/wp\/v2\/types\/page"}],"author":[{"embeddable":true,"href":"https:\/\/blogsaverroes.juntadeandalucia.es\/programasinternacionales\/wp-json\/wp\/v2\/users\/3720"}],"replies":[{"embeddable":true,"href":"https:\/\/blogsaverroes.juntadeandalucia.es\/programasinternacionales\/wp-json\/wp\/v2\/comments?post=39"}],"version-history":[{"count":8,"href":"https:\/\/blogsaverroes.juntadeandalucia.es\/programasinternacionales\/wp-json\/wp\/v2\/pages\/39\/revisions"}],"predecessor-version":[{"id":511,"href":"https:\/\/blogsaverroes.juntadeandalucia.es\/programasinternacionales\/wp-json\/wp\/v2\/pages\/39\/revisions\/511"}],"wp:attachment":[{"href":"https:\/\/blogsaverroes.juntadeandalucia.es\/programasinternacionales\/wp-json\/wp\/v2\/media?parent=39"}],"curies":[{"name":"wp","href":"https:\/\/api.w.org\/{rel}","templated":true}]}}