{"id":440,"date":"2018-01-31T11:00:33","date_gmt":"2018-01-31T11:00:33","guid":{"rendered":"http:\/\/blogsaverroes.juntadeandalucia.es\/programasinternacionales\/?page_id=440"},"modified":"2023-03-24T10:57:41","modified_gmt":"2023-03-24T10:57:41","slug":"asesores-tecnicos-en-el-exterior","status":"publish","type":"page","link":"https:\/\/blogsaverroes.juntadeandalucia.es\/programasinternacionales\/asesores-tecnicos-en-el-exterior\/","title":{"rendered":"PERSONAL ASESOR EN EL EXTERIOR"},"content":{"rendered":"<p><a href=\"https:\/\/blogsaverroes.juntadeandalucia.es\/programasinternacionales\/files\/2023\/03\/frame-videoaee.jpg.jpg\"><img loading=\"lazy\" decoding=\"async\" class=\"aligncenter wp-image-956 size-large\" src=\"https:\/\/blogsaverroes.juntadeandalucia.es\/programasinternacionales\/files\/2023\/03\/frame-videoaee.jpg-1024x476.jpg\" alt=\"\" width=\"1024\" height=\"476\" srcset=\"https:\/\/blogsaverroes.juntadeandalucia.es\/programasinternacionales\/files\/2023\/03\/frame-videoaee.jpg-1024x476.jpg 1024w, https:\/\/blogsaverroes.juntadeandalucia.es\/programasinternacionales\/files\/2023\/03\/frame-videoaee.jpg-300x140.jpg 300w, https:\/\/blogsaverroes.juntadeandalucia.es\/programasinternacionales\/files\/2023\/03\/frame-videoaee.jpg-768x357.jpg 768w, https:\/\/blogsaverroes.juntadeandalucia.es\/programasinternacionales\/files\/2023\/03\/frame-videoaee.jpg.jpg 1200w\" sizes=\"(max-width: 1024px) 100vw, 1024px\" \/><\/a><\/p>\n<p style=\"text-align: justify\">Anualmente el Ministerio de Educaci\u00f3n y Formaci\u00f3n Profesional abre convocatoria de concurso de m\u00e9ritos para la provisi\u00f3n de puestos vacantes de personal asesor en el exterior.<\/p>\n<p style=\"text-align: justify\">La \u00faltima convocatoria fue convocada en la <a href=\"https:\/\/www.boe.es\/diario_boe\/txt.php?id=BOE-A-2022-18380\"><em>Resoluci\u00f3n de 7 de noviembre de 2022, de la Subsecretar\u00eda, por la que se convoca concurso para la provisi\u00f3n de puestos de asesor docente en el exterior<\/em><\/a>.<\/p>\n<p style=\"text-align: justify\">Se puede acceder a todos los detalles de la \u00faltima Convocatoria <a href=\"https:\/\/www.educacionyfp.gob.es\/servicios-al-ciudadano\/catalogo\/profesorado\/profesorado-no-universitario\/concursos-de-traslados\/concurso-asesores-exterior.html\">en esta p\u00e1gina web <\/a>del Ministerio de Educaci\u00f3n y Formaci\u00f3n Profesional.<\/p>\n<p style=\"text-align: justify\">Por tratarse de una Convocatoria del Ministerio, cualquier consulta debe ser formulada a este en los tel\u00e9fonos y correos electr\u00f3nicos de contacto que aparecen en esta misma web:<\/p>\n<div class=\"subseccion\">\n<div class=\"subseccion\">\n<h3 id=\"doi1\">Contacto<\/h3>\n<div class=\"cte\">\n<p>Tel\u00e9fono: 91 701 83 60<\/p>\n<p>Correo electr\u00f3nico: <a href=\"concursos.exterior@educacion.gob.es\">concursos.exterior@educacion.gob.es<\/a>&nbsp;<img decoding=\"async\" src=\"http:\/\/www.educacionyfp.gob.es\/docroot\/img\/iconos\/13\/ico-mail.gif\" alt=\"e-mail\"><\/p>\n<p>y adem\u00e1s :<\/p>\n<p>Las consultas sobre el procedimiento pueden realizarse por cualquiera de los medios que se encuentran en la p\u00e1gina de <a href=\"https:\/\/www.educacionyfp.gob.es\/servicios-al-ciudadano\/catalogo\/profesorado\/profesorado-no-universitario\/concursos-de-traslados\/concurso-asesores-exterior.html\">Informaci\u00f3n administrativa<\/a><\/p>\n<\/div>\n<\/div>\n<\/div>\n","protected":false},"excerpt":{"rendered":"<p>Anualmente el Ministerio de Educaci\u00f3n y Formaci\u00f3n Profesional abre convocatoria de concurso de m\u00e9ritos para la provisi\u00f3n de puestos vacantes de personal asesor en el exterior. La \u00faltima convocatoria fue convocada en la Resoluci\u00f3n&#46;&#46;&#46;<\/p>\n","protected":false},"author":3720,"featured_media":956,"parent":0,"menu_order":0,"comment_status":"closed","ping_status":"closed","template":"","meta":{"ngg_post_thumbnail":0,"footnotes":""},"aioseo_notices":[],"_links":{"self":[{"href":"https:\/\/blogsaverroes.juntadeandalucia.es\/programasinternacionales\/wp-json\/wp\/v2\/pages\/440"}],"collection":[{"href":"https:\/\/blogsaverroes.juntadeandalucia.es\/programasinternacionales\/wp-json\/wp\/v2\/pages"}],"about":[{"href":"https:\/\/blogsaverroes.juntadeandalucia.es\/programasinternacionales\/wp-json\/wp\/v2\/types\/page"}],"author":[{"embeddable":true,"href":"https:\/\/blogsaverroes.juntadeandalucia.es\/programasinternacionales\/wp-json\/wp\/v2\/users\/3720"}],"replies":[{"embeddable":true,"href":"https:\/\/blogsaverroes.juntadeandalucia.es\/programasinternacionales\/wp-json\/wp\/v2\/comments?post=440"}],"version-history":[{"count":8,"href":"https:\/\/blogsaverroes.juntadeandalucia.es\/programasinternacionales\/wp-json\/wp\/v2\/pages\/440\/revisions"}],"predecessor-version":[{"id":964,"href":"https:\/\/blogsaverroes.juntadeandalucia.es\/programasinternacionales\/wp-json\/wp\/v2\/pages\/440\/revisions\/964"}],"wp:featuredmedia":[{"embeddable":true,"href":"https:\/\/blogsaverroes.juntadeandalucia.es\/programasinternacionales\/wp-json\/wp\/v2\/media\/956"}],"wp:attachment":[{"href":"https:\/\/blogsaverroes.juntadeandalucia.es\/programasinternacionales\/wp-json\/wp\/v2\/media?parent=440"}],"curies":[{"name":"wp","href":"https:\/\/api.w.org\/{rel}","templated":true}]}}