{"id":460,"date":"2018-01-31T11:44:27","date_gmt":"2018-01-31T11:44:27","guid":{"rendered":"http:\/\/blogsaverroes.juntadeandalucia.es\/programasinternacionales\/?page_id=460"},"modified":"2023-04-27T08:20:45","modified_gmt":"2023-04-27T08:20:45","slug":"alumnado-de-formacion-profesional","status":"publish","type":"page","link":"https:\/\/blogsaverroes.juntadeandalucia.es\/programasinternacionales\/alumnado-de-formacion-profesional\/","title":{"rendered":"ALUMNADO DE FORMACI\u00d3N PROFESIONAL"},"content":{"rendered":"<p>Para el alumnado de Formaci\u00f3n Profesional hay diferentes posibilidades para realizar la Formaci\u00f3n en Centros de Trabajo en el extranjero:<\/p>\n<table>\n<tbody>\n<tr>\n<td style=\"text-align: center\"><a href=\"https:\/\/blogsaverroes.juntadeandalucia.es\/programasinternacionales\/fct-a-traves-de-erasmus\/\">FCT A TRAV\u00c9S DE ERASMUS+<\/a><\/td>\n<\/tr>\n<tr>\n<td style=\"text-align: center\"><a href=\"https:\/\/blogsaverroes.juntadeandalucia.es\/programasinternacionales\/convocatoria-de-la-consejeria-de-educacion-de-la-junta-de-andalucia\/\">Convocatoria de la Consejer\u00eda de Desarrollo Educativo de la Junta de Andaluc\u00eda<\/a><\/td>\n<\/tr>\n<tr>\n<td style=\"text-align: center\">&nbsp;<\/td>\n<\/tr>\n<\/tbody>\n<\/table>\n<p style=\"text-align: center\"><strong>Para m\u00e1s informaci\u00f3n sobre aspectos relacionados con estudiar y trabajar en el extranjero para alumnado de FP, pinche <\/strong><a href=\"http:\/\/www.todofp.es\/orientacion-profesional\/itinerarios-formativos-profesionales\/movilidad.html\"><strong>aqu\u00ed<\/strong><\/a><strong>.<\/strong><\/p>\n","protected":false},"excerpt":{"rendered":"<p>Para el alumnado de Formaci\u00f3n Profesional hay diferentes posibilidades para realizar la Formaci\u00f3n en Centros de Trabajo en el extranjero: FCT A TRAV\u00c9S DE ERASMUS+ Convocatoria de la Consejer\u00eda de Desarrollo Educativo de la&#46;&#46;&#46;<\/p>\n","protected":false},"author":3720,"featured_media":0,"parent":0,"menu_order":0,"comment_status":"closed","ping_status":"closed","template":"","meta":{"ngg_post_thumbnail":0,"footnotes":""},"aioseo_notices":[],"_links":{"self":[{"href":"https:\/\/blogsaverroes.juntadeandalucia.es\/programasinternacionales\/wp-json\/wp\/v2\/pages\/460"}],"collection":[{"href":"https:\/\/blogsaverroes.juntadeandalucia.es\/programasinternacionales\/wp-json\/wp\/v2\/pages"}],"about":[{"href":"https:\/\/blogsaverroes.juntadeandalucia.es\/programasinternacionales\/wp-json\/wp\/v2\/types\/page"}],"author":[{"embeddable":true,"href":"https:\/\/blogsaverroes.juntadeandalucia.es\/programasinternacionales\/wp-json\/wp\/v2\/users\/3720"}],"replies":[{"embeddable":true,"href":"https:\/\/blogsaverroes.juntadeandalucia.es\/programasinternacionales\/wp-json\/wp\/v2\/comments?post=460"}],"version-history":[{"count":9,"href":"https:\/\/blogsaverroes.juntadeandalucia.es\/programasinternacionales\/wp-json\/wp\/v2\/pages\/460\/revisions"}],"predecessor-version":[{"id":1114,"href":"https:\/\/blogsaverroes.juntadeandalucia.es\/programasinternacionales\/wp-json\/wp\/v2\/pages\/460\/revisions\/1114"}],"wp:attachment":[{"href":"https:\/\/blogsaverroes.juntadeandalucia.es\/programasinternacionales\/wp-json\/wp\/v2\/media?parent=460"}],"curies":[{"name":"wp","href":"https:\/\/api.w.org\/{rel}","templated":true}]}}