{"id":465,"date":"2018-01-31T11:46:31","date_gmt":"2018-01-31T11:46:31","guid":{"rendered":"http:\/\/blogsaverroes.juntadeandalucia.es\/programasinternacionales\/?page_id=465"},"modified":"2023-04-27T08:41:52","modified_gmt":"2023-04-27T08:41:52","slug":"alumnado-de-e-s-o","status":"publish","type":"page","link":"https:\/\/blogsaverroes.juntadeandalucia.es\/programasinternacionales\/alumnado-de-e-s-o\/","title":{"rendered":"ALUMNADO DE E.S.O."},"content":{"rendered":"<table style=\"width: 81.5615%;height: 254px\">\n<tbody>\n<tr>\n<td style=\"background-color: #f4f5eb;text-align: center;width: 34.0233%\">\n<h5><strong>ACCI\u00d3N <\/strong><\/h5>\n<\/td>\n<td style=\"background-color: #f4f5eb;text-align: center;width: 48.5123%\">\n<h5><strong>IDIOMA(S)<\/strong><\/h5>\n<\/td>\n<td style=\"background-color: #f4f5eb;text-align: center;width: 16.3001%\">\n<h5><strong>CURSOS<\/strong><\/h5>\n<\/td>\n<\/tr>\n<tr>\n<td style=\"background-color: #f4f5eb;width: 34.0233%\">\n<h5><a href=\"https:\/\/blogsaverroes.juntadeandalucia.es\/plurilinguismodelegaciongranada\/intercambios-escolares\/\">INTERCAMBIOS ESCOLARES<\/a><\/h5>\n<\/td>\n<td style=\"background-color: #f4f5eb;width: 48.5123%\">Ingl\u00e9s, franc\u00e9s, alem\u00e1n, portugu\u00e9s y chino mandar\u00edn<\/td>\n<td style=\"background-color: #f4f5eb;text-align: center;width: 16.3001%\">3\u00ba y 4\u00ba de E.S.O.<\/td>\n<\/tr>\n<tr>\n<td style=\"background-color: #f4f5eb;width: 34.0233%\">\n<h5><a href=\"https:\/\/www.educacionyfp.gob.es\/servicios-al-ciudadano\/catalogo\/general\/99\/998217\/ficha\/998217-2022.html\">INMERSI\u00d3N LING\u00dc\u00cdSTICA EN VERANO<\/a><\/h5>\n<\/td>\n<td style=\"background-color: #f4f5eb;width: 48.5123%\">Ingl\u00e9s<\/td>\n<td style=\"background-color: #f4f5eb;text-align: center;width: 16.3001%\">2\u00ba de E.S.O.<\/td>\n<\/tr>\n<\/tbody>\n<\/table>\n<h3><a href=\"https:\/\/www.educacionyfp.gob.es\/servicios-al-ciudadano\/catalogo\/general\/99\/998217\/ficha\/998217-2022.html\"><strong>Programa de inmersi\u00f3n ling\u00fc\u00edstica del Ministerio de Educaci\u00f3n y Formaci\u00f3n Profesional<\/strong><\/a><\/h3>\n<h2 id=\"dg\" class=\"subrayado\">Informaci\u00f3n general<\/h2>\n<h3 id=\"dg3\">Descripci\u00f3n<\/h3>\n<div class=\"subseccion\">\n<p style=\"text-align: justify\">Ayudas destinadas a grupos de alumnos de 6\u00ba de Educaci\u00f3n Primaria y 2\u00ba de Educaci\u00f3n Secundaria Obligatoria para el desarrollo de un Programa de Inmersi\u00f3n Ling\u00fc\u00edstica en ingl\u00e9s. Con ello, se pretende estimular la pr\u00e1ctica oral de la lengua inglesa en entornos comunicativos no formales m\u00e1s din\u00e1micos y atractivos.<\/p>\n<div class=\"cte\">\n<p style=\"text-align: justify\">Asimismo, dentro de las actividades a desarrollar, se tratar\u00e1n tem\u00e1ticas de inter\u00e9s cient\u00edfico y medioambiental, y se promover\u00e1 la convivencia con alumnos de otros lugares de Espa\u00f1a. Durante el desarrollo del programa, la lengua vehicular en la que se desarrollar\u00e1n todas las actividades ser\u00e1 el ingl\u00e9s.<\/p>\n<\/div>\n<\/div>\n<div class=\"subseccion\">\n<h3 id=\"dg3\">Destinatarios<\/h3>\n<p>&nbsp;Alumnos de centros docentes espa\u00f1oles sostenidos con fondos p\u00fablicos de los siguientes niveles educativos:<\/p>\n<div class=\"cte\">\n<ul>\n<li class=\"ml-40px\">alumnos de 6\u00ba de Educaci\u00f3n Primaria<\/li>\n<li class=\"ml-40px\">alumnos de 2\u00ba de Educaci\u00f3n Secundaria Obligatoria<\/li>\n<\/ul>\n<\/div>\n<\/div>\n<div class=\"subseccion\">\n<h3 id=\"dg4\">N\u00famero de plazas<\/h3>\n<p style=\"text-align: justify\">Ayudas para 240 grupos de alumnos, compuestos cada uno por un n\u00famero comprendido entre 20 y 25 alumnos. Ir\u00e1n acompa\u00f1ados por dos profesores por grupo, requiri\u00e9ndose necesariamente que uno de ellos sea de la especialidad de Ingl\u00e9s con la siguiente distribuci\u00f3n:<\/p>\n<div class=\"cte\">\n<ul>\n<li class=\"ta-justify\">120 ayudas para grupos de alumnos de 6\u00ba de Educaci\u00f3n Primaria<\/li>\n<li class=\"ta-justify\">120 ayudas para grupos de alumnos de 2\u00ba de Educaci\u00f3n Secundaria Obligatoria<\/li>\n<\/ul>\n<\/div>\n<\/div>\n<div class=\"subseccion\">\n<h3 id=\"dg5\">Requisitos<\/h3>\n<div class=\"cte\">\n<ul>\n<li class=\"ta-justify\">Cursar estudios de 6\u00ba curso de Educaci\u00f3n Primaria o 2\u00ba curso de Educaci\u00f3n Secundaria Obligatoria<\/li>\n<li class=\"ta-justify\">Constituir grupos de 20 a 25 alumnos.<\/li>\n<li class=\"ta-justify\">Estar escolarizados en centros docentes espa\u00f1oles p\u00fablicos o concertados.<\/li>\n<\/ul>\n<\/div>\n<\/div>\n<div class=\"subseccion\">\n<h3 id=\"dg7\">Dotaci\u00f3n<\/h3>\n<div class=\"cte\">\n<ul>\n<li class=\"ta-justify\">Participaci\u00f3n gratuita en la actividad que tendr\u00e1 una duraci\u00f3n de siete d\u00edas, incluidos los d\u00edas de viaje.<\/li>\n<li class=\"ta-justify\">El traslado de los participantes desde su lugar de residencia hasta el centro de inmersi\u00f3n ling\u00fc\u00edstica corre por cuenta de los interesados.<\/li>\n<\/ul>\n<\/div>\n<\/div>\n","protected":false},"excerpt":{"rendered":"<p>ACCI\u00d3N IDIOMA(S) CURSOS INTERCAMBIOS ESCOLARES Ingl\u00e9s, franc\u00e9s, alem\u00e1n, portugu\u00e9s y chino mandar\u00edn 3\u00ba y 4\u00ba de E.S.O. INMERSI\u00d3N LING\u00dc\u00cdSTICA EN VERANO Ingl\u00e9s 2\u00ba de E.S.O. Programa de inmersi\u00f3n ling\u00fc\u00edstica del Ministerio de Educaci\u00f3n y&#46;&#46;&#46;<\/p>\n","protected":false},"author":3720,"featured_media":0,"parent":0,"menu_order":0,"comment_status":"closed","ping_status":"closed","template":"","meta":{"ngg_post_thumbnail":0,"footnotes":""},"aioseo_notices":[],"_links":{"self":[{"href":"https:\/\/blogsaverroes.juntadeandalucia.es\/programasinternacionales\/wp-json\/wp\/v2\/pages\/465"}],"collection":[{"href":"https:\/\/blogsaverroes.juntadeandalucia.es\/programasinternacionales\/wp-json\/wp\/v2\/pages"}],"about":[{"href":"https:\/\/blogsaverroes.juntadeandalucia.es\/programasinternacionales\/wp-json\/wp\/v2\/types\/page"}],"author":[{"embeddable":true,"href":"https:\/\/blogsaverroes.juntadeandalucia.es\/programasinternacionales\/wp-json\/wp\/v2\/users\/3720"}],"replies":[{"embeddable":true,"href":"https:\/\/blogsaverroes.juntadeandalucia.es\/programasinternacionales\/wp-json\/wp\/v2\/comments?post=465"}],"version-history":[{"count":9,"href":"https:\/\/blogsaverroes.juntadeandalucia.es\/programasinternacionales\/wp-json\/wp\/v2\/pages\/465\/revisions"}],"predecessor-version":[{"id":1125,"href":"https:\/\/blogsaverroes.juntadeandalucia.es\/programasinternacionales\/wp-json\/wp\/v2\/pages\/465\/revisions\/1125"}],"wp:attachment":[{"href":"https:\/\/blogsaverroes.juntadeandalucia.es\/programasinternacionales\/wp-json\/wp\/v2\/media?parent=465"}],"curies":[{"name":"wp","href":"https:\/\/api.w.org\/{rel}","templated":true}]}}