{"id":467,"date":"2018-01-31T11:46:43","date_gmt":"2018-01-31T11:46:43","guid":{"rendered":"http:\/\/blogsaverroes.juntadeandalucia.es\/programasinternacionales\/?page_id=467"},"modified":"2023-04-27T08:39:43","modified_gmt":"2023-04-27T08:39:43","slug":"alumnado-de-bachillerato","status":"publish","type":"page","link":"https:\/\/blogsaverroes.juntadeandalucia.es\/programasinternacionales\/alumnado-de-bachillerato\/","title":{"rendered":"ALUMNADO DE BACHILLERATO"},"content":{"rendered":"<table>\n<tbody>\n<tr style=\"height: 24.6667px\">\n<td style=\"height: 24.6667px;background-color: #daf7de;text-align: center\">\n<h5><strong>ACCI\u00d3N <\/strong><\/h5>\n<\/td>\n<td style=\"height: 24.6667px;background-color: #daf7de;text-align: center\">\n<h5><strong>IDIOMA(S)<\/strong><\/h5>\n<\/td>\n<td style=\"height: 24.6667px;background-color: #daf7de;text-align: center\">\n<h5><strong>CURSOS<\/strong><\/h5>\n<\/td>\n<\/tr>\n<tr style=\"height: 44px\">\n<td style=\"height: 24.6667px;text-align: center\">\n<h5><a href=\"https:\/\/blogsaverroes.juntadeandalucia.es\/plurilinguismodelegaciongranada\/intercambios-escolares\/\">INTERCAMBIOS ESCOLARES<\/a><\/h5>\n<\/td>\n<td style=\"height: 24.6667px\">Ingl\u00e9s, franc\u00e9s, alem\u00e1n, portugu\u00e9s y chino mandar\u00edn<\/td>\n<td style=\"height: 24.6667px\">1\u00ba de Bachillerato<\/td>\n<\/tr>\n<tr style=\"height: 48px\">\n<td style=\"height: 24.6667px;text-align: center\">\n<h5><a href=\"https:\/\/blogsaverroes.juntadeandalucia.es\/plurilinguismodelegaciongranada\/fecha-limite-solicitud-picassomob-2023\/\">PROGRAMA PICASSOMOB<\/a><\/h5>\n<\/td>\n<td style=\"height: 24.6667px\">Franc\u00e9s<\/td>\n<td style=\"height: 24.6667px\">1\u00ba de Bachillerato<\/td>\n<\/tr>\n<\/tbody>\n<\/table>\n<p>&nbsp;<\/p>\n","protected":false},"excerpt":{"rendered":"<p>ACCI\u00d3N IDIOMA(S) CURSOS INTERCAMBIOS ESCOLARES Ingl\u00e9s, franc\u00e9s, alem\u00e1n, portugu\u00e9s y chino mandar\u00edn 1\u00ba de Bachillerato PROGRAMA PICASSOMOB Franc\u00e9s 1\u00ba de Bachillerato &nbsp;<\/p>\n","protected":false},"author":3720,"featured_media":0,"parent":0,"menu_order":0,"comment_status":"closed","ping_status":"closed","template":"","meta":{"ngg_post_thumbnail":0,"footnotes":""},"aioseo_notices":[],"_links":{"self":[{"href":"https:\/\/blogsaverroes.juntadeandalucia.es\/programasinternacionales\/wp-json\/wp\/v2\/pages\/467"}],"collection":[{"href":"https:\/\/blogsaverroes.juntadeandalucia.es\/programasinternacionales\/wp-json\/wp\/v2\/pages"}],"about":[{"href":"https:\/\/blogsaverroes.juntadeandalucia.es\/programasinternacionales\/wp-json\/wp\/v2\/types\/page"}],"author":[{"embeddable":true,"href":"https:\/\/blogsaverroes.juntadeandalucia.es\/programasinternacionales\/wp-json\/wp\/v2\/users\/3720"}],"replies":[{"embeddable":true,"href":"https:\/\/blogsaverroes.juntadeandalucia.es\/programasinternacionales\/wp-json\/wp\/v2\/comments?post=467"}],"version-history":[{"count":10,"href":"https:\/\/blogsaverroes.juntadeandalucia.es\/programasinternacionales\/wp-json\/wp\/v2\/pages\/467\/revisions"}],"predecessor-version":[{"id":1123,"href":"https:\/\/blogsaverroes.juntadeandalucia.es\/programasinternacionales\/wp-json\/wp\/v2\/pages\/467\/revisions\/1123"}],"wp:attachment":[{"href":"https:\/\/blogsaverroes.juntadeandalucia.es\/programasinternacionales\/wp-json\/wp\/v2\/media?parent=467"}],"curies":[{"name":"wp","href":"https:\/\/api.w.org\/{rel}","templated":true}]}}