{"id":500,"date":"2018-01-31T12:49:35","date_gmt":"2018-01-31T12:49:35","guid":{"rendered":"http:\/\/blogsaverroes.juntadeandalucia.es\/programasinternacionales\/?page_id=500"},"modified":"2020-04-03T08:26:45","modified_gmt":"2020-04-03T08:26:45","slug":"fct-a-traves-de-erasmus","status":"publish","type":"page","link":"https:\/\/blogsaverroes.juntadeandalucia.es\/programasinternacionales\/fct-a-traves-de-erasmus\/","title":{"rendered":"FCT a trav\u00e9s de Erasmus+"},"content":{"rendered":"<div class=\"cte\">\n<p style=\"text-align: justify\">Dentro de las acciones de Erasmus+ est\u00e1 la de la <strong>Movilidad de las personas por motivos de aprendizaje (KA1)<\/strong>, que ofrece a los<strong> aprendices y alumnos de formaci\u00f3n profesional<\/strong> oportunidades de adquirir <strong>experiencia profesional en el extranjero, a la vez que nuevas aptitudes o idiomas.<\/strong> Los periodos de pr\u00e1cticas en el extranjero incrementan las posibilidades de empleo y pueden facilitar la transici\u00f3n al mundo laboral, adem\u00e1s de fortalecer la cooperaci\u00f3n europea en el \u00e1mbito de la formaci\u00f3n profesional.<\/p>\n<p style=\"text-align: justify\">Los alumnos de Formaci\u00f3n Profesional pueden realizar la Formaci\u00f3n en Centros de Trabajo en cualquier pa\u00eds de la Uni\u00f3n Europea por medio de convenios regulados por las administraciones auton\u00f3micas y sus centros educativos y dentro del marco del <a href=\"http:\/\/sepie.es\">SEPIE<\/a> <img decoding=\"async\" src=\"http:\/\/www.todofp.es\/docroot\/img\/iconos\/13\/ico-nv.gif\" alt=\"\"> a trav\u00e9s de programa Erasmus+. Este programa est\u00e1 dentro de la <a href=\"http:\/\/www.todofp.es\/orientacion-profesional\/itinerarios-formativos-profesionales\/movilidad\/programas\/oportunidades-estudiantes-becarios-aprendices.html\">Movilidad de las personas por motivos de aprendizaje (KA1)<\/a>.<\/p>\n<ul style=\"text-align: justify\">\n<li><span style=\"text-decoration: underline\"><strong>El alumno deber\u00e1 informarse de si el centro educativo en el que estudia es beneficiario de un proyecto europeo para realizar la FCT en Europa. En este caso deber\u00e1 solicitar la informaci\u00f3n en su centro.<\/strong><\/span><\/li>\n<li>Determinadas entidades tambi\u00e9n ofertan plazas para alumnos de Formaci\u00f3n Profesional que quieren realizar estancias en el extranjero.<\/li>\n<li>Hay que tener presente que es muy importante tener conocimiento de la lengua en la que se va a desarrollar la estancia. La preparaci\u00f3n es una parte integral de la actividad y puede incluir clases de idiomas y formaci\u00f3n cultural y pr\u00e1ctica.<\/li>\n<\/ul>\n<p style=\"text-align: justify\"><strong>Para m\u00e1s informaci\u00f3n sobre la movilidad. Estudiar y trabajar en el extranjero, pinche <\/strong><a href=\"http:\/\/www.todofp.es\/orientacion-profesional\/itinerarios-formativos-profesionales\/movilidad.html\"><strong>aqu\u00ed<\/strong><\/a><strong>.<\/strong><\/p>\n<p style=\"text-align: justify\">&nbsp;<\/p>\n<h3 style=\"text-align: justify\">\u00bfD\u00f3nde?<\/h3>\n<ul style=\"text-align: justify\">\n<li>En un centro de trabajo<\/li>\n<li>En un centro de formaci\u00f3n profesional<\/li>\n<\/ul>\n<h4>&nbsp;<\/h4>\n<h4 style=\"text-align: justify\">En el caso de proyectos de movilidad para estudiantes de <strong>educaci\u00f3n superior (Formaci\u00f3n profesional de Grado Superior)<\/strong><\/h4>\n<ul style=\"text-align: justify\">\n<li>Un periodo de formaci\u00f3n pr\u00e1ctica en una empresa o cualquier otro lugar de trabajo. En la medida de lo posible, los periodos de formaci\u00f3n pr\u00e1ctica deben ser parte integrante del programa de estudios del estudiante.<\/li>\n<li>Un periodo de estudios en el extranjero en una instituci\u00f3n de educaci\u00f3n superior (HEI); que debe formar parte del programa de estudios que sigue el estudiante para completar una titulaci\u00f3n.<\/li>\n<\/ul>\n<\/div>\n<table>\n<tbody>\n<tr>\n<td style=\"background-color: #eef2c9\">\n<p style=\"text-align: justify\">El alumnado de Grado Superior que realice su FCT a trav\u00e9s de Erasmus+ podr\u00e1 beneficiarse adem\u00e1s de la cuant\u00eda adicional que la Consejer\u00eda de Educaci\u00f3n de la Junta de Andaluc\u00eda prev\u00e9 en la siguiente normativa:&nbsp;<\/p>\n<p style=\"text-align: justify\">* <a href=\"https:\/\/blogsaverroes.juntadeandalucia.es\/programasinternacionales\/files\/2019\/09\/BOJA17-107-00002-10096-01.pdf\"><em>Acuerdo de 29 de mayo de 2017, del Consejo de Gobierno, por el que se autorizan las aportaciones para el fomento de la movilidad acad\u00e9mica europea<\/em><\/a><br \/>\n<em>de los alumnos y alumnas matriculados en ciclos formativos de grado superior de formaci\u00f3n profesional del sistema educativo en los centros docentes p\u00fablicos de la Comunidad Aut\u00f3noma de Andaluc\u00eda, en el marco del Programa \u00abErasmus +<\/em>\u00bb.<\/p>\n<p style=\"text-align: justify\">* Este acuerdo se regula mediante regulaciones anuales -&gt; acceso a la \u00faltima Orden:<\/p>\n<h4 style=\"text-align: justify\"><a href=\"https:\/\/blogsaverroes.juntadeandalucia.es\/programasinternacionales\/files\/2020\/04\/BOJA19-200-00003-15132-01_00163349.pdf\"><em>Orden de 11 de septiembre de 2019, por la que se determina el importe, para el curso 2019\/2020, de la ayuda por parte de la Administraci\u00f3n de la Junta de Andaluc\u00eda para el fomento de la movilidad acad\u00e9mica europea en el programa Erasmus+ de los alumnos y alumnas matriculados en los centros docentes p\u00fablicos de Andaluc\u00eda que imparten ciclos formativos de grado superior y ense\u00f1anzas art\u00edsticas superiores.<\/em><\/a><\/h4>\n<\/td>\n<\/tr>\n<\/tbody>\n<\/table>\n<p>&nbsp;<\/p>\n<div class=\"cte\">\n<h4 style=\"text-align: justify\">En el caso de proyectos de movilidad para beneficiarios de <strong>EFP (Formaci\u00f3n profesional de Grado Medio)<\/strong><\/h4>\n<ul style=\"text-align: justify\">\n<li>Un periodo de formaci\u00f3n pr\u00e1ctica de EFP en el extranjero de hasta 12 meses en un centro de trabajo o en un centro de formaci\u00f3n profesional.<\/li>\n<\/ul>\n<p style=\"text-align: justify\">Para reforzar la empleabilidad de los j\u00f3venes y facilitar su transici\u00f3n al mercado de trabajo, tambi\u00e9n pueden participar en esta actividad los reci\u00e9n graduados en centros de EFP o en empresas que imparten EFP a aprendices.<\/p>\n<h3>&nbsp;<\/h3>\n<h3 style=\"text-align: justify\">\u00bfCu\u00e1l es duraci\u00f3n?<\/h3>\n<p style=\"text-align: justify\">Desde 2 semanas a 12 meses.<\/p>\n<h3>&nbsp;<\/h3>\n<h3 style=\"text-align: justify\">\u00bfOfrece formaci\u00f3n ling\u00fc\u00edstica?<\/h3>\n<p style=\"text-align: justify\">Si la experiencia de movilidad es igual o superior a un mes:<\/p>\n<ul style=\"text-align: justify\">\n<li>Formaci\u00f3n ling\u00fc\u00edstica on-line<\/li>\n<li>Se realizar\u00e1 antes y durante el periodo de movilidad<\/li>\n<li>Evaluaci\u00f3n inicial y evaluaci\u00f3n final.<\/li>\n<\/ul>\n<p style=\"text-align: justify\">M\u00e1s informaci\u00f3n en: <a title=\"Enlace externo, se abre en ventana nueva.\" href=\"http:\/\/erasmusplusols.eu\/es\/\" target=\"_blank\" rel=\"external noopener noreferrer\">Erasmus+ Online Linguistic Support<br \/>\n<\/a><\/p>\n<p style=\"text-align: justify\">Si necesita alguna informaci\u00f3n a\u00f1adida a la que puede encontrar en los enlaces no dude en ponerse en contacto a trav\u00e9s de las siguientes direcciones de correo electr\u00f3nico o tel\u00e9fonos directos de la Unidad del SEPIE de Formaci\u00f3n Profesional:<\/p>\n<p style=\"text-align: justify\"><strong>Proyectos de Movilidad de Formaci\u00f3n profesional (KA1):<\/strong> <a href=\"mailto:movilidad.fp@sepie.es\">movilidad.fp@sepie.es<\/a> <img decoding=\"async\" src=\"http:\/\/www.todofp.es\/docroot\/img\/iconos\/13\/ico-mail.gif\" alt=\"\"> Tel: 91 550 67 53<\/p>\n<\/div>\n","protected":false},"excerpt":{"rendered":"<p>Dentro de las acciones de Erasmus+ est\u00e1 la de la Movilidad de las personas por motivos de aprendizaje (KA1), que ofrece a los aprendices y alumnos de formaci\u00f3n profesional oportunidades de adquirir experiencia profesional&#46;&#46;&#46;<\/p>\n","protected":false},"author":3720,"featured_media":0,"parent":0,"menu_order":0,"comment_status":"closed","ping_status":"closed","template":"","meta":{"ngg_post_thumbnail":0,"footnotes":""},"aioseo_notices":[],"_links":{"self":[{"href":"https:\/\/blogsaverroes.juntadeandalucia.es\/programasinternacionales\/wp-json\/wp\/v2\/pages\/500"}],"collection":[{"href":"https:\/\/blogsaverroes.juntadeandalucia.es\/programasinternacionales\/wp-json\/wp\/v2\/pages"}],"about":[{"href":"https:\/\/blogsaverroes.juntadeandalucia.es\/programasinternacionales\/wp-json\/wp\/v2\/types\/page"}],"author":[{"embeddable":true,"href":"https:\/\/blogsaverroes.juntadeandalucia.es\/programasinternacionales\/wp-json\/wp\/v2\/users\/3720"}],"replies":[{"embeddable":true,"href":"https:\/\/blogsaverroes.juntadeandalucia.es\/programasinternacionales\/wp-json\/wp\/v2\/comments?post=500"}],"version-history":[{"count":11,"href":"https:\/\/blogsaverroes.juntadeandalucia.es\/programasinternacionales\/wp-json\/wp\/v2\/pages\/500\/revisions"}],"predecessor-version":[{"id":774,"href":"https:\/\/blogsaverroes.juntadeandalucia.es\/programasinternacionales\/wp-json\/wp\/v2\/pages\/500\/revisions\/774"}],"wp:attachment":[{"href":"https:\/\/blogsaverroes.juntadeandalucia.es\/programasinternacionales\/wp-json\/wp\/v2\/media?parent=500"}],"curies":[{"name":"wp","href":"https:\/\/api.w.org\/{rel}","templated":true}]}}