{"id":609,"date":"2019-09-16T10:18:44","date_gmt":"2019-09-16T10:18:44","guid":{"rendered":"https:\/\/blogsaverroes.juntadeandalucia.es\/programasinternacionales\/?page_id=609"},"modified":"2023-03-23T08:28:27","modified_gmt":"2023-03-23T08:28:27","slug":"secciones-bilingues","status":"publish","type":"page","link":"https:\/\/blogsaverroes.juntadeandalucia.es\/programasinternacionales\/secciones-bilingues\/","title":{"rendered":"SECCIONES BILING\u00dcES DE ESPA\u00d1OL"},"content":{"rendered":"<p>&nbsp;<\/p>\n<p><a href=\"https:\/\/blogsaverroes.juntadeandalucia.es\/programasinternacionales\/files\/2023\/03\/secciones-biling\u00fces.jpg\"><img loading=\"lazy\" decoding=\"async\" class=\"aligncenter wp-image-943\" src=\"https:\/\/blogsaverroes.juntadeandalucia.es\/programasinternacionales\/files\/2023\/03\/secciones-biling\u00fces-300x169.jpg\" alt=\"\" width=\"467\" height=\"263\" srcset=\"https:\/\/blogsaverroes.juntadeandalucia.es\/programasinternacionales\/files\/2023\/03\/secciones-biling\u00fces-300x169.jpg 300w, https:\/\/blogsaverroes.juntadeandalucia.es\/programasinternacionales\/files\/2023\/03\/secciones-biling\u00fces.jpg 680w\" sizes=\"(max-width: 467px) 100vw, 467px\" \/><\/a><\/p>\n<p style=\"text-align: justify\"><strong>A partir del 23 de marzo al queda abierta la convocatoria para profesorado en secciones biling\u00fces de espa\u00f1ol en centros educativos de Europa central, oriental y China.<\/strong><strong>&nbsp;En esta ocasi\u00f3n se ofertan 134 plazas. El plazo de inscripci\u00f3n termina el 14 de abril<\/strong><\/p>\n<div class=\"subseccion\">\n<div class=\"cte\">\n<p style=\"text-align: justify\">A trav\u00e9s de este programa se puede obtener una plaza de docente de distintas materias en las secciones biling\u00fces de espa\u00f1ol de centros de ense\u00f1anza reglada no universitaria en&nbsp;<strong>Bulgaria, China, Eslovaquia, Hungr\u00eda, Polonia, Rep\u00fablica Checa, Ruman\u00eda&nbsp;<\/strong>y<strong>&nbsp;Rusia<\/strong>.<\/p>\n<p style=\"text-align: justify\">En la convocatoria actual se ofertan un m\u00e1ximo de&nbsp;<strong>134 plazas<\/strong>, n\u00famero que puede variar en funci\u00f3n de la planificaci\u00f3n y necesidades de las autoridades educativas contratantes en los pa\u00edses de destino.<\/p>\n<p>Se ofertan&nbsp;<strong>plazas de nueva incorporaci\u00f3n<\/strong>&nbsp;y&nbsp;<strong>plazas de renovaci\u00f3n<\/strong>:<\/p>\n<ul>\n<li>Los&nbsp;<strong>candidatos de nueva incorporaci\u00f3n<\/strong>&nbsp;deber\u00e1n cumplir los requisitos que marca la convocatoria.<\/li>\n<li style=\"text-align: justify\">Para las&nbsp;<strong>plazas de renovaci\u00f3n<\/strong>, el profesorado podr\u00e1 solicitar \u00fanicamente la misma secci\u00f3n biling\u00fce en la que ejerce y deber\u00e1 contar con el informe favorable por parte del centro y por parte de la Consejer\u00eda o Agregadur\u00eda de Educaci\u00f3n correspondiente. No obstante, en el caso de supresi\u00f3n de una plaza o de una secci\u00f3n, siempre que las autoridades educativas del pa\u00eds de destino lo permitieran, el profesorado afectado que no hubiera agotado los seis a\u00f1os de permanencia en el programa podr\u00eda optar a la renovaci\u00f3n en otra secci\u00f3n biling\u00fce.<\/li>\n<\/ul>\n<p>Consulta desde aqu\u00ed la resoluci\u00f3n de la convocatoria (<a href=\"https:\/\/www.educacionyfp.gob.es\/dam\/jcr:fdcd0894-b794-4c88-8f92-e7ac3aa656ab\/anexo-i.pdf\"><strong>relaci\u00f3n de plazas, niveles y requisitos de titulaci\u00f3n por pa\u00eds)&nbsp;<img loading=\"lazy\" decoding=\"async\" title=\"PDF\" src=\"https:\/\/www.educacionyfp.gob.es\/docroot\/img\/iconos\/13\/ico-pdf.gif\" alt=\"PDF\" width=\"13\" height=\"13\"><\/strong><\/a><\/p>\n<p>Consulta aqu\u00ed la&nbsp;<strong><a title=\"Enlace externo, se abre en ventana nueva.\" href=\"https:\/\/www.educacionyfp.gob.es\/dam\/jcr:52c109f2-00ba-4128-a636-fbe5f2f64131\/anexo-ii.pdf\" target=\"_blank\" rel=\"external noopener noreferrer\">informaci\u00f3n espec\u00edfica de los pa\u00edses de destino<span class=\"ns\">Enlace externo, se abre en ventana nueva<\/span><\/a>&nbsp;<img loading=\"lazy\" decoding=\"async\" title=\"Nueva ventana\" src=\"https:\/\/www.educacionyfp.gob.es\/docroot\/img\/iconos\/13\/ico-nv.gif\" alt=\"Nueva ventana\" width=\"16\" height=\"14\"><\/strong><\/p>\n<p style=\"text-align: justify\">Entre los&nbsp;<strong>m\u00e9ritos<\/strong>&nbsp;que se tendr\u00e1n en cuenta destaca, por ejemplo, tener experiencia docente de un m\u00ednimo de nueve meses, o un curso escolar completo y tener experiencia en la ense\u00f1anza de espa\u00f1ol lengua extranjera(ELE). Se valorar\u00e1n tambi\u00e8n otros m\u00e9ritos, como la participaci\u00f3n en programas educativos en el exterior, la formaci\u00f3n espec\u00edfica en metodolog\u00eda de Aprendizaje Integrado de Contenidos y Lenguas Extranjeras (AICLE) o el conocimiento de la lengua del pa\u00eds o de lenguas extranjeras en general.<\/p>\n<p>El&nbsp;<strong>plazo para la presentaci\u00f3n de solicitudes<\/strong>&nbsp;comienza el&nbsp;<strong>23 de marzo<\/strong>&nbsp;y acaba el&nbsp;<strong>14 de abril.<\/strong><\/p>\n<p>En la&nbsp;<a title=\"Enlace externo, se abre en ventana nueva.\" href=\"https:\/\/www.educacionyfp.gob.es\/servicios-al-ciudadano\/catalogo\/profesorado\/convocatorias-para-el-extranjero\/secciones-bilingues.html\" target=\"_blank\" rel=\"external noopener noreferrer\"><strong>convocatoria del programa<\/strong><span class=\"ns\">Enlace externo, se abre en ventana nueva<\/span><\/a>&nbsp;encontrar\u00e1s toda la informaci\u00f3n detallada con las instrucciones para el proceso de inscripci\u00f3n y registro de solicitudes.<\/p>\n<p><strong>\u00a1Vive el exterior!<\/strong><\/p>\n<\/div>\n<\/div>\n<div class=\"gmail_default\">\n<p>&nbsp;<\/p>\n<p class=\"titulo\" style=\"text-align: center\">Sesi\u00f3n informativa convocatoria Secciones Biling\u00fces 2023-24<\/p>\n<p style=\"text-align: justify\">&nbsp; &nbsp; &nbsp; &nbsp; &nbsp; &nbsp; &nbsp; &nbsp; &nbsp; &nbsp; &nbsp; &nbsp; &nbsp; &nbsp; &nbsp; &nbsp; &nbsp; &nbsp; &nbsp; &nbsp; &nbsp; &nbsp; &nbsp; &nbsp;<iframe loading=\"lazy\" src=\"\/\/www.youtube.com\/embed\/tCtIXPLEe8c\" width=\"560\" height=\"314\"><\/iframe><\/p>\n<\/div>\n","protected":false},"excerpt":{"rendered":"<p>&nbsp; A partir del 23 de marzo al queda abierta la convocatoria para profesorado en secciones biling\u00fces de espa\u00f1ol en centros educativos de Europa central, oriental y China.&nbsp;En esta ocasi\u00f3n se ofertan 134 plazas.&#46;&#46;&#46;<\/p>\n","protected":false},"author":3720,"featured_media":943,"parent":0,"menu_order":0,"comment_status":"closed","ping_status":"closed","template":"","meta":{"ngg_post_thumbnail":0,"footnotes":""},"aioseo_notices":[],"_links":{"self":[{"href":"https:\/\/blogsaverroes.juntadeandalucia.es\/programasinternacionales\/wp-json\/wp\/v2\/pages\/609"}],"collection":[{"href":"https:\/\/blogsaverroes.juntadeandalucia.es\/programasinternacionales\/wp-json\/wp\/v2\/pages"}],"about":[{"href":"https:\/\/blogsaverroes.juntadeandalucia.es\/programasinternacionales\/wp-json\/wp\/v2\/types\/page"}],"author":[{"embeddable":true,"href":"https:\/\/blogsaverroes.juntadeandalucia.es\/programasinternacionales\/wp-json\/wp\/v2\/users\/3720"}],"replies":[{"embeddable":true,"href":"https:\/\/blogsaverroes.juntadeandalucia.es\/programasinternacionales\/wp-json\/wp\/v2\/comments?post=609"}],"version-history":[{"count":9,"href":"https:\/\/blogsaverroes.juntadeandalucia.es\/programasinternacionales\/wp-json\/wp\/v2\/pages\/609\/revisions"}],"predecessor-version":[{"id":946,"href":"https:\/\/blogsaverroes.juntadeandalucia.es\/programasinternacionales\/wp-json\/wp\/v2\/pages\/609\/revisions\/946"}],"wp:featuredmedia":[{"embeddable":true,"href":"https:\/\/blogsaverroes.juntadeandalucia.es\/programasinternacionales\/wp-json\/wp\/v2\/media\/943"}],"wp:attachment":[{"href":"https:\/\/blogsaverroes.juntadeandalucia.es\/programasinternacionales\/wp-json\/wp\/v2\/media?parent=609"}],"curies":[{"name":"wp","href":"https:\/\/api.w.org\/{rel}","templated":true}]}}