{"id":84,"date":"2016-06-13T21:18:35","date_gmt":"2016-06-13T21:18:35","guid":{"rendered":"http:\/\/blogsaverroes.juntadeandalucia.es\/programasinternacionales\/?page_id=84"},"modified":"2023-04-10T10:38:42","modified_gmt":"2023-04-10T10:38:42","slug":"gestion-en-seneca","status":"publish","type":"page","link":"https:\/\/blogsaverroes.juntadeandalucia.es\/programasinternacionales\/gestion-en-seneca\/","title":{"rendered":"Gesti\u00f3n en S\u00e9neca"},"content":{"rendered":"<h1 style=\"text-align: center\"><a href=\"https:\/\/blogsaverroes.juntadeandalucia.es\/programasinternacionales\/files\/2023\/04\/S\u00c9NECA.png\"><img loading=\"lazy\" decoding=\"async\" class=\"aligncenter wp-image-1093\" src=\"https:\/\/blogsaverroes.juntadeandalucia.es\/programasinternacionales\/files\/2023\/04\/S\u00c9NECA-300x95.png\" alt=\"\" width=\"363\" height=\"115\" srcset=\"https:\/\/blogsaverroes.juntadeandalucia.es\/programasinternacionales\/files\/2023\/04\/S\u00c9NECA-300x95.png 300w, https:\/\/blogsaverroes.juntadeandalucia.es\/programasinternacionales\/files\/2023\/04\/S\u00c9NECA.png 558w\" sizes=\"(max-width: 363px) 100vw, 363px\" \/><\/a>GESTI\u00d3N EN S\u00c9NECA<\/h1>\n<p>&nbsp;<\/p>\n<ul>\n<li><a href=\"https:\/\/blogsaverroes.juntadeandalucia.es\/programasinternacionales\/files\/2023\/04\/IndicacionesGestionEconomicaProyectosErasmusFP.pdf\">Indicaciones sobre Gesti\u00f3n Economica en Proyectos Erasmus+ FP<\/a><\/li>\n<li><a href=\"https:\/\/blogsaverroes.juntadeandalucia.es\/programasinternacionales\/files\/2023\/04\/GrabacionYGestionDeProyectosErasmusDeFormacionProfesional.pdf\">Grabacion y&nbsp; Gestion de Proyectos Erasmus+ de Formaci\u00f3n Profesional<\/a><\/li>\n<li><a href=\"https:\/\/blogsaverroes.juntadeandalucia.es\/programasinternacionales\/files\/2023\/04\/SegAluErasmus_AulVir_DGFP.pdf\">Seguimiento de Alumnado Erasmus+ en el Aula Virtual de la DGFP<\/a><\/li>\n<\/ul>\n","protected":false},"excerpt":{"rendered":"<p>GESTI\u00d3N EN S\u00c9NECA &nbsp; Indicaciones sobre Gesti\u00f3n Economica en Proyectos Erasmus+ FP Grabacion y&nbsp; Gestion de Proyectos Erasmus+ de Formaci\u00f3n Profesional Seguimiento de Alumnado Erasmus+ en el Aula Virtual de la DGFP<\/p>\n","protected":false},"author":3720,"featured_media":0,"parent":0,"menu_order":0,"comment_status":"open","ping_status":"open","template":"","meta":{"ngg_post_thumbnail":0,"footnotes":""},"aioseo_notices":[],"_links":{"self":[{"href":"https:\/\/blogsaverroes.juntadeandalucia.es\/programasinternacionales\/wp-json\/wp\/v2\/pages\/84"}],"collection":[{"href":"https:\/\/blogsaverroes.juntadeandalucia.es\/programasinternacionales\/wp-json\/wp\/v2\/pages"}],"about":[{"href":"https:\/\/blogsaverroes.juntadeandalucia.es\/programasinternacionales\/wp-json\/wp\/v2\/types\/page"}],"author":[{"embeddable":true,"href":"https:\/\/blogsaverroes.juntadeandalucia.es\/programasinternacionales\/wp-json\/wp\/v2\/users\/3720"}],"replies":[{"embeddable":true,"href":"https:\/\/blogsaverroes.juntadeandalucia.es\/programasinternacionales\/wp-json\/wp\/v2\/comments?post=84"}],"version-history":[{"count":4,"href":"https:\/\/blogsaverroes.juntadeandalucia.es\/programasinternacionales\/wp-json\/wp\/v2\/pages\/84\/revisions"}],"predecessor-version":[{"id":1095,"href":"https:\/\/blogsaverroes.juntadeandalucia.es\/programasinternacionales\/wp-json\/wp\/v2\/pages\/84\/revisions\/1095"}],"wp:attachment":[{"href":"https:\/\/blogsaverroes.juntadeandalucia.es\/programasinternacionales\/wp-json\/wp\/v2\/media?parent=84"}],"curies":[{"name":"wp","href":"https:\/\/api.w.org\/{rel}","templated":true}]}}