{"id":935,"date":"2023-03-20T12:32:34","date_gmt":"2023-03-20T12:32:34","guid":{"rendered":"https:\/\/blogsaverroes.juntadeandalucia.es\/programasinternacionales\/?page_id=935"},"modified":"2023-04-26T08:08:53","modified_gmt":"2023-04-26T08:08:53","slug":"feria-erasmus-2023","status":"publish","type":"page","link":"https:\/\/blogsaverroes.juntadeandalucia.es\/programasinternacionales\/feria-erasmus-2023\/","title":{"rendered":"FERIA ERASMUS+ 2023"},"content":{"rendered":"<div class=\"gmail_default\">Estimad@s compa\u00f1er@s.<\/div>\n<div class=\"gmail_default\">&nbsp;<\/div>\n<div class=\"gmail_default\" style=\"text-align: justify\">Desde el CEP de Motril estamos terminando de preparar una<strong>&nbsp;<a href=\"https:\/\/www.juntadeandalucia.es\/educacion\/secretariavirtual\/consultaCEP\/actividad\/231812GE132\/\">Jornada Provincial Erasmus + 221812GE132<\/a><\/strong>&nbsp;que tiene como objetivo servir de punto de encuentro y de intercambio entre los centros Erasmus + de la provincia. La idea es dar la oportunidad a todos los centros para presentar sus proyectos, compartiendo<a href=\"https:\/\/blogsaverroes.juntadeandalucia.es\/programasinternacionales\/files\/2023\/03\/Programa-Jornada-ERASMUS-2023.pdf\"><img loading=\"lazy\" decoding=\"async\" class=\"wp-image-930 size-medium alignright\" src=\"https:\/\/blogsaverroes.juntadeandalucia.es\/programasinternacionales\/files\/2023\/03\/Programa-Erasmus-251x300.png\" alt=\"\" width=\"251\" height=\"300\" srcset=\"https:\/\/blogsaverroes.juntadeandalucia.es\/programasinternacionales\/files\/2023\/03\/Programa-Erasmus-251x300.png 251w, https:\/\/blogsaverroes.juntadeandalucia.es\/programasinternacionales\/files\/2023\/03\/Programa-Erasmus.png 642w\" sizes=\"(max-width: 251px) 100vw, 251px\" \/><\/a> experiencias.<\/div>\n<div>&nbsp;<\/div>\n<div><span class=\"fontstyle0\">Actividad provincial 221812GE132<br \/>\nFecha: 15 de abril de 2023 &#8211; Lugar: <\/span><span class=\"fontstyle0\">Centro de Desarrollo Tur\u00edstico, Motril<\/span><\/div>\n<div class=\"gmail_default\">&#8212;<\/div>\n<div class=\"gmail_default\"><span class=\"fontstyle0\">PROGRAMA<br \/>\n<\/span><span class=\"fontstyle1\">\u25cf <\/span><span class=\"fontstyle3\">9:00 &#8211; 9:30 &#8211; Recepci\u00f3n de los participantes.<br \/>\n<\/span><span class=\"fontstyle1\">\u25cf <\/span><span class=\"fontstyle3\">9:30 &#8211; 10:00 &#8211; Inauguraci\u00f3n de las Jornadas por Autoridades.<br \/>\n<\/span><span class=\"fontstyle1\">\u25cf <\/span><span class=\"fontstyle3\">10:00 &#8211; Intervenci\u00f3n de D. Andr\u00e9s Ajo L\u00e1zaro.<br \/>\nDirector de la Unidad de Educaci\u00f3n Escolar y Adultos, <\/span><span class=\"fontstyle0\">SEPIE<\/span><span class=\"fontstyle3\">.<br \/>\n<\/span><span class=\"fontstyle1\">\u25cf <\/span><span class=\"fontstyle3\">11:00 &#8211; Exposici\u00f3n de experiencias relevantes de Educaci\u00f3n Primaria.<br \/>\n<\/span><span class=\"fontstyle1\">\u25cf <\/span><span class=\"fontstyle3\">12:15 &#8211; Intervenci\u00f3n de D\u00aa Cristina Garc\u00eda del Canto.<br \/>\nAsesora T\u00e9cnica Docente de <\/span><span class=\"fontstyle0\">INTEF <\/span><span class=\"fontstyle3\">&#8211; <\/span><span class=\"fontstyle0\">eTwinning<\/span><span class=\"fontstyle3\">.<br \/>\n<\/span><span class=\"fontstyle1\">\u25cf <\/span><span class=\"fontstyle3\">13:15 &#8211; Exposici\u00f3n de experiencias relevantes de centros de Educaci\u00f3n Secundaria..<br \/>\n<\/span><span class=\"fontstyle1\">\u25cf <\/span><span class=\"fontstyle3\">13:30 &#8211; Intervenci\u00f3n de personal t\u00e9cnico de <\/span><span class=\"fontstyle0\">SEPIE <\/span><span class=\"fontstyle3\">para orientar sobre gesti\u00f3n de<br \/>\nPlataformas ERASMUS.<br \/>\n14:30 &#8211; 15:30 Almuerzo.<br \/>\n<\/span><span class=\"fontstyle1\">\u25cf <\/span><span class=\"fontstyle3\">15:30 Visita a los stand &#8211; puesta en com\u00fan entre los participantes<br \/>\n<\/span><span class=\"fontstyle1\">\u25cf <\/span><span class=\"fontstyle3\">16:30 Intervenci\u00f3n de D. Antonio Fern\u00e1ndez Bermudo.<br \/>\nJefe Secci\u00f3n Programas Educativos Europeos. Servicio de Programas Educativos<br \/>\nInternacionales. <\/span><span class=\"fontstyle0\">Consejer\u00eda de Desarrollo Educativo y Formaci\u00f3n Profesional<\/span><span class=\"fontstyle3\">.<br \/>\n<\/span><span class=\"fontstyle1\">\u25cf <\/span><span class=\"fontstyle3\">17:30 &#8211; Exposici\u00f3n de experiencia relevante de centro de Formaci\u00f3n Profesional.<br \/>\n<\/span><span class=\"fontstyle1\">\u25cf <\/span><span class=\"fontstyle3\">17:45 &#8211; Exposici\u00f3n de experiencia relevante de centro de Educaci\u00f3n Permanente.<br \/>\n<\/span><span class=\"fontstyle1\">\u25cf <\/span><span class=\"fontstyle3\">18:00 &#8211; Mesa redonda<br \/>\n<\/span><span class=\"fontstyle1\">\u25cf <\/span><span class=\"fontstyle3\">18:30 &#8211; Clausura por Autoridades Correspondientes.<br \/>\n<\/span><\/div>\n<div>&nbsp;<\/div>\n<div class=\"gmail_default\" style=\"text-align: justify\"><span class=\"fontstyle3\">EXPOSICI\u00d3N<br \/>\nDurante las exposiciones, en las instalaciones del Centro de Desarrollo Tur\u00edstico en el que se desarrollan las intervenciones se organizar\u00e1 una exposici\u00f3n en forma de paneles y stands en la que los centros educativos de la provincia dar\u00e1n a conocer sus proyectos de internacionalizaci\u00f3n.<\/span><\/div>\n<div class=\"gmail_default\">&nbsp;<\/div>\n<div>Jos\u00e9 Miguel Fern\u00e1ndez \u00c1lvarez<br \/>\n&#8212;-<br \/>\n&nbsp;&nbsp;&nbsp;<a href=\"mailto:jferalv959@g.educaand.es\" rel=\"noreferrer\">jferalv959@g.educaand.es<\/a><br \/>\n&nbsp;&nbsp;&nbsp;<a href=\"mailto:jmiguel.fernandez.edu@juntadeandalucia.es\" rel=\"noreferrer\">jmiguel.fernandez.edu@juntadeandalucia.es<\/a><br \/>\n&nbsp;&nbsp;+34 679338025 &nbsp;&#8211; &nbsp;Corporativo: 732241<br \/>\n&nbsp;&nbsp;&nbsp;<a href=\"http:\/\/www.cepmotril.org\/\" target=\"_blank\" rel=\"noopener noreferrer\">www.cepmotril.org<\/a><\/div>\n<div>&nbsp;<\/div>\n<div><span class=\"fontstyle3\">MATERIALES<\/span><\/div>\n<div>&nbsp;<\/div>\n<div><a href=\"https:\/\/sites.google.com\/g.educaand.es\/encuentro-erasmus-2023\/inicio\" target=\"_blank\" rel=\"noopener noreferrer\">ENLACE<\/a>&nbsp;las presentaciones que emplearon los ponentes en la jornada, as\u00ed como algunas fotograf\u00edas de la jornada.<\/div>\n","protected":false},"excerpt":{"rendered":"<p>Estimad@s compa\u00f1er@s. &nbsp; Desde el CEP de Motril estamos terminando de preparar una&nbsp;Jornada Provincial Erasmus + 221812GE132&nbsp;que tiene como objetivo servir de punto de encuentro y de intercambio entre los centros Erasmus + de&#46;&#46;&#46;<\/p>\n","protected":false},"author":3720,"featured_media":925,"parent":0,"menu_order":0,"comment_status":"closed","ping_status":"closed","template":"","meta":{"ngg_post_thumbnail":0,"footnotes":""},"aioseo_notices":[],"_links":{"self":[{"href":"https:\/\/blogsaverroes.juntadeandalucia.es\/programasinternacionales\/wp-json\/wp\/v2\/pages\/935"}],"collection":[{"href":"https:\/\/blogsaverroes.juntadeandalucia.es\/programasinternacionales\/wp-json\/wp\/v2\/pages"}],"about":[{"href":"https:\/\/blogsaverroes.juntadeandalucia.es\/programasinternacionales\/wp-json\/wp\/v2\/types\/page"}],"author":[{"embeddable":true,"href":"https:\/\/blogsaverroes.juntadeandalucia.es\/programasinternacionales\/wp-json\/wp\/v2\/users\/3720"}],"replies":[{"embeddable":true,"href":"https:\/\/blogsaverroes.juntadeandalucia.es\/programasinternacionales\/wp-json\/wp\/v2\/comments?post=935"}],"version-history":[{"count":4,"href":"https:\/\/blogsaverroes.juntadeandalucia.es\/programasinternacionales\/wp-json\/wp\/v2\/pages\/935\/revisions"}],"predecessor-version":[{"id":1102,"href":"https:\/\/blogsaverroes.juntadeandalucia.es\/programasinternacionales\/wp-json\/wp\/v2\/pages\/935\/revisions\/1102"}],"wp:featuredmedia":[{"embeddable":true,"href":"https:\/\/blogsaverroes.juntadeandalucia.es\/programasinternacionales\/wp-json\/wp\/v2\/media\/925"}],"wp:attachment":[{"href":"https:\/\/blogsaverroes.juntadeandalucia.es\/programasinternacionales\/wp-json\/wp\/v2\/media?parent=935"}],"curies":[{"name":"wp","href":"https:\/\/api.w.org\/{rel}","templated":true}]}}