{"id":574,"date":"2020-05-30T15:01:39","date_gmt":"2020-05-30T15:01:39","guid":{"rendered":"https:\/\/blogsaverroes.juntadeandalucia.es\/proyectomeraky\/?page_id=574"},"modified":"2022-09-29T18:03:53","modified_gmt":"2022-09-29T18:03:53","slug":"banco-de-recursos","status":"publish","type":"page","link":"https:\/\/blogsaverroes.juntadeandalucia.es\/proyectomeraky\/banco-de-recursos\/","title":{"rendered":"BANCO DE RECURSOS"},"content":{"rendered":"<p><img loading=\"lazy\" decoding=\"async\" class=\"alignnone size-full wp-image-546 aligncenter\" src=\"https:\/\/blogsaverroes.juntadeandalucia.es\/proyectomeraky\/files\/2020\/03\/caja-herramientas.png\" alt=\"\" width=\"233\" height=\"217\" srcset=\"https:\/\/blogsaverroes.juntadeandalucia.es\/proyectomeraky\/files\/2020\/03\/caja-herramientas.png 233w, https:\/\/blogsaverroes.juntadeandalucia.es\/proyectomeraky\/files\/2020\/03\/caja-herramientas-24x22.png 24w, https:\/\/blogsaverroes.juntadeandalucia.es\/proyectomeraky\/files\/2020\/03\/caja-herramientas-36x34.png 36w, https:\/\/blogsaverroes.juntadeandalucia.es\/proyectomeraky\/files\/2020\/03\/caja-herramientas-48x45.png 48w\" sizes=\"(max-width: 233px) 100vw, 233px\" \/><\/p>\n<p style=\"text-align: justify\">En este apartado pretendo recopilar din\u00e1micas, actividades y otros recursos que pueden ser \u00fatiles para desarrollar aprendizajes significativos en el aula. Las desarrollar\u00e9 en diferentes entradas que enlazar\u00e9 aqu\u00ed para que sea f\u00e1cil el acceso.<\/p>\n<p><strong>VISUAL THINKING<\/strong><\/p>\n<p><span style=\"color: #3366ff\"><a style=\"color: #3366ff\" href=\"https:\/\/blogsaverroes.juntadeandalucia.es\/proyectomeraky\/2020\/05\/31\/680\/\" target=\"_blank\" rel=\"noopener noreferrer\">Visual Thinking<\/a><\/span><\/p>\n<p><a href=\"https:\/\/blogsaverroes.juntadeandalucia.es\/proyectomeraky\/2020\/03\/24\/elaborando-mapas-visuales\/\" target=\"_blank\" rel=\"noopener noreferrer\"><span style=\"color: #3366ff\">Elaborando mapas visuales<\/span><\/a><\/p>\n<p><strong>CREATIVIDAD<\/strong><\/p>\n<p><span style=\"color: #3366ff\"><a style=\"color: #3366ff\" href=\"https:\/\/blogsaverroes.juntadeandalucia.es\/proyectomeraky\/2020\/04\/22\/desarrollar-la-creatividad\/\" target=\"_blank\" rel=\"noopener noreferrer\">Desarrollar la creatividad en el aula<\/a><\/span><\/p>\n<p><strong>INTELIGENCIA EMOCIONAL<\/strong><\/p>\n<p><span style=\"color: #3366ff\"><a style=\"color: #3366ff\" href=\"https:\/\/blogsaverroes.juntadeandalucia.es\/proyectomeraky\/2020\/06\/07\/educar-en-la-emocion-para-llegar-al-aprendizaje\/\" target=\"_blank\" rel=\"noopener noreferrer\">Educar en la emoci\u00f3n para llegar al aprendizaje<\/a><\/span><\/p>\n<p><span style=\"color: #3366ff\"><a style=\"color: #3366ff\" href=\"https:\/\/blogsaverroes.juntadeandalucia.es\/proyectomeraky\/2019\/09\/19\/trabajar-el-autoconcepto\/\" target=\"_blank\" rel=\"noopener noreferrer\">Trabajar el autoconocimiento<\/a><\/span><\/p>\n<p><strong>NEUROEDUCACI\u00d3N<\/strong><\/p>\n<p><a href=\"https:\/\/blogsaverroes.juntadeandalucia.es\/proyectomeraky\/2020\/05\/31\/pinceladas-de-neuroeducacion\/\" target=\"_blank\" rel=\"noopener noreferrer\"><span style=\"color: #3366ff\">Pinceladas de NeuroEducaci\u00f3n<\/span><\/a><\/p>\n<p><strong>DIN\u00c1MICAS Y ACTIVIDADES<\/strong><\/p>\n<p><a href=\"https:\/\/blogsaverroes.juntadeandalucia.es\/proyectomeraky\/2019\/09\/11\/agrupamientos-para-el-aprendizaje-cooperativo\/\" target=\"_blank\" rel=\"noopener noreferrer\"><span style=\"color: #3366ff\">Din\u00e1micas para el agrupamiento de equipos cooperativos<\/span><\/a><\/p>\n<p><span style=\"color: #0000ff\"><a style=\"color: #0000ff\" href=\"https:\/\/blogsaverroes.juntadeandalucia.es\/proyectomeraky\/2022\/09\/29\/una-propuesta-formativa-twitter-cooperativo\/\">Twitter cooperativo. Din\u00e1mica para trabajar la metacognici\u00f3n.<\/a><\/span><\/p>\n<p><strong>PRESENTACIONES SPRINT<\/strong><\/p>\n<p><span style=\"color: #000080\"><a style=\"color: #000080\" href=\"https:\/\/blogsaverroes.juntadeandalucia.es\/proyectomeraky\/2020\/10\/19\/presentaciones-sprint-elevator-pitch\/\">Presentaciones sprint: Elevator Pitch<\/a><\/span><\/p>\n<p><span style=\"color: #333399\"><a style=\"color: #333399\" href=\"https:\/\/blogsaverroes.juntadeandalucia.es\/proyectomeraky\/2020\/10\/19\/presentaciones-sprint-pechakucha\/\">Presentaciones SPRINT: PECHAKUCHA<\/a><\/span><\/p>\n<p><strong>ENTORNO PERSONAL DE APRENDIZAJE<\/strong><\/p>\n<p><span style=\"color: #0000ff\"><a style=\"color: #0000ff\" href=\"https:\/\/blogsaverroes.juntadeandalucia.es\/proyectomeraky\/2020\/09\/27\/entornos-personales-de-aprendizaje-ple\/\">Entorno personal de aprendizaje: PLE<\/a><\/span><\/p>\n<p><strong>T\u00c9CNICAS DE ESTUDIO<\/strong><\/p>\n<p><span style=\"color: #000080\"><a style=\"color: #000080\" href=\"https:\/\/blogsaverroes.juntadeandalucia.es\/proyectomeraky\/2022\/09\/11\/tecnicas-de-estudio-mejorar-tu-productividad-tnecnica-del-pomodoro\/\">T\u00e9cnica del \u00abpomodoro\u00bb<\/a><\/span><\/p>\n<p><strong>B\u00daSQUEDA DE EMPLEO<\/strong><\/p>\n<p><span style=\"color: #0000ff\"><a style=\"color: #0000ff\" href=\"https:\/\/blogsaverroes.juntadeandalucia.es\/proyectomeraky\/2021\/06\/03\/mi-marca-personal-me-condiciona\/\">Mi marca personal me condiciona.<\/a><\/span><\/p>\n","protected":false},"excerpt":{"rendered":"<p>En este apartado pretendo recopilar din\u00e1micas, actividades y otros recursos que pueden ser \u00fatiles para desarrollar aprendizajes significativos en el aula. Las desarrollar\u00e9 en diferentes entradas que enlazar\u00e9 aqu\u00ed para que sea f\u00e1cil el acceso. VISUAL THINKING Visual Thinking Elaborando mapas visuales CREATIVIDAD Desarrollar la creatividad en el aula INTELIGENCIA EMOCIONAL Educar en la emoci\u00f3n &hellip; <\/p>\n<p class=\"link-more\"><a href=\"https:\/\/blogsaverroes.juntadeandalucia.es\/proyectomeraky\/banco-de-recursos\/\" class=\"more-link\">Continuar leyendo<span class=\"screen-reader-text\"> \u00abBANCO DE RECURSOS\u00bb<\/span><\/a><\/p>\n","protected":false},"author":1631,"featured_media":0,"parent":0,"menu_order":0,"comment_status":"closed","ping_status":"closed","template":"","meta":{"ngg_post_thumbnail":0,"footnotes":""},"aioseo_notices":[],"_links":{"self":[{"href":"https:\/\/blogsaverroes.juntadeandalucia.es\/proyectomeraky\/wp-json\/wp\/v2\/pages\/574"}],"collection":[{"href":"https:\/\/blogsaverroes.juntadeandalucia.es\/proyectomeraky\/wp-json\/wp\/v2\/pages"}],"about":[{"href":"https:\/\/blogsaverroes.juntadeandalucia.es\/proyectomeraky\/wp-json\/wp\/v2\/types\/page"}],"author":[{"embeddable":true,"href":"https:\/\/blogsaverroes.juntadeandalucia.es\/proyectomeraky\/wp-json\/wp\/v2\/users\/1631"}],"replies":[{"embeddable":true,"href":"https:\/\/blogsaverroes.juntadeandalucia.es\/proyectomeraky\/wp-json\/wp\/v2\/comments?post=574"}],"version-history":[{"count":16,"href":"https:\/\/blogsaverroes.juntadeandalucia.es\/proyectomeraky\/wp-json\/wp\/v2\/pages\/574\/revisions"}],"predecessor-version":[{"id":1074,"href":"https:\/\/blogsaverroes.juntadeandalucia.es\/proyectomeraky\/wp-json\/wp\/v2\/pages\/574\/revisions\/1074"}],"wp:attachment":[{"href":"https:\/\/blogsaverroes.juntadeandalucia.es\/proyectomeraky\/wp-json\/wp\/v2\/media?parent=574"}],"curies":[{"name":"wp","href":"https:\/\/api.w.org\/{rel}","templated":true}]}}