{"id":575,"date":"2020-05-30T15:01:39","date_gmt":"2020-05-30T15:01:39","guid":{"rendered":"https:\/\/blogsaverroes.juntadeandalucia.es\/proyectomeraky\/?page_id=575"},"modified":"2022-03-05T15:28:39","modified_gmt":"2022-03-05T15:28:39","slug":"proyectos-educativos","status":"publish","type":"page","link":"https:\/\/blogsaverroes.juntadeandalucia.es\/proyectomeraky\/proyectos-educativos\/","title":{"rendered":"PROYECTOS EDUCATIVOS"},"content":{"rendered":"<p><img loading=\"lazy\" decoding=\"async\" class=\" wp-image-618 aligncenter\" src=\"https:\/\/blogsaverroes.juntadeandalucia.es\/proyectomeraky\/files\/2020\/05\/aprendiz-tic.png\" alt=\"\" width=\"288\" height=\"288\" srcset=\"https:\/\/blogsaverroes.juntadeandalucia.es\/proyectomeraky\/files\/2020\/05\/aprendiz-tic.png 225w, https:\/\/blogsaverroes.juntadeandalucia.es\/proyectomeraky\/files\/2020\/05\/aprendiz-tic-150x150.png 150w, https:\/\/blogsaverroes.juntadeandalucia.es\/proyectomeraky\/files\/2020\/05\/aprendiz-tic-100x100.png 100w, https:\/\/blogsaverroes.juntadeandalucia.es\/proyectomeraky\/files\/2020\/05\/aprendiz-tic-24x24.png 24w, https:\/\/blogsaverroes.juntadeandalucia.es\/proyectomeraky\/files\/2020\/05\/aprendiz-tic-36x36.png 36w, https:\/\/blogsaverroes.juntadeandalucia.es\/proyectomeraky\/files\/2020\/05\/aprendiz-tic-48x48.png 48w\" sizes=\"(max-width: 288px) 100vw, 288px\" \/><\/p>\n<p style=\"text-align: justify\">En esta p\u00e1gina pretendo compartir diferentes proyectos educativos que llevo a mi aula, experiencias en formaciones para el profesorado en las que he participado y mis intervenciones en los medios que pretenden difundir y compartir mis ideas sobre la educaci\u00f3n.<\/p>\n<p><span style=\"color: #008000;font-size: 14pt\"><strong>PROYECTOS EDUCATIVOS<\/strong><\/span><\/p>\n<ul style=\"text-align: justify\">\n<li><span style=\"font-size: 14pt\">\u201c<strong>Nada es imposible, si trabajas por ello: Nueva York<\/strong>\u201d<\/span> Proyecto de emprendimiento desarrollado durante seis cursos escolares en el IES Virgen de la Esperanza, La L\u00ednea de la Concepci\u00f3n y IES Getares, Algeciras.<\/li>\n<li><span style=\"font-size: 14pt\">\u201c<strong>Cocinando una FP de calidad: Le Cordon Blue<\/strong>\u201d<\/span> proyecto de emprendimiento desarrollado en el IES Picacho de Sanl\u00facar de Barrameda.<\/li>\n<li><span style=\"font-size: 14pt\">\u00ab<strong>Emprende tu vida<\/strong><\/span>\u00bb proyecto de emprendimiento desarrollado en el IES Victoria Kent de Marbella y en el IES Polit\u00e9cnico Jes\u00fas Mar\u00edn.<\/li>\n<\/ul>\n<p><a href=\"https:\/\/blogsaverroes.juntadeandalucia.es\/proyectomeraky\/2019\/05\/24\/emprende-tu-vida-desarrollando-una-mirada-divergente-en-educacion\/\" target=\"_blank\" rel=\"noopener noreferrer\"><span style=\"color: #3366ff\">Emprende tu vida.<\/span><\/a><\/p>\n<ul style=\"text-align: justify\">\n<li><span style=\"font-size: 14pt\"><strong>\u00abAgencia Europea Anti Discriminaci\u00f3n\u00bb<\/strong><\/span>. Se trata de un proyecto internivelar (desde primaria a FP) para trabajar la diversidad como un valor, que se desarroll\u00f3 durante el curso 17\/18 en colaboraci\u00f3n con un centro educativo alem\u00e1n BBS Cuxhaven. (Finalista en los premios nacionales de MEP de 2018).<\/li>\n<\/ul>\n<p><span style=\"color: #3366ff\"><a style=\"color: #3366ff\" href=\"https:\/\/blogsaverroes.juntadeandalucia.es\/proyectomeraky\/2019\/05\/01\/agencia-europea-anti-discriminacion-un-proyecto-gamificado-contra-el-acoso-escolar\/\" target=\"_blank\" rel=\"noopener noreferrer\">Agencia Europea AntiDiscriminaci\u00f3n.<\/a><\/span><\/p>\n<ul style=\"text-align: justify\">\n<li><span style=\"font-size: 14pt\">\u201c<strong>Una FP de pel\u00edcula: Proyecto Hollywood\u201d<\/strong><\/span> en el curso 19\/20. Proyecto de emprendimiento personal, productivo y solidario.<\/li>\n<\/ul>\n<p><span style=\"color: #3366ff\"><a style=\"color: #3366ff\" href=\"https:\/\/blogsaverroes.juntadeandalucia.es\/merakyunafpdepelicula\/\" target=\"_blank\" rel=\"noopener noreferrer\">Una FP de Pel\u00edcula: Proyecto Hollywood Website<\/a><\/span><\/p>\n<p><a href=\"https:\/\/youtu.be\/MOJLfQcauNs\">https:\/\/youtu.be\/MOJLfQcauNs<\/a><\/p>\n<p><iframe loading=\"lazy\" title=\"Proyecto #Hollywood\" width=\"525\" height=\"295\" src=\"https:\/\/www.youtube.com\/embed\/kKkiWysQ0DM?feature=oembed\" frameborder=\"0\" allow=\"accelerometer; autoplay; clipboard-write; encrypted-media; gyroscope; picture-in-picture\" allowfullscreen><\/iframe><\/p>\n<p><iframe loading=\"lazy\" title=\"Una FP de Pel\u00edcula: Proyecto Hollywood\" width=\"525\" height=\"394\" src=\"https:\/\/www.youtube.com\/embed\/z5DobzxYxL4?feature=oembed\" frameborder=\"0\" allow=\"accelerometer; autoplay; clipboard-write; encrypted-media; gyroscope; picture-in-picture\" allowfullscreen><\/iframe><\/p>\n<ul style=\"text-align: justify\">\n<li><span style=\"font-size: 14pt\"><strong>\u201cGlobalEducAcci\u00f3n\u201d<\/strong><\/span> proyecto de educaci\u00f3n interconectada para el desarrollo del esp\u00edritu cr\u00edtico y el emprendimiento social.<\/li>\n<\/ul>\n<p><span style=\"color: #3366ff\"><a style=\"color: #3366ff\" href=\"https:\/\/blogsaverroes.juntadeandalucia.es\/proyectomeraky\/2020\/05\/31\/globaleducaccion\/\" target=\"_blank\" rel=\"noopener noreferrer\">GlobalEducAcci\u00f3n Resumen<\/a><\/span><\/p>\n<p><a href=\"https:\/\/blogsaverroes.juntadeandalucia.es\/globaleducaccion\/\" target=\"_blank\" rel=\"noopener noreferrer\"><span style=\"color: #3366ff\">Portal del proyecto GlobalEducAcci\u00f3n<\/span><\/a><\/p>\n<ul style=\"text-align: justify\">\n<li><span style=\"font-size: 14pt\"><strong>\u201cA brave new world\u201d<\/strong><\/span> proyecto gamificado para trabajar por retos en FP como respuesta a la situaci\u00f3n de confinamiento.<\/li>\n<\/ul>\n<p><iframe loading=\"lazy\" title=\"A Brave New Word\" width=\"525\" height=\"295\" src=\"https:\/\/www.youtube.com\/embed\/yJSTUUZXUNU?feature=oembed\" frameborder=\"0\" allow=\"accelerometer; autoplay; clipboard-write; encrypted-media; gyroscope; picture-in-picture\" allowfullscreen><\/iframe><\/p>\n<ul>\n<li style=\"text-align: justify\"><strong><span style=\"font-size: 14pt\">\u00abFP Visible, FP de calidad\u00bb.<\/span> <\/strong>Proyecto colaborativo para visibilizar la Formaci\u00f3n Profesional a trav\u00e9s de los m\u00f3dulos de Formaci\u00f3n y Orientaci\u00f3n Laboral y Empresa e Iniciativa Emprendedora.&nbsp; &nbsp; &nbsp; &nbsp; &nbsp; &nbsp; &nbsp; &nbsp; &nbsp; &nbsp; &nbsp; &nbsp; &nbsp; &nbsp; &nbsp; &nbsp; &nbsp; &nbsp; &nbsp; &nbsp; &nbsp; &nbsp; &nbsp; &nbsp; &nbsp; &nbsp; &nbsp; &nbsp; &nbsp; &nbsp; &nbsp; Para saber m\u00e1s:&nbsp; <span style=\"color: #333399\"><strong><a style=\"color: #333399\" href=\"https:\/\/blogsaverroes.juntadeandalucia.es\/proyectomeraky\/2020\/12\/03\/nuevo-proyecto-fp-visible-fp-de-calidad\/\">FP Visible, FP de calidad<\/a><\/strong><\/span> <strong><span style=\"font-size: 12pt\">WEB DEL PROYECTO:<\/span><\/strong> <span style=\"color: #800080\"><a style=\"color: #800080\" title=\"WEBSITE DEL PROYECTO\" href=\"https:\/\/sites.google.com\/view\/fpvisiblefpdecalidad\/inicio\">https:\/\/sites.google.com\/view\/fpvisiblefpdecalidad\/inicio<\/a>.&nbsp; &nbsp; &nbsp; &nbsp; &nbsp; &nbsp; &nbsp; &nbsp; &nbsp; &nbsp; &nbsp; &nbsp; &nbsp; &nbsp; &nbsp; &nbsp; &nbsp; &nbsp; &nbsp; &nbsp; &nbsp; &nbsp; &nbsp; &nbsp; &nbsp; &nbsp; &nbsp; &nbsp; &nbsp; &nbsp; &nbsp; &nbsp; &nbsp; &nbsp; &nbsp; &nbsp; &nbsp; &nbsp; &nbsp; &nbsp; &nbsp; &nbsp; &nbsp; &nbsp; &nbsp; &nbsp; &nbsp; &nbsp; &nbsp; &nbsp; &nbsp; &nbsp; &nbsp; &nbsp; &nbsp; &nbsp; &nbsp; &nbsp; &nbsp; &nbsp; &nbsp; &nbsp; &nbsp; &nbsp; &nbsp; &nbsp; &nbsp; &nbsp; &nbsp; &nbsp; &nbsp; &nbsp; &nbsp; &nbsp; &nbsp; &nbsp; &nbsp; &nbsp; &nbsp; &nbsp; &nbsp; &nbsp; &nbsp; &nbsp; &nbsp; &nbsp; &nbsp; &nbsp; &nbsp; &nbsp; &nbsp; &nbsp; &nbsp; &nbsp; &nbsp; &nbsp; &nbsp; &nbsp; &nbsp; &nbsp; &nbsp; &nbsp; &nbsp; &nbsp; &nbsp; &nbsp; &nbsp; &nbsp; &nbsp;<\/span><iframe loading=\"lazy\" title=\"FP VISIBLE, FP DE CALIDAD: EL PROYECTO\" width=\"525\" height=\"295\" src=\"https:\/\/www.youtube.com\/embed\/ojhc6DGHo2Q?feature=oembed\" frameborder=\"0\" allow=\"accelerometer; autoplay; clipboard-write; encrypted-media; gyroscope; picture-in-picture\" allowfullscreen><\/iframe><\/li>\n<\/ul>\n<p><strong>FP visible, FP de calidad<\/strong> ha recibido varios reconocimientos:<\/p>\n<ul>\n<li style=\"list-style-type: none\">\n<ul>\n<li>Premio de <strong>Excelencia Profesional de Catalu\u00f1a<\/strong> en abril 2021.<\/li>\n<li style=\"text-align: justify\"><strong>Premio Peonza de Bronce<\/strong> en <strong>Premios Espiral,<\/strong> categor\u00eda <strong>Docencia Online.&nbsp;<\/strong> <a href=\"https:\/\/blogsaverroes.juntadeandalucia.es\/proyectomeraky\/2021\/07\/10\/peonza-de-bronce-de-los-premios-espiral-para-fp-visible-fp-de-calidad\/\">https:\/\/blogsaverroes.juntadeandalucia.es\/proyectomeraky\/2021\/07\/10\/peonza-de-bronce-de-los-premios-espiral-para-fp-visible-fp-de-calidad\/<\/a><\/li>\n<li style=\"text-align: justify\">Reconocido por la Junta de Andaluc\u00eda como <strong>proyecto de Innovaci\u00f3n Educativa.<\/strong><\/li>\n<li><strong>Premio Nacional EducaWeb<\/strong> para profesionales <strong>2021<\/strong>.&nbsp;<\/li>\n<\/ul>\n<\/li>\n<\/ul>\n<p><iframe loading=\"lazy\" title=\"Ganamos el Premio Nacional EducaWeb de Orientaci\u00f3n Acad\u00e9mica y Laboral 2021.\" width=\"525\" height=\"295\" src=\"https:\/\/www.youtube.com\/embed\/5_x41QZCL3M?feature=oembed\" frameborder=\"0\" allow=\"accelerometer; autoplay; clipboard-write; encrypted-media; gyroscope; picture-in-picture\" allowfullscreen><\/iframe><\/p>\n<p>&nbsp;<\/p>\n<p style=\"text-align: justify\"><span style=\"color: #008000;font-size: 14pt\"><strong>EXPERIENCIAS DE FORMACI\u00d3N DEL PROFESORADO.<\/strong><\/span><\/p>\n<p style=\"text-align: justify\"><a href=\"https:\/\/blogsaverroes.juntadeandalucia.es\/proyectomeraky\/2019\/06\/30\/especial-de-fin-de-ano-curso\/\" target=\"_blank\" rel=\"noopener noreferrer\">Resumen del Curso 2018\/2019<\/a><\/p>\n<p><a href=\"https:\/\/blogsaverroes.juntadeandalucia.es\/proyectomeraky\/2019\/06\/21\/break-out-diverso\/\" target=\"_blank\" rel=\"noopener noreferrer\">Break out Diverso en las Jornadas por la Diversidad<\/a><\/p>\n<p><a href=\"https:\/\/blogsaverroes.juntadeandalucia.es\/proyectomeraky\/2019\/05\/13\/cartagena-metodologias-activas-para-fp-basica\/\" target=\"_blank\" rel=\"noopener noreferrer\">Metodolog\u00edas Activas para FP B\u00e1sica en Cartagena 2019<\/a><\/p>\n<p><a href=\"https:\/\/blogsaverroes.juntadeandalucia.es\/proyectomeraky\/2019\/05\/14\/2-o-parte-experiencia-en-cartagena-aprendizaje-cooperativo-una-filosofia-de-trabajo-en-el-aula\/\" target=\"_blank\" rel=\"noopener noreferrer\">Aprendizaje cooperativo Cartagena 2019<\/a><\/p>\n<p><a href=\"https:\/\/blogsaverroes.juntadeandalucia.es\/proyectomeraky\/2019\/04\/16\/expedicion-educativa-por-california-parte-iv-california-science-center-la-nasa\/\" target=\"_blank\" rel=\"noopener noreferrer\">Expedici\u00f3n Educativa a California<\/a><\/p>\n<p><a href=\"https:\/\/blogsaverroes.juntadeandalucia.es\/proyectomeraky\/2019\/04\/16\/agreduria-de-educacion-en-los-angeles\/\" target=\"_blank\" rel=\"noopener noreferrer\">Agredur\u00eda de Educaci\u00f3n en Los \u00c1ngeles<\/a><\/p>\n<p><a href=\"https:\/\/blogsaverroes.juntadeandalucia.es\/proyectomeraky\/2019\/04\/16\/expedicion-educativa-por-california-parte-iii-conway-school\/\" target=\"_blank\" rel=\"noopener noreferrer\">Conway School, California, USA<\/a><\/p>\n<p><a href=\"https:\/\/blogsaverroes.juntadeandalucia.es\/proyectomeraky\/2019\/04\/16\/expedicion-educativa-por-california-parte-ii-quantum-academy\/\" target=\"_blank\" rel=\"noopener noreferrer\">Quantum Academy, San Diego. USA<\/a><\/p>\n<p><a href=\"https:\/\/blogsaverroes.juntadeandalucia.es\/proyectomeraky\/2019\/04\/15\/expedicion-educativa-por-california\/\" target=\"_blank\" rel=\"noopener noreferrer\">Orange Glen High School, Escondido. USA<\/a><\/p>\n<p><a href=\"https:\/\/blogsaverroes.juntadeandalucia.es\/proyectomeraky\/2019\/04\/28\/gamificacion-una-estrategia-para-motivar\/\" target=\"_blank\" rel=\"noopener noreferrer\">Games of Edu Thrones<\/a><\/p>\n<p><a href=\"https:\/\/youtu.be\/YFgsFAWAmvQ\">https:\/\/youtu.be\/YFgsFAWAmvQ<\/a><\/p>\n<p>&nbsp;<\/p>\n<p><strong><img loading=\"lazy\" decoding=\"async\" class=\"alignnone wp-image-652\" src=\"https:\/\/blogsaverroes.juntadeandalucia.es\/proyectomeraky\/files\/2020\/05\/comunica-conoce-dialogas-grupos-interes-300x187.jpeg\" alt=\"\" width=\"88\" height=\"55\" srcset=\"https:\/\/blogsaverroes.juntadeandalucia.es\/proyectomeraky\/files\/2020\/05\/comunica-conoce-dialogas-grupos-interes-300x187.jpeg 300w, https:\/\/blogsaverroes.juntadeandalucia.es\/proyectomeraky\/files\/2020\/05\/comunica-conoce-dialogas-grupos-interes-768x478.jpeg 768w, https:\/\/blogsaverroes.juntadeandalucia.es\/proyectomeraky\/files\/2020\/05\/comunica-conoce-dialogas-grupos-interes-24x15.jpeg 24w, https:\/\/blogsaverroes.juntadeandalucia.es\/proyectomeraky\/files\/2020\/05\/comunica-conoce-dialogas-grupos-interes-36x22.jpeg 36w, https:\/\/blogsaverroes.juntadeandalucia.es\/proyectomeraky\/files\/2020\/05\/comunica-conoce-dialogas-grupos-interes-48x30.jpeg 48w, https:\/\/blogsaverroes.juntadeandalucia.es\/proyectomeraky\/files\/2020\/05\/comunica-conoce-dialogas-grupos-interes.jpeg 958w\" sizes=\"(max-width: 88px) 100vw, 88px\" \/><span style=\"color: #008000;font-size: 14pt\">HABLANDO DE EDUCACI\u00d3N EN LOS MEDIOS.<\/span><\/strong><\/p>\n<p><a href=\"https:\/\/blogsaverroes.juntadeandalucia.es\/proyectomeraky\/2019\/05\/25\/llego-la-hora-un-programa-que-apuesta-por-hablar-de-educacion-en-positivo\/\" target=\"_blank\" rel=\"noopener noreferrer\">Secci\u00f3n de educaci\u00f3n en Lleg\u00f3 la Hora 101TV<\/a><\/p>\n<p><a href=\"https:\/\/www.diariosur.es\/opinion\/necesidad-cambio-formacion-20181207205142-nt.html\" target=\"_blank\" rel=\"noopener noreferrer\">La necesidad del cambio en FP. Diario Sur<\/a><\/p>\n<p><a href=\"https:\/\/www.santillanalab.com\/formacion-profesional-espanola-mejores-mundo\/\" target=\"_blank\" rel=\"noopener noreferrer\">La FP espa\u00f1ola de las mejores del mundo. SantillanaLab<\/a><\/p>\n<p><iframe loading=\"lazy\" title=\"La FP tambi\u00e9n existe (y sus docentes) #SantillanaLABTalks\" width=\"525\" height=\"295\" src=\"https:\/\/www.youtube.com\/embed\/YlD3pmui8iM?feature=oembed\" frameborder=\"0\" allow=\"accelerometer; autoplay; clipboard-write; encrypted-media; gyroscope; picture-in-picture\" allowfullscreen><\/iframe><\/p>\n<p><strong>PARTICIPACI\u00d3N EN EL PARLAMENTO ANDALUZ: POR UN PACTO EDUCATIVO.<\/strong><\/p>\n<p><iframe loading=\"lazy\" title=\"Comparecencia en el Parlamento Andaluz por un PACTO EDUCATIVO\" width=\"525\" height=\"295\" src=\"https:\/\/www.youtube.com\/embed\/MquJTNnX8c8?feature=oembed\" frameborder=\"0\" allow=\"accelerometer; autoplay; clipboard-write; encrypted-media; gyroscope; picture-in-picture\" allowfullscreen><\/iframe><\/p>\n<p><strong>PARTICIPACI\u00d3N EN EL WEBINAR: PROFESORADO DE FORMACI\u00d3N PROFESIONAL DEL MINISTERIO DE EDUCACI\u00d3N Y FP<\/strong><\/p>\n<p>&nbsp;<\/p>\n<p><iframe loading=\"lazy\" title=\"Webinar: Profesorado de Formaci\u00f3n Profesional.\" width=\"525\" height=\"295\" src=\"https:\/\/www.youtube.com\/embed\/I6XVMlTXpH0?feature=oembed\" frameborder=\"0\" allow=\"accelerometer; autoplay; clipboard-write; encrypted-media; gyroscope; picture-in-picture\" allowfullscreen><\/iframe><\/p>\n","protected":false},"excerpt":{"rendered":"<p>En esta p\u00e1gina pretendo compartir diferentes proyectos educativos que llevo a mi aula, experiencias en formaciones para el profesorado en las que he participado y mis intervenciones en los medios que pretenden difundir y compartir mis ideas sobre la educaci\u00f3n. PROYECTOS EDUCATIVOS \u201cNada es imposible, si trabajas por ello: Nueva York\u201d Proyecto de emprendimiento desarrollado &hellip; <\/p>\n<p class=\"link-more\"><a href=\"https:\/\/blogsaverroes.juntadeandalucia.es\/proyectomeraky\/proyectos-educativos\/\" class=\"more-link\">Continuar leyendo<span class=\"screen-reader-text\"> \u00abPROYECTOS EDUCATIVOS\u00bb<\/span><\/a><\/p>\n","protected":false},"author":1631,"featured_media":0,"parent":0,"menu_order":0,"comment_status":"closed","ping_status":"closed","template":"","meta":{"ngg_post_thumbnail":0,"footnotes":""},"aioseo_notices":[],"_links":{"self":[{"href":"https:\/\/blogsaverroes.juntadeandalucia.es\/proyectomeraky\/wp-json\/wp\/v2\/pages\/575"}],"collection":[{"href":"https:\/\/blogsaverroes.juntadeandalucia.es\/proyectomeraky\/wp-json\/wp\/v2\/pages"}],"about":[{"href":"https:\/\/blogsaverroes.juntadeandalucia.es\/proyectomeraky\/wp-json\/wp\/v2\/types\/page"}],"author":[{"embeddable":true,"href":"https:\/\/blogsaverroes.juntadeandalucia.es\/proyectomeraky\/wp-json\/wp\/v2\/users\/1631"}],"replies":[{"embeddable":true,"href":"https:\/\/blogsaverroes.juntadeandalucia.es\/proyectomeraky\/wp-json\/wp\/v2\/comments?post=575"}],"version-history":[{"count":27,"href":"https:\/\/blogsaverroes.juntadeandalucia.es\/proyectomeraky\/wp-json\/wp\/v2\/pages\/575\/revisions"}],"predecessor-version":[{"id":1019,"href":"https:\/\/blogsaverroes.juntadeandalucia.es\/proyectomeraky\/wp-json\/wp\/v2\/pages\/575\/revisions\/1019"}],"wp:attachment":[{"href":"https:\/\/blogsaverroes.juntadeandalucia.es\/proyectomeraky\/wp-json\/wp\/v2\/media?parent=575"}],"curies":[{"name":"wp","href":"https:\/\/api.w.org\/{rel}","templated":true}]}}