{"id":576,"date":"2020-05-30T15:01:39","date_gmt":"2020-05-30T15:01:39","guid":{"rendered":"https:\/\/blogsaverroes.juntadeandalucia.es\/proyectomeraky\/?page_id=576"},"modified":"2023-09-17T21:03:28","modified_gmt":"2023-09-17T21:03:28","slug":"rincon-del-alumnado","status":"publish","type":"page","link":"https:\/\/blogsaverroes.juntadeandalucia.es\/proyectomeraky\/rincon-del-alumnado\/","title":{"rendered":"RINC\u00d3N DEL ALUMNADO"},"content":{"rendered":"<p style=\"text-align: center\"><span style=\"font-family: impact, sans-serif;font-size: 18pt\"><span style=\"font-size: 24pt\">Bienvenidos y bienvenidas!!<\/span><img loading=\"lazy\" decoding=\"async\" class=\"size-full wp-image-724 alignleft\" src=\"https:\/\/blogsaverroes.juntadeandalucia.es\/proyectomeraky\/files\/2020\/06\/compartir-idea.jpeg\" alt=\"\" width=\"289\" height=\"175\" srcset=\"https:\/\/blogsaverroes.juntadeandalucia.es\/proyectomeraky\/files\/2020\/06\/compartir-idea.jpeg 289w, https:\/\/blogsaverroes.juntadeandalucia.es\/proyectomeraky\/files\/2020\/06\/compartir-idea-24x15.jpeg 24w, https:\/\/blogsaverroes.juntadeandalucia.es\/proyectomeraky\/files\/2020\/06\/compartir-idea-36x22.jpeg 36w, https:\/\/blogsaverroes.juntadeandalucia.es\/proyectomeraky\/files\/2020\/06\/compartir-idea-48x29.jpeg 48w\" sizes=\"(max-width: 289px) 100vw, 289px\" \/> <\/span><\/p>\n<p style=\"text-align: justify\">El objetivo de esta p\u00e1gina es poner a vuestra disposici\u00f3n diferentes recursos y herramientas que puedan seros \u00fatiles durante vuestro aprendizaje. Para ello enlazar\u00e9 las distintas entradas que os permitan conocer instrumentos y herramientas de aprendizaje y de evaluaci\u00f3n. Vas a encontrar todos los recursos clasificados bajo tres categor\u00edas:<\/p>\n<ul style=\"list-style-type: disc\">\n<li><span style=\"color: #000080;font-size: 18pt\"><strong>\u00bfQU\u00c9 APRENDER?<\/strong><\/span><\/li>\n<\/ul>\n<p><span style=\"color: #3366ff\"><strong><span style=\"font-size: 10pt\">x \u00bfQU\u00c9 SE APRENDE EN FORMACI\u00d3N PROFESIONAL?&nbsp;<\/span><\/strong><\/span><a href=\"https:\/\/blogsaverroes.juntadeandalucia.es\/proyectomeraky\/2020\/09\/22\/que-se-aprende-en-formacion-profesional\/\">Qu\u00e9 se aprende en FP<\/a><\/p>\n<p><span style=\"color: #3366ff\"><strong><span style=\"font-size: 10pt\">xx \u00bfD\u00d3NDE SE REGULA?<\/span><\/strong><\/span><\/p>\n<p><span style=\"color: #800080\"><strong>T\u00e9cnico\/a de Electromec\u00e1nica de Veh\u00edculos Autom\u00f3viles<\/strong><\/span>.&nbsp;<a href=\"https:\/\/www.todofp.es\/dam\/jcr:296adcf8-1b27-49f5-a957-4a339f700267\/andtelectromecaniva-de-vehiculos-automoviles-pdf.pdf\">Enlace a Todo FP, regulaci\u00f3n legal y salidas profesionales<\/a><\/p>\n<p>&nbsp;<span style=\"color: #800080\"><strong>T\u00e9cnico\/a en peluquer\u00eda y Cosm\u00e9tica Capilar.&nbsp;<\/strong><\/span><a href=\"https:\/\/www.todofp.es\/que-como-y-donde-estudiar\/que-estudiar\/loe\/imagen-personal\/peluqueria-cosmetica-capilar.html\">Enlace a Todo FP, regulaci\u00f3n legal y salidas profesionales<\/a><\/p>\n<p><span style=\"color: #800080\"><strong>T\u00e9cnico\/a en Est\u00e9tica y Belleza.&nbsp;<\/strong><\/span><a href=\"https:\/\/www.todofp.es\/dam\/jcr:8b72ea89-501d-49b4-b3d3-1b7842f2fdbd\/andtestetica-y-belleza-pdf.pdf\">Enlace a Todo FP, regulaci\u00f3n legal y salidas profesionales<\/a><\/p>\n<p><span style=\"color: #800080\"><strong>T\u00e9cnico\/a Superior en Caracterizaci\u00f3n y Maquillaje Profesional.&nbsp;<\/strong><\/span><a href=\"https:\/\/www.todofp.es\/que-como-y-donde-estudiar\/que-estudiar\/loe\/imagen-personal\/caracterizacion-maquillaje-profesional.html\">Enlace a Todo FP. Regulaci\u00f3n legal y salidas profesionales.<\/a><\/p>\n<p><span style=\"color: #800080\"><strong>T\u00e9cnico\/a Superior en Estilismo y Direcci\u00f3n de Peluquer\u00eda<\/strong><\/span>.&nbsp;<a href=\"https:\/\/www.todofp.es\/que-como-y-donde-estudiar\/que-estudiar\/loe\/imagen-personal\/estilismo-direccion-peluqueria.html\">Todo FP. Regulaci\u00f3n legal y salidas profesionales.<\/a><\/p>\n<p><span style=\"font-size: 14pt;color: #666699\"><strong>xxx M\u00d3DULO EMPRESA E INICIATIVA EMPRENDEDORA.<\/strong><\/span><\/p>\n<table style=\"border-collapse: collapse;width: 100%;height: 104px\">\n<tbody>\n<tr style=\"height: 26px\">\n<td style=\"width: 4.82759%;height: 26px\">&nbsp;<\/td>\n<td style=\"width: 95.1724%;height: 26px\"><strong><a href=\"https:\/\/blogsaverroes.juntadeandalucia.es\/proyectomeraky\/2022\/11\/04\/marco-europeo-sobre-competencia-emprendedora\/\">Competencia emprendedora: marco Entrecomp<\/a><\/strong><\/td>\n<\/tr>\n<tr style=\"height: 26px\">\n<td style=\"width: 4.82759%;height: 26px\">&nbsp;<\/td>\n<td style=\"width: 95.1724%;height: 26px\"><strong><a href=\"https:\/\/blogsaverroes.juntadeandalucia.es\/proyectomeraky\/2023\/02\/17\/que-es-el-metodo-scamper-y-como-se-aplica-en-el-aula-para-desarrollar-la-creatividad\/\">M\u00e9todo SCAMPER para desarrollar la creatividad<\/a><\/strong><\/td>\n<\/tr>\n<tr style=\"height: 26px\">\n<td style=\"width: 4.82759%;height: 26px\">&nbsp;<\/td>\n<td style=\"width: 95.1724%;height: 26px\">&nbsp;<\/td>\n<\/tr>\n<tr style=\"height: 26px\">\n<td style=\"width: 4.82759%;height: 26px\">&nbsp;<\/td>\n<td style=\"width: 95.1724%;height: 26px\">&nbsp;<\/td>\n<\/tr>\n<\/tbody>\n<\/table>\n<p>&nbsp;<\/p>\n<p><span style=\"font-size: 14pt;color: #666699\"><strong>xxxx M\u00d3DULO DE FORMACI\u00d3N Y ORIENTACI\u00d3N LABORAL<\/strong><\/span><\/p>\n<p><strong><span style=\"color: #99cc00;font-size: 10pt\"><a style=\"color: #99cc00\" href=\"https:\/\/blogsaverroes.juntadeandalucia.es\/proyectomeraky\/2021\/06\/03\/mi-marca-personal-me-condiciona\/\" rel=\"ugc\">LA MARCA PERSONAL ME CONDICIONA<\/a><\/span><\/strong><\/p>\n<ul style=\"list-style-type: disc\">\n<li><span style=\"color: #000080;font-size: 18pt\"><strong>\u00bfC\u00d3MO APRENDER?<\/strong><\/span><\/li>\n<\/ul>\n<p><strong><span style=\"font-family: trebuchet ms, geneva, sans-serif\">&nbsp;&nbsp;<\/span><\/strong><\/p>\n<table style=\"border-collapse: collapse;width: 106.724%;height: 130px\">\n<tbody>\n<tr style=\"height: 26px\">\n<td style=\"width: 50%;height: 26px\"><strong><span style=\"font-family: trebuchet ms, geneva, sans-serif\">VISUAL THINKING:<\/span><\/strong><\/td>\n<td style=\"width: 50%;height: 26px\"><strong><span style=\"font-family: trebuchet ms, geneva, sans-serif\">&nbsp;<a title=\"Elaborando mapas visuales\" href=\"https:\/\/blogsaverroes.juntadeandalucia.es\/proyectomeraky\/2020\/03\/24\/elaborando-mapas-visuales\/\" target=\"_blank\" rel=\"noopener noreferrer\"><span style=\"color: #3366ff\">Elaborando mapas visuales<\/span><\/a>&nbsp;<\/span><\/strong><\/p>\n<p><strong><span style=\"font-family: trebuchet ms, geneva, sans-serif\"><span style=\"color: #3366ff\"><a style=\"color: #3366ff\" href=\"https:\/\/blogsaverroes.juntadeandalucia.es\/proyectomeraky\/2020\/05\/31\/680\/\" target=\"_blank\" rel=\"noopener noreferrer\">Conceptos b\u00e1sicos del Visual Thinking<\/a><\/span><\/span><\/strong><\/td>\n<\/tr>\n<tr style=\"height: 26px\">\n<td style=\"width: 50%;height: 26px\"><span style=\"font-size: 12pt;font-family: 'trebuchet ms', geneva, sans-serif\"><strong>ENTORNO PERSONAL DE APRENDIZAJE: PLE<\/strong><\/span><\/td>\n<td style=\"width: 50%;height: 26px\"><strong><span style=\"font-family: 'trebuchet ms', geneva, sans-serif;color: #3366ff;font-size: 12pt\"> &nbsp;<a style=\"color: #3366ff\" href=\"https:\/\/blogsaverroes.juntadeandalucia.es\/proyectomeraky\/2020\/09\/27\/entornos-personales-de-aprendizaje-ple\/\" target=\"_blank\" rel=\"noopener noreferrer\">Entorno personal de aprendizaje: PLE<\/a><\/span><\/strong><\/td>\n<\/tr>\n<tr style=\"height: 26px\">\n<td style=\"width: 50%;height: 26px\"><strong><span style=\"font-family: trebuchet ms, geneva, sans-serif\">EQUIPOS \u00c1GILES:<\/span><\/strong><\/td>\n<td style=\"width: 50%;height: 26px\"><strong><span style=\"font-family: trebuchet ms, geneva, sans-serif\">&nbsp;<\/span><span style=\"color: #3366ff;font-family: trebuchet ms, geneva, sans-serif\"><a style=\"color: #3366ff\" href=\"https:\/\/blogsaverroes.juntadeandalucia.es\/proyectomeraky\/2020\/04\/26\/562\/\" target=\"_blank\" rel=\"noopener noreferrer\">Metodolog\u00eda de trabajo: Equipos \u00c1giles<\/a><\/span><\/strong><\/td>\n<\/tr>\n<tr style=\"height: 26px\">\n<td style=\"width: 50%;height: 26px\"><span style=\"font-family: 'trebuchet ms', geneva, sans-serif\"><strong>PRESENTACIONES ORALES.<\/strong><\/span><\/td>\n<td style=\"width: 50%;height: 26px\"><strong><span style=\"color: #000080\"><a style=\"color: #000080\" href=\"https:\/\/blogsaverroes.juntadeandalucia.es\/proyectomeraky\/2020\/10\/19\/presentaciones-sprint-elevator-pitch\/\">Presentaciones sprint: Elevator Pitch<\/a><\/span><\/strong><\/p>\n<p><strong><span style=\"color: #000080\"><a style=\"color: #000080\" title=\"PRESENTACIONES SPRINT: PECHAKUCHA\" href=\"https:\/\/blogsaverroes.juntadeandalucia.es\/proyectomeraky\/2020\/10\/19\/presentaciones-sprint-pechakucha\/\">Presentaciones sprint: PECHAKUCHA<\/a><\/span><\/strong><\/p>\n<p><strong><span style=\"color: #3366ff\"><a style=\"color: #3366ff\" href=\"https:\/\/blogsaverroes.juntadeandalucia.es\/proyectomeraky\/2023\/04\/24\/como-preparar-exposiciones-eficaces-mejorando-tu-comunicacion-oral\/\">Presentaciones orales eficaces.<\/a><\/span><\/strong><\/p>\n<p><span style=\"color: #003366\"><strong><a style=\"color: #003366\" href=\"https:\/\/blogsaverroes.juntadeandalucia.es\/proyectomeraky\/2022\/10\/14\/dominando-la-comunicacion-no-verbal-clave-para-una-presentacion-exitosa\/\">Comunicaci\u00f3n no verbal. Claves para dominarla<\/a><\/strong><\/span><\/td>\n<\/tr>\n<tr style=\"height: 26px\">\n<td style=\"width: 50%;height: 26px\"><span style=\"font-family: 'trebuchet ms', geneva, sans-serif\"><strong>T\u00c9CNICAS DE ESTUDIO<\/strong><\/span><\/td>\n<td style=\"width: 50%;height: 26px\"><strong><span style=\"color: #000080\"><a style=\"color: #000080\" href=\"https:\/\/blogsaverroes.juntadeandalucia.es\/proyectomeraky\/2022\/09\/11\/tecnicas-de-estudio-mejorar-tu-productividad-tnecnica-del-pomodoro\/\">T\u00e9cnica del Pomodoro<\/a><\/span><\/strong><\/td>\n<\/tr>\n<\/tbody>\n<\/table>\n<ul style=\"list-style-type: disc\">\n<li><span style=\"color: #000080;font-size: 18pt\"><strong>\u00bfC\u00d3MO EVALUAR Y CALIFICAR?<\/strong><\/span><\/li>\n<\/ul>\n<p><span style=\"font-family: trebuchet ms, geneva, sans-serif\">PORTAFOLIOS: <\/span><span style=\"font-family: trebuchet ms, geneva, sans-serif\"><span style=\"color: #3366ff\"><a style=\"color: #3366ff\" href=\"https:\/\/blogsaverroes.juntadeandalucia.es\/proyectomeraky\/2020\/06\/06\/elaborar-mi-portafolio\/\" target=\"_blank\" rel=\"noopener noreferrer\">Elaborar mi portafolio<\/a><\/span><\/span><\/p>\n<p><span style=\"font-family: tahoma, arial, helvetica, sans-serif\">REFLEXIONES METACOGNITIVAS<\/span>:&nbsp;<span style=\"color: #0000ff\"><a style=\"color: #0000ff\" title=\"Reflexiones de aprendizaje\" href=\"https:\/\/blogsaverroes.juntadeandalucia.es\/proyectomeraky\/2020\/10\/26\/reflexiones-metacognitivas\/\">Reflexiones de aprendizaje<\/a><\/span><\/p>\n<p style=\"text-align: center\">&nbsp;<\/p>\n","protected":false},"excerpt":{"rendered":"<p>Bienvenidos y bienvenidas!! El objetivo de esta p\u00e1gina es poner a vuestra disposici\u00f3n diferentes recursos y herramientas que puedan seros \u00fatiles durante vuestro aprendizaje. Para ello enlazar\u00e9 las distintas entradas que os permitan conocer instrumentos y herramientas de aprendizaje y de evaluaci\u00f3n. Vas a encontrar todos los recursos clasificados bajo tres categor\u00edas: \u00bfQU\u00c9 APRENDER? x &hellip; <\/p>\n<p class=\"link-more\"><a href=\"https:\/\/blogsaverroes.juntadeandalucia.es\/proyectomeraky\/rincon-del-alumnado\/\" class=\"more-link\">Continuar leyendo<span class=\"screen-reader-text\"> \u00abRINC\u00d3N DEL ALUMNADO\u00bb<\/span><\/a><\/p>\n","protected":false},"author":1631,"featured_media":0,"parent":0,"menu_order":0,"comment_status":"closed","ping_status":"closed","template":"","meta":{"ngg_post_thumbnail":0,"footnotes":""},"aioseo_notices":[],"_links":{"self":[{"href":"https:\/\/blogsaverroes.juntadeandalucia.es\/proyectomeraky\/wp-json\/wp\/v2\/pages\/576"}],"collection":[{"href":"https:\/\/blogsaverroes.juntadeandalucia.es\/proyectomeraky\/wp-json\/wp\/v2\/pages"}],"about":[{"href":"https:\/\/blogsaverroes.juntadeandalucia.es\/proyectomeraky\/wp-json\/wp\/v2\/types\/page"}],"author":[{"embeddable":true,"href":"https:\/\/blogsaverroes.juntadeandalucia.es\/proyectomeraky\/wp-json\/wp\/v2\/users\/1631"}],"replies":[{"embeddable":true,"href":"https:\/\/blogsaverroes.juntadeandalucia.es\/proyectomeraky\/wp-json\/wp\/v2\/comments?post=576"}],"version-history":[{"count":29,"href":"https:\/\/blogsaverroes.juntadeandalucia.es\/proyectomeraky\/wp-json\/wp\/v2\/pages\/576\/revisions"}],"predecessor-version":[{"id":1323,"href":"https:\/\/blogsaverroes.juntadeandalucia.es\/proyectomeraky\/wp-json\/wp\/v2\/pages\/576\/revisions\/1323"}],"wp:attachment":[{"href":"https:\/\/blogsaverroes.juntadeandalucia.es\/proyectomeraky\/wp-json\/wp\/v2\/media?parent=576"}],"curies":[{"name":"wp","href":"https:\/\/api.w.org\/{rel}","templated":true}]}}