{"id":684,"date":"2020-05-31T23:45:24","date_gmt":"2020-05-31T23:45:24","guid":{"rendered":"https:\/\/blogsaverroes.juntadeandalucia.es\/proyectomeraky\/?page_id=684"},"modified":"2022-09-21T07:33:11","modified_gmt":"2022-09-21T07:33:11","slug":"proteccion-de-datos-en-educacion","status":"publish","type":"page","link":"https:\/\/blogsaverroes.juntadeandalucia.es\/proyectomeraky\/proteccion-de-datos-en-educacion\/","title":{"rendered":"PROTECCI\u00d3N DE DATOS EN EDUCACI\u00d3N Y CIBERSEGURIDAD."},"content":{"rendered":"<p><img loading=\"lazy\" decoding=\"async\" class=\"size-medium wp-image-699 aligncenter\" src=\"https:\/\/blogsaverroes.juntadeandalucia.es\/proyectomeraky\/files\/2020\/06\/cvvcvcvcv-300x225.jpg\" alt=\"\" width=\"300\" height=\"225\" srcset=\"https:\/\/blogsaverroes.juntadeandalucia.es\/proyectomeraky\/files\/2020\/06\/cvvcvcvcv-300x225.jpg 300w, https:\/\/blogsaverroes.juntadeandalucia.es\/proyectomeraky\/files\/2020\/06\/cvvcvcvcv-768x576.jpg 768w, https:\/\/blogsaverroes.juntadeandalucia.es\/proyectomeraky\/files\/2020\/06\/cvvcvcvcv-24x18.jpg 24w, https:\/\/blogsaverroes.juntadeandalucia.es\/proyectomeraky\/files\/2020\/06\/cvvcvcvcv-36x27.jpg 36w, https:\/\/blogsaverroes.juntadeandalucia.es\/proyectomeraky\/files\/2020\/06\/cvvcvcvcv-48x36.jpg 48w, https:\/\/blogsaverroes.juntadeandalucia.es\/proyectomeraky\/files\/2020\/06\/cvvcvcvcv.jpg 800w\" sizes=\"(max-width: 300px) 100vw, 300px\" \/><\/p>\n<p style=\"text-align: center\"><strong>PROTECCI\u00d3N DE DATOS EN EDUCACI\u00d3N.<\/strong><\/p>\n<p style=\"text-align: justify\">En el a\u00f1o 2016 el Parlamento Europeo y el Consejo de la Uni\u00f3n Europea&nbsp; aprobaron el <span style=\"color: #3366ff\"><a style=\"color: #3366ff\" href=\"https:\/\/eur-lex.europa.eu\/legal-content\/ES\/TXT\/PDF\/?uri=CELEX:32016R0679&amp;from=EN\">Reglamento General de Protecci\u00f3n de Datos 2016\/679, de 27 de abril de 2016 .<\/a><\/span><\/p>\n<p style=\"text-align: justify\">Esta norma est\u00e1 en vigor en Espa\u00f1a desde <span id=\"hs_cos_wrapper_post_body\" class=\"hs_cos_wrapper hs_cos_wrapper_meta_field hs_cos_wrapper_type_rich_text\" data-hs-cos-general-type=\"meta_field\" data-hs-cos-type=\"rich_text\">el 25 de mayo de 2016. Aunque no se di\u00f3 la <strong>plena aplicaci\u00f3n hasta el 25 de mayo de 2018.&nbsp;<\/strong> <\/span><\/p>\n<p style=\"text-align: justify\">Este Reglamento es una norma que ha resultado tras varios a\u00f1os de negociaciones y debates entre instituciones, organismos, empresas y las autoridades de protecci\u00f3n de datos europeas. El fundamento principal y el esp\u00edritu de la norma se centra en la necesidad de regular el impacto de la tecnolog\u00eda, el progresivo tratamiento de datos en soporte informatizado o el crecimiento en las capacidades de almacenamiento de datos. Previamente la <strong><a href=\"http:\/\/eur-lex.europa.eu\/LexUriServ\/LexUriServ.do?uri=CELEX:31995L0046:es:HTML\" target=\"_blank\" rel=\"noopener noreferrer\">Directiva 95\/46\/CE<\/a><\/strong>, ya regulaba algunos de los nuevos casos de uso surgidos debido al impacto de la tecnolog\u00eda en los a\u00f1os 90, este Reglamento ha venido a dar respuesta al <strong>incesante avance de las nuevas tecnolog\u00edas<\/strong> en las \u00faltimas d\u00e9cadas, han debido regular m\u00e1s en detalle (en virtud de sus competencias) aspectos que se derivan de dicha evoluci\u00f3n tecnol\u00f3gica, como son la privacidad y la protecci\u00f3n de datos.<\/p>\n<p style=\"text-align: justify\">En Espa\u00f1a, y en Andaluc\u00eda encontramos legislaci\u00f3n complementaria que pod\u00e9is consultar en los siguientes enlace:<\/p>\n<p style=\"text-align: justify\"><strong>Ley Org\u00e1nica 3\/2018, de 5 de diciembre, de Protecci\u00f3n de Datos Personales y garant\u00eda de los derechos digitales.<\/strong><\/p>\n<p style=\"text-align: center\"><a href=\"https:\/\/www.boe.es\/eli\/es\/lo\/2018\/12\/05\/3\"><span style=\"color: #3366ff\">Ley de Protecci\u00f3n de Datos Personales y garant\u00eda de los derechos <\/span><\/a><span style=\"color: #3366ff\"><a style=\"color: #3366ff\" href=\"https:\/\/www.boe.es\/eli\/es\/lo\/2018\/12\/05\/3\">digitales<\/a><\/span><\/p>\n<p style=\"text-align: center\"><a href=\"https:\/\/www.adideandalucia.es\/?view=disposicion&amp;cat=97\"><span style=\"color: #3366ff\">Normativa complementaria de Protecci\u00f3n de Datos<\/span> <\/a><\/p>\n<p style=\"text-align: justify\">Es interesante destacar que en el sector de la EDUCACI\u00d3N la Agencia Espa\u00f1ola de protecci\u00f3n de Datos ha publicado una Guia que incluye los conceptos y principios b\u00e1sicos en materia de protecci\u00f3n de datos que pretende facilitar la aplicaci\u00f3n concreta a las situaciones que se presentan en la pr\u00e1ctica teniendo presente la perspectiva del nuevo Reglamento General de Protecci\u00f3n de Datos.<\/p>\n<p>Esta gu\u00eda la podemos descargar en el siguiente enlace:<\/p>\n<p style=\"text-align: center\"><span style=\"color: #3366ff\"><a style=\"color: #3366ff\" href=\"http:\/\/www.educa.jccm.es\/es\/centros\/organizacion-funcionamiento\/guia-centros-educativos-agencia-espanola-proteccion-datos\" target=\"_blank\" rel=\"noopener noreferrer\">Descargar Guia de Protecci\u00f3n de Datos en Educaci\u00f3n<\/a><\/span><\/p>\n<p><img loading=\"lazy\" decoding=\"async\" class=\"size-medium wp-image-706 aligncenter\" src=\"https:\/\/blogsaverroes.juntadeandalucia.es\/proyectomeraky\/files\/2020\/06\/thumb_GuiaCentrosEducativos-10.59049589454955742067632996092952120-212x300.jpg\" alt=\"\" width=\"212\" height=\"300\" srcset=\"https:\/\/blogsaverroes.juntadeandalucia.es\/proyectomeraky\/files\/2020\/06\/thumb_GuiaCentrosEducativos-10.59049589454955742067632996092952120-212x300.jpg 212w, https:\/\/blogsaverroes.juntadeandalucia.es\/proyectomeraky\/files\/2020\/06\/thumb_GuiaCentrosEducativos-10.59049589454955742067632996092952120-17x24.jpg 17w, https:\/\/blogsaverroes.juntadeandalucia.es\/proyectomeraky\/files\/2020\/06\/thumb_GuiaCentrosEducativos-10.59049589454955742067632996092952120-25x36.jpg 25w, https:\/\/blogsaverroes.juntadeandalucia.es\/proyectomeraky\/files\/2020\/06\/thumb_GuiaCentrosEducativos-10.59049589454955742067632996092952120-34x48.jpg 34w, https:\/\/blogsaverroes.juntadeandalucia.es\/proyectomeraky\/files\/2020\/06\/thumb_GuiaCentrosEducativos-10.59049589454955742067632996092952120.jpg 250w\" sizes=\"(max-width: 212px) 100vw, 212px\" \/><\/p>\n<p>&nbsp;<\/p>\n<p style=\"text-align: justify\"><strong>PARA SABER M\u00c1S AL RESPECTO OS DEJO ENLACES A <span style=\"color: #99cc00;font-size: 14pt\">ENTRADAS<\/span> DONDE DESARROLLO ALGUNO DE LOS ASPECTOS INTERESANTES:<\/strong><\/p>\n<ul>\n<li style=\"list-style-type: none\">\n<ul>\n<li style=\"list-style-type: none\">\n<ul style=\"list-style-type: square\">\n<li><span style=\"color: #3366ff\"><a style=\"color: #3366ff\" href=\"https:\/\/blogsaverroes.juntadeandalucia.es\/proyectomeraky\/2022\/09\/17\/identidad-digital-2-0\/\">IDENTIDAD DIGITAL. 2.0<\/a><\/span><\/li>\n<li style=\"text-align: justify\"><span style=\"color: #3366ff\"><a style=\"color: #3366ff\" href=\"https:\/\/blogsaverroes.juntadeandalucia.es\/proyectomeraky\/2020\/09\/11\/tratamiento-de-datos-en-educacion\/\">TRATAMIENTO DE DATOS EN EDUCACI\u00d3N<\/a><\/span><\/li>\n<li style=\"text-align: justify\"><span style=\"color: #3366ff\"><a style=\"color: #3366ff\" href=\"https:\/\/blogsaverroes.juntadeandalucia.es\/proyectomeraky\/2020\/09\/11\/persona-delegada-de-proteccion-de-datos\/\">PERSONA DELEGADA DE PROTECCI\u00d3N DE DATOS<\/a><\/span><\/li>\n<li style=\"text-align: justify\"><span style=\"color: #3366ff\"><a style=\"color: #3366ff\" href=\"https:\/\/blogsaverroes.juntadeandalucia.es\/proyectomeraky\/2020\/09\/11\/uso-de-plataformas-y-aplicaciones-educativas-cumpliendo-la-normativa-de-proteccion-de-datos\/\">USO DE APLICACIONES Y PLATAFORMAS EDUCATIVAS<\/a><\/span><\/li>\n<li style=\"text-align: justify\"><a title=\"CONSENTIMIENTO INFORMADO PARA VISUALIZAR BUENAS PR\u00c1CTICAS\" href=\"https:\/\/blogsaverroes.juntadeandalucia.es\/proyectomeraky\/2021\/04\/23\/consentimiento-informado-para-visibilizar-buenas-practicas\/\"><span style=\"color: #3366ff\">CONSENTIMIENTO INFORMADO PARA VISUALIZAR BUENAS PR\u00c1CTICAS<\/span><\/a><\/li>\n<li style=\"text-align: justify\"><span style=\"color: #3366ff\"><a style=\"color: #3366ff\" title=\"OBLIGACIONES Y DERECHOS DE LOS CENTROS EDUCATIVOS EN MATERIA DE PROTECCI\u00d3N DE DATOS\" href=\"https:\/\/blogsaverroes.juntadeandalucia.es\/proyectomeraky\/2021\/01\/10\/obligaciones-y-derechos-de-los-centros-educativos-en-materia-de-proteccion-de-datos\/\">OBLIGACIONES Y DERECHOS DE LOS CENTROS EDUCATIVOS EN MATERIA DE PROTECCI\u00d3N DE DATOS<\/a><\/span><\/li>\n<li style=\"text-align: justify\"><span style=\"color: #3366ff\"><a style=\"color: #3366ff\" href=\"https:\/\/blogsaverroes.juntadeandalucia.es\/proyectomeraky\/2021\/09\/06\/obligacion-de-informacion-por-parte-de-los-centros-educativos\/\">OBLIGACI\u00d3N DE INFORMAR DE LOS CENTROS EDUCATIVOS EN MATERIA DE PD<\/a><\/span><\/li>\n<li><span style=\"color: #3366ff\"><a style=\"color: #3366ff\" title=\"DERECHOS DE AUTODETERMINACI\u00d3N INFORMATIVA.\" href=\"https:\/\/blogsaverroes.juntadeandalucia.es\/proyectomeraky\/2021\/09\/16\/derechos-de-la-autodeterminacion-informativa\/\">DERECHOS DE AUTODETERMINACI\u00d3N INFORMATIVA.<\/a><\/span><\/li>\n<\/ul>\n<\/li>\n<\/ul>\n<\/li>\n<\/ul>\n<p><span style=\"color: #99cc00\"><strong>CIBERSEGURIDAD.<\/strong><\/span><\/p>\n<ul>\n<li style=\"list-style-type: none\">\n<ul style=\"list-style-type: square\">\n<li><span style=\"color: #99cc00\"><a style=\"color: #99cc00\" title=\"PELIGROS EN LA RED.\" href=\"https:\/\/blogsaverroes.juntadeandalucia.es\/proyectomeraky\/2021\/09\/17\/peligros-en-la-red\/\">PELIGROS EN LA RED<\/a><\/span><\/li>\n<li><span style=\"color: #99cc00\"><a style=\"color: #99cc00\" title=\"MEDIDAS B\u00c1SICAS DE CIBERSEGURIDAD. ALGUNAS RECOMENDACIONES.\" href=\"https:\/\/blogsaverroes.juntadeandalucia.es\/proyectomeraky\/2021\/09\/09\/medidas-basicas-de-ciberseguridad-algunas-recomendaciones\/\">MEDIDAS B\u00c1SICAS DE CIBERSEGURIDAD. ALGUNAS RECOMENDACIONES.<\/a><\/span><\/li>\n<\/ul>\n<\/li>\n<\/ul>\n<ul style=\"list-style-type: square\">\n<li style=\"list-style-type: none\">\n<ul style=\"list-style-type: square\">\n<li><span style=\"color: #99cc00\"><a style=\"color: #99cc00\" title=\"MEDIDAS B\u00c1SICAS DE CIBERSEGURIDAD. COPIAS DE SEGURIDAD.\" href=\"https:\/\/blogsaverroes.juntadeandalucia.es\/proyectomeraky\/2021\/09\/15\/medidas-basicas-de-ciberseguridad-copias-de-seguridad\/\">MEDIDAS B\u00c1SICAS DE CIBERSEGURIDAD. COPIAS DE SEGURIDAD.<\/a><\/span><\/li>\n<\/ul>\n<\/li>\n<\/ul>\n<ul style=\"list-style-type: square\">\n<li style=\"list-style-type: none\">\n<ul style=\"list-style-type: square\">\n<li><span style=\"color: #99cc00\"><a style=\"color: #99cc00\" title=\"MEDIDAS B\u00c1SICAS DE CIBERSEGURIDAD. CONTRASE\u00d1AS SEGURAS.\" href=\"https:\/\/blogsaverroes.juntadeandalucia.es\/proyectomeraky\/2021\/09\/14\/medidas-basicas-de-ciberseguridad-contrasenas-seguras\/\">MEDIDAS B\u00c1SICAS DE CIBERSEGURIDAD. CONTRASE\u00d1AS SEGURAS.<\/a><\/span><\/li>\n<\/ul>\n<\/li>\n<\/ul>\n<p>&nbsp;<\/p>\n","protected":false},"excerpt":{"rendered":"<p>PROTECCI\u00d3N DE DATOS EN EDUCACI\u00d3N. En el a\u00f1o 2016 el Parlamento Europeo y el Consejo de la Uni\u00f3n Europea&nbsp; aprobaron el Reglamento General de Protecci\u00f3n de Datos 2016\/679, de 27 de abril de 2016 . Esta norma est\u00e1 en vigor en Espa\u00f1a desde el 25 de mayo de 2016. Aunque no se di\u00f3 la plena &hellip; <\/p>\n<p class=\"link-more\"><a href=\"https:\/\/blogsaverroes.juntadeandalucia.es\/proyectomeraky\/proteccion-de-datos-en-educacion\/\" class=\"more-link\">Continuar leyendo<span class=\"screen-reader-text\"> \u00abPROTECCI\u00d3N DE DATOS EN EDUCACI\u00d3N Y CIBERSEGURIDAD.\u00bb<\/span><\/a><\/p>\n","protected":false},"author":1631,"featured_media":0,"parent":0,"menu_order":0,"comment_status":"closed","ping_status":"closed","template":"","meta":{"ngg_post_thumbnail":0,"footnotes":""},"aioseo_notices":[],"_links":{"self":[{"href":"https:\/\/blogsaverroes.juntadeandalucia.es\/proyectomeraky\/wp-json\/wp\/v2\/pages\/684"}],"collection":[{"href":"https:\/\/blogsaverroes.juntadeandalucia.es\/proyectomeraky\/wp-json\/wp\/v2\/pages"}],"about":[{"href":"https:\/\/blogsaverroes.juntadeandalucia.es\/proyectomeraky\/wp-json\/wp\/v2\/types\/page"}],"author":[{"embeddable":true,"href":"https:\/\/blogsaverroes.juntadeandalucia.es\/proyectomeraky\/wp-json\/wp\/v2\/users\/1631"}],"replies":[{"embeddable":true,"href":"https:\/\/blogsaverroes.juntadeandalucia.es\/proyectomeraky\/wp-json\/wp\/v2\/comments?post=684"}],"version-history":[{"count":18,"href":"https:\/\/blogsaverroes.juntadeandalucia.es\/proyectomeraky\/wp-json\/wp\/v2\/pages\/684\/revisions"}],"predecessor-version":[{"id":1060,"href":"https:\/\/blogsaverroes.juntadeandalucia.es\/proyectomeraky\/wp-json\/wp\/v2\/pages\/684\/revisions\/1060"}],"wp:attachment":[{"href":"https:\/\/blogsaverroes.juntadeandalucia.es\/proyectomeraky\/wp-json\/wp\/v2\/media?parent=684"}],"curies":[{"name":"wp","href":"https:\/\/api.w.org\/{rel}","templated":true}]}}