{"id":163,"date":"2020-04-19T08:28:41","date_gmt":"2020-04-19T06:28:41","guid":{"rendered":"https:\/\/blogsaverroes.juntadeandalucia.es\/proyectos\/?page_id=163"},"modified":"2020-04-19T12:03:38","modified_gmt":"2020-04-19T10:03:38","slug":"criterios-de-recuperacion","status":"publish","type":"page","link":"https:\/\/blogsaverroes.juntadeandalucia.es\/proyectos\/criterios-de-recuperacion\/","title":{"rendered":"Criterios de recuperaci\u00f3n"},"content":{"rendered":"<p>El Departamento de Dise\u00f1o de Interiores ha establecido como criterios de recuperaci\u00f3n los siguientes:<\/p>\n<h2>Para los alumnos que asisten regularmente a clase:<\/h2>\n<p>Se entiende que un alumno se encuentra en esta circunstancia cuando las faltas de asistencia injustificadas a clase sean inferiores al 20%.<\/p>\n<p>Realizada la revisi\u00f3n y correcci\u00f3n de las actividades, los alumnos que no hayan alcanzado los objetivos, pueden proceder a su repetici\u00f3n considerando la correcci\u00f3n realizada hasta alcanzar lo previsto. Estas correcciones se podr\u00e1n presentar en cualquier momento del proceso.<\/p>\n<p>En el caso de que no se recuperen las actividades, se podr\u00e1n alcanzar los m\u00ednimos en la prueba de evaluaci\u00f3n final o volviendo a entregar las actividades corregidas en septiembre.<\/p>\n<h2>Para los alumnos que no asisten regularmente a clase:<\/h2>\n<p>Si el n\u00famero de faltas injustificadas es igual o superior al 20% del total de horas lectivas, el alumno\/a perder\u00e1 su derecho a una evaluaci\u00f3n continua y ser\u00e1 un indicador negativo a la hora de evaluar al alumno\/a, seg\u00fan el art. 3.3 del Proyecto Educativo y deber\u00e1 presentarse a la evaluaci\u00f3n final o a la evaluaci\u00f3n extraordinaria en septiembre. Ambas pruebas constar\u00e1n de dos apartados:<\/p>\n<ol>\n<li>Entrega de todas las actividades propuestas durante el curso.<\/li>\n<li>Desarrollo de un proyecto en Revit con entrega de bocetos, dibujos a color, croquis y memoria.<\/li>\n<\/ol>\n<p>Para poder aprobar ser\u00e1 necesario obtener en cada uno de los apartados, al menos, una calificaci\u00f3n de 5.<\/p>\n<p>La convocatoria Extraordinaria de Septiembre se realizar\u00e1 en los d\u00edas que el Centro asigne al m\u00f3dulo.<\/p>\n","protected":false},"excerpt":{"rendered":"<p>El Departamento de Dise\u00f1o de Interiores ha establecido como criterios de recuperaci\u00f3n los siguientes: Para los alumnos que asisten regularmente a clase: Se entiende que un alumno se encuentra en esta circunstancia cuando las&#46;&#46;&#46;<\/p>\n","protected":false},"author":7522,"featured_media":0,"parent":0,"menu_order":9,"comment_status":"closed","ping_status":"closed","template":"page-templates\/child-menu.php","meta":{"ngg_post_thumbnail":0,"footnotes":""},"aioseo_notices":[],"_links":{"self":[{"href":"https:\/\/blogsaverroes.juntadeandalucia.es\/proyectos\/wp-json\/wp\/v2\/pages\/163"}],"collection":[{"href":"https:\/\/blogsaverroes.juntadeandalucia.es\/proyectos\/wp-json\/wp\/v2\/pages"}],"about":[{"href":"https:\/\/blogsaverroes.juntadeandalucia.es\/proyectos\/wp-json\/wp\/v2\/types\/page"}],"author":[{"embeddable":true,"href":"https:\/\/blogsaverroes.juntadeandalucia.es\/proyectos\/wp-json\/wp\/v2\/users\/7522"}],"replies":[{"embeddable":true,"href":"https:\/\/blogsaverroes.juntadeandalucia.es\/proyectos\/wp-json\/wp\/v2\/comments?post=163"}],"version-history":[{"count":3,"href":"https:\/\/blogsaverroes.juntadeandalucia.es\/proyectos\/wp-json\/wp\/v2\/pages\/163\/revisions"}],"predecessor-version":[{"id":167,"href":"https:\/\/blogsaverroes.juntadeandalucia.es\/proyectos\/wp-json\/wp\/v2\/pages\/163\/revisions\/167"}],"wp:attachment":[{"href":"https:\/\/blogsaverroes.juntadeandalucia.es\/proyectos\/wp-json\/wp\/v2\/media?parent=163"}],"curies":[{"name":"wp","href":"https:\/\/api.w.org\/{rel}","templated":true}]}}