{"id":35,"date":"2023-10-29T10:15:28","date_gmt":"2023-10-29T08:15:28","guid":{"rendered":"https:\/\/blogsaverroes.juntadeandalucia.es\/proyectos\/my-calendar\/"},"modified":"2023-10-29T11:15:48","modified_gmt":"2023-10-29T09:15:48","slug":"my-calendar","status":"publish","type":"page","link":"https:\/\/blogsaverroes.juntadeandalucia.es\/proyectos\/my-calendar\/","title":{"rendered":"Calendario 2023_24"},"content":{"rendered":"<p>Desde el enlace puedes acceder al calendario del <strong>curso 2023-24<\/strong>,<strong>&nbsp;<\/strong>facilitado por la Delegaci\u00f3n Territorial en C\u00f3rdoba de la Consejer\u00eda de Desarrollo Educativo y Formaci\u00f3n Profesional de la Junta de Andaluc\u00eda. Adem\u00e1s y aunque no est\u00e9n indicados, se han contemplado como<strong> D\u00eda de Fiesta Local&nbsp; y posiblemente el 24 de octubre y el 30 y 31 de mayo.<\/strong><\/p>\n<p><a href=\"https:\/\/www.juntadeandalucia.es\/educacion\/portals\/delegate\/content\/62813965-2b3a-4d7e-89e9-af24f17f3949\/Resoluci%C3%B3n%20y%20Calendario%20Escolar%202023\/2024\">calendario_escolar_cordoba_2023-24<\/a><\/p>\n","protected":false},"excerpt":{"rendered":"<p>Desde el enlace puedes acceder al calendario del curso 2023-24,&nbsp;facilitado por la Delegaci\u00f3n Territorial en C\u00f3rdoba de la Consejer\u00eda de Desarrollo Educativo y Formaci\u00f3n Profesional de la Junta de Andaluc\u00eda. Adem\u00e1s y aunque no&#46;&#46;&#46;<\/p>\n","protected":false},"author":7522,"featured_media":0,"parent":0,"menu_order":0,"comment_status":"closed","ping_status":"closed","template":"","meta":{"ngg_post_thumbnail":0,"footnotes":""},"aioseo_notices":[],"_links":{"self":[{"href":"https:\/\/blogsaverroes.juntadeandalucia.es\/proyectos\/wp-json\/wp\/v2\/pages\/35"}],"collection":[{"href":"https:\/\/blogsaverroes.juntadeandalucia.es\/proyectos\/wp-json\/wp\/v2\/pages"}],"about":[{"href":"https:\/\/blogsaverroes.juntadeandalucia.es\/proyectos\/wp-json\/wp\/v2\/types\/page"}],"author":[{"embeddable":true,"href":"https:\/\/blogsaverroes.juntadeandalucia.es\/proyectos\/wp-json\/wp\/v2\/users\/7522"}],"replies":[{"embeddable":true,"href":"https:\/\/blogsaverroes.juntadeandalucia.es\/proyectos\/wp-json\/wp\/v2\/comments?post=35"}],"version-history":[{"count":15,"href":"https:\/\/blogsaverroes.juntadeandalucia.es\/proyectos\/wp-json\/wp\/v2\/pages\/35\/revisions"}],"predecessor-version":[{"id":1325,"href":"https:\/\/blogsaverroes.juntadeandalucia.es\/proyectos\/wp-json\/wp\/v2\/pages\/35\/revisions\/1325"}],"wp:attachment":[{"href":"https:\/\/blogsaverroes.juntadeandalucia.es\/proyectos\/wp-json\/wp\/v2\/media?parent=35"}],"curies":[{"name":"wp","href":"https:\/\/api.w.org\/{rel}","templated":true}]}}