{"id":542,"date":"2020-04-19T09:40:01","date_gmt":"2020-04-19T07:40:01","guid":{"rendered":"https:\/\/blogsaverroes.juntadeandalucia.es\/proyectos\/?page_id=542"},"modified":"2020-04-19T11:59:10","modified_gmt":"2020-04-19T09:59:10","slug":"curriculo","status":"publish","type":"page","link":"https:\/\/blogsaverroes.juntadeandalucia.es\/proyectos\/curriculo\/","title":{"rendered":"Curr\u00edculo"},"content":{"rendered":"<p>El curr\u00edculo del M\u00f3dulo 10 figura en el&nbsp;DECRETO 182\/1997, de 15 de julio, por el que se establecen los curr\u00edculos correspondientes a los t\u00edtulos de Artes Pl\u00e1sticas y Dise\u00f1o de T\u00e9cnico Superior en Amueblamiento, de T\u00e9cnico Superior en Arquitectura Ef\u00edmera, de T\u00e9cnico Superior en Escaparatismo, de T\u00e9cnico Superior en Elementos de Jard\u00edn y de T\u00e9cnico Superior en Proyectos y Direcci\u00f3n de Obras de Decoraci\u00f3n, pertenecientes a la familia profesional de Dise\u00f1o de Interiores.<\/p>\n<p>BOJA n\u00fam. 93 de 12 de agosto 1997.&nbsp;Ver esta disposici\u00f3n en fasc\u00edculo 2 de 4 de este mismo n\u00famero.<\/p>\n<p>El curr\u00edculo se desarrolla en la Programaci\u00f3n del M\u00f3dulo 10.<\/p>\n","protected":false},"excerpt":{"rendered":"<p>El curr\u00edculo del M\u00f3dulo 10 figura en el&nbsp;DECRETO 182\/1997, de 15 de julio, por el que se establecen los curr\u00edculos correspondientes a los t\u00edtulos de Artes Pl\u00e1sticas y Dise\u00f1o de T\u00e9cnico Superior en Amueblamiento,&#46;&#46;&#46;<\/p>\n","protected":false},"author":7522,"featured_media":0,"parent":0,"menu_order":2,"comment_status":"closed","ping_status":"closed","template":"page-templates\/child-menu.php","meta":{"ngg_post_thumbnail":0,"footnotes":""},"aioseo_notices":[],"_links":{"self":[{"href":"https:\/\/blogsaverroes.juntadeandalucia.es\/proyectos\/wp-json\/wp\/v2\/pages\/542"}],"collection":[{"href":"https:\/\/blogsaverroes.juntadeandalucia.es\/proyectos\/wp-json\/wp\/v2\/pages"}],"about":[{"href":"https:\/\/blogsaverroes.juntadeandalucia.es\/proyectos\/wp-json\/wp\/v2\/types\/page"}],"author":[{"embeddable":true,"href":"https:\/\/blogsaverroes.juntadeandalucia.es\/proyectos\/wp-json\/wp\/v2\/users\/7522"}],"replies":[{"embeddable":true,"href":"https:\/\/blogsaverroes.juntadeandalucia.es\/proyectos\/wp-json\/wp\/v2\/comments?post=542"}],"version-history":[{"count":2,"href":"https:\/\/blogsaverroes.juntadeandalucia.es\/proyectos\/wp-json\/wp\/v2\/pages\/542\/revisions"}],"predecessor-version":[{"id":544,"href":"https:\/\/blogsaverroes.juntadeandalucia.es\/proyectos\/wp-json\/wp\/v2\/pages\/542\/revisions\/544"}],"wp:attachment":[{"href":"https:\/\/blogsaverroes.juntadeandalucia.es\/proyectos\/wp-json\/wp\/v2\/media?parent=542"}],"curies":[{"name":"wp","href":"https:\/\/api.w.org\/{rel}","templated":true}]}}