{"id":545,"date":"2020-04-19T09:42:48","date_gmt":"2020-04-19T07:42:48","guid":{"rendered":"https:\/\/blogsaverroes.juntadeandalucia.es\/proyectos\/?page_id=545"},"modified":"2020-04-19T11:59:42","modified_gmt":"2020-04-19T09:59:42","slug":"programacion","status":"publish","type":"page","link":"https:\/\/blogsaverroes.juntadeandalucia.es\/proyectos\/programacion\/","title":{"rendered":"Programaci\u00f3n"},"content":{"rendered":"<p>La programaci\u00f3n did\u00e1ctica es el instrumento espec\u00edfico de planificaci\u00f3n, desarrollo y evaluaci\u00f3n del m\u00f3dulo profesional del curr\u00edculo establecido por la normativa vigente, Responde al Art\u00edculo 28 del R.O.E.A., a los criterios generales recogidos en el Proyecto Educativo y a las necesidades y caracter\u00edsticas del alumnado del presente curso 2.019-20, corresponde al m\u00f3dulo 10 ubicado en:<\/p>\n<p>Ense\u00f1anzas de R\u00e9gimen Especial: ARTES PL\u00c1STICAS Y DISE\u00d1O.<\/p>\n<p>Familia profesional: DISE\u00d1O DE INTERIORES.<\/p>\n<p>Ciclo Formativo de Grado Superior:&nbsp; PROYECTOS Y DIRECCI\u00d3N DE OBRAS DE DECORACI\u00d3N.<\/p>\n<p>M\u00f3dulo 10:&nbsp; PROYECTOS: PROYECTOS Y DIRECCI\u00d3N DE OBRAS.<\/p>\n<p>Curso:&nbsp; SEGUNDO.<\/p>\n<p>Duraci\u00f3n:&nbsp; 364 HORAS.<\/p>\n<p>Una copia de la programaci\u00f3n did\u00e1ctica se encuentra en el aula para su consulta. Adem\u00e1s de los contenidos que contempla el curr\u00edculo se desarrolla el programa REVIT.<\/p>\n<p>&nbsp;<\/p>\n","protected":false},"excerpt":{"rendered":"<p>La programaci\u00f3n did\u00e1ctica es el instrumento espec\u00edfico de planificaci\u00f3n, desarrollo y evaluaci\u00f3n del m\u00f3dulo profesional del curr\u00edculo establecido por la normativa vigente, Responde al Art\u00edculo 28 del R.O.E.A., a los criterios generales recogidos en&#46;&#46;&#46;<\/p>\n","protected":false},"author":7522,"featured_media":0,"parent":0,"menu_order":3,"comment_status":"closed","ping_status":"closed","template":"page-templates\/child-menu.php","meta":{"ngg_post_thumbnail":0,"footnotes":""},"aioseo_notices":[],"_links":{"self":[{"href":"https:\/\/blogsaverroes.juntadeandalucia.es\/proyectos\/wp-json\/wp\/v2\/pages\/545"}],"collection":[{"href":"https:\/\/blogsaverroes.juntadeandalucia.es\/proyectos\/wp-json\/wp\/v2\/pages"}],"about":[{"href":"https:\/\/blogsaverroes.juntadeandalucia.es\/proyectos\/wp-json\/wp\/v2\/types\/page"}],"author":[{"embeddable":true,"href":"https:\/\/blogsaverroes.juntadeandalucia.es\/proyectos\/wp-json\/wp\/v2\/users\/7522"}],"replies":[{"embeddable":true,"href":"https:\/\/blogsaverroes.juntadeandalucia.es\/proyectos\/wp-json\/wp\/v2\/comments?post=545"}],"version-history":[{"count":1,"href":"https:\/\/blogsaverroes.juntadeandalucia.es\/proyectos\/wp-json\/wp\/v2\/pages\/545\/revisions"}],"predecessor-version":[{"id":546,"href":"https:\/\/blogsaverroes.juntadeandalucia.es\/proyectos\/wp-json\/wp\/v2\/pages\/545\/revisions\/546"}],"wp:attachment":[{"href":"https:\/\/blogsaverroes.juntadeandalucia.es\/proyectos\/wp-json\/wp\/v2\/media?parent=545"}],"curies":[{"name":"wp","href":"https:\/\/api.w.org\/{rel}","templated":true}]}}