{"id":549,"date":"2020-04-19T09:50:30","date_gmt":"2020-04-19T07:50:30","guid":{"rendered":"https:\/\/blogsaverroes.juntadeandalucia.es\/proyectos\/?page_id=549"},"modified":"2020-04-19T12:00:09","modified_gmt":"2020-04-19T10:00:09","slug":"competencias","status":"publish","type":"page","link":"https:\/\/blogsaverroes.juntadeandalucia.es\/proyectos\/competencias\/","title":{"rendered":"Competencias"},"content":{"rendered":"<h1><u>COMPETENCIAS.<\/u><\/h1>\n<p><strong>&nbsp;<\/strong><\/p>\n<h1><a name=\"_TOC_250013\"><\/a>1.&nbsp;&nbsp;&nbsp;&nbsp;&nbsp;&nbsp;&nbsp;&nbsp; <u>Competencias profesionales.<\/u><\/h1>\n<ul>\n<li><strong><u>Unidad de Competencia UC5: <\/u><\/strong>Resolver, en equipo o individualmente, la representaci\u00f3n gr\u00e1fica de proyectos, con posibilidad de gesti\u00f3n y coordinaci\u00f3n. Esta competencia se verifica con el desarrollo de los objetivos G.2, O.G.3, O.G.5, O.G.9 y O.G.10<\/li>\n<li><strong><u>Unidad de Competencia UC8<\/u><\/strong><u>: <\/u>Dirigir la ejecuci\u00f3n de los trabajos propios de su \u00e1mbito. Esta competencia se completa con el desarrollo del objetivo G.6 del presente m\u00f3dulo junto con los objetivos O.G.4 y O.G.7 que desarrolla el m\u00f3dulo 8.<\/li>\n<li>&nbsp;<\/li>\n<\/ul>\n<h1><a name=\"_TOC_250012\"><\/a>2.&nbsp;&nbsp;&nbsp;&nbsp;&nbsp;&nbsp;&nbsp;&nbsp; <u>Competencias personales.<\/u><\/h1>\n<ul>\n<li>Incentivar el esfuerzo y el trabajo personal como medio insustituible para la adquisici\u00f3n del<\/li>\n<li>Desarrollar las capacidades creativa, cr\u00edtica y est\u00e9tica posibilitando el desarrollo de su propia<\/li>\n<li>Utilizar racionalmente los recursos<\/li>\n<li>Interpretar de forma cr\u00edtica y razonada la informaci\u00f3n, propiciando un aprendizaje interactivo que permita una mayor adquisici\u00f3n de<\/li>\n<li>Impulsar la autoevaluaci\u00f3n del alumno\/a.<\/li>\n<li>Desarrollar actitudes y h\u00e1bitos de comportamiento saludables e higi\u00e9nicos.<\/li>\n<li>Fomentar la defensa, respeto y conservaci\u00f3n del patrimonio hist\u00f3rico\u2010art\u00edstico, el medio ambiente y la cultura en<\/li>\n<\/ul>\n<p>&nbsp;<\/p>\n<h1><a name=\"_TOC_250011\"><\/a>3.&nbsp;&nbsp;&nbsp;&nbsp;&nbsp;&nbsp;&nbsp;&nbsp; <u>Competencias sociales.<\/u><\/h1>\n<ul>\n<li>Respetar los derechos y libertades fundamentales propios de un sistema democr\u00e1tico.<\/li>\n<li>Desarrollar un clima fluido de convivencia en el<\/li>\n<li>Fomentar la participaci\u00f3n y colaboraci\u00f3n en las distintas actividades del<\/li>\n<\/ul>\n<p>El Departamento de Dise\u00f1o de Interiores acord\u00f3 para el curso 2.016\u201017 insistir en las siguientes actitudes: Asistir regularmente a clase con puntualidad.<\/p>\n<ul>\n<li>Asistir regularmente a clase con<\/li>\n<li>Apreciar la participaci\u00f3n activa en clase, valorar el af\u00e1n investigador y la iniciativa en la expresi\u00f3n de<\/li>\n<li>Fomento del trabajo en grupo y de la colaboraci\u00f3n en la buena marcha del equipo.<\/li>\n<\/ul>\n","protected":false},"excerpt":{"rendered":"<p>COMPETENCIAS. &nbsp; 1.&nbsp;&nbsp;&nbsp;&nbsp;&nbsp;&nbsp;&nbsp;&nbsp; Competencias profesionales. Unidad de Competencia UC5: Resolver, en equipo o individualmente, la representaci\u00f3n gr\u00e1fica de proyectos, con posibilidad de gesti\u00f3n y coordinaci\u00f3n. Esta competencia se verifica con el desarrollo de los&#46;&#46;&#46;<\/p>\n","protected":false},"author":7522,"featured_media":0,"parent":0,"menu_order":4,"comment_status":"closed","ping_status":"closed","template":"page-templates\/child-menu.php","meta":{"ngg_post_thumbnail":0,"footnotes":""},"aioseo_notices":[],"_links":{"self":[{"href":"https:\/\/blogsaverroes.juntadeandalucia.es\/proyectos\/wp-json\/wp\/v2\/pages\/549"}],"collection":[{"href":"https:\/\/blogsaverroes.juntadeandalucia.es\/proyectos\/wp-json\/wp\/v2\/pages"}],"about":[{"href":"https:\/\/blogsaverroes.juntadeandalucia.es\/proyectos\/wp-json\/wp\/v2\/types\/page"}],"author":[{"embeddable":true,"href":"https:\/\/blogsaverroes.juntadeandalucia.es\/proyectos\/wp-json\/wp\/v2\/users\/7522"}],"replies":[{"embeddable":true,"href":"https:\/\/blogsaverroes.juntadeandalucia.es\/proyectos\/wp-json\/wp\/v2\/comments?post=549"}],"version-history":[{"count":1,"href":"https:\/\/blogsaverroes.juntadeandalucia.es\/proyectos\/wp-json\/wp\/v2\/pages\/549\/revisions"}],"predecessor-version":[{"id":550,"href":"https:\/\/blogsaverroes.juntadeandalucia.es\/proyectos\/wp-json\/wp\/v2\/pages\/549\/revisions\/550"}],"wp:attachment":[{"href":"https:\/\/blogsaverroes.juntadeandalucia.es\/proyectos\/wp-json\/wp\/v2\/media?parent=549"}],"curies":[{"name":"wp","href":"https:\/\/api.w.org\/{rel}","templated":true}]}}