{"id":551,"date":"2020-04-19T09:54:50","date_gmt":"2020-04-19T07:54:50","guid":{"rendered":"https:\/\/blogsaverroes.juntadeandalucia.es\/proyectos\/?page_id=551"},"modified":"2020-04-19T12:00:51","modified_gmt":"2020-04-19T10:00:51","slug":"objetivos","status":"publish","type":"page","link":"https:\/\/blogsaverroes.juntadeandalucia.es\/proyectos\/objetivos\/","title":{"rendered":"Objetivos"},"content":{"rendered":"<h1>1&nbsp;&nbsp;&nbsp;&nbsp;&nbsp;&nbsp;&nbsp;&nbsp;&nbsp;&nbsp; <u>OBJETIVOS.<\/u><\/h1>\n<h1>&nbsp;<\/h1>\n<h1><a name=\"_TOC_250023\"><\/a>1.1&nbsp;&nbsp;&nbsp;&nbsp; <u>Objetivos Generales del Ciclo implicados al M\u00f3dulo.<\/u><\/h1>\n<p>Atienden a la adecuaci\u00f3n establecida por el Departamento de Dise\u00f1o de Interiores, ver Tabla en <strong>Anexo I<\/strong>, el M\u00f3dulo 10 desarrolla los siguientes:<\/p>\n<ul>\n<li><strong>G.2. <\/strong>Investigar las formas, materiales, t\u00e9cnicas y procesos creativos y art\u00edsticos relacionados con la proyectaci\u00f3n.<\/li>\n<li><strong>G.3.<\/strong> Valorar para un programa de necesidades establecido, propuestas formales creativas art\u00edstico\u2010 t\u00e9cnicas, y aspectos organizativos\u2010econ\u00f3micos y seleccionar los id\u00f3neos.<\/li>\n<li><strong>G.5. <\/strong>Analizar y desarrollar proyectos de decoraci\u00f3n.<\/li>\n<li><strong>G.6. <\/strong>Conocer, resolver y dirigir obras de rehabilitaci\u00f3n, reconstrucci\u00f3n y restauraci\u00f3n propias de la especialidad.<\/li>\n<li><strong>G.9. <\/strong>Valorar y seleccionar los avances tecnol\u00f3gicos y art\u00edsticos, de forma cr\u00edtica, desarrollando el autoaprendizaje, para una evoluci\u00f3n continua<\/li>\n<li><strong>G.10.<\/strong> Analizar, adaptar y generar documentaci\u00f3n art\u00edstico\u2010t\u00e9cnica en la formaci\u00f3n de profesionales del sector.<\/li>\n<\/ul>\n<p>&nbsp;<\/p>\n<h1><a name=\"_TOC_250022\"><\/a>1.2&nbsp;&nbsp;&nbsp;&nbsp; <u>Objetivos del M\u00f3dulo Proyectos: Proyectos y direcci\u00f3n de obras.<\/u><\/h1>\n<ul>\n<li><strong>M.1<\/strong>. Adquirir la formaci\u00f3n necesaria para aplicar una metodolog\u00eda de proyectaci\u00f3n que se adapte a los requerimientos de los proyectos de obras de interiorismo.<\/li>\n<li><strong>M.2. <\/strong>Dirigir y gestionar la imaginaci\u00f3n, expresividad y creatividad personal en la definici\u00f3n y desarrollo del proyecto.<\/li>\n<li><strong>M.3<\/strong>. Conocer las t\u00e9cnicas tradicionales y las nuevas tecnolog\u00edas aplicadas de representaci\u00f3ngr\u00e1fica y adecuarlas a los proyectos y direcci\u00f3n de obras de interiorismo.<\/li>\n<li><strong>M.4. <\/strong>Aplicar las t\u00e9cnicas adecuadas de realizaci\u00f3n de los modelos y de los posibles prototipos del proyecto.<\/li>\n<li><strong>M.5. <\/strong>Presentar adecuadamente los proyectos y argumentar las soluciones adoptadas en base a sus aspectos formales, funcionales, t\u00e9cnico\u2010productivos y de contexto.<\/li>\n<li><strong>M.6. <\/strong>Apreciar el trabajo en grupo, siendo capaz de aportar ideas propias y respetar las ajenas, como sistema de mejora y perfeccionamiento del proyecto.<\/li>\n<\/ul>\n","protected":false},"excerpt":{"rendered":"<p>1&nbsp;&nbsp;&nbsp;&nbsp;&nbsp;&nbsp;&nbsp;&nbsp;&nbsp;&nbsp; OBJETIVOS. &nbsp; 1.1&nbsp;&nbsp;&nbsp;&nbsp; Objetivos Generales del Ciclo implicados al M\u00f3dulo. Atienden a la adecuaci\u00f3n establecida por el Departamento de Dise\u00f1o de Interiores, ver Tabla en Anexo I, el M\u00f3dulo 10 desarrolla los siguientes:&#46;&#46;&#46;<\/p>\n","protected":false},"author":7522,"featured_media":0,"parent":0,"menu_order":5,"comment_status":"closed","ping_status":"closed","template":"page-templates\/child-menu.php","meta":{"ngg_post_thumbnail":0,"footnotes":""},"aioseo_notices":[],"_links":{"self":[{"href":"https:\/\/blogsaverroes.juntadeandalucia.es\/proyectos\/wp-json\/wp\/v2\/pages\/551"}],"collection":[{"href":"https:\/\/blogsaverroes.juntadeandalucia.es\/proyectos\/wp-json\/wp\/v2\/pages"}],"about":[{"href":"https:\/\/blogsaverroes.juntadeandalucia.es\/proyectos\/wp-json\/wp\/v2\/types\/page"}],"author":[{"embeddable":true,"href":"https:\/\/blogsaverroes.juntadeandalucia.es\/proyectos\/wp-json\/wp\/v2\/users\/7522"}],"replies":[{"embeddable":true,"href":"https:\/\/blogsaverroes.juntadeandalucia.es\/proyectos\/wp-json\/wp\/v2\/comments?post=551"}],"version-history":[{"count":2,"href":"https:\/\/blogsaverroes.juntadeandalucia.es\/proyectos\/wp-json\/wp\/v2\/pages\/551\/revisions"}],"predecessor-version":[{"id":553,"href":"https:\/\/blogsaverroes.juntadeandalucia.es\/proyectos\/wp-json\/wp\/v2\/pages\/551\/revisions\/553"}],"wp:attachment":[{"href":"https:\/\/blogsaverroes.juntadeandalucia.es\/proyectos\/wp-json\/wp\/v2\/media?parent=551"}],"curies":[{"name":"wp","href":"https:\/\/api.w.org\/{rel}","templated":true}]}}