{"id":554,"date":"2020-04-19T09:59:08","date_gmt":"2020-04-19T07:59:08","guid":{"rendered":"https:\/\/blogsaverroes.juntadeandalucia.es\/proyectos\/?page_id=554"},"modified":"2020-04-19T12:01:51","modified_gmt":"2020-04-19T10:01:51","slug":"evaluacion-continua","status":"publish","type":"page","link":"https:\/\/blogsaverroes.juntadeandalucia.es\/proyectos\/evaluacion-continua\/","title":{"rendered":"Evaluaci\u00f3n continua"},"content":{"rendered":"<p>Es importante no perder el derecho a evaluaci\u00f3n continua.&nbsp;<\/p>\n<p>SI EL N\u00daMERO DE <strong>FALTAS INJUSTIFICADAS<\/strong> ES SUPERIOR AL 20% SE PIERDE EL DERECHO A EVALUACI\u00d3N CONTINUA. Seg\u00fan recoge el <strong>Proyecto Educativo del Centro.<\/strong><\/p>\n<p>No obstante recibir\u00e1s un aviso si superas el 10%.<\/p>\n<p>&nbsp;<\/p>\n","protected":false},"excerpt":{"rendered":"<p>Es importante no perder el derecho a evaluaci\u00f3n continua.&nbsp; SI EL N\u00daMERO DE FALTAS INJUSTIFICADAS ES SUPERIOR AL 20% SE PIERDE EL DERECHO A EVALUACI\u00d3N CONTINUA. Seg\u00fan recoge el Proyecto Educativo del Centro. No&#46;&#46;&#46;<\/p>\n","protected":false},"author":7522,"featured_media":0,"parent":0,"menu_order":6,"comment_status":"closed","ping_status":"closed","template":"page-templates\/child-menu.php","meta":{"ngg_post_thumbnail":0,"footnotes":""},"aioseo_notices":[],"_links":{"self":[{"href":"https:\/\/blogsaverroes.juntadeandalucia.es\/proyectos\/wp-json\/wp\/v2\/pages\/554"}],"collection":[{"href":"https:\/\/blogsaverroes.juntadeandalucia.es\/proyectos\/wp-json\/wp\/v2\/pages"}],"about":[{"href":"https:\/\/blogsaverroes.juntadeandalucia.es\/proyectos\/wp-json\/wp\/v2\/types\/page"}],"author":[{"embeddable":true,"href":"https:\/\/blogsaverroes.juntadeandalucia.es\/proyectos\/wp-json\/wp\/v2\/users\/7522"}],"replies":[{"embeddable":true,"href":"https:\/\/blogsaverroes.juntadeandalucia.es\/proyectos\/wp-json\/wp\/v2\/comments?post=554"}],"version-history":[{"count":2,"href":"https:\/\/blogsaverroes.juntadeandalucia.es\/proyectos\/wp-json\/wp\/v2\/pages\/554\/revisions"}],"predecessor-version":[{"id":556,"href":"https:\/\/blogsaverroes.juntadeandalucia.es\/proyectos\/wp-json\/wp\/v2\/pages\/554\/revisions\/556"}],"wp:attachment":[{"href":"https:\/\/blogsaverroes.juntadeandalucia.es\/proyectos\/wp-json\/wp\/v2\/media?parent=554"}],"curies":[{"name":"wp","href":"https:\/\/api.w.org\/{rel}","templated":true}]}}