{"id":529,"date":"2024-01-29T12:20:12","date_gmt":"2024-01-29T11:20:12","guid":{"rendered":"https:\/\/blogsaverroes.juntadeandalucia.es\/proyectosceipvirgendefatima\/?page_id=529"},"modified":"2024-01-29T13:33:12","modified_gmt":"2024-01-29T12:33:12","slug":"ceip-virgen-de-fatima","status":"publish","type":"page","link":"https:\/\/blogsaverroes.juntadeandalucia.es\/proyectosceipvirgendefatima\/","title":{"rendered":"CEIP Virgen de F\u00e1tima"},"content":{"rendered":"<p>&nbsp;<\/p>\n<p style=\"text-align: center\"><img loading=\"lazy\" decoding=\"async\" class=\"alignnone wp-image-30\" src=\"https:\/\/blogsaverroes.juntadeandalucia.es\/proyectosceipvirgendefatima\/files\/2019\/12\/a86945b0-7e0f-4427-a5ff-1df47c96ec70-300x146.jpg\" alt=\"\" width=\"702\" height=\"342\" srcset=\"https:\/\/blogsaverroes.juntadeandalucia.es\/proyectosceipvirgendefatima\/files\/2019\/12\/a86945b0-7e0f-4427-a5ff-1df47c96ec70-300x146.jpg 300w, https:\/\/blogsaverroes.juntadeandalucia.es\/proyectosceipvirgendefatima\/files\/2019\/12\/a86945b0-7e0f-4427-a5ff-1df47c96ec70-768x373.jpg 768w, https:\/\/blogsaverroes.juntadeandalucia.es\/proyectosceipvirgendefatima\/files\/2019\/12\/a86945b0-7e0f-4427-a5ff-1df47c96ec70-1024x498.jpg 1024w, https:\/\/blogsaverroes.juntadeandalucia.es\/proyectosceipvirgendefatima\/files\/2019\/12\/a86945b0-7e0f-4427-a5ff-1df47c96ec70-24x12.jpg 24w, https:\/\/blogsaverroes.juntadeandalucia.es\/proyectosceipvirgendefatima\/files\/2019\/12\/a86945b0-7e0f-4427-a5ff-1df47c96ec70-36x18.jpg 36w, https:\/\/blogsaverroes.juntadeandalucia.es\/proyectosceipvirgendefatima\/files\/2019\/12\/a86945b0-7e0f-4427-a5ff-1df47c96ec70-48x23.jpg 48w, https:\/\/blogsaverroes.juntadeandalucia.es\/proyectosceipvirgendefatima\/files\/2019\/12\/a86945b0-7e0f-4427-a5ff-1df47c96ec70.jpg 2016w\" sizes=\"(max-width: 702px) 100vw, 702px\" \/>&nbsp; &nbsp;&nbsp;<\/p>\n<p>Te damos la bienvenida a la web de nuestro colegio Virgen de F\u00e1tima.<\/p>\n<p>Nuestra escuela esta situada en la localidad de La Lancha del Genil, que es un barrio del Municipio de Granada.<\/p>\n<p>Somos un colegio que acoge alumnado de infantil y primaria, y sobre todo un lugar donde todos formamos una gran familia y donde se respira un ambiente de colaboraci\u00f3n entre toda la Comunidad Educativa<\/p>\n<p style=\"font-weight: 400\">El grupo de profesionales que imparte clase en este centro tiene como objetivo responder a las necesidades educativas de nuestro alumnado, &nbsp;ofreciendo una educaci\u00f3n integradora y de calidad, abierto a todo tipo de alumnado, potenciando la igualdad y que apuesta por una educaci\u00f3n en valores como la tolerancia , la no discriminaci\u00f3n y el respeto.<\/p>\n<p style=\"font-weight: 400\">Educamos desde la diversidad y en equidad, desarrollando un curr\u00edculum basado en la formaci\u00f3n integral de nuestro alumnado.<\/p>\n<p>Nuestra escuela esta construida en una de las laderas del valle del Genil, junto al santuario de N\u00aa Sra. de F\u00e1tima.<\/p>\n<p>Contamos con unas instalaciones muy luminosas, modernas, soleadas y medios tecnol\u00f3gicos de m\u00e1ximo nivel.<\/p>\n<p>El equipo docente esta implicado en su trabajo y junto con equipo directivo se esfuerzan en alcanzar todos los objetivos educativos marcado en el Plan de Centro.<\/p>\n<p>La ratio de nuestras clases ronda los 15 alumn@s por aula, lo que supone un privilegio tanto para los estudiantes como para el profesorado.<\/p>\n<p>&nbsp;<\/p>\n","protected":false},"excerpt":{"rendered":"<p>&nbsp; &nbsp; &nbsp;&nbsp; Te damos la bienvenida a la web de nuestro colegio Virgen de F\u00e1tima. Nuestra escuela esta situada en la localidad de La Lancha del Genil, que es un barrio del Municipio&#46;&#46;&#46;<\/p>\n","protected":false},"author":8181,"featured_media":0,"parent":0,"menu_order":0,"comment_status":"closed","ping_status":"closed","template":"","meta":{"ngg_post_thumbnail":0,"footnotes":""},"aioseo_notices":[],"_links":{"self":[{"href":"https:\/\/blogsaverroes.juntadeandalucia.es\/proyectosceipvirgendefatima\/wp-json\/wp\/v2\/pages\/529"}],"collection":[{"href":"https:\/\/blogsaverroes.juntadeandalucia.es\/proyectosceipvirgendefatima\/wp-json\/wp\/v2\/pages"}],"about":[{"href":"https:\/\/blogsaverroes.juntadeandalucia.es\/proyectosceipvirgendefatima\/wp-json\/wp\/v2\/types\/page"}],"author":[{"embeddable":true,"href":"https:\/\/blogsaverroes.juntadeandalucia.es\/proyectosceipvirgendefatima\/wp-json\/wp\/v2\/users\/8181"}],"replies":[{"embeddable":true,"href":"https:\/\/blogsaverroes.juntadeandalucia.es\/proyectosceipvirgendefatima\/wp-json\/wp\/v2\/comments?post=529"}],"version-history":[{"count":4,"href":"https:\/\/blogsaverroes.juntadeandalucia.es\/proyectosceipvirgendefatima\/wp-json\/wp\/v2\/pages\/529\/revisions"}],"predecessor-version":[{"id":573,"href":"https:\/\/blogsaverroes.juntadeandalucia.es\/proyectosceipvirgendefatima\/wp-json\/wp\/v2\/pages\/529\/revisions\/573"}],"wp:attachment":[{"href":"https:\/\/blogsaverroes.juntadeandalucia.es\/proyectosceipvirgendefatima\/wp-json\/wp\/v2\/media?parent=529"}],"curies":[{"name":"wp","href":"https:\/\/api.w.org\/{rel}","templated":true}]}}