{"id":124,"date":"2024-04-18T07:13:42","date_gmt":"2024-04-18T07:13:42","guid":{"rendered":"https:\/\/blogsaverroes.juntadeandalucia.es\/proyectoseuropeoscepma1\/?page_id=124"},"modified":"2026-03-24T13:58:39","modified_gmt":"2026-03-24T12:58:39","slug":"ka122_fidis-cep","status":"publish","type":"page","link":"https:\/\/blogsaverroes.juntadeandalucia.es\/proyectoseuropeoscepma1\/ka122_fidis-cep\/","title":{"rendered":"KA122 | FIDIS-CEP"},"content":{"rendered":"ngg_shortcode_0_placeholder\n<p>El proyecto <em>Fomento de la Inclusi\u00f3n, la Digitalizaci\u00f3n y la Sostenibilidad desde el CEP de M\u00e1laga<\/em>, bajo la denominaci\u00f3n <strong>KA122 | FIDIS-CEP<\/strong>, nace con el objetivo de fortalecer la internacionalizaci\u00f3n del Centro del Profesorado de M\u00e1laga y mejorar la formaci\u00f3n de nuestro equipo asesor. A trav\u00e9s de esta iniciativa, buscamos integrar aprendizajes innovadores en nuestra oferta formativa para potenciar la calidad de la ense\u00f1anza en los centros educativos de nuestra zona.<\/p>\n<p><span data-path-to-node=\"14,0\">El aprendizaje adquirido en el proyecto no se queda solo en el CEP. <\/span><span data-path-to-node=\"14,2\"><span class=\"citation-108\">Nuestro compromiso es <\/span><span class=\"citation-108\">trasladar este conocimiento a los m\u00e1s de 350 centros y 10.500 docentes<\/span><span class=\"citation-108\"> que atendemos en M\u00e1laga, actuando como puente entre las instituciones europeas y las aulas malague\u00f1as<\/span><\/span><span data-path-to-node=\"14,4\">.<\/span><\/p>\n","protected":false},"excerpt":{"rendered":"<p>El proyecto Fomento de la Inclusi\u00f3n, la Digitalizaci\u00f3n y la Sostenibilidad desde el CEP de M\u00e1laga, bajo la denominaci\u00f3n KA122 | FIDIS-CEP, nace con el objetivo de fortalecer la internacionalizaci\u00f3n del Centro del Profesorado&#46;&#46;&#46;<\/p>\n","protected":false},"author":3555,"featured_media":0,"parent":0,"menu_order":10,"comment_status":"closed","ping_status":"closed","template":"","meta":{"ngg_post_thumbnail":0,"footnotes":""},"aioseo_notices":[],"_links":{"self":[{"href":"https:\/\/blogsaverroes.juntadeandalucia.es\/proyectoseuropeoscepma1\/wp-json\/wp\/v2\/pages\/124"}],"collection":[{"href":"https:\/\/blogsaverroes.juntadeandalucia.es\/proyectoseuropeoscepma1\/wp-json\/wp\/v2\/pages"}],"about":[{"href":"https:\/\/blogsaverroes.juntadeandalucia.es\/proyectoseuropeoscepma1\/wp-json\/wp\/v2\/types\/page"}],"author":[{"embeddable":true,"href":"https:\/\/blogsaverroes.juntadeandalucia.es\/proyectoseuropeoscepma1\/wp-json\/wp\/v2\/users\/3555"}],"replies":[{"embeddable":true,"href":"https:\/\/blogsaverroes.juntadeandalucia.es\/proyectoseuropeoscepma1\/wp-json\/wp\/v2\/comments?post=124"}],"version-history":[{"count":17,"href":"https:\/\/blogsaverroes.juntadeandalucia.es\/proyectoseuropeoscepma1\/wp-json\/wp\/v2\/pages\/124\/revisions"}],"predecessor-version":[{"id":745,"href":"https:\/\/blogsaverroes.juntadeandalucia.es\/proyectoseuropeoscepma1\/wp-json\/wp\/v2\/pages\/124\/revisions\/745"}],"wp:attachment":[{"href":"https:\/\/blogsaverroes.juntadeandalucia.es\/proyectoseuropeoscepma1\/wp-json\/wp\/v2\/media?parent=124"}],"curies":[{"name":"wp","href":"https:\/\/api.w.org\/{rel}","templated":true}]}}