{"id":171,"date":"2024-05-15T08:22:50","date_gmt":"2024-05-15T08:22:50","guid":{"rendered":"https:\/\/blogsaverroes.juntadeandalucia.es\/proyectoseuropeoscepma1\/?page_id=171"},"modified":"2026-03-27T11:25:14","modified_gmt":"2026-03-27T10:25:14","slug":"gritfis","status":"publish","type":"page","link":"https:\/\/blogsaverroes.juntadeandalucia.es\/proyectoseuropeoscepma1\/finalizados\/gritfis\/","title":{"rendered":"GRITFIS"},"content":{"rendered":"<p><a class=\"ngg-simplelightbox\" title=\" \" href=\"https:\/\/blogsaverroes.juntadeandalucia.es\/proyectoseuropeoscepma1\/wp-content\/uploads\/sites\/11160\/nggallery\/recursos\/gritfis.png\" rel=\"\" data-image-id=\"43\" data-src=\"https:\/\/blogsaverroes.juntadeandalucia.es\/proyectoseuropeoscepma1\/wp-content\/uploads\/sites\/11160\/nggallery\/recursos\/gritfis.png\" data-thumbnail=\"https:\/\/blogsaverroes.juntadeandalucia.es\/proyectoseuropeoscepma1\/wp-content\/uploads\/sites\/11160\/nggallery\/recursos\/thumbs\/thumbs_gritfis.png\" data-title=\"gritfis\" data-description=\" \"><img decoding=\"async\" class=\"ngg-singlepic ngg-none\" src=\"https:\/\/blogsaverroes.juntadeandalucia.es\/proyectoseuropeoscepma1\/wp-content\/uploads\/sites\/11160\/nggallery\/recursos\/gritfis.png\" alt=\"gritfis\"><\/a><\/p>\n<p>El proyecto <em>GRITFIS: \u00abDivided we fall, together we stand. Improving strategies In European schools and teacher training centres to prevent bullying and discrimination across Europe\u00bb<\/em> fue un proyecto de cooperaci\u00f3n internacional enmarcado en el programa Erasmus+, acci\u00f3n clave KA2, orientado al intercambio de buenas pr\u00e1cticas en el \u00e1mbito de la Educaci\u00f3n Escolar. Fue seleccionado en la convocatoria 2016 por el Servicio Espa\u00f1ol para la Internacionalizaci\u00f3n de la Educaci\u00f3n (SEPIE), siendo el Centro del Profesorado de M\u00e1laga (CEP de M\u00e1laga) la entidad coordinadora.<\/p>\n<p>\u200bEl proyecto tuvo una duraci\u00f3n prevista de 24 meses y reuni\u00f3 a centros escolares y centros de formaci\u00f3n del profesorado de distintos pa\u00edses europeos con el objetivo de mejorar las estrategias de prevenci\u00f3n y atenci\u00f3n a problem\u00e1ticas que afectan a la convivencia y al \u00e9xito educativo, promoviendo enfoques inclusivos y colaborativos bajo la premisa \u201c<em>Divided we fall, together we stand<\/em>\u201d (<em>Por separado nos caemos, pero juntos nos levantamos<\/em>). En este marco, se desarrollaron actividades de an\u00e1lisis de necesidades, dise\u00f1o y puesta en pr\u00e1ctica de medidas preventivas, as\u00ed como acciones de difusi\u00f3n y transferencia de resultados en los centros participantes.<\/p>\n<p>La participaci\u00f3n del CEP de M\u00e1laga, como coordinador, implic\u00f3 la planificaci\u00f3n y seguimiento de las distintas fases del proyecto, la organizaci\u00f3n de encuentros internacionales de trabajo y la coordinaci\u00f3n de las tareas encomendadas a los socios. Asimismo, el proyecto favoreci\u00f3 la movilidad del profesorado y el intercambio de experiencias entre docentes y formadores europeos, reforzando la dimensi\u00f3n europea de la educaci\u00f3n en los centros implicados y contribuyendo a la mejora de la pr\u00e1ctica docente mediante la observaci\u00f3n, la formaci\u00f3n conjunta y la elaboraci\u00f3n de materiales y recursos compartidos.<\/p>\n<p>&nbsp;<\/p>\n","protected":false},"excerpt":{"rendered":"<p>El proyecto GRITFIS: \u00abDivided we fall, together we stand. Improving strategies In European schools and teacher training centres to prevent bullying and discrimination across Europe\u00bb fue un proyecto de cooperaci\u00f3n internacional enmarcado en el&#46;&#46;&#46;<\/p>\n","protected":false},"author":3555,"featured_media":0,"parent":165,"menu_order":0,"comment_status":"closed","ping_status":"closed","template":"","meta":{"ngg_post_thumbnail":0,"footnotes":""},"aioseo_notices":[],"_links":{"self":[{"href":"https:\/\/blogsaverroes.juntadeandalucia.es\/proyectoseuropeoscepma1\/wp-json\/wp\/v2\/pages\/171"}],"collection":[{"href":"https:\/\/blogsaverroes.juntadeandalucia.es\/proyectoseuropeoscepma1\/wp-json\/wp\/v2\/pages"}],"about":[{"href":"https:\/\/blogsaverroes.juntadeandalucia.es\/proyectoseuropeoscepma1\/wp-json\/wp\/v2\/types\/page"}],"author":[{"embeddable":true,"href":"https:\/\/blogsaverroes.juntadeandalucia.es\/proyectoseuropeoscepma1\/wp-json\/wp\/v2\/users\/3555"}],"replies":[{"embeddable":true,"href":"https:\/\/blogsaverroes.juntadeandalucia.es\/proyectoseuropeoscepma1\/wp-json\/wp\/v2\/comments?post=171"}],"version-history":[{"count":14,"href":"https:\/\/blogsaverroes.juntadeandalucia.es\/proyectoseuropeoscepma1\/wp-json\/wp\/v2\/pages\/171\/revisions"}],"predecessor-version":[{"id":781,"href":"https:\/\/blogsaverroes.juntadeandalucia.es\/proyectoseuropeoscepma1\/wp-json\/wp\/v2\/pages\/171\/revisions\/781"}],"up":[{"embeddable":true,"href":"https:\/\/blogsaverroes.juntadeandalucia.es\/proyectoseuropeoscepma1\/wp-json\/wp\/v2\/pages\/165"}],"wp:attachment":[{"href":"https:\/\/blogsaverroes.juntadeandalucia.es\/proyectoseuropeoscepma1\/wp-json\/wp\/v2\/media?parent=171"}],"curies":[{"name":"wp","href":"https:\/\/api.w.org\/{rel}","templated":true}]}}