{"id":173,"date":"2024-05-15T08:23:19","date_gmt":"2024-05-15T08:23:19","guid":{"rendered":"https:\/\/blogsaverroes.juntadeandalucia.es\/proyectoseuropeoscepma1\/?page_id=173"},"modified":"2026-04-07T10:07:10","modified_gmt":"2026-04-07T08:07:10","slug":"heads-up","status":"publish","type":"page","link":"https:\/\/blogsaverroes.juntadeandalucia.es\/proyectoseuropeoscepma1\/finalizados\/heads-up\/","title":{"rendered":"HEADS UP"},"content":{"rendered":"<p>El Proyecto HeadsUP se basa en Comunidades Profesionales de Aprendizaje (CPA) de directores de centros docentes para desarrollar sus habilidades de liderazgo. Al aumentar sus competencias, los directores podr\u00e1n orientar mejor a los docentes en el desarrollo de su pr\u00e1ctica de ense\u00f1anza y establecer una estructura de aprendizaje en Comunidad Profesional de Aprendizaje (CPA) para los maestros o profesores de sus centros. Por lo tanto, el proyecto sigue el enfoque de dos niveles mediante el establecimiento de un sistema de colaboraci\u00f3n entre los directores de los centros (l\u00edderes pedag\u00f3gicos) con el fin de instituir asimismo una CPA entre sus profesores. El proyecto fomenta que los directores, en su af\u00e1n por formarse profesionalmente, constituyan una CPA y, de este modo, se conviertan tanto en agentes de cambio como en compa\u00f1eros del resto del profesorado que, en relaci\u00f3n de igualdad, colaboran en el desarrollo del centro.<\/p>\n<p>El proyecto tiene como objetivo principal mejorar las competencias profesionales de los directores de forma que repercuta en un mejor aprendizaje de los alumnos. Tambi\u00e9n fomenta el adoptar nuevas perspectivas sobre la diversidad e integra las \u00faltimas teor\u00edas acad\u00e9micas sobre la gesti\u00f3n de la diversidad en los centros de ense\u00f1anza partiendo de actividades realizadas en seis pa\u00edses. En cada pa\u00eds, se establecer\u00e1n una o m\u00e1s CPA como resultado del proyecto.<\/p>\n<p><strong><span style=\"font-size: 8pt\">M\u00c1S INFORMACI\u00d3N EN:&nbsp;<\/span><\/strong><\/p>\n<p><strong style=\"font-family: 'Open Sans', sans-serif;font-size: 15px;font-style: normal\"><span style=\"font-size: 8pt\"><img loading=\"lazy\" decoding=\"async\" class=\"wp-image-196 alignleft\" src=\"https:\/\/blogsaverroes.juntadeandalucia.es\/proyectoseuropeoscepma1\/files\/2024\/05\/743c13d03670e6fefda8ad97ff0f8797_w200.gif\" alt=\"\" width=\"50\" height=\"43\"><\/span><\/strong><a href=\"https:\/\/drive.google.com\/file\/d\/1O-rRpa0ozwLf-YU0W6S9IqCq718StqK0\/view?usp=sharing\" target=\"_blank\" rel=\"noopener\"><img loading=\"lazy\" decoding=\"async\" class=\"wp-image-179 alignleft\" src=\"https:\/\/blogsaverroes.juntadeandalucia.es\/proyectoseuropeoscepma1\/files\/2024\/05\/Captura-300x192.png\" alt=\"\" width=\"296\" height=\"189\" srcset=\"https:\/\/blogsaverroes.juntadeandalucia.es\/proyectoseuropeoscepma1\/files\/2024\/05\/Captura-300x192.png 300w, https:\/\/blogsaverroes.juntadeandalucia.es\/proyectoseuropeoscepma1\/files\/2024\/05\/Captura.png 510w\" sizes=\"(max-width: 296px) 100vw, 296px\" \/><\/a><\/p>\n<p>&nbsp;<\/p>\n<p>&nbsp;<\/p>\n<p>&nbsp;<\/p>\n<p>&nbsp;<\/p>\n<p>&nbsp;<\/p>\n<p>&nbsp;<\/p>\n<h6>Documentaci\u00f3n del proyecto<\/h6>\n<p><a class=\"ngg-simplelightbox\" title=\" \" href=\"https:\/\/drive.google.com\/drive\/folders\/1fQNv7W0EvcvOEGnXtFrtNeYWppBRp-xC?usp=sharing\" target=\"_blank\" rel=\"noopener\" data-image-id=\"45\" data-src=\"https:\/\/blogsaverroes.juntadeandalucia.es\/proyectoseuropeoscepma1\/wp-content\/uploads\/sites\/11160\/nggallery\/iconos\/folder.png\" data-thumbnail=\"https:\/\/blogsaverroes.juntadeandalucia.es\/proyectoseuropeoscepma1\/wp-content\/uploads\/sites\/11160\/nggallery\/iconos\/thumbs\/thumbs_folder.png\" data-title=\"folder\" data-description=\" \"><img loading=\"lazy\" decoding=\"async\" class=\"ngg-singlepic ngg-none alignnone\" src=\"https:\/\/blogsaverroes.juntadeandalucia.es\/proyectoseuropeoscepma1\/wp-content\/uploads\/sites\/11160\/nggallery\/iconos\/folder.png\" alt=\"folder\" width=\"150\" height=\"150\"><\/a><\/p>\n","protected":false},"excerpt":{"rendered":"<p>El Proyecto HeadsUP se basa en Comunidades Profesionales de Aprendizaje (CPA) de directores de centros docentes para desarrollar sus habilidades de liderazgo. Al aumentar sus competencias, los directores podr\u00e1n orientar mejor a los docentes&#46;&#46;&#46;<\/p>\n","protected":false},"author":3555,"featured_media":0,"parent":165,"menu_order":0,"comment_status":"closed","ping_status":"closed","template":"","meta":{"ngg_post_thumbnail":0,"footnotes":""},"aioseo_notices":[],"_links":{"self":[{"href":"https:\/\/blogsaverroes.juntadeandalucia.es\/proyectoseuropeoscepma1\/wp-json\/wp\/v2\/pages\/173"}],"collection":[{"href":"https:\/\/blogsaverroes.juntadeandalucia.es\/proyectoseuropeoscepma1\/wp-json\/wp\/v2\/pages"}],"about":[{"href":"https:\/\/blogsaverroes.juntadeandalucia.es\/proyectoseuropeoscepma1\/wp-json\/wp\/v2\/types\/page"}],"author":[{"embeddable":true,"href":"https:\/\/blogsaverroes.juntadeandalucia.es\/proyectoseuropeoscepma1\/wp-json\/wp\/v2\/users\/3555"}],"replies":[{"embeddable":true,"href":"https:\/\/blogsaverroes.juntadeandalucia.es\/proyectoseuropeoscepma1\/wp-json\/wp\/v2\/comments?post=173"}],"version-history":[{"count":11,"href":"https:\/\/blogsaverroes.juntadeandalucia.es\/proyectoseuropeoscepma1\/wp-json\/wp\/v2\/pages\/173\/revisions"}],"predecessor-version":[{"id":825,"href":"https:\/\/blogsaverroes.juntadeandalucia.es\/proyectoseuropeoscepma1\/wp-json\/wp\/v2\/pages\/173\/revisions\/825"}],"up":[{"embeddable":true,"href":"https:\/\/blogsaverroes.juntadeandalucia.es\/proyectoseuropeoscepma1\/wp-json\/wp\/v2\/pages\/165"}],"wp:attachment":[{"href":"https:\/\/blogsaverroes.juntadeandalucia.es\/proyectoseuropeoscepma1\/wp-json\/wp\/v2\/media?parent=173"}],"curies":[{"name":"wp","href":"https:\/\/api.w.org\/{rel}","templated":true}]}}