{"id":24,"date":"2024-01-22T07:46:52","date_gmt":"2024-01-22T07:46:52","guid":{"rendered":"https:\/\/blogsaverroes.juntadeandalucia.es\/proyectoseuropeoscepma1\/?page_id=24"},"modified":"2026-04-20T18:36:38","modified_gmt":"2026-04-20T16:36:38","slug":"leafap","status":"publish","type":"page","link":"https:\/\/blogsaverroes.juntadeandalucia.es\/proyectoseuropeoscepma1\/leafap\/","title":{"rendered":"LEAFAP"},"content":{"rendered":"<p dir=\"ltr\"><img loading=\"lazy\" decoding=\"async\" class=\"aligncenter wp-image-140 size-full\" src=\"https:\/\/blogsaverroes.juntadeandalucia.es\/proyectoseuropeoscepma1\/files\/2024\/04\/erasmus2024.png\" alt=\"\" width=\"740\" height=\"250\" srcset=\"https:\/\/blogsaverroes.juntadeandalucia.es\/proyectoseuropeoscepma1\/files\/2024\/04\/erasmus2024.png 740w, https:\/\/blogsaverroes.juntadeandalucia.es\/proyectoseuropeoscepma1\/files\/2024\/04\/erasmus2024-300x101.png 300w, https:\/\/blogsaverroes.juntadeandalucia.es\/proyectoseuropeoscepma1\/files\/2024\/04\/erasmus2024-700x236.png 700w\" sizes=\"(max-width: 740px) 100vw, 740px\" \/><\/p>\n<p class=\"zfr3Q CDt4Ke \" dir=\"ltr\"><span class=\"C9DxTc \">El CEP de M\u00e1laga participa en una Asociaci\u00f3n de Cooperaci\u00f3n en Educaci\u00f3n Escolar (KA220) promovida por el proyecto&nbsp; Erasmus+, y&nbsp; <\/span><span class=\"C9DxTc \">financiada por la UE,<\/span><span class=\"C9DxTc \"> denominada <strong>LEAFAP<\/strong>: <\/span><em><span class=\"C9DxTc \">Leading and Facilitating Professional Learning Communities&nbsp;<\/span><span class=\"C9DxTc \">&nbsp;<\/span><\/em><span class=\"C9DxTc \"><em>in Schools towards an Inquiry-based and Reflective Practice<\/em>,&nbsp;<\/span><span class=\"C9DxTc \">destinado a fomentar la cooperaci\u00f3n docente para mejorar su profesionalizaci\u00f3n y promover as\u00ed el aprendizaje del alumnado.&nbsp;<\/span><\/p>\n<p class=\"zfr3Q CDt4Ke \" dir=\"ltr\"><span class=\"C9DxTc \">Para m\u00e1s informaci\u00f3n del proyecto se puede consultar su web <a href=\"https:\/\/www.leafap.eu\/\">https:\/\/www.leafap.eu\/<\/a><\/span><\/p>\n","protected":false},"excerpt":{"rendered":"<p>El CEP de M\u00e1laga participa en una Asociaci\u00f3n de Cooperaci\u00f3n en Educaci\u00f3n Escolar (KA220) promovida por el proyecto&nbsp; Erasmus+, y&nbsp; financiada por la UE, denominada LEAFAP: Leading and Facilitating Professional Learning Communities&nbsp;&nbsp;in Schools towards&#46;&#46;&#46;<\/p>\n","protected":false},"author":3555,"featured_media":0,"parent":0,"menu_order":50,"comment_status":"closed","ping_status":"closed","template":"","meta":{"ngg_post_thumbnail":0,"footnotes":""},"aioseo_notices":[],"_links":{"self":[{"href":"https:\/\/blogsaverroes.juntadeandalucia.es\/proyectoseuropeoscepma1\/wp-json\/wp\/v2\/pages\/24"}],"collection":[{"href":"https:\/\/blogsaverroes.juntadeandalucia.es\/proyectoseuropeoscepma1\/wp-json\/wp\/v2\/pages"}],"about":[{"href":"https:\/\/blogsaverroes.juntadeandalucia.es\/proyectoseuropeoscepma1\/wp-json\/wp\/v2\/types\/page"}],"author":[{"embeddable":true,"href":"https:\/\/blogsaverroes.juntadeandalucia.es\/proyectoseuropeoscepma1\/wp-json\/wp\/v2\/users\/3555"}],"replies":[{"embeddable":true,"href":"https:\/\/blogsaverroes.juntadeandalucia.es\/proyectoseuropeoscepma1\/wp-json\/wp\/v2\/comments?post=24"}],"version-history":[{"count":9,"href":"https:\/\/blogsaverroes.juntadeandalucia.es\/proyectoseuropeoscepma1\/wp-json\/wp\/v2\/pages\/24\/revisions"}],"predecessor-version":[{"id":120,"href":"https:\/\/blogsaverroes.juntadeandalucia.es\/proyectoseuropeoscepma1\/wp-json\/wp\/v2\/pages\/24\/revisions\/120"}],"wp:attachment":[{"href":"https:\/\/blogsaverroes.juntadeandalucia.es\/proyectoseuropeoscepma1\/wp-json\/wp\/v2\/media?parent=24"}],"curies":[{"name":"wp","href":"https:\/\/api.w.org\/{rel}","templated":true}]}}