{"id":33,"date":"2024-01-22T08:02:51","date_gmt":"2024-01-22T08:02:51","guid":{"rendered":"https:\/\/blogsaverroes.juntadeandalucia.es\/proyectoseuropeoscepma1\/?page_id=33"},"modified":"2026-04-14T10:35:29","modified_gmt":"2026-04-14T08:35:29","slug":"objetivos","status":"publish","type":"page","link":"https:\/\/blogsaverroes.juntadeandalucia.es\/proyectoseuropeoscepma1\/ka121-csic-erasmus\/objetivos\/","title":{"rendered":"Objetivos"},"content":{"rendered":"<p>El proyecto tiene como objetivos fundamentales:<\/p>\n<ol>\n<li>Conectar y fortalecer redes educativas, vinculando a los centros y docentes participantes en el programa El CSIC en la Escuela con redes educativas europeas, favoreciendo el intercambio de experiencias y buenas pr\u00e1cticas.<\/li>\n<li>Ampliar y consolidar la dimensi\u00f3n europea de los centros educativos, promoviendo la cooperaci\u00f3n internacional y la participaci\u00f3n activa en proyectos de movilidad y formaci\u00f3n docente.<\/li>\n<li>Analizar y potenciar el papel de la ciencia como herramienta de inclusi\u00f3n, favoreciendo metodolog\u00edas que atiendan a la diversidad y contribuyan a la equidad educativa.<\/li>\n<li>Integrar la ense\u00f1anza de la ciencia en los planes de actuaci\u00f3n de los centros, incorporando la metodolog\u00eda de El CSIC en la Escuela en la planificaci\u00f3n educativa anual.<\/li>\n<li>Mejorar las competencias profesionales del profesorado, especialmente las competencias digitales, metodol\u00f3gicas y did\u00e1cticas necesarias para una ense\u00f1anza innovadora de la ciencia.<\/li>\n<li>Reforzar las competencias ling\u00fc\u00edsticas del profesorado en lenguas extranjeras, facilitando su participaci\u00f3n efectiva en contextos educativos europeos y en proyectos de cooperaci\u00f3n internacional.<\/li>\n<\/ol>\n<table style=\"border-collapse: collapse;width: 100%\">\n<tbody>\n<tr>\n<td style=\"width: 25%\"><img loading=\"lazy\" decoding=\"async\" class=\"aligncenter size-full wp-image-26\" src=\"https:\/\/blogsaverroes.juntadeandalucia.es\/proyectoseuropeoscepma1\/files\/2024\/01\/es_cofinanciado_por_la_union_europea_pos-1-2.png\" alt=\"\" width=\"8493\" height=\"1780\" srcset=\"https:\/\/blogsaverroes.juntadeandalucia.es\/proyectoseuropeoscepma1\/files\/2024\/01\/es_cofinanciado_por_la_union_europea_pos-1-2.png 8493w, https:\/\/blogsaverroes.juntadeandalucia.es\/proyectoseuropeoscepma1\/files\/2024\/01\/es_cofinanciado_por_la_union_europea_pos-1-2-300x63.png 300w, https:\/\/blogsaverroes.juntadeandalucia.es\/proyectoseuropeoscepma1\/files\/2024\/01\/es_cofinanciado_por_la_union_europea_pos-1-2-1024x215.png 1024w, https:\/\/blogsaverroes.juntadeandalucia.es\/proyectoseuropeoscepma1\/files\/2024\/01\/es_cofinanciado_por_la_union_europea_pos-1-2-768x161.png 768w, https:\/\/blogsaverroes.juntadeandalucia.es\/proyectoseuropeoscepma1\/files\/2024\/01\/es_cofinanciado_por_la_union_europea_pos-1-2-1536x322.png 1536w, https:\/\/blogsaverroes.juntadeandalucia.es\/proyectoseuropeoscepma1\/files\/2024\/01\/es_cofinanciado_por_la_union_europea_pos-1-2-2048x429.png 2048w, https:\/\/blogsaverroes.juntadeandalucia.es\/proyectoseuropeoscepma1\/files\/2024\/01\/es_cofinanciado_por_la_union_europea_pos-1-2-700x147.png 700w, https:\/\/blogsaverroes.juntadeandalucia.es\/proyectoseuropeoscepma1\/files\/2024\/01\/es_cofinanciado_por_la_union_europea_pos-1-2-332x70.png 332w\" sizes=\"(max-width: 8493px) 100vw, 8493px\" \/><\/td>\n<td style=\"width: 25%\"><img loading=\"lazy\" decoding=\"async\" class=\"aligncenter size-full wp-image-21\" src=\"https:\/\/blogsaverroes.juntadeandalucia.es\/proyectoseuropeoscepma1\/files\/2024\/01\/download.png\" alt=\"\" width=\"404\" height=\"125\" srcset=\"https:\/\/blogsaverroes.juntadeandalucia.es\/proyectoseuropeoscepma1\/files\/2024\/01\/download.png 404w, https:\/\/blogsaverroes.juntadeandalucia.es\/proyectoseuropeoscepma1\/files\/2024\/01\/download-300x93.png 300w, https:\/\/blogsaverroes.juntadeandalucia.es\/proyectoseuropeoscepma1\/files\/2024\/01\/download-332x103.png 332w\" sizes=\"(max-width: 404px) 100vw, 404px\" \/><\/td>\n<td style=\"width: 25%\"><img loading=\"lazy\" decoding=\"async\" class=\"aligncenter size-full wp-image-19\" src=\"https:\/\/blogsaverroes.juntadeandalucia.es\/proyectoseuropeoscepma1\/files\/2024\/01\/noname-2.png\" alt=\"\" width=\"195\" height=\"48\"><\/td>\n<td style=\"width: 25%\"><img loading=\"lazy\" decoding=\"async\" class=\"aligncenter size-full wp-image-18\" src=\"https:\/\/blogsaverroes.juntadeandalucia.es\/proyectoseuropeoscepma1\/files\/2024\/01\/LOGO-CSIC-ESCUELA-VAC4-2.jpg\" alt=\"\" width=\"1149\" height=\"232\" srcset=\"https:\/\/blogsaverroes.juntadeandalucia.es\/proyectoseuropeoscepma1\/files\/2024\/01\/LOGO-CSIC-ESCUELA-VAC4-2.jpg 1149w, https:\/\/blogsaverroes.juntadeandalucia.es\/proyectoseuropeoscepma1\/files\/2024\/01\/LOGO-CSIC-ESCUELA-VAC4-2-300x61.jpg 300w, https:\/\/blogsaverroes.juntadeandalucia.es\/proyectoseuropeoscepma1\/files\/2024\/01\/LOGO-CSIC-ESCUELA-VAC4-2-1024x207.jpg 1024w, https:\/\/blogsaverroes.juntadeandalucia.es\/proyectoseuropeoscepma1\/files\/2024\/01\/LOGO-CSIC-ESCUELA-VAC4-2-768x155.jpg 768w, https:\/\/blogsaverroes.juntadeandalucia.es\/proyectoseuropeoscepma1\/files\/2024\/01\/LOGO-CSIC-ESCUELA-VAC4-2-700x141.jpg 700w, https:\/\/blogsaverroes.juntadeandalucia.es\/proyectoseuropeoscepma1\/files\/2024\/01\/LOGO-CSIC-ESCUELA-VAC4-2-332x67.jpg 332w\" sizes=\"(max-width: 1149px) 100vw, 1149px\" \/><\/td>\n<\/tr>\n<\/tbody>\n<\/table>\n","protected":false},"excerpt":{"rendered":"<p>El proyecto tiene como objetivos fundamentales: Conectar y fortalecer redes educativas, vinculando a los centros y docentes participantes en el programa El CSIC en la Escuela con redes educativas europeas, favoreciendo el intercambio de&#46;&#46;&#46;<\/p>\n","protected":false},"author":3555,"featured_media":0,"parent":2,"menu_order":20,"comment_status":"closed","ping_status":"closed","template":"","meta":{"ngg_post_thumbnail":0,"footnotes":""},"aioseo_notices":[],"_links":{"self":[{"href":"https:\/\/blogsaverroes.juntadeandalucia.es\/proyectoseuropeoscepma1\/wp-json\/wp\/v2\/pages\/33"}],"collection":[{"href":"https:\/\/blogsaverroes.juntadeandalucia.es\/proyectoseuropeoscepma1\/wp-json\/wp\/v2\/pages"}],"about":[{"href":"https:\/\/blogsaverroes.juntadeandalucia.es\/proyectoseuropeoscepma1\/wp-json\/wp\/v2\/types\/page"}],"author":[{"embeddable":true,"href":"https:\/\/blogsaverroes.juntadeandalucia.es\/proyectoseuropeoscepma1\/wp-json\/wp\/v2\/users\/3555"}],"replies":[{"embeddable":true,"href":"https:\/\/blogsaverroes.juntadeandalucia.es\/proyectoseuropeoscepma1\/wp-json\/wp\/v2\/comments?post=33"}],"version-history":[{"count":7,"href":"https:\/\/blogsaverroes.juntadeandalucia.es\/proyectoseuropeoscepma1\/wp-json\/wp\/v2\/pages\/33\/revisions"}],"predecessor-version":[{"id":928,"href":"https:\/\/blogsaverroes.juntadeandalucia.es\/proyectoseuropeoscepma1\/wp-json\/wp\/v2\/pages\/33\/revisions\/928"}],"up":[{"embeddable":true,"href":"https:\/\/blogsaverroes.juntadeandalucia.es\/proyectoseuropeoscepma1\/wp-json\/wp\/v2\/pages\/2"}],"wp:attachment":[{"href":"https:\/\/blogsaverroes.juntadeandalucia.es\/proyectoseuropeoscepma1\/wp-json\/wp\/v2\/media?parent=33"}],"curies":[{"name":"wp","href":"https:\/\/api.w.org\/{rel}","templated":true}]}}