{"id":669,"date":"2026-03-13T11:33:13","date_gmt":"2026-03-13T10:33:13","guid":{"rendered":"https:\/\/blogsaverroes.juntadeandalucia.es\/proyectoseuropeoscepma1\/?page_id=669"},"modified":"2026-04-15T10:45:20","modified_gmt":"2026-04-15T08:45:20","slug":"recursos","status":"publish","type":"page","link":"https:\/\/blogsaverroes.juntadeandalucia.es\/proyectoseuropeoscepma1\/recursos\/","title":{"rendered":"RECURSOS"},"content":{"rendered":"<p>En este apartado se recopilan herramientas, documentos de apoyo y enlaces de inter\u00e9s \u00fatiles para el dise\u00f1o, desarrollo y difusi\u00f3n de los proyectos Erasmus+, facilitando la planificaci\u00f3n y ejecuci\u00f3n de las distintas acciones vinculadas a los proyectos europeos.<\/p>\n","protected":false},"excerpt":{"rendered":"<p>En este apartado se recopilan herramientas, documentos de apoyo y enlaces de inter\u00e9s \u00fatiles para el dise\u00f1o, desarrollo y difusi\u00f3n de los proyectos Erasmus+, facilitando la planificaci\u00f3n y ejecuci\u00f3n de las distintas acciones vinculadas&#46;&#46;&#46;<\/p>\n","protected":false},"author":3555,"featured_media":0,"parent":0,"menu_order":100,"comment_status":"closed","ping_status":"closed","template":"","meta":{"ngg_post_thumbnail":0,"footnotes":""},"aioseo_notices":[],"_links":{"self":[{"href":"https:\/\/blogsaverroes.juntadeandalucia.es\/proyectoseuropeoscepma1\/wp-json\/wp\/v2\/pages\/669"}],"collection":[{"href":"https:\/\/blogsaverroes.juntadeandalucia.es\/proyectoseuropeoscepma1\/wp-json\/wp\/v2\/pages"}],"about":[{"href":"https:\/\/blogsaverroes.juntadeandalucia.es\/proyectoseuropeoscepma1\/wp-json\/wp\/v2\/types\/page"}],"author":[{"embeddable":true,"href":"https:\/\/blogsaverroes.juntadeandalucia.es\/proyectoseuropeoscepma1\/wp-json\/wp\/v2\/users\/3555"}],"replies":[{"embeddable":true,"href":"https:\/\/blogsaverroes.juntadeandalucia.es\/proyectoseuropeoscepma1\/wp-json\/wp\/v2\/comments?post=669"}],"version-history":[{"count":3,"href":"https:\/\/blogsaverroes.juntadeandalucia.es\/proyectoseuropeoscepma1\/wp-json\/wp\/v2\/pages\/669\/revisions"}],"predecessor-version":[{"id":951,"href":"https:\/\/blogsaverroes.juntadeandalucia.es\/proyectoseuropeoscepma1\/wp-json\/wp\/v2\/pages\/669\/revisions\/951"}],"wp:attachment":[{"href":"https:\/\/blogsaverroes.juntadeandalucia.es\/proyectoseuropeoscepma1\/wp-json\/wp\/v2\/media?parent=669"}],"curies":[{"name":"wp","href":"https:\/\/api.w.org\/{rel}","templated":true}]}}