{"id":173,"date":"2023-04-27T11:08:19","date_gmt":"2023-04-27T11:08:19","guid":{"rendered":"https:\/\/blogsaverroes.juntadeandalucia.es\/proyectosieslasmarinas\/?page_id=173"},"modified":"2023-04-27T11:08:19","modified_gmt":"2023-04-27T11:08:19","slug":"proyecto-reto-tech","status":"publish","type":"page","link":"https:\/\/blogsaverroes.juntadeandalucia.es\/proyectosieslasmarinas\/proyecto-reto-tech\/","title":{"rendered":"Proyecto Reto Tech"},"content":{"rendered":"<p>El siguiente v\u00eddeo es la tarjeta de presentaci\u00f3n del proyecto del IES Las Marinas para la feria de Reto Tech (Fundaci\u00f3n Endesa), que tendr\u00e1 lugar el 30 de mayo.<\/p>\n<p>A la feria acudir\u00e1n 8 discentes de 3\u00ba ESO y dos profesoras de Tecnolog\u00eda.<\/p>\n<p>El proyecto desarrollado, se llama Medbot. Consiste en un pastillero robotizado que permite una sencilla utilizaci\u00f3n por parte de las personas mayores y un control exhaustivo de sus cuidadores.<\/p>\n<div style=\"width: 1280px;\" class=\"wp-video\"><!--[if lt IE 9]><script>document.createElement('video');<\/script><![endif]-->\n<video class=\"wp-video-shortcode\" id=\"video-173-1\" width=\"1280\" height=\"720\" preload=\"metadata\" controls=\"controls\"><source type=\"video\/mp4\" src=\"https:\/\/blogsaverroes.juntadeandalucia.es\/proyectosieslasmarinas\/files\/2023\/04\/IES-Las-Marinas-v\u00eddeo-proyecto.mp4?_=1\" \/><a href=\"https:\/\/blogsaverroes.juntadeandalucia.es\/proyectosieslasmarinas\/files\/2023\/04\/IES-Las-Marinas-v\u00eddeo-proyecto.mp4\">https:\/\/blogsaverroes.juntadeandalucia.es\/proyectosieslasmarinas\/files\/2023\/04\/IES-Las-Marinas-v\u00eddeo-proyecto.mp4<\/a><\/video><\/div>\n","protected":false},"excerpt":{"rendered":"<p>El siguiente v\u00eddeo es la tarjeta de presentaci\u00f3n del proyecto del IES Las Marinas para la feria de Reto Tech (Fundaci\u00f3n Endesa), que tendr\u00e1 lugar el 30 de mayo. A la feria acudir\u00e1n 8&#46;&#46;&#46;<\/p>\n","protected":false},"author":7875,"featured_media":0,"parent":0,"menu_order":0,"comment_status":"closed","ping_status":"closed","template":"","meta":{"ngg_post_thumbnail":0,"footnotes":""},"aioseo_notices":[],"_links":{"self":[{"href":"https:\/\/blogsaverroes.juntadeandalucia.es\/proyectosieslasmarinas\/wp-json\/wp\/v2\/pages\/173"}],"collection":[{"href":"https:\/\/blogsaverroes.juntadeandalucia.es\/proyectosieslasmarinas\/wp-json\/wp\/v2\/pages"}],"about":[{"href":"https:\/\/blogsaverroes.juntadeandalucia.es\/proyectosieslasmarinas\/wp-json\/wp\/v2\/types\/page"}],"author":[{"embeddable":true,"href":"https:\/\/blogsaverroes.juntadeandalucia.es\/proyectosieslasmarinas\/wp-json\/wp\/v2\/users\/7875"}],"replies":[{"embeddable":true,"href":"https:\/\/blogsaverroes.juntadeandalucia.es\/proyectosieslasmarinas\/wp-json\/wp\/v2\/comments?post=173"}],"version-history":[{"count":1,"href":"https:\/\/blogsaverroes.juntadeandalucia.es\/proyectosieslasmarinas\/wp-json\/wp\/v2\/pages\/173\/revisions"}],"predecessor-version":[{"id":175,"href":"https:\/\/blogsaverroes.juntadeandalucia.es\/proyectosieslasmarinas\/wp-json\/wp\/v2\/pages\/173\/revisions\/175"}],"wp:attachment":[{"href":"https:\/\/blogsaverroes.juntadeandalucia.es\/proyectosieslasmarinas\/wp-json\/wp\/v2\/media?parent=173"}],"curies":[{"name":"wp","href":"https:\/\/api.w.org\/{rel}","templated":true}]}}