{"id":83,"date":"2023-02-15T10:10:52","date_gmt":"2023-02-15T10:10:52","guid":{"rendered":"https:\/\/blogsaverroes.juntadeandalucia.es\/proyectosieslasmarinas\/?page_id=83"},"modified":"2023-04-27T10:20:34","modified_gmt":"2023-04-27T10:20:34","slug":"reto-tech","status":"publish","type":"page","link":"https:\/\/blogsaverroes.juntadeandalucia.es\/proyectosieslasmarinas\/reto-tech\/","title":{"rendered":"Reto Tech trabajos"},"content":{"rendered":"<div>El alumnado de 1\u00ba Bachillerato est\u00e1 trabajando con el material recibido de la Fundaci\u00f3n Endesa (Reto Tech). Aqu\u00ed pod\u00e9is ver alguno de sus proyectos: se trata de una casa domotizada, activada por distintos sensores (LDR, sensor de ultrasonidos y sensor de infrarojos) seguidamente, con una peque\u00f1a adaptaci\u00f3n en la casa, han conectado por bluetooth una aplicaci\u00f3n de m\u00f3vil creada por ellos, automatizando la vivienda.<\/div>\n<div>&nbsp;<\/div>\n<div>\n<div style=\"width: 1024px;\" class=\"wp-video\"><!--[if lt IE 9]><script>document.createElement('video');<\/script><![endif]-->\n<video class=\"wp-video-shortcode\" id=\"video-83-1\" width=\"1024\" height=\"576\" preload=\"metadata\" controls=\"controls\"><source type=\"video\/mp4\" src=\"https:\/\/blogsaverroes.juntadeandalucia.es\/proyectosieslasmarinas\/files\/2023\/02\/casa-domotizada.mp4?_=1\" \/><a href=\"https:\/\/blogsaverroes.juntadeandalucia.es\/proyectosieslasmarinas\/files\/2023\/02\/casa-domotizada.mp4\">https:\/\/blogsaverroes.juntadeandalucia.es\/proyectosieslasmarinas\/files\/2023\/02\/casa-domotizada.mp4<\/a><\/video><\/div>\n<\/div>\n<div>&nbsp;<\/div>\n","protected":false},"excerpt":{"rendered":"<p>El alumnado de 1\u00ba Bachillerato est\u00e1 trabajando con el material recibido de la Fundaci\u00f3n Endesa (Reto Tech). Aqu\u00ed pod\u00e9is ver alguno de sus proyectos: se trata de una casa domotizada, activada por distintos sensores&#46;&#46;&#46;<\/p>\n","protected":false},"author":7875,"featured_media":0,"parent":0,"menu_order":0,"comment_status":"closed","ping_status":"closed","template":"","meta":{"ngg_post_thumbnail":0,"footnotes":""},"aioseo_notices":[],"_links":{"self":[{"href":"https:\/\/blogsaverroes.juntadeandalucia.es\/proyectosieslasmarinas\/wp-json\/wp\/v2\/pages\/83"}],"collection":[{"href":"https:\/\/blogsaverroes.juntadeandalucia.es\/proyectosieslasmarinas\/wp-json\/wp\/v2\/pages"}],"about":[{"href":"https:\/\/blogsaverroes.juntadeandalucia.es\/proyectosieslasmarinas\/wp-json\/wp\/v2\/types\/page"}],"author":[{"embeddable":true,"href":"https:\/\/blogsaverroes.juntadeandalucia.es\/proyectosieslasmarinas\/wp-json\/wp\/v2\/users\/7875"}],"replies":[{"embeddable":true,"href":"https:\/\/blogsaverroes.juntadeandalucia.es\/proyectosieslasmarinas\/wp-json\/wp\/v2\/comments?post=83"}],"version-history":[{"count":4,"href":"https:\/\/blogsaverroes.juntadeandalucia.es\/proyectosieslasmarinas\/wp-json\/wp\/v2\/pages\/83\/revisions"}],"predecessor-version":[{"id":172,"href":"https:\/\/blogsaverroes.juntadeandalucia.es\/proyectosieslasmarinas\/wp-json\/wp\/v2\/pages\/83\/revisions\/172"}],"wp:attachment":[{"href":"https:\/\/blogsaverroes.juntadeandalucia.es\/proyectosieslasmarinas\/wp-json\/wp\/v2\/media?parent=83"}],"curies":[{"name":"wp","href":"https:\/\/api.w.org\/{rel}","templated":true}]}}